{"id":24414,"date":"2026-03-18T11:34:02","date_gmt":"2026-03-18T11:34:02","guid":{"rendered":"https:\/\/soydeaqui.ddns.net\/pachuca\/index.php\/producto\/kit-de-operadores-abatibles-faac-412-para-puertas-de-3-metros-y-hasta-300-kg-operadores-no-reversibles-y-con-llave-de-desbloqueo-manual\/"},"modified":"2026-03-18T11:34:04","modified_gmt":"2026-03-18T11:34:04","slug":"kit-de-operadores-abatibles-faac-412-para-puertas-de-3-metros-y-hasta-300-kg-operadores-no-reversibles-y-con-llave-de-desbloqueo-manual","status":"publish","type":"product","link":"https:\/\/soydeaqui.ddns.net\/pachuca\/index.php\/producto\/kit-de-operadores-abatibles-faac-412-para-puertas-de-3-metros-y-hasta-300-kg-operadores-no-reversibles-y-con-llave-de-desbloqueo-manual\/","title":{"rendered":"Kit de Operadores Abatibles FAAC 412 Para Puertas de 3 Metros y hasta 300 KG \/ Operadores no Reversibles y Con llave de Desbloqueo Manual"},"content":{"rendered":"<div style='width: 100%; max-width: 1200px; margin: 0 auto; font-family: sans-serif; line-height: 1.6; color: inherit; background-color: transparent;'>\n<div style='display: flex; flex-wrap: wrap; gap: 30px; margin-bottom: 30px;'>\n<div style='flex: 1 1 300px; min-width: 280px;'>\n<div style='border-left: 5px solid #0091ff; border-radius: 5px; padding: 15px; box-shadow: 2px 2px 10px rgba(216&comma;216&comma;216&comma;0.3); background-color: rgba(216&comma;216&comma;216&comma;0.1);'>\n<h3 style='font-size: 18px; margin-top: 0; margin-bottom: 15px; color: inherit;'>Caracter\u00edsticas principales:<\/h3>\n<ul style='padding-left: 20px; font-size: 15px; color: inherit; list-style-type: disc;'>\n<li style='margin-bottom: 5px;'>Para puertas de hasta 3 metros por hoja<\/li>\n<li style='margin-bottom: 5px;'>Peso m\u00e1ximo soportado hasta 300 kg<\/li>\n<li style='margin-bottom: 5px;'>Hasta 18 ciclos por hora<\/li>\n<\/ul><\/div>\n<\/p><\/div>\n<div style='flex: 1 1 300px; min-width: 280px;'>\n<div style='border-left: 5px solid #0091ff; border-radius: 5px; padding: 15px; box-shadow: 2px 2px 10px rgba(216&comma;216&comma;216&comma;0.3); background-color: rgba(216&comma;216&comma;216&comma;0.1);'>\n<h3 style='font-size: 18px; margin-top: 0; margin-bottom: 15px; color: inherit;'>Caracter\u00edsticas El\u00e9ctricas:<\/h3>\n<ul style='padding-left: 20px; font-size: 15px; color: inherit; list-style-type: disc;'>\n<li style='margin-bottom: 5px;'>Voltaje de alimentaci\u00f3n 110 Vac<\/li>\n<li style='margin-bottom: 5px;'>Consumo m\u00e1ximo de 280W<\/li>\n<li style='margin-bottom: 5px;'>Motor el\u00e9ctrico de 1400 rpm<\/li>\n<\/ul><\/div>\n<\/p><\/div>\n<div style='flex: 1 1 300px; min-width: 280px;'>\n<div style='border-left: 5px solid #0091ff; border-radius: 5px; padding: 15px; box-shadow: 2px 2px 10px rgba(216&comma;216&comma;216&comma;0.3); background-color: rgba(216&comma;216&comma;216&comma;0.1);'>\n<h3 style='font-size: 18px; margin-top: 0; margin-bottom: 15px; color: inherit;'>Caracter\u00edsticas Fisicas:<\/h3>\n<ul style='padding-left: 20px; font-size: 15px; color: inherit; list-style-type: disc;'>\n<li style='margin-bottom: 5px;'>Carrera \u00fatil del v\u00e1stago de 290 mm.<\/li>\n<li style='margin-bottom: 5px;'>Velocidad del v\u00e1stago de 1.6 cm\/s.<\/li>\n<li style='margin-bottom: 5px;'>Fuerza del operador 3500 N.<\/li>\n<\/ul><\/div>\n<\/p><\/div>\n<\/p><\/div>\n<hr style='border: 0; border-top: 1px solid rgba(150&comma; 150&comma; 150&comma; 0.3); margin: 30px 0;'>\n<div style='display: flex; flex-wrap: wrap; gap: 30px; margin-bottom: 30px;'>\n<div style='flex: 1 1 400px; min-width: 300px;'>\n<h3 style='font-size: 20px; border-bottom: 2px solid currentColor; padding-bottom: 5px; margin-top: 0; color: inherit; opacity: 0.8;'>Contenido del kit:<\/h3>\n<ul style='padding-left: 20px; font-size: 15px; color: inherit; list-style-type: disc;'>\n<li style='margin-bottom: 5px;'>1 x Operador FAAC 412 Derecho<\/li>\n<li style='margin-bottom: 5px;'>1 x Operador FAAC 412 Izquierdo<\/li>\n<li style='margin-bottom: 5px;'>1 x Receptor de frecuencia plug in<\/li>\n<li style='margin-bottom: 5px;'>2 x Controles remotos<\/li>\n<li style='margin-bottom: 5px;'>1 x Contenedor de tarjeta<\/li>\n<li style='margin-bottom: 5px;'>1 x Tarjeta l\u00f3gica 455D programable.<\/li>\n<\/ul>\n<h3 style='font-size: 20px; border-bottom: 2px solid currentColor; padding-bottom: 5px; margin-top: 25px; margin-bottom: 15px; color: inherit; opacity: 0.8;'>Accesorios recomendados no inclu\u00eddos:<\/h3>\n<ul style='padding-left: 20px; font-size: 15px; color: inherit; list-style-type: disc;'>\n<li style='margin-bottom: 5px;'><strong>785102<\/strong> Fotoceldas de seguridad FAAC<\/li>\n<li style='margin-bottom: 5px;'><strong>10LZRH100<\/strong> Laser de seguridad<\/li>\n<li style='margin-bottom: 5px;'><strong>XBSSW01<\/strong> Botonera triple para activaci\u00f3n<\/li>\n<li style='margin-bottom: 5px;'><strong>787456<\/strong> Control remoto adicional<\/li>\n<li style='margin-bottom: 5px;'><strong>410029<\/strong> Lampara FAAC para motores corredizos y abatibles<\/li>\n<li style='margin-bottom: 5px;'><strong>712650<\/strong> Electrocerradura FAAC para puertas abatibles<\/li>\n<\/ul>\n<h3 style='font-size: 20px; border-bottom: 2px solid currentColor; padding-bottom: 5px; margin-top: 25px; margin-bottom: 15px; color: inherit; opacity: 0.8;'>Notas adicionales<\/h3>\n<ul style='padding-left: 20px; font-size: 15px; color: inherit; list-style-type: disc;'>\n<li style='margin-bottom: 5px;'>Equipo con un a\u00f1o de garant\u00eda contra defectos de f\u00e1brica.<\/li>\n<li style='margin-bottom: 5px;'>Para puertas mayores a 1.8 metros se requiere electrocerradura.<\/li>\n<li style='margin-bottom: 5px;'>Es requerido colocar topes f\u00edsicos sobre las puertas.<\/li>\n<\/ul><\/div>\n<div style='flex: 1 1 400px; min-width: 300px;'> <img style='width: 100%; height: auto; border: 1px solid rgba(150&comma;150&comma;150&comma;0.3); border-radius: 8px;' src='https:\/\/ftp3.syscom.mx\/usuarios\/fotos\/BancoFotografiasSyscom\/FAAC\/121358\/121358-p.PNG' alt='Kit FAAC 412'> <\/div>\n<\/p><\/div>\n<hr style='border: 0; border-top: 1px solid rgba(150&comma; 150&comma; 150&comma; 0.3); margin: 30px 0;'>\n<div style='text-align: center; margin: 30px 0;'>\n<h3 style='margin: 0; font-size: 18px; color: inherit;'><a style='color: inherit; text-decoration: none;' title='Videos de configuraciones b\u00e1sicas' href='https:\/\/soporte.syscom.mx\/es\/?q=455d' target='_blank' rel='noopener'>Videos de configuraciones b\u00e1sicas<\/a><\/h3>\n<\/p><\/div>\n<hr style='border: 0; border-top: 1px solid rgba(150&comma; 150&comma; 150&comma; 0.3); margin: 30px 0;'>\n<div style='display: flex; flex-wrap: wrap; gap: 30px; margin-bottom: 30px;'>\n<div style='flex: 1 1 500px; min-width: 300px;'>\n<div style='position: relative; padding-bottom: 56.25%; height: 0; overflow: hidden; margin-bottom: 30px;'>   <\/div>\n<\/p><\/div>\n<div style='flex: 1 1 500px; min-width: 300px;'>\n<div style='position: relative; padding-bottom: 56.25%; height: 0; overflow: hidden; margin-bottom: 30px;'>   <\/div>\n<\/p><\/div>\n<\/p><\/div>\n<hr style='border: 0; border-top: 1px solid rgba(150&comma; 150&comma; 150&comma; 0.3); margin: 30px 0;'>\n<div style='margin: 30px 0; padding: 15px; border-left: 5px solid rgba(150&comma;150&comma;150&comma;0.4); background-color: rgba(150&comma;150&comma;150&comma;0.05);'>\n<p style='margin: 0; font-size: 14px; color: inherit;'>Es importante tener en cuenta la resistencia que el viento puede generar en los portones sin ranuras de ventilaci\u00f3n al operar los motores en apertura y cierre de puertas abatibles. Recomendamos considerar la instalaci\u00f3n de rejillas que permitan la adecuada ventilaci\u00f3n para facilitar el correcto funcionamiento de los dispositivos.<\/p>\n<\/p><\/div>\n<\/p><\/div>\n","protected":false},"excerpt":{"rendered":"<p>Kit de Operadores Abatibles FAAC 412 Para Puertas de 3 Metros y hasta 300 KG \/ Operadores no Reversibles y Con llave de Desbloqueo Manual<\/p>\n","protected":false},"featured_media":24413,"comment_status":"open","ping_status":"closed","template":"","meta":[],"product_brand":[],"product_cat":[821],"product_tag":[401,778,822],"class_list":{"0":"post-24414","1":"product","2":"type-product","3":"status-publish","4":"has-post-thumbnail","6":"product_cat-puertas-abatibles","7":"product_tag-acceso-vehicular","8":"product_tag-faac","9":"product_tag-puertas-abatibles","11":"first","12":"instock","13":"sale","14":"shipping-taxable","15":"purchasable","16":"product-type-simple"},"_links":{"self":[{"href":"https:\/\/soydeaqui.ddns.net\/pachuca\/index.php\/wp-json\/wp\/v2\/product\/24414","targetHints":{"allow":["GET"]}}],"collection":[{"href":"https:\/\/soydeaqui.ddns.net\/pachuca\/index.php\/wp-json\/wp\/v2\/product"}],"about":[{"href":"https:\/\/soydeaqui.ddns.net\/pachuca\/index.php\/wp-json\/wp\/v2\/types\/product"}],"replies":[{"embeddable":true,"href":"https:\/\/soydeaqui.ddns.net\/pachuca\/index.php\/wp-json\/wp\/v2\/comments?post=24414"}],"wp:featuredmedia":[{"embeddable":true,"href":"https:\/\/soydeaqui.ddns.net\/pachuca\/index.php\/wp-json\/wp\/v2\/media\/24413"}],"wp:attachment":[{"href":"https:\/\/soydeaqui.ddns.net\/pachuca\/index.php\/wp-json\/wp\/v2\/media?parent=24414"}],"wp:term":[{"taxonomy":"product_brand","embeddable":true,"href":"https:\/\/soydeaqui.ddns.net\/pachuca\/index.php\/wp-json\/wp\/v2\/product_brand?post=24414"},{"taxonomy":"product_cat","embeddable":true,"href":"https:\/\/soydeaqui.ddns.net\/pachuca\/index.php\/wp-json\/wp\/v2\/product_cat?post=24414"},{"taxonomy":"product_tag","embeddable":true,"href":"https:\/\/soydeaqui.ddns.net\/pachuca\/index.php\/wp-json\/wp\/v2\/product_tag?post=24414"}],"curies":[{"name":"wp","href":"https:\/\/api.w.org\/{rel}","templated":true}]}}