{"id":24405,"date":"2026-03-18T11:33:50","date_gmt":"2026-03-18T11:33:50","guid":{"rendered":"https:\/\/soydeaqui.ddns.net\/pachuca\/index.php\/producto\/operador-faac-741-para-puertas-corredizas-de-hasta-900-kg-longitud-maxima-de-la-hoja-de-15-metros\/"},"modified":"2026-03-18T11:33:54","modified_gmt":"2026-03-18T11:33:54","slug":"operador-faac-741-para-puertas-corredizas-de-hasta-900-kg-longitud-maxima-de-la-hoja-de-15-metros","status":"publish","type":"product","link":"https:\/\/soydeaqui.ddns.net\/pachuca\/index.php\/producto\/operador-faac-741-para-puertas-corredizas-de-hasta-900-kg-longitud-maxima-de-la-hoja-de-15-metros\/","title":{"rendered":"Operador FAAC 741 para Puertas Corredizas de Hasta 900 kg \/ Longitud M\u00e1xima de la Hoja de 15 Metros"},"content":{"rendered":"<div style='width: 100%; max-width: 1200px; margin: 0 auto; font-family: sans-serif; line-height: 1.6; color: inherit; background-color: transparent;'>\n<div style='display: flex; flex-wrap: wrap; gap: 30px; margin-bottom: 30px;'>\n<div style='flex: 1 1 300px; min-width: 280px;'>\n<h3 style='font-size: 22px; border-bottom: 2px solid currentColor; padding-bottom: 5px; margin-top: 0; color: inherit; opacity: 0.8;'>Caracter\u00edsticas principales:<\/h3>\n<ul style='padding-left: 20px; font-size: 15px; color: inherit;'>\n<li style='margin-bottom: 5px;'>Para puertas de hasta 900 kg<\/li>\n<li style='margin-bottom: 5px;'>Longitud m\u00e1xima soportada 15 m<\/li>\n<li style='margin-bottom: 5px;'>Velocidad de desplazamiento de 12 m\/min<\/li>\n<\/ul><\/div>\n<div style='flex: 1 1 300px; min-width: 280px;'>\n<h3 style='font-size: 22px; border-bottom: 2px solid currentColor; padding-bottom: 5px; margin-top: 0; color: inherit; opacity: 0.8;'>Caracter\u00edsticas F\u00edsicas y El\u00e9ctricas:<\/h3>\n<ul style='padding-left: 20px; font-size: 15px; color: inherit;'>\n<li style='margin-bottom: 5px;'>Alimentaci\u00f3n 110 V<\/li>\n<li style='margin-bottom: 5px;'>Consumo m\u00e1ximo 500 W<\/li>\n<li style='margin-bottom: 5px;'>Grado de protecci\u00f3n IP44<\/li>\n<\/ul><\/div>\n<div style='flex: 1 1 300px; min-width: 280px;'>\n<h3 style='font-size: 22px; border-bottom: 2px solid currentColor; padding-bottom: 5px; margin-top: 0; color: inherit; opacity: 0.8;'>Caracter\u00edsticas Destacadas:<\/h3>\n<ul style='padding-left: 20px; font-size: 15px; color: inherit;'>\n<li style='margin-bottom: 5px;'>Frecuencia de uso del 40%.<\/li>\n<li style='margin-bottom: 5px;'>Temperatura de operaci\u00f3n -20\u00b0 a 55\u00b0C<\/li>\n<li style='margin-bottom: 5px;'>Protecci\u00f3n t\u00e9rmica a los 140\u00b0C<\/li>\n<\/ul><\/div>\n<\/p><\/div>\n<hr style='border: 0; border-top: 1px solid rgba(150&comma; 150&comma; 150&comma; 0.3); margin: 30px 0;'>\n<div style='display: flex; flex-wrap: wrap; gap: 30px; margin-bottom: 30px;'>\n<div style='flex: 1 1 400px; min-width: 300px;'>\n<h2 style='font-size: 20px; margin-top: 0; color: inherit;'>Que contiene el modelo:<\/h2>\n<ul style='padding-left: 20px; font-size: 15px; color: inherit;'>\n<li style='margin-bottom: 5px;'>1 x <strong>FAAC 741<\/strong> Operador para puertas corredizas<\/li>\n<li style='margin-bottom: 5px;'>1 x <strong>787856<\/strong> Receptor de frecuencia FAAC<\/li>\n<li style='margin-bottom: 5px;'>2 x <strong>787456<\/strong> Transmisor de frecuencia FAAC XT4.<\/li>\n<\/ul>\n<h2 style='font-size: 20px; margin-top: 20px; margin-bottom: 15px; color: inherit;'>Notas adicionales:<\/h2>\n<ul style='padding-left: 20px; font-size: 15px; color: inherit;'>\n<li style='margin-bottom: 5px;'><strong>1140-0510-001 <\/strong>Cremallera M\u00f3dulo 4&comma; se vende por tramos de 2 metros<\/li>\n<li style='margin-bottom: 5px;'>Cantidad de cremallera depende del tama\u00f1o de la puerta.<\/li>\n<li style='margin-bottom: 5px;'>Equipo con contra defectos de fabricaci\u00f3n.<\/li>\n<\/ul><\/div>\n<div style='flex: 1 1 400px; min-width: 300px;'> <img style='width: 100%; height: auto; border: 1px solid rgba(150&comma;150&comma;150&comma;0.3); border-radius: 8px;' src='https:\/\/ftp3.syscom.mx\/usuarios\/fotos\/121359\/192270-medidas_faac740.png' alt=''> <\/div>\n<\/p><\/div>\n<hr style='border: 0; border-top: 1px solid rgba(150&comma; 150&comma; 150&comma; 0.3); margin: 30px 0;'>\n<div style='display: flex; flex-wrap: wrap; gap: 30px; margin-bottom: 30px;'>\n<div style='flex: 1 1 400px; min-width: 300px;'> <img style='width: 100%; height: auto; border: 1px solid rgba(150&comma;150&comma;150&comma;0.3); border-radius: 8px;' src='https:\/\/ftp3.syscom.mx\/usuarios\/fotos\/BancoFotografiasSyscom\/FAAC\/121359\/121359-p.PNG' alt=''> <\/div>\n<div style='flex: 1 1 400px; min-width: 300px;'>\n<h2 style='font-size: 20px; margin-top: 0; margin-bottom: 15px; color: inherit;'>Accesorios adicionales no inclu\u00eddos:<\/h2>\n<ul style='padding-left: 20px; font-size: 15px; color: inherit;'>\n<li style='margin-bottom: 5px;'><strong>787456<\/strong> Control remoto XT4 adicional<\/li>\n<li style='margin-bottom: 5px;'><strong>785102<\/strong> Fotoceldas XP20 FAAC<\/li>\n<li style='margin-bottom: 5px;'><strong>1140-0510-001 <\/strong>Cremallera m\u00f3dulo 4 (Se vende por tramos de 2 metros)<\/li>\n<li style='margin-bottom: 5px;'><strong>10LZRH100<\/strong> Sensor laser de seguridad.<\/li>\n<li style='margin-bottom: 5px;'><strong>XBSSW01<\/strong> Botonera triple de uso rudo<\/li>\n<li style='margin-bottom: 5px;'><strong>410029<\/strong> L\u00e1mpara preventiva FAAC para motores corredizos y abatibles.<\/li>\n<\/ul>\n<h2 style='font-size: 20px; margin-top: 20px; margin-bottom: 15px; color: inherit;'>Caracter\u00edsticas adicionales:<\/h2>\n<ul style='padding-left: 20px; font-size: 15px; color: inherit;'>\n<li style='margin-bottom: 5px;'>F\u00e1cil programaci\u00f3n gracias al display interconstruido en la tarjeta de control.<\/li>\n<li style='margin-bottom: 5px;'>L\u00edmites magn\u00e9ticos de final de carrera<\/li>\n<li style='margin-bottom: 5px;'>Torque m\u00e1ximo del operador 24 Nm<\/li>\n<li style='margin-bottom: 5px;'>Para uso residencial<\/li>\n<li style='margin-bottom: 5px;'>Pi\u00f1\u00f3n Z16 m\u00f3dulo 4<\/li>\n<\/ul><\/div>\n<\/p><\/div>\n<hr style='border: 0; border-top: 1px solid rgba(150&comma; 150&comma; 150&comma; 0.3); margin: 30px 0;'>\n<div style='text-align: center; margin: 30px 0;'> <a style='font-size: 18px; color: inherit; text-decoration: none; border-bottom: 1px solid; padding-bottom: 2px;' title='Videos de configuraciones b\u00e1sicas' href='https:\/\/soporte.syscom.mx\/es\/?q=121359' target='_blank' rel='noopener'>Videos de configuraciones b\u00e1sicas<\/a> <\/div>\n<hr style='border: 0; border-top: 1px solid rgba(150&comma; 150&comma; 150&comma; 0.3); margin: 30px 0;'>\n<div style='display: flex; flex-wrap: wrap; gap: 30px; justify-content: center;'>\n<div style='flex: 1 1 560px; min-width: 300px; position: relative; padding-bottom: 56.25%; height: 0; overflow: hidden; margin-bottom: 30px;'>   <\/div>\n<div style='flex: 1 1 560px; min-width: 300px; position: relative; padding-bottom: 56.25%; height: 0; overflow: hidden; margin-bottom: 30px;'>   <\/div>\n<\/p><\/div>\n<hr style='border: 0; border-top: 1px solid rgba(150&comma; 150&comma; 150&comma; 0.3); margin: 30px 0;'> <\/div>\n","protected":false},"excerpt":{"rendered":"<p>Operador FAAC 741 para Puertas Corredizas de Hasta 900 kg \/ Longitud M\u00e1xima de la Hoja de 15 Metros<\/p>\n","protected":false},"featured_media":24404,"comment_status":"open","ping_status":"closed","template":"","meta":[],"product_brand":[],"product_cat":[860],"product_tag":[401,778,861],"class_list":{"0":"post-24405","1":"product","2":"type-product","3":"status-publish","4":"has-post-thumbnail","6":"product_cat-puertas-corredizas","7":"product_tag-acceso-vehicular","8":"product_tag-faac","9":"product_tag-puertas-corredizas","11":"first","12":"instock","13":"sale","14":"shipping-taxable","15":"purchasable","16":"product-type-simple"},"_links":{"self":[{"href":"https:\/\/soydeaqui.ddns.net\/pachuca\/index.php\/wp-json\/wp\/v2\/product\/24405","targetHints":{"allow":["GET"]}}],"collection":[{"href":"https:\/\/soydeaqui.ddns.net\/pachuca\/index.php\/wp-json\/wp\/v2\/product"}],"about":[{"href":"https:\/\/soydeaqui.ddns.net\/pachuca\/index.php\/wp-json\/wp\/v2\/types\/product"}],"replies":[{"embeddable":true,"href":"https:\/\/soydeaqui.ddns.net\/pachuca\/index.php\/wp-json\/wp\/v2\/comments?post=24405"}],"wp:featuredmedia":[{"embeddable":true,"href":"https:\/\/soydeaqui.ddns.net\/pachuca\/index.php\/wp-json\/wp\/v2\/media\/24404"}],"wp:attachment":[{"href":"https:\/\/soydeaqui.ddns.net\/pachuca\/index.php\/wp-json\/wp\/v2\/media?parent=24405"}],"wp:term":[{"taxonomy":"product_brand","embeddable":true,"href":"https:\/\/soydeaqui.ddns.net\/pachuca\/index.php\/wp-json\/wp\/v2\/product_brand?post=24405"},{"taxonomy":"product_cat","embeddable":true,"href":"https:\/\/soydeaqui.ddns.net\/pachuca\/index.php\/wp-json\/wp\/v2\/product_cat?post=24405"},{"taxonomy":"product_tag","embeddable":true,"href":"https:\/\/soydeaqui.ddns.net\/pachuca\/index.php\/wp-json\/wp\/v2\/product_tag?post=24405"}],"curies":[{"name":"wp","href":"https:\/\/api.w.org\/{rel}","templated":true}]}}