{"id":24358,"date":"2026-03-18T11:32:53","date_gmt":"2026-03-18T11:32:53","guid":{"rendered":"https:\/\/soydeaqui.ddns.net\/pachuca\/index.php\/producto\/modulo-programable-con-3-salidas-de-relevador-5-entradas-13-funciones-logicas-programables\/"},"modified":"2026-03-18T11:32:58","modified_gmt":"2026-03-18T11:32:58","slug":"modulo-programable-con-3-salidas-de-relevador-5-entradas-13-funciones-logicas-programables","status":"publish","type":"product","link":"https:\/\/soydeaqui.ddns.net\/pachuca\/index.php\/producto\/modulo-programable-con-3-salidas-de-relevador-5-entradas-13-funciones-logicas-programables\/","title":{"rendered":"MODULO PROGRAMABLE CON 3 SALIDAS DE RELEVADOR \/ 5 ENTRADAS \/ 13 FUNCIONES L\u00d3GICAS PROGRAMABLES"},"content":{"rendered":"<div style='width: 100%; max-width: 1200px; margin: 0 auto; font-family: sans-serif; line-height: 1.6; color: inherit; background-color: transparent;'> <!-- Secci\u00f3n de descripci\u00f3n general --> <\/p>\n<div style='text-align: center; margin-bottom: 30px;'>\n<h1 style='font-size: 28px; color: inherit; margin: 0 0 10px 0;'><strong>10BR3X<\/strong><\/h1>\n<p style='margin: 10px 70px 20px 70px; font-size: 15px; color: inherit;'>El BR3-X de BEA proporciona controles l\u00f3gicos simples y avanzados.<\/p>\n<p style='margin: 10px 70px 20px 70px; font-size: 15px; color: inherit;'>Las funciones incluyen: temporizador&comma; trinquete \/ enclavamiento&comma; inhibidor&comma; secuenciador de 2 rel\u00e9s + inhibidor&comma; secuenciador de 2 rel\u00e9s + temporizador de desactivaci\u00f3n de la posici\u00f3n de la puerta&comma; secuenciador de 3 rel\u00e9s + &#8216;1 disparo&#8217;&comma; secuenciador de 3 rel\u00e9s con &#8216;rel\u00e9 independiente&#8217;&comma; temporizador de enclavamiento&comma; trinquete de enclavamiento \/ enclavamiento&comma; secuencia de 2 rel\u00e9s de 2 v\u00edas&comma; ba\u00f1o normalmente bloqueado&comma; ba\u00f1o normalmente desbloqueado&comma; secuenciador de 3 rel\u00e9s + &#8216;modo d\u00eda \/ noche&#8217;.<\/p>\n<p style='margin: 10px 70px 0 70px; font-size: 15px; color: inherit;'>Los usos comunes del BR3-X incluyen puertas peatonales autom\u00e1ticas&comma; control de acceso&comma; automatizaci\u00f3n industrial y ba\u00f1os para una sola persona.<\/p>\n<\/p><\/div>\n<p> <!-- Secci\u00f3n de caracter\u00edsticas --> <\/p>\n<div style='display: flex; flex-wrap: wrap; gap: 30px; margin-bottom: 30px;'>\n<div style='flex: 1 1 300px; min-width: 280px;'>\n<div style='border-left: 5px solid #0091ff; border-radius: 5px; padding: 15px; box-shadow: 2px 2px 10px rgba(216&comma;216&comma;216&comma;0.5);'> <strong style='font-size: 16px; color: inherit; display: block; margin-bottom: 10px;'>Caracter\u00edsticas principales:<\/strong> <\/p>\n<ul style='padding-left: 20px; font-size: 14px; color: inherit; list-style-type: disc; margin: 0;'>\n<li style='margin-bottom: 5px;'>3 Salidas de relevador (Salida 1 con opci\u00f3n para entregar voltaje)<\/li>\n<li style='margin-bottom: 5px;'>5 entradas (4 de contacto seco y 1 de voltaje)<\/li>\n<li style='margin-bottom: 5px;'>13 funciones l\u00f3gicas programables<\/li>\n<\/ul><\/div>\n<\/p><\/div>\n<div style='flex: 1 1 300px; min-width: 280px;'>\n<div style='border-left: 5px solid #0091ff; border-radius: 5px; padding: 15px; box-shadow: 2px 2px 10px rgba(216&comma;216&comma;216&comma;0.5);'> <strong style='font-size: 16px; color: inherit; display: block; margin-bottom: 10px;'>Caracter\u00edsticas F\u00edsicas y El\u00e9ctricas:<\/strong> <\/p>\n<ul style='padding-left: 20px; font-size: 14px; color: inherit; list-style-type: disc; margin: 0;'>\n<li style='margin-bottom: 5px;'>Voltaje de entrada: 12-24 Vca \/ Vcc 50 &#8211; 60 Hz.<\/li>\n<li style='margin-bottom: 5px;'>Consumo de corriente: 130 mA<\/li>\n<li style='margin-bottom: 5px;'>Dimensiones: 13.2&#215;2.54&#215;5.58 cm<\/li>\n<\/ul><\/div>\n<\/p><\/div>\n<div style='flex: 1 1 300px; min-width: 280px;'>\n<div style='border-left: 5px solid #0091ff; border-radius: 5px; padding: 15px; box-shadow: 2px 2px 10px rgba(216&comma;216&comma;216&comma;0.5);'> <strong style='font-size: 16px; color: inherit; display: block; margin-bottom: 10px;'>Caracter\u00edsticas Destacadas:<\/strong> <\/p>\n<ul style='padding-left: 20px; font-size: 14px; color: inherit; list-style-type: disc; margin: 0;'>\n<li style='margin-bottom: 5px;'>Temperatura: -26 \u00b0C a +65 \u00b0C<\/li>\n<li style='margin-bottom: 5px;'>Tiempo de activaci\u00f3n de relevador. hasta 60 segundos por rel\u00e9<\/li>\n<li style='margin-bottom: 5px;'>Tiempo de espera entre relevadores: Hasta 60 segundos por rel\u00e9 con opciones de \u00bc&comma; \u00bd y \u00be de segundo<\/li>\n<li style='margin-bottom: 5px;'>Material: Pl\u00e1stico ABS<\/li>\n<\/ul><\/div>\n<\/p><\/div>\n<\/p><\/div>\n<\/p><\/div>\n","protected":false},"excerpt":{"rendered":"<p>MODULO PROGRAMABLE CON 3 SALIDAS DE RELEVADOR \/ 5 ENTRADAS \/ 13 FUNCIONES L\u00d3GICAS PROGRAMABLES<\/p>\n","protected":false},"featured_media":24357,"comment_status":"open","ping_status":"closed","template":"","meta":[],"product_brand":[],"product_cat":[777],"product_tag":[401,93,843],"class_list":{"0":"post-24358","1":"product","2":"type-product","3":"status-publish","4":"has-post-thumbnail","6":"product_cat-accesorios-acceso-vehicular","7":"product_tag-acceso-vehicular","8":"product_tag-accesorios","9":"product_tag-bea","11":"first","12":"instock","13":"sale","14":"shipping-taxable","15":"purchasable","16":"product-type-simple"},"_links":{"self":[{"href":"https:\/\/soydeaqui.ddns.net\/pachuca\/index.php\/wp-json\/wp\/v2\/product\/24358","targetHints":{"allow":["GET"]}}],"collection":[{"href":"https:\/\/soydeaqui.ddns.net\/pachuca\/index.php\/wp-json\/wp\/v2\/product"}],"about":[{"href":"https:\/\/soydeaqui.ddns.net\/pachuca\/index.php\/wp-json\/wp\/v2\/types\/product"}],"replies":[{"embeddable":true,"href":"https:\/\/soydeaqui.ddns.net\/pachuca\/index.php\/wp-json\/wp\/v2\/comments?post=24358"}],"wp:featuredmedia":[{"embeddable":true,"href":"https:\/\/soydeaqui.ddns.net\/pachuca\/index.php\/wp-json\/wp\/v2\/media\/24357"}],"wp:attachment":[{"href":"https:\/\/soydeaqui.ddns.net\/pachuca\/index.php\/wp-json\/wp\/v2\/media?parent=24358"}],"wp:term":[{"taxonomy":"product_brand","embeddable":true,"href":"https:\/\/soydeaqui.ddns.net\/pachuca\/index.php\/wp-json\/wp\/v2\/product_brand?post=24358"},{"taxonomy":"product_cat","embeddable":true,"href":"https:\/\/soydeaqui.ddns.net\/pachuca\/index.php\/wp-json\/wp\/v2\/product_cat?post=24358"},{"taxonomy":"product_tag","embeddable":true,"href":"https:\/\/soydeaqui.ddns.net\/pachuca\/index.php\/wp-json\/wp\/v2\/product_tag?post=24358"}],"curies":[{"name":"wp","href":"https:\/\/api.w.org\/{rel}","templated":true}]}}