{"id":24326,"date":"2026-03-18T11:32:15","date_gmt":"2026-03-18T11:32:15","guid":{"rendered":"https:\/\/soydeaqui.ddns.net\/pachuca\/index.php\/producto\/barrera-vehicular-faac-b614-para-brazos-de-hasta-4-8-metros-sentido-configurable-en-sitio-b614-voltaje-de-alimentacion-a-115v\/"},"modified":"2026-03-18T11:32:19","modified_gmt":"2026-03-18T11:32:19","slug":"barrera-vehicular-faac-b614-para-brazos-de-hasta-4-8-metros-sentido-configurable-en-sitio-b614-voltaje-de-alimentacion-a-115v","status":"publish","type":"product","link":"https:\/\/soydeaqui.ddns.net\/pachuca\/index.php\/producto\/barrera-vehicular-faac-b614-para-brazos-de-hasta-4-8-metros-sentido-configurable-en-sitio-b614-voltaje-de-alimentacion-a-115v\/","title":{"rendered":"Barrera Vehicular FAAC B614 \/ Para Brazos de Hasta 4.8 Metros \/ Sentido Configurable en Sitio  B614  \/ Voltaje de Alimentaci\u00f3n a 115V"},"content":{"rendered":"<div style='width: 100%; max-width: 1200px; margin: 0 auto; font-family: sans-serif; line-height: 1.6; color: inherit; background-color: transparent;'> <!-- Secci\u00f3n de caracter\u00edsticas principales --> <\/p>\n<div style='display: flex; flex-wrap: wrap; gap: 30px; margin-bottom: 30px;'>\n<div style='flex: 1 1 300px; min-width: 280px;'>\n<h3 style='font-size: 22px; border-bottom: 2px solid currentColor; padding-bottom: 5px; margin-top: 0; color: inherit; opacity: 0.8;'>Caracter\u00edsticas principales<\/h3>\n<ul style='padding-left: 20px; font-size: 15px; color: inherit;'>\n<li style='margin-bottom: 5px;'>Soporta brazo de hasta 4.8 metros.<\/li>\n<li style='margin-bottom: 5px;'>Hasta 150 ciclos por hora.<\/li>\n<li style='margin-bottom: 5px;'>Operaci\u00f3n electromecanica.<\/li>\n<\/ul><\/div>\n<div style='flex: 1 1 300px; min-width: 280px;'>\n<h3 style='font-size: 22px; border-bottom: 2px solid currentColor; padding-bottom: 5px; margin-top: 0; color: inherit; opacity: 0.8;'>Caracter\u00edsticas F\u00edsicas y El\u00e9ctricas<\/h3>\n<ul style='padding-left: 20px; font-size: 15px; color: inherit;'>\n<li style='margin-bottom: 5px;'>Voltaje de alimentaci\u00f3n de 115VAC.<\/li>\n<li style='margin-bottom: 5px;'>Potencia maxima 165W.<\/li>\n<li style='margin-bottom: 5px;'>Gabinete fabricado en acero.<\/li>\n<\/ul><\/div>\n<div style='flex: 1 1 300px; min-width: 280px;'>\n<h3 style='font-size: 22px; border-bottom: 2px solid currentColor; padding-bottom: 5px; margin-top: 0; color: inherit; opacity: 0.8;'>Caracter\u00edsticas Destacadas<\/h3>\n<ul style='padding-left: 20px; font-size: 15px; color: inherit;'>\n<li style='margin-bottom: 5px;'>Soporta semaforo en cubierta&comma; accesorio se vende por separado.<\/li>\n<li style='margin-bottom: 5px;'>Temperatura de operaci\u00f3n -20 a 55\u00b0C.<\/li>\n<\/ul><\/div>\n<\/p><\/div>\n<p> <!-- Secci\u00f3n de caracter\u00edsticas adicionales --> <\/p>\n<div style='display: flex; flex-wrap: wrap; gap: 30px; margin-bottom: 30px;'>\n<div style='flex: 1 1 300px; min-width: 280px;'>\n<h3 style='font-size: 22px; border-bottom: 2px solid currentColor; padding-bottom: 5px; margin-top: 0; color: inherit; opacity: 0.8;'>Caracter\u00edsticas adicionales<\/h3>\n<ul style='padding-left: 20px; font-size: 15px; color: inherit;'>\n<li style='margin-bottom: 5px;'>Gabinete en color blanco y tapa superior en color negro.<\/li>\n<li style='margin-bottom: 5px;'>Soporta brazos rectangulares o redondos FAAC&comma; se venden por separado.<\/li>\n<li style='margin-bottom: 5px;'>Motor con encoder integrado<\/li>\n<li style='margin-bottom: 5px;'>Seguridad antiaplastamiento<\/li>\n<li style='margin-bottom: 5px;'>Velocidad regulable y fluidez de movimiento<\/li>\n<li style='margin-bottom: 5px;'>Tarjeta electronica integrada en la parte superior para facil acceso.<\/li>\n<li style='margin-bottom: 5px;'>Motor electrico con escobillas a 24V<\/li>\n<li style='margin-bottom: 5px;'>Soporta bateria de respaldo (Se adquiere por separado)<\/li>\n<\/ul><\/div>\n<div style='flex: 1 1 300px; min-width: 280px;'> <img style='width: 100%; height: auto; border: 1px solid rgba(150&comma;150&comma;150&comma;0.3); border-radius: 8px;' src='https:\/\/ftp3.syscom.mx\/usuarios\/fotos\/1046141\/201320-medidas_b614.png' alt=''> <\/div>\n<\/p><\/div>\n<p> <!-- Secci\u00f3n de accesorios --> <\/p>\n<div style='display: flex; flex-wrap: wrap; gap: 30px; margin-bottom: 30px;'>\n<div style='flex: 1 1 400px; min-width: 300px;'>\n<h3 style='font-size: 22px; border-bottom: 2px solid currentColor; padding-bottom: 5px; margin-top: 0; color: inherit; opacity: 0.8;'>Accesorios para brazo redondo de 4.3 metros<\/h3>\n<ul style='padding-left: 20px; font-size: 15px; color: inherit;'>\n<li style='margin-bottom: 5px;'><strong>428445<\/strong> Enganche para brazo redondo tipo S FAAC<\/li>\n<li style='margin-bottom: 5px;'><strong>428043<\/strong> Brazo redondo tipo S de 4.3 metros FAAC<\/li>\n<li style='margin-bottom: 5px;'><strong>721209<\/strong> Muelle o resorte de equilibrado B614<\/li>\n<\/ul><\/div>\n<div style='flex: 1 1 400px; min-width: 300px;'>\n<h3 style='font-size: 22px; border-bottom: 2px solid currentColor; padding-bottom: 5px; margin-top: 0; color: inherit; opacity: 0.8;'>Accesorios para brazo rectangular<\/h3>\n<ul style='padding-left: 20px; font-size: 15px; color: inherit;'>\n<li style='margin-bottom: 5px;'><strong>428342<\/strong> Enganche para brazo rectangular FAAC<\/li>\n<li style='margin-bottom: 5px;'><strong>428091<\/strong> Brazo rectangular de aluminio de 4.8 metros<\/li>\n<li style='margin-bottom: 5px;'><strong>721209<\/strong> Muelle o resorte de equilibrado B614<\/li>\n<\/ul><\/div>\n<\/p><\/div>\n<p> <!-- Secci\u00f3n de notas adicionales --> <\/p>\n<div style='margin-bottom: 30px;'>\n<h3 style='font-size: 22px; border-bottom: 2px solid currentColor; padding-bottom: 5px; margin-top: 0; color: inherit; opacity: 0.8; text-align: center;'>Notas adicionales<\/h3>\n<div style='padding: 15px; font-size: 15px; color: inherit; text-align: center;'>\n<p style='margin-bottom: 10px;'>Equipo con un a\u00f1o de garantia contra defectos de fabricaci\u00f3n.<\/p>\n<p style='margin-bottom: 0;'>Brazos y accesorios como enganches y resortes se adquiren por separado.<\/p>\n<\/p><\/div>\n<\/p><\/div>\n<p> <!-- Separador final --> <\/p>\n<hr style='border: 0; border-top: 1px solid rgba(150&comma; 150&comma; 150&comma; 0.3); margin: 30px 0;'> <\/div>\n","protected":false},"excerpt":{"rendered":"<p>Barrera Vehicular FAAC B614 \/ Para Brazos de Hasta 4.8 Metros \/ Sentido Configurable en Sitio  B614  \/ Voltaje de Alimentaci\u00f3n a 115V<\/p>\n","protected":false},"featured_media":24325,"comment_status":"open","ping_status":"closed","template":"","meta":[],"product_brand":[],"product_cat":[748],"product_tag":[401,749,778],"class_list":{"0":"post-24326","1":"product","2":"type-product","3":"status-publish","4":"has-post-thumbnail","6":"product_cat-barreras-vehiculares","7":"product_tag-acceso-vehicular","8":"product_tag-barreras-vehiculares","9":"product_tag-faac","11":"first","12":"instock","13":"sale","14":"shipping-taxable","15":"purchasable","16":"product-type-simple"},"_links":{"self":[{"href":"https:\/\/soydeaqui.ddns.net\/pachuca\/index.php\/wp-json\/wp\/v2\/product\/24326","targetHints":{"allow":["GET"]}}],"collection":[{"href":"https:\/\/soydeaqui.ddns.net\/pachuca\/index.php\/wp-json\/wp\/v2\/product"}],"about":[{"href":"https:\/\/soydeaqui.ddns.net\/pachuca\/index.php\/wp-json\/wp\/v2\/types\/product"}],"replies":[{"embeddable":true,"href":"https:\/\/soydeaqui.ddns.net\/pachuca\/index.php\/wp-json\/wp\/v2\/comments?post=24326"}],"wp:featuredmedia":[{"embeddable":true,"href":"https:\/\/soydeaqui.ddns.net\/pachuca\/index.php\/wp-json\/wp\/v2\/media\/24325"}],"wp:attachment":[{"href":"https:\/\/soydeaqui.ddns.net\/pachuca\/index.php\/wp-json\/wp\/v2\/media?parent=24326"}],"wp:term":[{"taxonomy":"product_brand","embeddable":true,"href":"https:\/\/soydeaqui.ddns.net\/pachuca\/index.php\/wp-json\/wp\/v2\/product_brand?post=24326"},{"taxonomy":"product_cat","embeddable":true,"href":"https:\/\/soydeaqui.ddns.net\/pachuca\/index.php\/wp-json\/wp\/v2\/product_cat?post=24326"},{"taxonomy":"product_tag","embeddable":true,"href":"https:\/\/soydeaqui.ddns.net\/pachuca\/index.php\/wp-json\/wp\/v2\/product_tag?post=24326"}],"curies":[{"name":"wp","href":"https:\/\/api.w.org\/{rel}","templated":true}]}}