{"id":24307,"date":"2026-03-18T11:31:52","date_gmt":"2026-03-18T11:31:52","guid":{"rendered":"https:\/\/soydeaqui.ddns.net\/pachuca\/index.php\/producto\/motor-para-puertas-de-garage-enrollables-seccionales-1hp-silencioso-estetico-fuerte-iluminacion-led-torque-50nm-montaje-lateral\/"},"modified":"2026-03-18T11:31:55","modified_gmt":"2026-03-18T11:31:55","slug":"motor-para-puertas-de-garage-enrollables-seccionales-1hp-silencioso-estetico-fuerte-iluminacion-led-torque-50nm-montaje-lateral","status":"publish","type":"product","link":"https:\/\/soydeaqui.ddns.net\/pachuca\/index.php\/producto\/motor-para-puertas-de-garage-enrollables-seccionales-1hp-silencioso-estetico-fuerte-iluminacion-led-torque-50nm-montaje-lateral\/","title":{"rendered":"Motor para puertas de garage \/ Enrollables \/ Seccionales \/ 1HP \/ Silencioso \/ Est\u00e9tico \/ Fuerte \/ Iluminaci\u00f3n LED \/ Torque 50Nm \/ Montaje lateral ."},"content":{"rendered":"<div style='width: 100%; max-width: 1200px; margin: 0 auto; font-family: sans-serif; line-height: 1.6; color: inherit; background-color: transparent;'>\n<p style='font-size: 15px; color: inherit; margin-bottom: 15px;'>Motor industrial para puertas comerciales y puertas seccionales&comma; de una gran calidad y gran est\u00e9tica&comma; f\u00e1cil instalaci\u00f3n directo a la flecha de la puerta para una instalaci\u00f3n mucho m\u00e1s r\u00e1pida y m\u00e1s limpia.<\/p>\n<p style='font-size: 15px; color: inherit; margin-bottom: 15px;'>El motor es compatible con la barra solida de las puertas enrollables&comma; es posible colocar el motor en puertas seccionales utilizando el cople modelo <strong style='color: inherit;'>ACCESS50EXT<\/strong>.<\/p>\n<hr style='border: 0; border-top: 1px solid rgba(150&comma; 150&comma; 150&comma; 0.3); margin: 30px 0;'> <!-- Secci\u00f3n de caracter\u00edsticas --> <\/p>\n<div style='display: flex; flex-wrap: wrap; gap: 30px; margin-bottom: 30px;'>\n<div style='flex: 1 1 300px; min-width: 280px;'>\n<h3 style='font-size: 22px; border-bottom: 2px solid currentColor; padding-bottom: 5px; margin-top: 0; color: inherit; opacity: 0.8;'>Caracter\u00edsticas principales:<\/h3>\n<ul style='padding-left: 20px; font-size: 15px; color: inherit;'>\n<li style='margin-bottom: 5px;'>Alimentaci\u00f3n 110-127 vca.<\/li>\n<li style='margin-bottom: 5px;'>Monof\u00e1sico.<\/li>\n<li style='margin-bottom: 5px;'>Consumo 450W.<\/li>\n<li style='margin-bottom: 5px;'>Torque m\u00e1x. 50Nm.<\/li>\n<li style='margin-bottom: 5px;'><strong style='color: inherit;'>2 Salidas de rel\u00e9.<\/strong><\/li>\n<li style='margin-bottom: 5px;'>Salida de cerradura el\u00e9ctrica.<\/li>\n<li style='margin-bottom: 5px;'>Sensor de puerta peatonal.<\/li>\n<li style='margin-bottom: 5px;'><strong style='color: inherit;'>Compatible con paneles de control de acceso.<\/strong><\/li>\n<\/ul><\/div>\n<div style='flex: 1 1 300px; min-width: 280px;'>\n<h3 style='font-size: 22px; border-bottom: 2px solid currentColor; padding-bottom: 5px; margin-top: 0; color: inherit; opacity: 0.8;'>Caracter\u00edsticas F\u00edsicas y El\u00e9ctricas:<\/h3>\n<ul style='padding-left: 20px; font-size: 15px; color: inherit;'>\n<li style='margin-bottom: 5px;'>Temperatura de operaci\u00f3n -20\u00b0 a 40\u00b0.<\/li>\n<li style='margin-bottom: 5px;'><strong style='color: inherit;'>\u00c1rea de la puerta de 22 (metros cuadrados).<\/strong><\/li>\n<li style='margin-bottom: 5px;'>IP54.<\/li>\n<li style='margin-bottom: 5px;'>Max.20 ciclos por hora.<\/li>\n<li style='margin-bottom: 5px;'>Salida de 12Vcc &#8211; 200mA.<\/li>\n<\/ul><\/div>\n<div style='flex: 1 1 300px; min-width: 280px;'>\n<h3 style='font-size: 22px; border-bottom: 2px solid currentColor; padding-bottom: 5px; margin-top: 0; color: inherit; opacity: 0.8;'>Caracter\u00edsticas Destacadas:<\/h3>\n<ul style='padding-left: 20px; font-size: 15px; color: inherit;'>\n<li style='margin-bottom: 5px;'>Sistema de arranque y paro suave para alargar la vida \u00fatil del motor.<\/li>\n<li style='margin-bottom: 5px;'>Cierre autom\u00e1tico&comma; condici\u00f3n de cierre autom\u00e1tico.<\/li>\n<li style='margin-bottom: 5px;'>Luz de cortes\u00eda.<\/li>\n<li style='margin-bottom: 5px;'><strong style='color: inherit;'>Alarma por mantenimiento preventivo.<\/strong><\/li>\n<li style='margin-bottom: 5px;'>Compatible con cualquier fotocelda.<\/li>\n<\/ul><\/div>\n<\/p><\/div>\n<p> <!-- Imagen 1 --> <\/p>\n<div style='margin-bottom: 30px;'> <img style='width: 100%; height: auto; border: 1px solid rgba(150&comma;150&comma;150&comma;0.3); border-radius: 8px;' src='https:\/\/ftp3.syscom.mx\/usuarios\/mario.rodriguez\/MOTORPUERTASDEGARAJE\/ACCESS50\/Datos.PNG' alt=''> <\/div>\n<p> <!-- Nota destacada --> <\/p>\n<div style='margin-bottom: 30px; padding: 15px; border-left: 4px solid #c0392b; background-color: rgba(192&comma;57&comma;43&comma;0.05);'>\n<p style='margin: 0; font-size: 14px; color: inherit;'> <strong style='color: #c0392b;'>*<\/strong> Hasta 2.5mts de altura m\u00e1x. para puertas enrollables para alturas mayores es necesario colocar una rueda dentada. <\/p>\n<\/p><\/div>\n<p> <!-- Imagen 2 --> <\/p>\n<div style='margin-bottom: 30px;'> <img style='width: 100%; height: auto; border: 1px solid rgba(150&comma;150&comma;150&comma;0.3); border-radius: 8px;' src='https:\/\/ftp3.syscom.mx\/usuarios\/mario.rodriguez\/MOTORPUERTASDEGARAJE\/ACCESS50\/transmision.png' alt=''> <\/div>\n<hr style='border: 0; border-top: 1px solid rgba(150&comma; 150&comma; 150&comma; 0.3); margin: 30px 0;'> <!-- Secci\u00f3n de contenido con flex --> <\/p>\n<div style='display: flex; flex-wrap: wrap; gap: 30px; margin-bottom: 30px;'>\n<div style='flex: 1 1 400px; min-width: 280px;'> <img style='width: 100%; height: auto; border: 1px solid rgba(150&comma;150&comma;150&comma;0.3); border-radius: 8px;' src='https:\/\/ftp3.syscom.mx\/usuarios\/mario.rodriguez\/MOTORPUERTASDEGARAJE\/ACCESS50\/Botonera.PNG' alt=''> <\/div>\n<div style='flex: 1 1 400px; min-width: 280px;'>\n<h3 style='font-size: 20px; margin-top: 0; color: inherit; opacity: 0.8;'>El kit incluye:<\/h3>\n<ul style='padding-left: 20px; font-size: 15px; color: inherit;'>\n<li style='margin-bottom: 5px;'>Operador ACCESS50<\/li>\n<li style='margin-bottom: 5px;'>Cuadro de mando (botonera).<\/li>\n<li style='margin-bottom: 5px;'>Cable de alimentaci\u00f3n.<\/li>\n<li style='margin-bottom: 5px;'>Cable de sincronizaci\u00f3n (del motor al cuadro de mando).<\/li>\n<li style='margin-bottom: 5px;'>Cable de accionamiento manual.<\/li>\n<li style='margin-bottom: 5px;'>Bracket de montaje. Torniller\u00eda.<\/li>\n<\/ul><\/div>\n<\/p><\/div>\n<hr style='border: 0; border-top: 1px solid rgba(150&comma; 150&comma; 150&comma; 0.3); margin: 30px 0;'> <!-- Secci\u00f3n de contenido con flex --> <\/p>\n<div style='display: flex; flex-wrap: wrap; gap: 30px; margin-bottom: 30px;'>\n<div style='flex: 1 1 400px; min-width: 280px;'>\n<p style='font-size: 15px; color: inherit; margin-bottom: 15px;'>Configuraci\u00f3n de cambio de giro el motor para puede ser instalado de lado izquierdo o derecho&comma; ideal para cortinas puertas seccionales de gran tama\u00f1o.<\/p>\n<p style='font-size: 15px; color: inherit; margin-bottom: 15px;'><strong style='color: inherit;'>*La altura m\u00e1xima que soporta en puertas enrollables es de 2.5 mts de altura.<\/strong><\/p>\n<\/p><\/div>\n<div style='flex: 1 1 400px; min-width: 280px;'> <img style='width: 100%; height: auto; border: 1px solid rgba(150&comma;150&comma;150&comma;0.3); border-radius: 8px;' src='https:\/\/ftp3.syscom.mx\/usuarios\/mario.rodriguez\/MOTORPUERTASDEGARAJE\/ACCESS50\/instalacion.PNG' alt=''> <\/div>\n<\/p><\/div>\n<p> <!-- Video --> <\/p>\n<div style='margin-bottom: 30px;'>\n<div style='position: relative; padding-bottom: 56.25%; height: 0; overflow: hidden;'>   <\/div>\n<\/p><\/div>\n<\/p><\/div>\n","protected":false},"excerpt":{"rendered":"<p>Motor para puertas de garage \/ Enrollables \/ Seccionales \/ 1HP \/ Silencioso \/ Est\u00e9tico \/ Fuerte \/ Iluminaci\u00f3n LED \/ Torque 50Nm \/ Montaje lateral .<\/p>\n","protected":false},"featured_media":24306,"comment_status":"open","ping_status":"closed","template":"","meta":[],"product_brand":[],"product_cat":[400],"product_tag":[401,234,402],"class_list":{"0":"post-24307","1":"product","2":"type-product","3":"status-publish","4":"has-post-thumbnail","6":"product_cat-puertas-de-garage","7":"product_tag-acceso-vehicular","8":"product_tag-accesspro","9":"product_tag-puertas-de-garage","11":"first","12":"outofstock","13":"sale","14":"shipping-taxable","15":"purchasable","16":"product-type-simple"},"_links":{"self":[{"href":"https:\/\/soydeaqui.ddns.net\/pachuca\/index.php\/wp-json\/wp\/v2\/product\/24307","targetHints":{"allow":["GET"]}}],"collection":[{"href":"https:\/\/soydeaqui.ddns.net\/pachuca\/index.php\/wp-json\/wp\/v2\/product"}],"about":[{"href":"https:\/\/soydeaqui.ddns.net\/pachuca\/index.php\/wp-json\/wp\/v2\/types\/product"}],"replies":[{"embeddable":true,"href":"https:\/\/soydeaqui.ddns.net\/pachuca\/index.php\/wp-json\/wp\/v2\/comments?post=24307"}],"wp:featuredmedia":[{"embeddable":true,"href":"https:\/\/soydeaqui.ddns.net\/pachuca\/index.php\/wp-json\/wp\/v2\/media\/24306"}],"wp:attachment":[{"href":"https:\/\/soydeaqui.ddns.net\/pachuca\/index.php\/wp-json\/wp\/v2\/media?parent=24307"}],"wp:term":[{"taxonomy":"product_brand","embeddable":true,"href":"https:\/\/soydeaqui.ddns.net\/pachuca\/index.php\/wp-json\/wp\/v2\/product_brand?post=24307"},{"taxonomy":"product_cat","embeddable":true,"href":"https:\/\/soydeaqui.ddns.net\/pachuca\/index.php\/wp-json\/wp\/v2\/product_cat?post=24307"},{"taxonomy":"product_tag","embeddable":true,"href":"https:\/\/soydeaqui.ddns.net\/pachuca\/index.php\/wp-json\/wp\/v2\/product_tag?post=24307"}],"curies":[{"name":"wp","href":"https:\/\/api.w.org\/{rel}","templated":true}]}}