{"id":24303,"date":"2026-03-18T11:31:49","date_gmt":"2026-03-18T11:31:49","guid":{"rendered":"https:\/\/soydeaqui.ddns.net\/pachuca\/index.php\/producto\/chapa-mini-magnetica-mortise-750-lbs\/"},"modified":"2026-03-18T11:31:49","modified_gmt":"2026-03-18T11:31:49","slug":"chapa-mini-magnetica-mortise-750-lbs","status":"publish","type":"product","link":"https:\/\/soydeaqui.ddns.net\/pachuca\/index.php\/producto\/chapa-mini-magnetica-mortise-750-lbs\/","title":{"rendered":"Chapa MINI Magnetica Mortise 750 Lbs"},"content":{"rendered":"<div style='width: 100%; max-width: 1200px; margin: 0 auto; font-family: sans-serif; line-height: 1.6; color: inherit; background-color: transparent;'> <!-- Secci\u00f3n de introducci\u00f3n --> <\/p>\n<div style='margin-bottom: 30px;'>\n<p style='margin: 0 0 15px 0;'><img style='width: 200px; height: 99px; border: 1px solid rgba(150&comma;150&comma;150&comma;0.3); border-radius: 8px;' src='http:\/\/ftp3.syscom.mx\/usuarios\/ftp\/2017\/03\/02\/f97ed\/RCI_logo-plus-DOKAEndorsement_4C.jpg' alt='Logo RCI' \/><\/p>\n<p style='font-size: 15px; margin-top: 0; color: inherit;'>El 8360 Mortise MiniMag\u00ae es una soluci\u00f3n ideal para una sujeci\u00f3n segura en puertas corredizas. Esta cerradura electromagn\u00e9tica es de bajo perfil. El acabado de aluminio anodizado cepillado se combina con la est\u00e9tica de la puerta corredera. El RCI 8360 Mortise MiniMag\u00ae se puede monitorear de forma remota con sensores de estado de bloqueo incorporados y est\u00e1 respaldado por una garant\u00eda limitada de por vida.<\/p>\n<\/p><\/div>\n<p> <!-- Secci\u00f3n de caracter\u00edsticas principales --> <\/p>\n<div style='margin-bottom: 30px;'>\n<h3 style='font-size: 22px; border-bottom: 2px solid currentColor; padding-bottom: 5px; margin-top: 0; color: inherit; opacity: 0.8;'>Caracter\u00edsticas Principales<\/h3>\n<ul style='padding-left: 20px; font-size: 15px; color: inherit;'>\n<li style='margin-bottom: 5px;'>Perfil bajo para integraci\u00f3n en puertas corredizas<\/li>\n<li style='margin-bottom: 5px;'>Acabado aluminio anodizado cepillado est\u00e9ticamente agradable<\/li>\n<li style='margin-bottom: 5px;'>Fuerza sujeci\u00f3n hasta 750 libras<\/li>\n<li style='margin-bottom: 5px;'>Energ\u00eda: 500mA 12\/24VDC seleccionable<\/li>\n<li style='margin-bottom: 5px;'>Sensor monitoreo estado de bloqueo integrado<\/li>\n<\/ul><\/div>\n<p> <!-- Secci\u00f3n de especificaciones t\u00e9cnicas --> <\/p>\n<div style='display: flex; flex-wrap: wrap; gap: 20px; margin-bottom: 30px;'>\n<div style='flex: 1 1 250px; border: 1px solid rgba(150&comma; 150&comma; 150&comma; 0.4); border-radius: 8px; overflow: hidden; display: flex; flex-direction: column;'>\n<div style='padding: 15px; border-bottom: 1px solid rgba(150&comma; 150&comma; 150&comma; 0.2); font-weight: bold; font-size: 18px; color: inherit;'>Especificaciones El\u00e9ctricas<\/div>\n<div style='padding: 15px; color: inherit;'>\n<ul style='padding-left: 20px; margin: 0; font-size: 14px; list-style-type: disc;'>\n<li style='margin-bottom: 5px;'><strong>Energ\u00eda:<\/strong> 500mA 12\/24VDC seleccionable en campo<\/li>\n<li style='margin-bottom: 5px;'><strong>Modo:<\/strong> A prueba de fallas<\/li>\n<\/ul><\/div>\n<\/p><\/div>\n<div style='flex: 1 1 250px; border: 1px solid rgba(150&comma; 150&comma; 150&comma; 0.4); border-radius: 8px; overflow: hidden; display: flex; flex-direction: column;'>\n<div style='padding: 15px; border-bottom: 1px solid rgba(150&comma; 150&comma; 150&comma; 0.2); font-weight: bold; font-size: 18px; color: inherit;'>Especificaciones Mec\u00e1nicas<\/div>\n<div style='padding: 15px; color: inherit;'>\n<ul style='padding-left: 20px; margin: 0; font-size: 14px; list-style-type: disc;'>\n<li style='margin-bottom: 5px;'><strong>Dimensiones:<\/strong> 9&#8217;W x 1-1\/2&#8217;H x 1-1\/6&#8217;D (229mm x 38mm x 27mm)<\/li>\n<li style='margin-bottom: 5px;'><strong>Placa de armadura:<\/strong> 7-1\/4&#8217;W x 1-1\/2&#8217;H x 1\/2&#8217;D (185mm x 38mm x 13mm)<\/li>\n<li style='margin-bottom: 5px;'><strong>Acabado:<\/strong> Aluminio anodizado cepillado (c\u00f3digo 28)<\/li>\n<li style='margin-bottom: 5px;'><strong>Pesta\u00f1as de montaje:<\/strong> 3\/4&#8242; (19mm)<\/li>\n<\/ul><\/div>\n<\/p><\/div>\n<div style='flex: 1 1 250px; border: 1px solid rgba(150&comma; 150&comma; 150&comma; 0.4); border-radius: 8px; overflow: hidden; display: flex; flex-direction: column;'>\n<div style='padding: 15px; border-bottom: 1px solid rgba(150&comma; 150&comma; 150&comma; 0.2); font-weight: bold; font-size: 18px; color: inherit;'>Caracter\u00edsticas de Seguridad<\/div>\n<div style='padding: 15px; color: inherit;'>\n<ul style='padding-left: 20px; margin: 0; font-size: 14px; list-style-type: disc;'>\n<li style='margin-bottom: 5px;'><strong>Fuerza de sujeci\u00f3n:<\/strong> Hasta 750 libras (3336N)<\/li>\n<li style='margin-bottom: 5px;'><strong>Monitoreo:<\/strong> Sensor de estado de bloqueo remoto incorporado<\/li>\n<\/ul><\/div>\n<\/p><\/div>\n<div style='flex: 1 1 250px; border: 1px solid rgba(150&comma; 150&comma; 150&comma; 0.4); border-radius: 8px; overflow: hidden; display: flex; flex-direction: column;'>\n<div style='padding: 15px; border-bottom: 1px solid rgba(150&comma; 150&comma; 150&comma; 0.2); font-weight: bold; font-size: 18px; color: inherit;'>Informaci\u00f3n de Garant\u00eda<\/div>\n<div style='padding: 15px; color: inherit;'>\n<ul style='padding-left: 20px; margin: 0; font-size: 14px; list-style-type: disc;'>\n<li style='margin-bottom: 5px;'><strong>Garant\u00eda:<\/strong> Garant\u00eda limitada de por vida<\/li>\n<\/ul><\/div>\n<\/p><\/div>\n<div style='flex: 1 1 250px; border: 1px solid rgba(150&comma; 150&comma; 150&comma; 0.4); border-radius: 8px; overflow: hidden; display: flex; flex-direction: column;'>\n<div style='padding: 15px; border-bottom: 1px solid rgba(150&comma; 150&comma; 150&comma; 0.2); font-weight: bold; font-size: 18px; color: inherit;'>Aplicaciones<\/div>\n<div style='padding: 15px; color: inherit;'>\n<ul style='padding-left: 20px; margin: 0; font-size: 14px; list-style-type: disc;'>\n<li style='margin-bottom: 5px;'>Dise\u00f1o de bajo perfil ideal para puertas corredizas<\/li>\n<li style='margin-bottom: 5px;'>Adecuado para gabinetes y peque\u00f1as encerramientos<\/li>\n<\/ul><\/div>\n<\/p><\/div>\n<\/p><\/div>\n<p> <!-- Separador --> <\/p>\n<hr style='border: 0; border-top: 1px solid rgba(150&comma; 150&comma; 150&comma; 0.3); margin: 30px 0;'> <!-- Secci\u00f3n de informaci\u00f3n adicional --> <\/p>\n<div style='margin-top: 30px;'>\n<h3 style='font-size: 22px; border-bottom: 2px solid currentColor; padding-bottom: 5px; margin-top: 0; color: inherit; opacity: 0.8;'>Informaci\u00f3n Adicional<\/h3>\n<div style='display: flex; flex-wrap: wrap; gap: 20px; margin-top: 15px;'>\n<div style='flex: 1 1 250px;'>\n<p style='font-size: 14px; margin: 0; color: inherit;'><strong>Modelo:<\/strong> 8360<\/p>\n<p style='font-size: 14px; margin: 0; color: inherit;'><strong>Referencia:<\/strong> 8360 x 28<\/p>\n<\/p><\/div>\n<\/p><\/div>\n<\/p><\/div>\n<\/p><\/div>\n","protected":false},"excerpt":{"rendered":"<p>Chapa MINI Magnetica Mortise 750 Lbs<\/p>\n","protected":false},"featured_media":24302,"comment_status":"open","ping_status":"closed","template":"","meta":[],"product_brand":[],"product_cat":[761],"product_tag":[87,762,453],"class_list":{"0":"post-24303","1":"product","2":"type-product","3":"status-publish","4":"has-post-thumbnail","6":"product_cat-chapas-magneticas","7":"product_tag-cerraduras","8":"product_tag-chapas-magneticas","9":"product_tag-rci-dormakaba","11":"first","12":"instock","13":"sale","14":"shipping-taxable","15":"purchasable","16":"product-type-simple"},"_links":{"self":[{"href":"https:\/\/soydeaqui.ddns.net\/pachuca\/index.php\/wp-json\/wp\/v2\/product\/24303","targetHints":{"allow":["GET"]}}],"collection":[{"href":"https:\/\/soydeaqui.ddns.net\/pachuca\/index.php\/wp-json\/wp\/v2\/product"}],"about":[{"href":"https:\/\/soydeaqui.ddns.net\/pachuca\/index.php\/wp-json\/wp\/v2\/types\/product"}],"replies":[{"embeddable":true,"href":"https:\/\/soydeaqui.ddns.net\/pachuca\/index.php\/wp-json\/wp\/v2\/comments?post=24303"}],"wp:featuredmedia":[{"embeddable":true,"href":"https:\/\/soydeaqui.ddns.net\/pachuca\/index.php\/wp-json\/wp\/v2\/media\/24302"}],"wp:attachment":[{"href":"https:\/\/soydeaqui.ddns.net\/pachuca\/index.php\/wp-json\/wp\/v2\/media?parent=24303"}],"wp:term":[{"taxonomy":"product_brand","embeddable":true,"href":"https:\/\/soydeaqui.ddns.net\/pachuca\/index.php\/wp-json\/wp\/v2\/product_brand?post=24303"},{"taxonomy":"product_cat","embeddable":true,"href":"https:\/\/soydeaqui.ddns.net\/pachuca\/index.php\/wp-json\/wp\/v2\/product_cat?post=24303"},{"taxonomy":"product_tag","embeddable":true,"href":"https:\/\/soydeaqui.ddns.net\/pachuca\/index.php\/wp-json\/wp\/v2\/product_tag?post=24303"}],"curies":[{"name":"wp","href":"https:\/\/api.w.org\/{rel}","templated":true}]}}