{"id":243,"date":"2026-03-18T05:37:35","date_gmt":"2026-03-18T05:37:35","guid":{"rendered":"https:\/\/soydeaqui.ddns.net\/pachuca\/index.php\/producto\/camara-bala-bi-espectro-termica-y-optica-5mp-optica-256x192-termica-ia-para-deteccion-humana-84m-y-vehicular-210m-alarma-por-temperatura-20c-a-150c-deteccion-de-fuego-y-fuma\/"},"modified":"2026-03-18T05:37:35","modified_gmt":"2026-03-18T05:37:35","slug":"camara-bala-bi-espectro-termica-y-optica-5mp-optica-256x192-termica-ia-para-deteccion-humana-84m-y-vehicular-210m-alarma-por-temperatura-20c-a-150c-deteccion-de-fuego-y-fuma","status":"publish","type":"product","link":"https:\/\/soydeaqui.ddns.net\/pachuca\/index.php\/producto\/camara-bala-bi-espectro-termica-y-optica-5mp-optica-256x192-termica-ia-para-deteccion-humana-84m-y-vehicular-210m-alarma-por-temperatura-20c-a-150c-deteccion-de-fuego-y-fuma\/","title":{"rendered":"C\u00e1mara Bala Bi-espectro T\u00e9rmica y \u00d3ptica\/ 5MP \u00d3ptica + 256\u00d7192 T\u00e9rmica \/ IA para Detecci\u00f3n Humana 84m y Vehicular 210m \/ Alarma por Temperatura -20\u00b0C a 150\u00b0C \/ Detecci\u00f3n de Fuego y Fumadores \/"},"content":{"rendered":"<div style=\"width: 100%; max-width: 1200px; margin: 0 auto; font-family: sans-serif; line-height: 1.6; color: inherit; background-color: transparent;\"><!-- Logo --><\/p>\n<div style=\"text-align: center; margin: 30px 0;\"><img decoding=\"async\" style=\"width: 100%; max-width: 45%; height: auto; border: 1px solid rgba(150&comma; 150&comma; 150&comma; 0.3); border-radius: 8px;\" src=\"https:\/\/ftp3.syscom.mx\/usuarios\/fotos\/HMTP2310VF\/WM30\/200759-logo-hikmicro.png\" alt=\"Logo HikMicro\" class=\"fr-fic fr-dii\"><\/div>\n<p><!-- Secci\u00f3n de caracter\u00edsticas --><\/p>\n<div style=\"display: flex; flex-wrap: wrap; gap: 30px; margin-bottom: 30px;\">\n<div style=\"flex: 1 1 300px; min-width: 280px;\">\n<h3 style=\"font-size: 22px; border-bottom: 2px solid currentColor; padding-bottom: 5px; margin-top: 0; color: inherit; opacity: 0.8;\">Caracter&iacute;sticas del Producto:<\/h3>\n<ul style=\"padding-left: 20px; font-size: 15px; color: inherit;\">\n<li style=\"margin-bottom: 15px;\"><strong>C&aacute;mara T&eacute;rmica:<\/strong><br \/>Resoluci&oacute;n: 256 &times; 192<br \/>Tipo de Sensor: Vanadium Oxide Uncooled Focal Plane Arrays (VOx UFPA)<br \/>Pitch de Pixel: 12 &mu;m<br \/>NETD: &le;25 mK (25&deg;C&comma; F1.0)<br \/>Distancia Focal: 6.9mm<br \/>Campo de Visi&oacute;n (FOV): 24.9&deg; &times; 18.7&deg; (H &times; V)<br \/>Rango Espectral: 8 &mu;m a 14 &mu;m<\/li>\n<li style=\"margin-bottom: 15px;\"><strong>C&aacute;mara &Oacute;ptica:<\/strong><br \/>Resoluci&oacute;n: 5MP&comma; 2688 &times; 1944<br \/>Tipo de Sensor: 1\/2.7&#39; Progressive Scan CMOS<br \/>Iluminaci&oacute;n M&iacute;nima: 0.0089Lux @(F1.6&comma;AGC ON)&comma; 0 Lux con IR<br \/>Distancia Focal: 8mm<br \/>Campo de Visi&oacute;n (FOV): 39.4&deg; &times; 22&deg; (H &times; V)<br \/>WDR: 120 dB<\/li>\n<li style=\"margin-bottom: 15px;\"><strong>Funci&oacute;n Inteligente (VCA):<\/strong><br \/>4 Tipos de reglas (cruce de l&iacute;nea&comma; intrusi&oacute;n&comma; entrada y salida de regi&oacute;n)&comma; hasta 8 reglas en total.<br \/>Basado en el Modelo de IA a Gran Escala GUANLAN para protecci&oacute;n perimetral.<\/li>\n<li style=\"margin-bottom: 15px;\"><strong>Medici&oacute;n de Temperatura:<\/strong><br \/>Rango: -20 &deg;C a 150 &deg;C (-4 &deg;F a 302 &deg;F)<br \/>Precisi&oacute;n: &plusmn;8&deg;C (&plusmn;14.4&deg;F)<br \/>3 Tipos de reglas (punto&comma; &aacute;rea&comma; l&iacute;nea)&comma; 21 reglas en total.<br \/>Alarma por excepci&oacute;n de temperatura.<br \/><strong>Detecci&oacute;n de Puntos de Fuego:<\/strong> Hasta 10 puntos detectables.<\/li>\n<li style=\"margin-bottom: 15px;\"><strong>Detecci&oacute;n de Fumar:<\/strong> Algoritmo soportado.<\/li>\n<li style=\"margin-bottom: 15px;\"><strong>Rangos de Detecci&oacute;n (Referencia):<\/strong><br \/>VCA para Humanos (1.8&#215;0.5m): 84 m<br \/>VCA para Veh&iacute;culos (1.4&#215;4.0m): 210 m<br \/>Medici&oacute;n de Temp. (Objeto 1x1m): 116.7 m<br \/>Detecci&oacute;n de Fuego (Objeto 0.5&#215;0.5m): 48 m<br \/>Detecci&oacute;n de Fumar: 10.35 m<\/li>\n<\/ul>\n<\/div>\n<div style=\"flex: 1 1 300px; min-width: 280px;\">\n<h3 style=\"font-size: 22px; border-bottom: 2px solid currentColor; padding-bottom: 5px; margin-top: 0; color: inherit; opacity: 0.8;\">Caracter&iacute;sticas Generales:<\/h3>\n<ul style=\"padding-left: 20px; font-size: 15px; color: inherit;\">\n<li style=\"margin-bottom: 15px;\"><strong>Efectos de Imagen:<\/strong><br \/>Fusi&oacute;n Biespectral: Muestra detalles del canal &oacute;ptico en el canal t&eacute;rmico.<br \/>Picture in Picture (PiP): Muestra imagen parcial t&eacute;rmica sobre pantalla completa &oacute;ptica.<br \/>Coloraci&oacute;n de Objetivo: S&iacute;&comma; en modo white hot y black hot.<br \/>Paletas de Color: 17 tipos (White hot&comma; Black hot&comma; Rainbow&comma; Ironbow&comma; etc.)<\/li>\n<li style=\"margin-bottom: 15px;\"><strong>Iluminador:<\/strong><br \/>Tipo: H&iacute;brido (IR&comma; Luz Blanca o Modo Inteligente)<br \/>Distancia IR \/ Luz Blanca: Hasta 60 m<\/li>\n<li style=\"margin-bottom: 15px;\"><strong>Alarma Audiovisual:<\/strong><br \/>Alarma Visual: Luz blanca con frecuencias de parpadeo ajustables.<br \/>Alarma Auditiva: S&iacute;&comma; para VCA y Excepci&oacute;n de Temperatura. 2 alertas de voz preestablecidas + 6 importables por el usuario.<\/li>\n<li style=\"margin-bottom: 15px;\"><strong>Video y Audio:<\/strong><br \/>Compresi&oacute;n de Video: H.265\/H.264 (Main Stream)&comma; H.265\/H.264\/MJPEG (Sub-stream)<br \/>Compresi&oacute;n de Audio: G.722.1\/G.711ulaw\/G.711alaw\/MP2L2\/G.726\/PCM<br \/>M&aacute;x. Usuarios Simult&aacute;neos: Hasta 20 canales<\/li>\n<li style=\"margin-bottom: 15px;\"><strong>Entradas y Salidas:<\/strong><br \/>Entradas de Alarma: 2 (0-5 VDC)<br \/>Salidas de Alarma: 2 (acciones configurables)<br \/>Entrada de Audio: 1 (3.5 mm Mic\/Line in)<br \/>Salida de Audio: 1 (Nivel lineal&comma; impedancia: 600 &Omega;)<br \/>Interfaz de Comunicaci&oacute;n: 1x RJ45 10\/100M&comma; 1x RS-485<\/li>\n<\/ul>\n<\/div>\n<div style=\"flex: 1 1 300px; min-width: 280px;\">\n<h3 style=\"font-size: 22px; border-bottom: 2px solid currentColor; padding-bottom: 5px; margin-top: 0; color: inherit; opacity: 0.8;\">Caracter&iacute;sticas F&iacute;sicas y El&eacute;ctricas:<\/h3>\n<ul style=\"padding-left: 20px; font-size: 15px; color: inherit;\">\n<li style=\"margin-bottom: 15px;\"><strong>Alimentaci&oacute;n:<\/strong><br \/>12 VDC &plusmn; 25%&comma; terminal de 2 n&uacute;cleos | PoE (802.3at&comma; clase 4)<br \/>Consumo M&aacute;ximo: 24W<br \/>Temperatura de Operaci&oacute;n: -40&deg;C a 65&deg;C (-40&deg;F a 149&deg;F) \/ Humedad &le; 95%<br \/>Nivel de Protecci&oacute;n: IP67&comma; IK10<br \/>Protecciones: TVS 6000V protecci&oacute;n contra rayos&comma; protecci&oacute;n contra sobretensiones.<br \/>Dimensiones (&Oslash; x L): &Oslash;105mm x 349.1mm<br \/>Peso: 1710 g<\/li>\n<\/ul>\n<\/div>\n<div style=\"flex: 1 1 300px; min-width: 280px;\">\n<h3 style=\"font-size: 22px; border-bottom: 2px solid currentColor; padding-bottom: 5px; margin-top: 0; color: inherit; opacity: 0.8;\">Accesorios:<\/h3>\n<ul style=\"padding-left: 20px; font-size: 15px; color: inherit;\">\n<li style=\"margin-bottom: 15px;\"><strong>Incluido:<\/strong><br \/>Caja de Uni&oacute;n DS-1260ZJ<\/li>\n<li style=\"margin-bottom: 15px;\"><strong>Opcional:<\/strong><br \/>Montaje para Poste Vertical: DS-1275ZJ-S-SUS<br \/>Montaje de Esquina: DS-1276ZJ-SUS<\/li>\n<\/ul>\n<\/div>\n<\/div>\n<p><!-- Separador --><\/p>\n<hr style=\"border: 0; border-top: 1px solid rgba(150&comma; 150&comma; 150&comma; 0.3); margin: 30px 0;\"><!-- Banner final --><\/p>\n<div style=\"text-align: center; margin: 30px 0;\"><img decoding=\"async\" style=\"width: 100%; height: auto; border: 1px solid rgba(150&comma; 150&comma; 150&comma; 0.3); border-radius: 8px;\" src=\"https:\/\/ftp3.syscom.mx\/usuarios\/smendoza\/smendozaro\/Hikmicro\/hikmicro_camtermica.jpg\" alt=\"Banner final HikMicro\" class=\"fr-fic fr-dii\"><\/div>\n<\/div>\n","protected":false},"excerpt":{"rendered":"<p>C\u00e1mara Bala Bi-espectro T\u00e9rmica y \u00d3ptica\/ 5MP \u00d3ptica + 256\u00d7192 T\u00e9rmica \/ IA para Detecci\u00f3n Humana 84m y Vehicular 210m \/ Alarma por Temperatura -20\u00b0C a 150\u00b0C \/ Detecci\u00f3n de Fuego y Fumadores \/<\/p>\n","protected":false},"featured_media":242,"comment_status":"open","ping_status":"closed","template":"","meta":[],"product_brand":[],"product_cat":[156],"product_tag":[157,158,104],"class_list":{"0":"post-243","1":"product","2":"type-product","3":"status-publish","4":"has-post-thumbnail","6":"product_cat-camaras-termicas","7":"product_tag-camaras-termicas","8":"product_tag-hikmicro","9":"product_tag-proteccion-perimetral","11":"first","12":"instock","13":"sale","14":"shipping-taxable","15":"purchasable","16":"product-type-simple"},"_links":{"self":[{"href":"https:\/\/soydeaqui.ddns.net\/pachuca\/index.php\/wp-json\/wp\/v2\/product\/243","targetHints":{"allow":["GET"]}}],"collection":[{"href":"https:\/\/soydeaqui.ddns.net\/pachuca\/index.php\/wp-json\/wp\/v2\/product"}],"about":[{"href":"https:\/\/soydeaqui.ddns.net\/pachuca\/index.php\/wp-json\/wp\/v2\/types\/product"}],"replies":[{"embeddable":true,"href":"https:\/\/soydeaqui.ddns.net\/pachuca\/index.php\/wp-json\/wp\/v2\/comments?post=243"}],"wp:featuredmedia":[{"embeddable":true,"href":"https:\/\/soydeaqui.ddns.net\/pachuca\/index.php\/wp-json\/wp\/v2\/media\/242"}],"wp:attachment":[{"href":"https:\/\/soydeaqui.ddns.net\/pachuca\/index.php\/wp-json\/wp\/v2\/media?parent=243"}],"wp:term":[{"taxonomy":"product_brand","embeddable":true,"href":"https:\/\/soydeaqui.ddns.net\/pachuca\/index.php\/wp-json\/wp\/v2\/product_brand?post=243"},{"taxonomy":"product_cat","embeddable":true,"href":"https:\/\/soydeaqui.ddns.net\/pachuca\/index.php\/wp-json\/wp\/v2\/product_cat?post=243"},{"taxonomy":"product_tag","embeddable":true,"href":"https:\/\/soydeaqui.ddns.net\/pachuca\/index.php\/wp-json\/wp\/v2\/product_tag?post=243"}],"curies":[{"name":"wp","href":"https:\/\/api.w.org\/{rel}","templated":true}]}}