{"id":24284,"date":"2026-03-18T11:31:25","date_gmt":"2026-03-18T11:31:25","guid":{"rendered":"https:\/\/soydeaqui.ddns.net\/pachuca\/index.php\/producto\/barrera-vehicular-derecha-brazo-incluido-3-mts-apertura-en-3-segundos-incluye-banda-protectora-antigolpe-de-vehiculos-compatible-con-cualquier-control-de-acceso\/"},"modified":"2026-03-18T11:31:26","modified_gmt":"2026-03-18T11:31:26","slug":"barrera-vehicular-derecha-brazo-incluido-3-mts-apertura-en-3-segundos-incluye-banda-protectora-antigolpe-de-vehiculos-compatible-con-cualquier-control-de-acceso","status":"publish","type":"product","link":"https:\/\/soydeaqui.ddns.net\/pachuca\/index.php\/producto\/barrera-vehicular-derecha-brazo-incluido-3-mts-apertura-en-3-segundos-incluye-banda-protectora-antigolpe-de-vehiculos-compatible-con-cualquier-control-de-acceso\/","title":{"rendered":"Barrera Vehicular DERECHA \/ Brazo Incluido 3 mts \/ Apertura en 3 Segundos \/ Incluye Banda Protectora Antigolpe de Vehiculos \/ Compatible con Cualquier Control de Acceso"},"content":{"rendered":"<div style='width: 100%; max-width: 1200px; margin: 0 auto; font-family: sans-serif; line-height: 1.6; color: inherit; background-color: transparent;'>\n<div style='width: 100%;'> <img style='width: 100%; height: auto; border: 1px solid rgba(150&comma;150&comma;150&comma;0.3); border-radius: 8px;' src='https:\/\/ftp3.syscom.mx\/usuarios\/fespinoza\/HIKVISION\/Dispositivos\/Banners\/Deep-learning-2.jpg' alt=''> <\/div>\n<div style='display: flex; flex-wrap: wrap; gap: 30px; margin-top: 30px; margin-bottom: 30px;'>\n<div style='flex: 1 1 300px; min-width: 280px;'>\n<h3 style='font-size: 22px; border-bottom: 2px solid currentColor; padding-bottom: 5px; margin-top: 0; color: inherit; opacity: 0.8;'>Caracter\u00edsticas principales<\/h3>\n<ul style='padding-left: 20px; font-size: 15px; color: inherit;'>\n<li style='margin-bottom: 5px;'><strong>Movimiento manual<\/strong> en caso de falla el\u00e9ctrica<\/li>\n<li style='margin-bottom: 5px;'><strong>Configuraci\u00f3n<\/strong> mediante botones<\/li>\n<li style='margin-bottom: 5px;'><strong>Activaci\u00f3n<\/strong> mediante IR&comma; Control Remoto<\/li>\n<li style='margin-bottom: 5px;'><strong>Sistema<\/strong> con control de temperatura interna<\/li>\n<li style='margin-bottom: 5px;'><strong>Fabricado<\/strong> en Acero laminado en fr\u00edo CRS<\/li>\n<li style='margin-bottom: 5px;'><strong>Frecuencia<\/strong> de control 430.5Mhz<\/li>\n<li style='margin-bottom: 5px;'><strong>Protecci\u00f3n<\/strong> IP54<\/li>\n<\/ul><\/div>\n<div style='flex: 1 1 300px; min-width: 280px;'>\n<h3 style='font-size: 22px; border-bottom: 2px solid currentColor; padding-bottom: 5px; margin-top: 0; color: inherit; opacity: 0.8;'>Caracter\u00edsticas F\u00edsicas y El\u00e9ctricas<\/h3>\n<ul style='padding-left: 20px; font-size: 15px; color: inherit;'>\n<li style='margin-bottom: 5px;'><strong>Alimentaci\u00f3n:<\/strong> 220 Vca \/300w\/1.5 A<\/li>\n<li style='margin-bottom: 5px;'><strong>Velocidad de elevaci\u00f3n:<\/strong> 1.5-2.5 sg<\/li>\n<li style='margin-bottom: 5px;'><strong>Velocidad de ca\u00edda:<\/strong> Ajustable 2.5-3.5 sg<\/li>\n<li style='margin-bottom: 5px;'><strong>Peso:<\/strong> 59.3 kg<\/li>\n<li style='margin-bottom: 5px;'><strong>Temperatura de trabajo:<\/strong> -30 \u00b0C a 70 \u00b0C (-22 \u00b0F a 158 \u00b0F)<\/li>\n<li style='margin-bottom: 5px;'><strong>Garant\u00eda:<\/strong> 2 a\u00f1os<\/li>\n<\/ul><\/div>\n<\/p><\/div>\n<div style='margin-bottom: 30px;'>\n<h3 style='font-size: 22px; border-bottom: 2px solid currentColor; padding-bottom: 5px; margin-top: 0; color: inherit; opacity: 0.8;'>Consideraciones<\/h3>\n<p style='font-size: 15px; color: inherit;'>Pruebas de operaci\u00f3n llevadas al l\u00edmite dando confiabilidad en partes mec\u00e1nicas&comma; siendo un motor con la cualidad de poder generar una temperatura ambiente nos brinda una excelente opci\u00f3n para ambientes con baja temperatura sin necesidad de accesorios adicionales por lo que evitaremos preocuparnos por un posible fallo por congelamiento.<\/p>\n<\/p><\/div>\n<div style='display: flex; flex-wrap: wrap; gap: 30px; margin-bottom: 30px;'>\n<div style='flex: 1 1 300px; min-width: 280px;'>\n<h3 style='font-size: 22px; border-bottom: 2px solid currentColor; padding-bottom: 5px; margin-top: 0; color: inherit; opacity: 0.8;'>Brazo con banda Anti-Colisi\u00f3n<\/h3>\n<p style='font-size: 15px; color: inherit;'>El brazo se regresa al colisionar levemente con un obst\u00e1culo evitando da\u00f1os al veh\u00edculo<\/p>\n<h3 style='font-size: 22px; border-bottom: 2px solid currentColor; padding-bottom: 5px; margin-top: 0; color: inherit; opacity: 0.8;'>Caracter\u00edsticas de la BARRERA<\/h3>\n<ul style='padding-left: 20px; font-size: 15px; color: inherit;'>\n<li style='margin-bottom: 5px;'>Apertura en 3 segundos<\/li>\n<li style='margin-bottom: 5px;'><span style='color: #c0392b;'>Brazo de 3 mts<\/span><\/li>\n<li style='margin-bottom: 5px;'>Incluye 2 controles remotos (bater\u00eda no incluida)<\/li>\n<li style='margin-bottom: 5px;'>Manija para operaci\u00f3n manual en caso de p\u00e9rdida de energ\u00eda<\/li>\n<li style='margin-bottom: 5px;'>Soporta habilitar cierre autom\u00e1tico con retardo de 10 seg<\/li>\n<li style='margin-bottom: 5px;'><strong>Operaci\u00f3n de hasta 300 ciclos aproximados por hora<\/strong><\/li>\n<\/ul>\n<h3 style='font-size: 22px; border-bottom: 2px solid currentColor; padding-bottom: 5px; margin-top: 0; color: inherit; opacity: 0.8;'>Accesorios Opcionales (NO INCLUIDOS)<\/h3>\n<ul style='padding-left: 20px; font-size: 15px; color: inherit;'>\n<li style='margin-bottom: 5px;'>Lazo magn\u00e9tico <a style='color: #005cb9; text-decoration: none;' href='https:\/\/www.syscom.mx\/principal\/searchcont?route=SYS-LM6-ACCESSPRO-31960&#038;autodetect=syslm6'>SYS-LM6<\/a> + Sensor de masa <a style='color: #005cb9; text-decoration: none;' href='https:\/\/www.syscom.mx\/principal\/searchcont?route=10-MATRIX-IIS-1224-BEA-144360&#038;autodetect=syslm6'>10-MATRIX-IIS-1224<\/a><\/li>\n<li style='margin-bottom: 5px;'>Fotoceldas <a style='color: #005cb9; text-decoration: none;' href='https:\/\/www.syscom.mx\/principal\/searchcont?route=XBS-IR33-AccessPRO-78540&#038;autodetect=xbsir33'>XBS-IR33<\/a><\/li>\n<li style='margin-bottom: 5px;'>Botonera triple para operaci\u00f3n humana <a style='color: #005cb9; text-decoration: none;' href='https:\/\/www.syscom.mx\/principal\/searchcont?route=XBS-SW-01-ACCESSPRO-78542&#038;autodetect=xbssw01'>XBS-SW-01<\/a><\/li>\n<li style='margin-bottom: 5px;'>Sistema de Acceso con tag Vehicular <a style='color: #005cb9; text-decoration: none;' href='https:\/\/www.syscom.mx\/principal\/searchcont?route=KIT-UHFSTICKER-01-HIKVISION-177026&#038;autodetect=kituhf'>KIT-UHFSTICKER-01<\/a><\/li>\n<li style='margin-bottom: 5px;'><span style='color: #c0392b;'><em>Compatible con cualquier sistema de acceso<\/em><\/span><\/li>\n<\/ul><\/div>\n<div style='flex: 1 1 300px; min-width: 280px;'> <img style='width: 100%; height: auto; border: 1px solid rgba(150&comma;150&comma;150&comma;0.3); border-radius: 8px;' src='https:\/\/ftp3.syscom.mx\/usuarios\/fotos\/BancoFotografiasSyscom\/HIKVISION\/DSTMG4B0RA_4M\/DSTMG4B0RA_4M-p.PNG' alt=''> <\/div>\n<\/p><\/div>\n<hr style='border: 0; border-top: 1px solid rgba(150&comma; 150&comma; 150&comma; 0.3); margin: 30px 0;'>\n<div style='display: flex; flex-wrap: wrap; gap: 30px; margin-bottom: 30px;'>\n<div style='flex: 1 1 400px; min-width: 300px;'>\n<div style='position: relative; padding-bottom: 56.25%; height: 0; overflow: hidden;'>   <\/div>\n<\/p><\/div>\n<div style='flex: 1 1 400px; min-width: 300px;'>\n<div style='position: relative; padding-bottom: 56.25%; height: 0; overflow: hidden;'>   <\/div>\n<\/p><\/div>\n<\/p><\/div>\n<div style='margin-bottom: 30px;'>\n<h3 style='font-size: 22px; color: inherit; opacity: 0.8; text-align: center;'>Calibraci\u00f3n de L\u00edmites de Carrera Enrolar controles remotos<\/h3>\n<\/p><\/div>\n<\/p><\/div>\n","protected":false},"excerpt":{"rendered":"<p>Barrera Vehicular DERECHA \/ Brazo Incluido 3 mts \/ Apertura en 3 Segundos \/ Incluye Banda Protectora Antigolpe de Vehiculos \/ Compatible con Cualquier Control de Acceso<\/p>\n","protected":false},"featured_media":24283,"comment_status":"open","ping_status":"closed","template":"","meta":[],"product_brand":[],"product_cat":[748],"product_tag":[401,749,54],"class_list":{"0":"post-24284","1":"product","2":"type-product","3":"status-publish","4":"has-post-thumbnail","6":"product_cat-barreras-vehiculares","7":"product_tag-acceso-vehicular","8":"product_tag-barreras-vehiculares","9":"product_tag-hikvision","11":"first","12":"outofstock","13":"sale","14":"shipping-taxable","15":"purchasable","16":"product-type-simple"},"_links":{"self":[{"href":"https:\/\/soydeaqui.ddns.net\/pachuca\/index.php\/wp-json\/wp\/v2\/product\/24284","targetHints":{"allow":["GET"]}}],"collection":[{"href":"https:\/\/soydeaqui.ddns.net\/pachuca\/index.php\/wp-json\/wp\/v2\/product"}],"about":[{"href":"https:\/\/soydeaqui.ddns.net\/pachuca\/index.php\/wp-json\/wp\/v2\/types\/product"}],"replies":[{"embeddable":true,"href":"https:\/\/soydeaqui.ddns.net\/pachuca\/index.php\/wp-json\/wp\/v2\/comments?post=24284"}],"wp:featuredmedia":[{"embeddable":true,"href":"https:\/\/soydeaqui.ddns.net\/pachuca\/index.php\/wp-json\/wp\/v2\/media\/24283"}],"wp:attachment":[{"href":"https:\/\/soydeaqui.ddns.net\/pachuca\/index.php\/wp-json\/wp\/v2\/media?parent=24284"}],"wp:term":[{"taxonomy":"product_brand","embeddable":true,"href":"https:\/\/soydeaqui.ddns.net\/pachuca\/index.php\/wp-json\/wp\/v2\/product_brand?post=24284"},{"taxonomy":"product_cat","embeddable":true,"href":"https:\/\/soydeaqui.ddns.net\/pachuca\/index.php\/wp-json\/wp\/v2\/product_cat?post=24284"},{"taxonomy":"product_tag","embeddable":true,"href":"https:\/\/soydeaqui.ddns.net\/pachuca\/index.php\/wp-json\/wp\/v2\/product_tag?post=24284"}],"curies":[{"name":"wp","href":"https:\/\/api.w.org\/{rel}","templated":true}]}}