{"id":24277,"date":"2026-03-18T11:31:16","date_gmt":"2026-03-18T11:31:16","guid":{"rendered":"https:\/\/soydeaqui.ddns.net\/pachuca\/index.php\/producto\/barrera-vehicular-derecha-izquiera-brazo-de-3-metros-5000000-de-ciclos-220-vac\/"},"modified":"2026-03-18T11:31:24","modified_gmt":"2026-03-18T11:31:24","slug":"barrera-vehicular-derecha-izquiera-brazo-de-3-metros-5000000-de-ciclos-220-vac","status":"publish","type":"product","link":"https:\/\/soydeaqui.ddns.net\/pachuca\/index.php\/producto\/barrera-vehicular-derecha-izquiera-brazo-de-3-metros-5000000-de-ciclos-220-vac\/","title":{"rendered":"Barrera Vehicular DERECHA \/ IZQUIERA \/ Brazo de 3 Metros \/ 5,000,000 De Ciclos \/ 220 VAC"},"content":{"rendered":"<div style='width: 100%; max-width: 1200px; margin: 0 auto; font-family: sans-serif; line-height: 1.6; color: inherit; background-color: transparent;'> <!-- Logo de la marca --> <\/p>\n<div style='width: 100%; margin-bottom: 30px;'> <img style='width: 100%; max-width: 300px; height: auto; border: 1px solid rgba(150&comma;150&comma;150&comma;0.3); border-radius: 8px;' src='http:\/\/ftp3.syscom.mx\/usuarios\/jdelafuente\/HIKVISION\/hikvision%20logo%20complete.png' alt='Logo Hikvision'> <\/div>\n<p> <!-- Videos de YouTube --> <\/p>\n<div style='display: flex; flex-wrap: wrap; gap: 20px; margin-bottom: 30px;'>\n<div style='position: relative; padding-bottom: 56.25%; height: 0; overflow: hidden; flex: 1 1 300px;'>   <\/div>\n<div style='position: relative; padding-bottom: 56.25%; height: 0; overflow: hidden; flex: 1 1 300px;'>   <\/div>\n<div style='position: relative; padding-bottom: 56.25%; height: 0; overflow: hidden; flex: 1 1 300px;'>   <\/div>\n<\/p><\/div>\n<p> <!-- Descripci\u00f3n general --> <\/p>\n<div style='margin-bottom: 30px;'>\n<p style='font-size: 15px; color: inherit;'> La puerta de barrera de la serie DS-TMG51X es aplicable a la administraci\u00f3n de entrada y salida. Es ampliamente utilizada en estaciones de peaje de carreteras&comma; estacionamientos&comma; comunidades&comma; entrada y salida de empresas&comma; etc. para gestionar la entrada y salida de veh\u00edculos y registrar tiempos de paso de veh\u00edculos. Puede controlarse autom\u00e1ticamente a trav\u00e9s del sistema de gesti\u00f3n de estacionamientos&comma; o mediante la manija&comma; control remoto&comma; botones&comma; etc. <\/p>\n<\/p><\/div>\n<p> <!-- Caracter\u00edsticas principales --> <\/p>\n<div style='display: flex; flex-wrap: wrap; gap: 30px; margin-bottom: 30px;'>\n<div style='flex: 1 1 300px; min-width: 280px;'>\n<h3 style='font-size: 22px; border-bottom: 2px solid currentColor; padding-bottom: 5px; margin-top: 0; color: inherit; opacity: 0.8;'>Caracter\u00edsticas principales<\/h3>\n<ul style='padding-left: 20px; font-size: 15px; color: inherit;'>\n<li style='margin-bottom: 5px;'>Conversi\u00f3n DC. Las velocidades de subida y bajada pueden ajustarse de forma independiente.<\/li>\n<li style='margin-bottom: 5px;'>El poste de la pluma puede caer a baja velocidad para evitar golpear el veh\u00edculo y peatonal.<\/li>\n<li style='margin-bottom: 5px;'>Alto nivel de protecci\u00f3n IP54.<\/li>\n<li style='margin-bottom: 5px;'>M\u00faltiples modos de control. Prioridad de conducci\u00f3n. El poste de la pluma puede ser controlado a trav\u00e9s de rel\u00e9&comma; control remoto y software dominio.<\/li>\n<li style='margin-bottom: 5px;'>La direcci\u00f3n del poste de la pluma es ajustable de izquierda a derecha&comma; de derecha a izquierda.<\/li>\n<li style='margin-bottom: 5px;'>Anti condensaci\u00f3n. El motor el\u00e9ctrico est\u00e1 en baja consumo incluso cuando la puerta de la barrera no est\u00e1 en funcionamiento&comma; lo que mantendr\u00e1 el motor a temperatura normal. As\u00ed que incluso en climas fr\u00edos&comma; el lubricante no se congelar\u00e1 garantizando el funcionamiento normal de la puerta de la barrera.<\/li>\n<li style='margin-bottom: 5px;'>Bloqueo autom\u00e1tico. Incluso cuando se corta la energ\u00eda&comma; puede usar la herramienta para mantener la puerta de la barrera funcionando.<\/li>\n<\/ul><\/div>\n<\/p><\/div>\n<p> <!-- Especificaciones f\u00edsicas y el\u00e9ctricas --> <\/p>\n<div style='display: flex; flex-wrap: wrap; gap: 20px; margin-bottom: 30px;'>\n<div style='flex: 1 1 250px; border: 1px solid rgba(150&comma; 150&comma; 150&comma; 0.4); border-radius: 8px; overflow: hidden; display: flex; flex-direction: column;'>\n<div style='padding: 15px; border-bottom: 1px solid rgba(150&comma; 150&comma; 150&comma; 0.2); font-weight: bold; font-size: 18px; color: inherit;'>Caracter\u00edsticas f\u00edsicas y el\u00e9ctricas<\/div>\n<div style='padding: 15px; color: inherit;'>\n<ul style='padding-left: 20px; margin: 0; font-size: 14px; list-style-type: disc;'>\n<li style='margin-bottom: 5px;'>Dimensiones: 385 \u00d7 315 \u00d7 52 mm.<\/li>\n<li style='margin-bottom: 5px;'>Alimentaci\u00f3n: 240 VCA \/ 300W<\/li>\n<li style='margin-bottom: 5px;'>Temperatura de operaci\u00f3n: -30\u00b0C a 70\u00b0C.<\/li>\n<li style='margin-bottom: 5px;'>Peso: 60 \u00b1 5 kg (132.3 \u00b1 11.0 lb.)<\/li>\n<\/ul><\/div>\n<\/p><\/div>\n<\/p><\/div>\n<p> <!-- Separador final --> <\/p>\n<hr style='border: 0; border-top: 1px solid rgba(150&comma; 150&comma; 150&comma; 0.3); margin: 30px 0;'> <\/div>\n","protected":false},"excerpt":{"rendered":"<p>Barrera Vehicular DERECHA \/ IZQUIERA \/ Brazo de 3 Metros \/ 5,000,000 De Ciclos \/ 220 VAC<\/p>\n","protected":false},"featured_media":24276,"comment_status":"open","ping_status":"closed","template":"","meta":[],"product_brand":[],"product_cat":[748],"product_tag":[401,749,54],"class_list":{"0":"post-24277","1":"product","2":"type-product","3":"status-publish","4":"has-post-thumbnail","6":"product_cat-barreras-vehiculares","7":"product_tag-acceso-vehicular","8":"product_tag-barreras-vehiculares","9":"product_tag-hikvision","11":"first","12":"outofstock","13":"sale","14":"shipping-taxable","15":"purchasable","16":"product-type-simple"},"_links":{"self":[{"href":"https:\/\/soydeaqui.ddns.net\/pachuca\/index.php\/wp-json\/wp\/v2\/product\/24277","targetHints":{"allow":["GET"]}}],"collection":[{"href":"https:\/\/soydeaqui.ddns.net\/pachuca\/index.php\/wp-json\/wp\/v2\/product"}],"about":[{"href":"https:\/\/soydeaqui.ddns.net\/pachuca\/index.php\/wp-json\/wp\/v2\/types\/product"}],"replies":[{"embeddable":true,"href":"https:\/\/soydeaqui.ddns.net\/pachuca\/index.php\/wp-json\/wp\/v2\/comments?post=24277"}],"wp:featuredmedia":[{"embeddable":true,"href":"https:\/\/soydeaqui.ddns.net\/pachuca\/index.php\/wp-json\/wp\/v2\/media\/24276"}],"wp:attachment":[{"href":"https:\/\/soydeaqui.ddns.net\/pachuca\/index.php\/wp-json\/wp\/v2\/media?parent=24277"}],"wp:term":[{"taxonomy":"product_brand","embeddable":true,"href":"https:\/\/soydeaqui.ddns.net\/pachuca\/index.php\/wp-json\/wp\/v2\/product_brand?post=24277"},{"taxonomy":"product_cat","embeddable":true,"href":"https:\/\/soydeaqui.ddns.net\/pachuca\/index.php\/wp-json\/wp\/v2\/product_cat?post=24277"},{"taxonomy":"product_tag","embeddable":true,"href":"https:\/\/soydeaqui.ddns.net\/pachuca\/index.php\/wp-json\/wp\/v2\/product_tag?post=24277"}],"curies":[{"name":"wp","href":"https:\/\/api.w.org\/{rel}","templated":true}]}}