{"id":24202,"date":"2026-03-18T11:29:44","date_gmt":"2026-03-18T11:29:44","guid":{"rendered":"https:\/\/soydeaqui.ddns.net\/pachuca\/index.php\/producto\/terminal-para-registro-de-visitantes-pantalla-lcd-de-10-1-android-wifi-lectura-de-tarjetas-de-proximidad-mifare\/"},"modified":"2026-03-18T11:29:51","modified_gmt":"2026-03-18T11:29:51","slug":"terminal-para-registro-de-visitantes-pantalla-lcd-de-10-1-android-wifi-lectura-de-tarjetas-de-proximidad-mifare","status":"publish","type":"product","link":"https:\/\/soydeaqui.ddns.net\/pachuca\/index.php\/producto\/terminal-para-registro-de-visitantes-pantalla-lcd-de-10-1-android-wifi-lectura-de-tarjetas-de-proximidad-mifare\/","title":{"rendered":"Terminal para Registro de Visitantes \/ Pantalla LCD de 10.1&#8243; \/ Android \/ WiFi \/ Lectura de Tarjetas de Proximidad MIFARE"},"content":{"rendered":"<div style='width: 100%; max-width: 1200px; margin: 0 auto; font-family: sans-serif; line-height: 1.6; color: inherit; background-color: transparent;'>\n<div style='width: 100%;'> <img style='width: 100%; height: auto; border: 1px solid rgba(150&comma;150&comma;150&comma;0.3); border-radius: 8px;' src='https:\/\/ftp3.syscom.mx\/usuarios\/fespinoza\/HIKVISION\/Dispositivos\/Banners\/Deep-learning-2.jpg' alt=''> <\/div>\n<div style='display: flex; flex-wrap: wrap; gap: 30px; margin-bottom: 30px; margin-top: 30px;'>\n<div style='flex: 1 1 300px; min-width: 280px;'>\n<h3 style='font-size: 22px; border-bottom: 2px solid currentColor; padding-bottom: 5px; margin-top: 0; color: inherit; opacity: 0.8;'>Caracter\u00edsticas principales<\/h3>\n<ul style='padding-left: 20px; font-size: 15px; color: inherit;'>\n<li style='margin-bottom: 5px;'>Sistema Operativo Android 7.1.2<\/li>\n<li style='margin-bottom: 5px;'>Bocina interconstruida<\/li>\n<li style='margin-bottom: 5px;'>WiFi y Puerto Ethernet.<\/li>\n<li style='margin-bottom: 5px;'>2 puertos USB.<\/li>\n<li style='margin-bottom: 5px;'>1 Puerto para alimentaci\u00f3n.<\/li>\n<li style='margin-bottom: 5px;'>Lectura de tarjetas MIFARE A 13.56 Mhz.<\/li>\n<li style='margin-bottom: 5px;'>\n<p style='margin: 0; font-size: 14px; color: inherit;'> <span style='color: inherit; background: transparent;'>Tarjetas recomendadas: <\/span> <strong style='color: inherit; background: transparent;'>ACCESSCARM1K&comma;ACCESSCARDM4K&comma; ACCESKFBM1K&comma; ACCESSWB65M1K&comma; ACCESSWB74M1K<\/strong>. <u style='color: inherit;'> <a href='https:\/\/www.syscom.mx\/principal\/promociones\/tarjetas_mifare-7359.html?ordenar=Relevancia&#038;pag=1' style='color: inherit; text-decoration: none;'> Ver aqu\u00ed. <\/a> <\/u> <\/p>\n<\/li>\n<\/ul><\/div>\n<div style='flex: 1 1 300px; min-width: 280px;'>\n<h3 style='font-size: 22px; border-bottom: 2px solid currentColor; padding-bottom: 5px; margin-top: 0; color: inherit; opacity: 0.8;'>Caracter\u00edsticas F\u00edsicas y El\u00e9ctricas<\/h3>\n<ul style='padding-left: 20px; font-size: 15px; color: inherit;'>\n<li style='margin-bottom: 5px;'>Alimentaci\u00f3n: 12Vcc&comma;3A.<\/li>\n<li style='margin-bottom: 5px;'>Temperatura de operaci\u00f3n: -10 \u00b0C to 50 \u00b0C (14 \u00b0F to 122 \u00b0F)<\/li>\n<\/ul><\/div>\n<div style='flex: 1 1 300px; min-width: 280px;'>\n<h3 style='font-size: 22px; border-bottom: 2px solid currentColor; padding-bottom: 5px; margin-top: 0; color: inherit; opacity: 0.8;'>Caracter\u00edsticas Destacadas<\/h3>\n<ul style='padding-left: 20px; font-size: 15px; color: inherit;'>\n<li style='margin-bottom: 5px;'>Reconocimiento facial al instante.<\/li>\n<li style='margin-bottom: 5px;'>2 Pantallas de 10.1&#8242; (una pantalla Touch para el administrador y otra como display para el visitante).<\/li>\n<li style='margin-bottom: 5px;'>Fucionamiento aut\u00f3nomo o con software HikCentral (requiere licencia).<\/li>\n<li style='margin-bottom: 5px; color: #c0392b;'> Este modelo no incluye c\u00e1mara para medici\u00f3n de temperatura. <\/li>\n<\/ul><\/div>\n<\/p><\/div>\n<div style='margin: 30px 0;'>\n<div style='border-left: 5px solid #ff0000; border-radius: 5px; padding: 15px; box-shadow: 2px 2px 10px rgba(216&comma; 216&comma; 216&comma; 0.4);'> <strong style='font-size: 18px; color: inherit;'>Consideraciones:<\/strong> <\/p>\n<ul style='padding-left: 20px; margin-top: 15px; font-size: 14px; color: inherit;'>\n<li style='margin-bottom: 5px;'> <\/li>\n<\/ul><\/div>\n<\/p><\/div>\n<div style='text-align: center; margin: 30px 0;'> <span style='font-size: 24pt; color: #c0392b; font-weight: bold; display: inline-block; margin-bottom: 15px; color: inherit;'> Video demostrativo <\/span> <\/p>\n<p style='margin: 10px 0;'> <span style='color: inherit; background: transparent;'> Si requiere el modelo que mide temperatura&comma; debe considerar este otro modelo <\/span> <a href='https:\/\/www.syscom.mx\/principal\/searchcont?route=DS-K5032-3XFD-HIKVISION-189063&#038;autodetect=DSK5032' style='color: #005cb9; text-decoration: none; font-weight: 600; font-size: 14px;'> DS-K5032-3XFD. <\/a> <\/p>\n<\/p><\/div>\n<div style='position: relative; padding-bottom: 56.25%; height: 0; overflow: hidden; margin-bottom: 30px;'>   <\/div>\n<\/p><\/div>\n","protected":false},"excerpt":{"rendered":"<p>Terminal para Registro de Visitantes \/ Pantalla LCD de 10.1&#8243; \/ Android \/ WiFi \/ Lectura de Tarjetas de Proximidad MIFARE<\/p>\n","protected":false},"featured_media":24201,"comment_status":"open","ping_status":"closed","template":"","meta":[],"product_brand":[],"product_cat":[806],"product_tag":[744,54,807],"class_list":{"0":"post-24202","1":"product","2":"type-product","3":"status-publish","4":"has-post-thumbnail","6":"product_cat-para-control-de-acceso","7":"product_tag-biometricos","8":"product_tag-hikvision","9":"product_tag-para-control-de-acceso","11":"first","12":"instock","13":"sale","14":"shipping-taxable","15":"purchasable","16":"product-type-simple"},"_links":{"self":[{"href":"https:\/\/soydeaqui.ddns.net\/pachuca\/index.php\/wp-json\/wp\/v2\/product\/24202","targetHints":{"allow":["GET"]}}],"collection":[{"href":"https:\/\/soydeaqui.ddns.net\/pachuca\/index.php\/wp-json\/wp\/v2\/product"}],"about":[{"href":"https:\/\/soydeaqui.ddns.net\/pachuca\/index.php\/wp-json\/wp\/v2\/types\/product"}],"replies":[{"embeddable":true,"href":"https:\/\/soydeaqui.ddns.net\/pachuca\/index.php\/wp-json\/wp\/v2\/comments?post=24202"}],"wp:featuredmedia":[{"embeddable":true,"href":"https:\/\/soydeaqui.ddns.net\/pachuca\/index.php\/wp-json\/wp\/v2\/media\/24201"}],"wp:attachment":[{"href":"https:\/\/soydeaqui.ddns.net\/pachuca\/index.php\/wp-json\/wp\/v2\/media?parent=24202"}],"wp:term":[{"taxonomy":"product_brand","embeddable":true,"href":"https:\/\/soydeaqui.ddns.net\/pachuca\/index.php\/wp-json\/wp\/v2\/product_brand?post=24202"},{"taxonomy":"product_cat","embeddable":true,"href":"https:\/\/soydeaqui.ddns.net\/pachuca\/index.php\/wp-json\/wp\/v2\/product_cat?post=24202"},{"taxonomy":"product_tag","embeddable":true,"href":"https:\/\/soydeaqui.ddns.net\/pachuca\/index.php\/wp-json\/wp\/v2\/product_tag?post=24202"}],"curies":[{"name":"wp","href":"https:\/\/api.w.org\/{rel}","templated":true}]}}