{"id":24193,"date":"2026-03-18T11:29:34","date_gmt":"2026-03-18T11:29:34","guid":{"rendered":"https:\/\/soydeaqui.ddns.net\/pachuca\/index.php\/producto\/boton-de-salida-sin-contacto-perfil-ancho-fabricado-en-aluminioo-nc-no\/"},"modified":"2026-03-18T11:29:40","modified_gmt":"2026-03-18T11:29:40","slug":"boton-de-salida-sin-contacto-perfil-ancho-fabricado-en-aluminioo-nc-no","status":"publish","type":"product","link":"https:\/\/soydeaqui.ddns.net\/pachuca\/index.php\/producto\/boton-de-salida-sin-contacto-perfil-ancho-fabricado-en-aluminioo-nc-no\/","title":{"rendered":"Boton de Salida Sin Contacto \/ Perfil Ancho \/ Fabricado en Aluminioo \/ NC \/ NO"},"content":{"rendered":"<div style='width: 100%; max-width: 1200px; margin: 0 auto; font-family: sans-serif; line-height: 1.6; color: inherit; background-color: transparent;'> <!-- Imagen principal --> <\/p>\n<div style='margin-bottom: 30px;'> <a href='http:\/\/soporte.syscom.mx\/es\/collections\/82919-control-de-acceso#hikvision' target='_blank' rel='noopener' style='text-decoration: none; color: inherit;'> <img style='width: 100%; height: auto; border: 1px solid rgba(150&comma;150&comma;150&comma;0.3); border-radius: 8px;' src='http:\/\/ftp3.syscom.mx\/usuarios\/ccordova\/hikvision\/1.jpg' alt='Bot\u00f3n de salida sin contacto'> <\/a> <\/div>\n<p> <!-- Caracter\u00edsticas principales y f\u00edsicas --> <\/p>\n<div style='display: flex; flex-wrap: wrap; gap: 30px; margin-bottom: 30px;'>\n<div style='flex: 1 1 300px; min-width: 280px;'>\n<div style='border-left: 5px solid #ff0000; border-radius: 5px; padding: 15px; box-shadow: 2px 2px 10px rgba(216&comma;216&comma;216&comma;0.3);'>\n<h3 style='font-size: 18px; margin-top: 0; margin-bottom: 15px; color: inherit;'>Caracter\u00edsticas principales:<\/h3>\n<ul style='padding-left: 20px; font-size: 15px; color: inherit; list-style-type: disc;'>\n<li style='margin-bottom: 8px;'>Bot\u00f3n de salida de proximidad (sin contacto).<\/li>\n<li style='margin-bottom: 8px;'>Material: Aluminio.<\/li>\n<li style='margin-bottom: 8px;'>Temperatura de trabajo: -20 \u00b0C a +50 \u00b0C<\/li>\n<li style='margin-bottom: 8px;'>Estado del indicador LED: LED verde \/ rojo&comma; indica: activo \/ en espera.<\/li>\n<\/ul><\/div>\n<\/p><\/div>\n<div style='flex: 1 1 300px; min-width: 280px;'>\n<div style='border-left: 5px solid #ff0000; border-radius: 5px; padding: 15px; box-shadow: 2px 2px 10px rgba(216&comma;216&comma;216&comma;0.3);'>\n<h3 style='font-size: 18px; margin-top: 0; margin-bottom: 15px; color: inherit;'>Caracter\u00edsticas F\u00edsicas y El\u00e9ctricas:<\/h3>\n<ul style='padding-left: 20px; font-size: 15px; color: inherit; list-style-type: disc;'>\n<li style='margin-bottom: 8px;'>Dimensi\u00f3n (L \u00d7 W \u00d7 H): 86 \u00d7 86 \u00d7 25.7mm<\/li>\n<li style='margin-bottom: 8px;'>Voltaje de entrada: 12VDC&comma; 1A<\/li>\n<li style='margin-bottom: 8px;'>0.23mA de consumo en espera.<\/li>\n<li style='margin-bottom: 8px;'>Contacto seco en salida: contacto NO \/ NC \/ COM<\/li>\n<\/ul><\/div>\n<\/p><\/div>\n<\/p><\/div>\n<\/p><\/div>\n","protected":false},"excerpt":{"rendered":"<p>Boton de Salida Sin Contacto \/ Perfil Ancho \/ Fabricado en Aluminioo \/ NC \/ NO<\/p>\n","protected":false},"featured_media":24192,"comment_status":"open","ping_status":"closed","template":"","meta":[],"product_brand":[],"product_cat":[190],"product_tag":[93,191,54],"class_list":{"0":"post-24193","1":"product","2":"type-product","3":"status-publish","4":"has-post-thumbnail","6":"product_cat-botones-de-salida","7":"product_tag-accesorios","8":"product_tag-botones-de-salida","9":"product_tag-hikvision","11":"first","12":"instock","13":"sale","14":"shipping-taxable","15":"purchasable","16":"product-type-simple"},"_links":{"self":[{"href":"https:\/\/soydeaqui.ddns.net\/pachuca\/index.php\/wp-json\/wp\/v2\/product\/24193","targetHints":{"allow":["GET"]}}],"collection":[{"href":"https:\/\/soydeaqui.ddns.net\/pachuca\/index.php\/wp-json\/wp\/v2\/product"}],"about":[{"href":"https:\/\/soydeaqui.ddns.net\/pachuca\/index.php\/wp-json\/wp\/v2\/types\/product"}],"replies":[{"embeddable":true,"href":"https:\/\/soydeaqui.ddns.net\/pachuca\/index.php\/wp-json\/wp\/v2\/comments?post=24193"}],"wp:featuredmedia":[{"embeddable":true,"href":"https:\/\/soydeaqui.ddns.net\/pachuca\/index.php\/wp-json\/wp\/v2\/media\/24192"}],"wp:attachment":[{"href":"https:\/\/soydeaqui.ddns.net\/pachuca\/index.php\/wp-json\/wp\/v2\/media?parent=24193"}],"wp:term":[{"taxonomy":"product_brand","embeddable":true,"href":"https:\/\/soydeaqui.ddns.net\/pachuca\/index.php\/wp-json\/wp\/v2\/product_brand?post=24193"},{"taxonomy":"product_cat","embeddable":true,"href":"https:\/\/soydeaqui.ddns.net\/pachuca\/index.php\/wp-json\/wp\/v2\/product_cat?post=24193"},{"taxonomy":"product_tag","embeddable":true,"href":"https:\/\/soydeaqui.ddns.net\/pachuca\/index.php\/wp-json\/wp\/v2\/product_tag?post=24193"}],"curies":[{"name":"wp","href":"https:\/\/api.w.org\/{rel}","templated":true}]}}