{"id":24191,"date":"2026-03-18T11:29:32","date_gmt":"2026-03-18T11:29:32","guid":{"rendered":"https:\/\/soydeaqui.ddns.net\/pachuca\/index.php\/producto\/barrera-vehicular-gt4-con-housing-de-acero-inoxidable-para-carriles-de-hasta-4-metros-tiempo-de-apertura-4-segundos-izquierda-o-derecha-configurable-en-campo\/"},"modified":"2026-03-18T11:29:33","modified_gmt":"2026-03-18T11:29:33","slug":"barrera-vehicular-gt4-con-housing-de-acero-inoxidable-para-carriles-de-hasta-4-metros-tiempo-de-apertura-4-segundos-izquierda-o-derecha-configurable-en-campo","status":"publish","type":"product","link":"https:\/\/soydeaqui.ddns.net\/pachuca\/index.php\/producto\/barrera-vehicular-gt4-con-housing-de-acero-inoxidable-para-carriles-de-hasta-4-metros-tiempo-de-apertura-4-segundos-izquierda-o-derecha-configurable-en-campo\/","title":{"rendered":"Barrera vehicular GT4 con Housing de Acero Inoxidable Para Carriles de Hasta 4 Metros \/ Tiempo de Apertura 4 Segundos \/ Izquierda o Derecha Configurable en Campo"},"content":{"rendered":"<div style='width: 100%; max-width: 1200px; margin: 0 auto; font-family: sans-serif; line-height: 1.6; color: inherit; background-color: transparent;'>\n<div style='display: flex; flex-wrap: wrap; gap: 30px; margin-bottom: 30px;'>\n<div style='flex: 1 1 300px; min-width: 280px;'>\n<h3 style='font-size: 22px; border-bottom: 2px solid currentColor; padding-bottom: 5px; margin-top: 0; color: inherit; opacity: 0.8;'>Caracter\u00edsticas principales<\/h3>\n<ul style='padding-left: 20px; font-size: 15px; color: inherit;'>\n<li style='margin-bottom: 5px;'>Para carriles de hasta 4 metros<\/li>\n<li style='margin-bottom: 5px;'>Frecuencia de operaci\u00f3n 5400 ciclos diarios<\/li>\n<li style='margin-bottom: 5px;'>Compatible con iluminaci\u00f3n en brazo y gabinete (No incluida)<\/li>\n<\/ul><\/div>\n<div style='flex: 1 1 300px; min-width: 280px;'>\n<h3 style='font-size: 22px; border-bottom: 2px solid currentColor; padding-bottom: 5px; margin-top: 0; color: inherit; opacity: 0.8;'>Caracter\u00edsticas F\u00edsicas<\/h3>\n<ul style='padding-left: 20px; font-size: 15px; color: inherit;'>\n<li style='margin-bottom: 5px;'>Voltaje de alimentaci\u00f3n 120VCA<\/li>\n<li style='margin-bottom: 5px;'>Voltaje de operaci\u00f3n del motor 24VCC<\/li>\n<li style='margin-bottom: 5px;'>Consumo de corriente 2.2 Amp<\/li>\n<\/ul><\/div>\n<div style='flex: 1 1 300px; min-width: 280px;'>\n<h3 style='font-size: 22px; border-bottom: 2px solid currentColor; padding-bottom: 5px; margin-top: 0; color: inherit; opacity: 0.8;'>Caracter\u00edsticas F\u00edsicas<\/h3>\n<ul style='padding-left: 20px; font-size: 15px; color: inherit;'>\n<li style='margin-bottom: 5px;'>Grado de protecci\u00f3n IP54<\/li>\n<li style='margin-bottom: 5px;'>Peso de la barrera 56Kg<\/li>\n<li style='margin-bottom: 5px;'>Tiempo de apertura 2 a 6 segundos<\/li>\n<\/ul><\/div>\n<\/p><\/div>\n<hr style='border: 0; border-top: 1px solid rgba(150&comma; 150&comma; 150&comma; 0.3); margin: 30px 0;'>\n<div style='display: flex; flex-wrap: wrap; gap: 30px;'>\n<div style='flex: 1 1 400px; min-width: 300px;'>\n<h3 style='font-size: 20px; margin-top: 0; color: inherit;'>\u00bfQue contiene el modelo 803BB-0200?<\/h3>\n<ul style='padding-left: 20px; font-size: 15px; color: inherit;'>\n<li style='margin-bottom: 5px;'>1 x Barrera vehicular CAME GT4 GGT40RGS<\/li>\n<\/ul>\n<h3 style='font-size: 20px; margin-top: 20px; color: inherit;'>Notas adicionales<\/h3>\n<ul style='padding-left: 20px; font-size: 15px; color: inherit;'>\n<li style='margin-bottom: 5px;'>Equipo con un a\u00f1o de garantia contra defectos de fabricaci\u00f3n<\/li>\n<li style='margin-bottom: 5px;'>No incluye accesorios<\/li>\n<\/ul><\/div>\n<div style='flex: 1 1 400px; min-width: 300px;'> <img style='width: 100%; height: auto; border: 1px solid rgba(150&comma;150&comma;150&comma;0.3); border-radius: 8px;' src='https:\/\/ftp3.syscom.mx\/usuarios\/fotos\/803BB0200\/202710-gt4.jpg' alt='Barrera vehicular GT4'> <\/div>\n<\/p><\/div>\n<hr style='border: 0; border-top: 1px solid rgba(150&comma; 150&comma; 150&comma; 0.3); margin: 30px 0;'>\n<div style='margin-bottom: 30px;'>\n<h3 style='font-size: 20px; text-align: center; margin-top: 0; margin-bottom: 20px; color: inherit;'>\u00bfQue accesorios necesito agregar para una instalaci\u00f3n?<\/h3>\n<p style='text-align: center; margin: 10px 0; color: inherit;'><strong>803XA-0270<\/strong> Mastil de aluminio de 4 metros para barrera CAME GT4<\/p>\n<p style='text-align: center; margin: 10px 0; color: inherit;'><strong>001G-02809<\/strong> Paquete de bandas rojas reflectantes para brazo CAME<\/p>\n<p style='text-align: center; margin: 10px 0; color: inherit;'>1 x <strong>009RGBIP65<\/strong> Tira led <span style='color: #c0392b;'><strong>ROJO<\/strong><\/span> \/ <span style='color: #27ae60;'><strong>VERDE<\/strong><\/span> para barreras CAME<\/p>\n<p style='text-align: center; margin: 10px 0; color: inherit;'><strong>009RGBFC<\/strong> Fuente de poder con conector para tira 009RGBIP65<\/p>\n<p style='text-align: center; margin: 10px 0; color: inherit;'><strong>803XA-0280<\/strong> Kit de corona led para iluminaci\u00f3n de barrera GT4<\/p>\n<\/p><\/div>\n<hr style='border: 0; border-top: 1px solid rgba(150&comma; 150&comma; 150&comma; 0.3); margin: 30px 0;'>\n<div style='text-align: center; margin-bottom: 30px;'>\n<h3 style='font-size: 20px; margin: 0 0 15px; color: inherit;'>Tambi\u00e9n tenemos la opci\u00f3n de kit completo con el modelo<\/h3>\n<p> <a href='https:\/\/www.syscom.mx\/producto\/KTGT4LED-CAME-202715.html' target='_blank' rel='noopener' style='color: #2880b9; text-decoration: none; font-weight: bold;'>KT-GT4-LED<\/a> <\/div>\n<hr style='border: 0; border-top: 1px solid rgba(150&comma; 150&comma; 150&comma; 0.3); margin: 30px 0;'>\n<div style='margin-bottom: 30px;'>\n<h3 style='font-size: 20px; text-align: center; margin-top: 0; margin-bottom: 20px; color: inherit;'>\u00bfQue accesorios puedo agregar a una instalaci\u00f3n?<\/h3>\n<p style='text-align: center; margin: 10px 0; color: inherit;'><strong>001-DIR-10<\/strong> Fotoceldas de seguridad con alcance de hasta 10 metros<\/p>\n<p style='text-align: center; margin: 10px 0; color: inherit;'><strong>10MATRIXD1224<\/strong> Sensor de masa de doble canal<\/p>\n<p style='text-align: center; margin: 10px 0; color: inherit;'><strong>SYSLM6<\/strong> o <strong>SYSLM4<\/strong> Lazo magn\u00e9tico para detecci\u00f3n de veh\u00edculos<\/p>\n<p style='text-align: center; margin: 10px 0; color: inherit;'><strong>XBSSW01<\/strong> Botonera triple de uso rudo para aplicaciones de acceso vehicular<\/p>\n<p style='text-align: center; margin: 10px 0; color: inherit;'><strong>8K06SA-001<\/strong> Kit de CAME Connect para apertura remota<\/p>\n<p style='text-align: center; margin: 10px 0; color: inherit;'><strong>10LZR-H100KIT-119327<\/strong> Sensor l\u00e1ser para protecci\u00f3n de accesos vehiculares<\/p>\n<\/p><\/div>\n<hr style='border: 0; border-top: 1px solid rgba(150&comma; 150&comma; 150&comma; 0.3); margin: 30px 0;'>\n<div style='text-align: center;'>\n<p style='margin: 0; color: inherit;'>NOTA: Considerar descansabrazos <a href='https:\/\/www.syscom.mx\/principal\/searchcont?route=XB-POST-AccessPRO-Industrial-183352&#038;autodetect=xbpost' target='_blank' rel='noopener' style='color: #2880b9; text-decoration: none;'>XB-POST<\/a> en brazos de 4 m o m\u00e1s para evitar da\u00f1o prematuro del mecanismo<\/p>\n<\/p><\/div>\n<\/p><\/div>\n","protected":false},"excerpt":{"rendered":"<p>Barrera vehicular GT4 con Housing de Acero Inoxidable Para Carriles de Hasta 4 Metros \/ Tiempo de Apertura 4 Segundos \/ Izquierda o Derecha Configurable en Campo<\/p>\n","protected":false},"featured_media":24190,"comment_status":"open","ping_status":"closed","template":"","meta":[],"product_brand":[],"product_cat":[748],"product_tag":[401,749,779],"class_list":{"0":"post-24191","1":"product","2":"type-product","3":"status-publish","4":"has-post-thumbnail","6":"product_cat-barreras-vehiculares","7":"product_tag-acceso-vehicular","8":"product_tag-barreras-vehiculares","9":"product_tag-came","11":"first","12":"outofstock","13":"sale","14":"shipping-taxable","15":"purchasable","16":"product-type-simple"},"_links":{"self":[{"href":"https:\/\/soydeaqui.ddns.net\/pachuca\/index.php\/wp-json\/wp\/v2\/product\/24191","targetHints":{"allow":["GET"]}}],"collection":[{"href":"https:\/\/soydeaqui.ddns.net\/pachuca\/index.php\/wp-json\/wp\/v2\/product"}],"about":[{"href":"https:\/\/soydeaqui.ddns.net\/pachuca\/index.php\/wp-json\/wp\/v2\/types\/product"}],"replies":[{"embeddable":true,"href":"https:\/\/soydeaqui.ddns.net\/pachuca\/index.php\/wp-json\/wp\/v2\/comments?post=24191"}],"wp:featuredmedia":[{"embeddable":true,"href":"https:\/\/soydeaqui.ddns.net\/pachuca\/index.php\/wp-json\/wp\/v2\/media\/24190"}],"wp:attachment":[{"href":"https:\/\/soydeaqui.ddns.net\/pachuca\/index.php\/wp-json\/wp\/v2\/media?parent=24191"}],"wp:term":[{"taxonomy":"product_brand","embeddable":true,"href":"https:\/\/soydeaqui.ddns.net\/pachuca\/index.php\/wp-json\/wp\/v2\/product_brand?post=24191"},{"taxonomy":"product_cat","embeddable":true,"href":"https:\/\/soydeaqui.ddns.net\/pachuca\/index.php\/wp-json\/wp\/v2\/product_cat?post=24191"},{"taxonomy":"product_tag","embeddable":true,"href":"https:\/\/soydeaqui.ddns.net\/pachuca\/index.php\/wp-json\/wp\/v2\/product_tag?post=24191"}],"curies":[{"name":"wp","href":"https:\/\/api.w.org\/{rel}","templated":true}]}}