{"id":24181,"date":"2026-03-18T11:29:19","date_gmt":"2026-03-18T11:29:19","guid":{"rendered":"https:\/\/soydeaqui.ddns.net\/pachuca\/index.php\/producto\/operador-hidraulico-reversible-de-uso-continuo-para-puertas-abatibles-faac-400-sbs-para-puertas-de-hasta-7-metros-requieren-electrocerradura\/"},"modified":"2026-03-18T11:29:23","modified_gmt":"2026-03-18T11:29:23","slug":"operador-hidraulico-reversible-de-uso-continuo-para-puertas-abatibles-faac-400-sbs-para-puertas-de-hasta-7-metros-requieren-electrocerradura","status":"publish","type":"product","link":"https:\/\/soydeaqui.ddns.net\/pachuca\/index.php\/producto\/operador-hidraulico-reversible-de-uso-continuo-para-puertas-abatibles-faac-400-sbs-para-puertas-de-hasta-7-metros-requieren-electrocerradura\/","title":{"rendered":"Operador Hidr\u00e1ulico Reversible de Uso Continuo Para Puertas Abatibles  FAAC 400 SBS \/ Para Puertas de Hasta  7 Metros  (Requieren Electrocerradura)"},"content":{"rendered":"<div style='width: 100%; max-width: 1200px; margin: 0 auto; font-family: sans-serif; line-height: 1.6; color: inherit; background-color: transparent;'>\n<div style='display: flex; flex-wrap: wrap; gap: 30px; margin-bottom: 30px;'>\n<div style='flex: 1 1 300px; min-width: 280px;'>\n<h3 style='font-size: 22px; border-bottom: 2px solid currentColor; padding-bottom: 5px; margin-top: 0; color: inherit; opacity: 0.8;'>Caracter\u00edsticas principales<\/h3>\n<ul style='padding-left: 20px; font-size: 15px; color: inherit;'>\n<li style='margin-bottom: 5px;'>Operaci\u00f3n hidr\u00e1ulica<\/li>\n<li style='margin-bottom: 5px;'>Longitud m\u00e1xima de la hoja 7 metros con electrocerradura<\/li>\n<li style='margin-bottom: 5px;'>Siempre requiere electrocerradura<\/li>\n<\/ul><\/div>\n<div style='flex: 1 1 300px; min-width: 280px;'>\n<h3 style='font-size: 22px; border-bottom: 2px solid currentColor; padding-bottom: 5px; margin-top: 0; color: inherit; opacity: 0.8;'>Caracter\u00edsticas F\u00edsicas y El\u00e9ctricas<\/h3>\n<ul style='padding-left: 20px; font-size: 15px; color: inherit;'>\n<li style='margin-bottom: 5px;'>Alimentaci\u00f3n 115Vac<\/li>\n<li style='margin-bottom: 5px;'>Consumo de corriente 220W<\/li>\n<li style='margin-bottom: 5px;'>M\u00e1xima fuerza de 6200 N<\/li>\n<\/ul><\/div>\n<div style='flex: 1 1 300px; min-width: 280px;'>\n<h3 style='font-size: 22px; border-bottom: 2px solid currentColor; padding-bottom: 5px; margin-top: 0; color: inherit; opacity: 0.8;'>Caracter\u00edsticas Destacadas<\/h3>\n<ul style='padding-left: 20px; font-size: 15px; color: inherit;'>\n<li style='margin-bottom: 5px;'>Grado de protecci\u00f3n IP55<\/li>\n<li style='margin-bottom: 5px;'>Protecci\u00f3n t\u00e9rmica de 120\u00b0C<\/li>\n<li style='margin-bottom: 5px;'>Dimensiones del operador 1034 x 85 x 119 mm<\/li>\n<\/ul><\/div>\n<\/p><\/div>\n<hr style='border: 0; border-top: 1px solid rgba(150&comma; 150&comma; 150&comma; 0.3); margin: 30px 0;'>\n<div style='display: grid; grid-template-columns: 1fr; gap: 30px; margin-bottom: 30px;'>\n<div>\n<h3 style='font-size: 22px; border-bottom: 2px solid currentColor; padding-bottom: 5px; margin-top: 0; color: inherit; opacity: 0.8;'>Operador hidr\u00e1ulico para puertas abatibles FAAC 400 SBS<\/h3>\n<h4 style='font-size: 18px; margin-top: 20px; color: inherit;'>Compatible con accesorios:<\/h4>\n<ul style='padding-left: 20px; font-size: 15px; color: inherit;'>\n<li style='margin-bottom: 5px;'><strong>790919<\/strong> Tarjeta FAAC 455D<\/li>\n<li style='margin-bottom: 5px;'><strong>720119<\/strong> Contenedor para tarjeta 455D<\/li>\n<li style='margin-bottom: 5px;'><strong>785102<\/strong> Fotoceldas FAAC XP20D<\/li>\n<li style='margin-bottom: 5px;'><strong>76012625<\/strong> Capacitor de arranque para brazos FAAC 400<\/li>\n<\/ul>\n<h4 style='font-size: 18px; margin-top: 20px; color: inherit;'>Notas adicionales:<\/h4>\n<ul style='padding-left: 20px; font-size: 15px; color: inherit;'>\n<li style='margin-bottom: 5px;'>Equipo con un a\u00f1o de garant\u00eda contra defectos de f\u00e1brica<\/li>\n<li style='margin-bottom: 5px;'>No incluye capacitor de arranque&comma; se adquiere por separado<\/li>\n<li style='margin-bottom: 5px;'>Brazo sin bloqueo&comma; requiere electrocerradura para mantener las puertas cerradas<\/li>\n<\/ul><\/div>\n<div> <img style='width: 100%; height: auto; border: 1px solid rgba(150&comma;150&comma;150&comma;0.3); border-radius: 8px;' src='https:\/\/ftp3.syscom.mx\/usuarios\/fotos\/BancoFotografiasSyscom\/FAAC\/10420112\/10420112-p.PNG' alt='Operador Hidr\u00e1ulico Reversible de Uso Continuo Para Puertas Abatibles FAAC 400 SBS'> <\/div>\n<\/p><\/div>\n<hr style='border: 0; border-top: 1px solid rgba(150&comma; 150&comma; 150&comma; 0.3); margin: 30px 0;'>\n<div style='margin-bottom: 30px;'>\n<h3 style='font-size: 22px; text-align: center; margin-bottom: 20px; color: inherit; opacity: 0.8;'>Ventajas de utilizar un operador hidr\u00e1ulico<\/h3>\n<ul style='padding-left: 20px; font-size: 15px; color: inherit; max-width: 800px; margin: 0 auto;'>\n<li style='margin-bottom: 10px;'><strong>Silencioso<\/strong>. El operador oleodin\u00e1mico es silencioso y fluido ya que no necesita engranes ni sinf\u00edn para transmitir movimiento<\/li>\n<li style='margin-bottom: 10px;'><strong>Es durable<\/strong>&comma; lo que lo hace ideal para aplicaciones en ambientes agresivos como pueden ser hojas de grandes dimensiones&comma; necesidad de una frecuencia de utilizaci\u00f3n elevada&comma; en presencia de arena<\/li>\n<li style='margin-bottom: 10px;'><strong>Longevidad<\/strong> ya que su expectativa de vida es hasta 4 veces superior respecto a un operador electromec\u00e1nico ya que no hay partes de desgaste<\/li>\n<li style='margin-bottom: 10px;'><strong>Gran fuerza<\/strong> en un operador compacto&comma; al menos dos veces superior a un equivalente electromec\u00e1nico<\/li>\n<li style='margin-bottom: 10px;'><strong>Seguridad<\/strong> gracias a las v\u00e1lvulas de regulaci\u00f3n Bypass<\/li>\n<\/ul><\/div>\n<hr style='border: 0; border-top: 1px solid rgba(150&comma; 150&comma; 150&comma; 0.3); margin: 30px 0;'>\n<div style='margin-bottom: 30px;'>\n<h3 style='font-size: 22px; text-align: center; margin-bottom: 20px; color: inherit; opacity: 0.8;'>Consideraciones importantes<\/h3>\n<p style='font-size: 15px; color: inherit; text-align: center; max-width: 800px; margin: 0 auto;'>Es importante tener en cuenta la resistencia que el viento puede generar en los portones sin ranuras de ventilaci\u00f3n al operar los motores en apertura y cierre de puertas abatibles. Recomendamos considerar la instalaci\u00f3n de rejillas que permitan la adecuada ventilaci\u00f3n para facilitar el correcto funcionamiento de los dispositivos.<\/p>\n<\/p><\/div>\n<hr style='border: 0; border-top: 1px solid rgba(150&comma; 150&comma; 150&comma; 0.3); margin: 30px 0;'> <\/div>\n","protected":false},"excerpt":{"rendered":"<p>Operador Hidr\u00e1ulico Reversible de Uso Continuo Para Puertas Abatibles  FAAC 400 SBS \/ Para Puertas de Hasta  7 Metros  (Requieren Electrocerradura)<\/p>\n","protected":false},"featured_media":24180,"comment_status":"open","ping_status":"closed","template":"","meta":[],"product_brand":[],"product_cat":[821],"product_tag":[401,778,822],"class_list":{"0":"post-24181","1":"product","2":"type-product","3":"status-publish","4":"has-post-thumbnail","6":"product_cat-puertas-abatibles","7":"product_tag-acceso-vehicular","8":"product_tag-faac","9":"product_tag-puertas-abatibles","11":"first","12":"instock","13":"sale","14":"shipping-taxable","15":"purchasable","16":"product-type-simple"},"_links":{"self":[{"href":"https:\/\/soydeaqui.ddns.net\/pachuca\/index.php\/wp-json\/wp\/v2\/product\/24181","targetHints":{"allow":["GET"]}}],"collection":[{"href":"https:\/\/soydeaqui.ddns.net\/pachuca\/index.php\/wp-json\/wp\/v2\/product"}],"about":[{"href":"https:\/\/soydeaqui.ddns.net\/pachuca\/index.php\/wp-json\/wp\/v2\/types\/product"}],"replies":[{"embeddable":true,"href":"https:\/\/soydeaqui.ddns.net\/pachuca\/index.php\/wp-json\/wp\/v2\/comments?post=24181"}],"wp:featuredmedia":[{"embeddable":true,"href":"https:\/\/soydeaqui.ddns.net\/pachuca\/index.php\/wp-json\/wp\/v2\/media\/24180"}],"wp:attachment":[{"href":"https:\/\/soydeaqui.ddns.net\/pachuca\/index.php\/wp-json\/wp\/v2\/media?parent=24181"}],"wp:term":[{"taxonomy":"product_brand","embeddable":true,"href":"https:\/\/soydeaqui.ddns.net\/pachuca\/index.php\/wp-json\/wp\/v2\/product_brand?post=24181"},{"taxonomy":"product_cat","embeddable":true,"href":"https:\/\/soydeaqui.ddns.net\/pachuca\/index.php\/wp-json\/wp\/v2\/product_cat?post=24181"},{"taxonomy":"product_tag","embeddable":true,"href":"https:\/\/soydeaqui.ddns.net\/pachuca\/index.php\/wp-json\/wp\/v2\/product_tag?post=24181"}],"curies":[{"name":"wp","href":"https:\/\/api.w.org\/{rel}","templated":true}]}}