{"id":24173,"date":"2026-03-18T11:29:11","date_gmt":"2026-03-18T11:29:11","guid":{"rendered":"https:\/\/soydeaqui.ddns.net\/pachuca\/index.php\/producto\/radar-medidor-de-velocidad-de-3-digitos-doble-salida-de-relevador-tarjeta-micro-sd-puerto-de-red-tcp-ip-deteccion-de-exceso-de-velocidad-integracion-con-camara\/"},"modified":"2026-03-18T11:29:16","modified_gmt":"2026-03-18T11:29:16","slug":"radar-medidor-de-velocidad-de-3-digitos-doble-salida-de-relevador-tarjeta-micro-sd-puerto-de-red-tcp-ip-deteccion-de-exceso-de-velocidad-integracion-con-camara","status":"publish","type":"product","link":"https:\/\/soydeaqui.ddns.net\/pachuca\/index.php\/producto\/radar-medidor-de-velocidad-de-3-digitos-doble-salida-de-relevador-tarjeta-micro-sd-puerto-de-red-tcp-ip-deteccion-de-exceso-de-velocidad-integracion-con-camara\/","title":{"rendered":"Radar Medidor de Velocidad de 3 D\u00edgitos \/ Doble salida de Relevador \/ Tarjeta Micro SD \/ Puerto de red TCP IP \/ Detecci\u00f3n de Exceso de Velocidad \/ Integraci\u00f3n  con C\u00e1mara."},"content":{"rendered":"<div style='width: 100%; max-width: 1200px; margin: 0 auto; font-family: sans-serif; line-height: 1.6; color: inherit; background-color: transparent;'> <!-- T\u00edtulo principal --> <\/p>\n<p style='text-align: center;'><strong><span style='font-size: 14pt; color: inherit;'>La soluci\u00f3n definitiva para el control de tr\u00e1fico<\/span><\/strong><\/p>\n<p> <!-- Descripci\u00f3n general --> <\/p>\n<div style='margin: 30px 0;'>\n<p>Mejora la seguridad vial con nuestro avanzado <strong>Radar de Velocidad<\/strong>. Ideal para empresas&comma; autoridades locales&comma; y proyectos de ingenier\u00eda civil que buscan una herramienta confiable para monitorear y regular la velocidad de veh\u00edculos.<\/p>\n<p style='margin-top: 15px; font-size: 14pt; color: inherit;'>La herramienta perfecta para calles urbanas&comma; zonas escolares&comma; obras en construcci\u00f3n y \u00e1reas de alto tr\u00e1fico. \u00a1Optimiza la seguridad y el flujo vehicular con nuestro radar de velocidad!<\/p>\n<p style='text-align: center; margin-top: 25px;'><strong style='font-size: 14pt; color: inherit;'>Ahora con nuevo dise\u00f1o&comma; interfase Web en Espa\u00f1ol<\/strong><\/p>\n<\/p><\/div>\n<p> <!-- Secci\u00f3n de caracter\u00edsticas --> <\/p>\n<div style='display: flex; flex-wrap: wrap; gap: 30px; margin-bottom: 40px;'> <!-- Caracter\u00edsticas principales --> <\/p>\n<div style='flex: 1 1 300px; min-width: 280px;'>\n<div style='border-left: 5px solid #0091ff; border-radius: 8px; padding: 15px; box-shadow: 0 2px 8px rgba(0&comma; 145&comma; 255&comma; 0.1);'>\n<h3 style='font-size: 18px; margin-top: 0; color: inherit;'>Caracter\u00edsticas principales<\/h3>\n<ul style='padding-left: 20px; margin: 15px 0; color: inherit; font-size: 14px;'>\n<li style='margin-bottom: 8px;'><strong style='color: inherit;'>Puerto de red<\/strong> configuraci\u00f3n v\u00eda Web Server.<\/li>\n<li style='margin-bottom: 8px;'>Medici\u00f3n de Velocidad de veh\u00edculo en KM\/H o MPH.<\/li>\n<li style='margin-bottom: 8px;'><strong style='color: inherit;'>Dos salidas de Relevador.<\/strong><\/li>\n<li style='margin-bottom: 8px;'>Sensibilidad ajustable de la velocidad del Radar.<\/li>\n<li style='margin-bottom: 8px;'><strong style='color: inherit;'>Reportes de eventos en Excel.<\/strong><\/li>\n<li style='margin-bottom: 8px;'>Detecci\u00f3n del veh\u00edculo m\u00e1s cercano o el m\u00e1s r\u00e1pido.<\/li>\n<li style='margin-bottom: 8px;'>Bot\u00f3n f\u00edsico de reset a valores de f\u00e1brica.<\/li>\n<li style='margin-bottom: 8px;'>Activaci\u00f3n de rel\u00e9 por sobrepasar el l\u00edmite de velocidad y\/o baja velocidad.<\/li>\n<li style='margin-bottom: 8px;'>Activaci\u00f3n independiente de los rel\u00e9s.<\/li>\n<li style='margin-bottom: 8px;'><strong style='color: inherit;'>Funci\u00f3n fotomulta<\/strong> (Requiere c\u00e1mara con entrada de alarma No incluida).<\/li>\n<\/ul><\/div>\n<\/p><\/div>\n<p> <!-- Caracter\u00edsticas f\u00edsicas y el\u00e9ctricas --> <\/p>\n<div style='flex: 1 1 300px; min-width: 280px;'>\n<div style='border-left: 5px solid #0091ff; border-radius: 8px; padding: 15px; box-shadow: 0 2px 8px rgba(0&comma; 145&comma; 255&comma; 0.1);'>\n<h3 style='font-size: 18px; margin-top: 0; color: inherit;'>Caracter\u00edsticas F\u00edsicas y El\u00e9ctricas<\/h3>\n<ul style='padding-left: 20px; margin: 15px 0; color: inherit; font-size: 14px;'>\n<li style='margin-bottom: 8px;'>Alimentaci\u00f3n: 12 Vcc&comma; 1.3 Amp en operaci\u00f3n (500 mA en standby).<\/li>\n<li style='margin-bottom: 8px;'><strong style='color: inherit;'>Fuente de poder no incluida.<\/strong><\/li>\n<li style='margin-bottom: 8px;'>Exactitud: \u00b1 1 MPH (o KM\/H)<\/li>\n<li style='margin-bottom: 8px;'>Temperatura de operaci\u00f3n: -20\u00b0C a +70\u00b0C<\/li>\n<li style='margin-bottom: 8px;'>Peso: 12kgs.<\/li>\n<li style='margin-bottom: 8px;'>IP54.<\/li>\n<li style='margin-bottom: 8px;'>Dimensiones: 720x600x180mm.<\/li>\n<li style='margin-bottom: 8px;'>Rango de detecci\u00f3n: 200m.<\/li>\n<li style='margin-bottom: 8px;'>Visibilidad: 300m.<\/li>\n<li style='margin-bottom: 8px;'>Velocidad: desde 10 a 199 KPH o MPH<\/li>\n<\/ul><\/div>\n<\/p><\/div>\n<p> <!-- Caracter\u00edsticas destacadas --> <\/p>\n<div style='flex: 1 1 300px; min-width: 280px;'>\n<div style='border-left: 5px solid #0091ff; border-radius: 8px; padding: 15px; box-shadow: 0 2px 8px rgba(0&comma; 145&comma; 255&comma; 0.1);'>\n<h3 style='font-size: 18px; margin-top: 0; color: inherit;'>Caracter\u00edsticas Destacadas<\/h3>\n<ul style='padding-left: 20px; margin: 15px 0; color: inherit; font-size: 14px;'>\n<li style='margin-bottom: 8px;'>F\u00e1cil configuraci\u00f3n de los l\u00edmites de velocidad.<\/li>\n<li style='margin-bottom: 8px;'>Radar de tr\u00e1fico en banda de 24.150GHz.<\/li>\n<li style='margin-bottom: 8px;'>Configuraci\u00f3n de periodos de tiempo con diferentes l\u00edmites de velocidad.<\/li>\n<li style='margin-bottom: 8px;'>Display est\u00e1tico o din\u00e1mico.<\/li>\n<li style='margin-bottom: 8px;'>Detecci\u00f3n del veh\u00edculo que se acerca al radar.<\/li>\n<li style='margin-bottom: 8px;'>Detecci\u00f3n del veh\u00edculo que se aleja del radar.<\/li>\n<li style='margin-bottom: 8px;'><strong style='color: inherit;'>Detecci\u00f3n bi-direccional<\/strong> (Detecci\u00f3n del veh\u00edculo que se acerca y del veh\u00edculo que se aleja al mismo tiempo).<\/li>\n<li style='margin-bottom: 8px;'>LEDs color: Rojo\/Verde<\/li>\n<\/ul><\/div>\n<\/p><\/div>\n<\/p><\/div>\n<p> <!-- Separador --> <\/p>\n<hr style='border: 0; border-top: 1px solid rgba(150&comma; 150&comma; 150&comma; 0.3); margin: 40px 0;'> <!-- Caracter\u00edsticas adicionales --> <\/p>\n<div style='margin-bottom: 40px;'>\n<h3 style='font-size: 20px; border-bottom: 2px solid currentColor; padding-bottom: 5px; margin-top: 0; color: inherit; opacity: 0.8;'>Caracter\u00edsticas principales:<\/h3>\n<ul style='padding-left: 20px; margin-top: 15px; color: inherit; font-size: 14px;'>\n<li style='margin-bottom: 8px;'><strong style='color: inherit;'>Alta precisi\u00f3n<\/strong>: Detecta con exactitud la velocidad de veh\u00edculos en movimiento.<\/li>\n<li style='margin-bottom: 8px;'><strong style='color: inherit;'>Tecnolog\u00eda avanzada<\/strong>: Equipado con la \u00faltima tecnolog\u00eda para ofrecer mediciones en tiempo real.<\/li>\n<li style='margin-bottom: 8px;'><strong style='color: inherit;'>F\u00e1cil de instalar<\/strong>: Dise\u00f1ado para una r\u00e1pida implementaci\u00f3n&comma; sin complicaciones.<\/li>\n<li style='margin-bottom: 8px;'><strong style='color: inherit;'>Resistente<\/strong>: Fabricado para soportar condiciones clim\u00e1ticas extremas&comma; asegurando un rendimiento duradero.<\/li>\n<li style='margin-bottom: 8px;'><strong style='color: inherit;'>Pantalla LED clara<\/strong>: Muestra de manera visible la velocidad&comma; lo que incentiva la reducci\u00f3n inmediata de velocidad.<\/li>\n<li style='margin-bottom: 8px;'><strong style='color: inherit;'>Compatibilidad<\/strong>: Se puede integrar con otros sistemas de gesti\u00f3n de tr\u00e1fico para una soluci\u00f3n completa.<\/li>\n<\/ul><\/div>\n<p> <!-- Beneficios --> <\/p>\n<div style='margin-bottom: 40px;'>\n<h3 style='font-size: 20px; border-bottom: 2px solid currentColor; padding-bottom: 5px; margin-top: 0; color: inherit; opacity: 0.8;'>Beneficios:<\/h3>\n<ul style='padding-left: 20px; margin-top: 15px; color: inherit; font-size: 14px;'>\n<li style='margin-bottom: 8px;'><strong style='color: inherit;'>Reducci\u00f3n de accidentes<\/strong>: Al monitorear y disuadir a los conductores de exceder los l\u00edmites de velocidad&comma; ayuda a crear un entorno vial m\u00e1s seguro.<\/li>\n<li style='margin-bottom: 8px;'><strong style='color: inherit;'>Cumplimiento de normativas<\/strong>: Facilita el control del tr\u00e1fico y contribuye al cumplimiento de las leyes de tr\u00e1nsito.<\/li>\n<li style='margin-bottom: 8px;'><strong style='color: inherit;'>Ahorro de tiempo y recursos<\/strong>: El sistema automatizado permite reducir la necesidad de vigilancia manual continua.<\/li>\n<\/ul><\/div>\n<p> <!-- Nota importante --> <\/p>\n<div style='margin: 40px 0; padding: 15px; border-left: 5px solid #e67e22; background-color: rgba(230&comma; 126&comma; 34&comma; 0.05);'>\n<p style='margin: 0; font-weight: bold; color: inherit;'>&#8216;Colocar bater\u00eda CR1220&#8217; ya que no viene incluida.<\/p>\n<\/p><\/div>\n<p> <!-- Im\u00e1genes --> <\/p>\n<div style='display: flex; flex-wrap: wrap; gap: 20px; margin-bottom: 40px;'>\n<div style='flex: 1 1 400px; min-width: 300px;'> <img style='width: 100%; height: auto; border: 1px solid rgba(150&comma;150&comma;150&comma;0.3); border-radius: 8px;' src='https:\/\/ftp3.syscom.mx\/usuarios\/mario.rodriguez\/RADARES\/XRADARIP\/image%20(17).png' alt=''> <\/div>\n<div style='flex: 1 1 400px; min-width: 300px;'> <img style='width: 100%; height: auto; border: 1px solid rgba(150&comma;150&comma;150&comma;0.3); border-radius: 8px;' src='http:\/\/ftp3.syscom.mx\/usuarios\/fotos\/XRADAR1\/XRADAR1-R.png' alt=''> <\/div>\n<div style='flex: 1 1 400px; min-width: 300px;'> <img style='width: 100%; height: auto; border: 1px solid rgba(150&comma;150&comma;150&comma;0.3); border-radius: 8px;' src='http:\/\/ftp3.syscom.mx\/usuarios\/fotos\/XRADAR1\/XRADAR1-V.png' alt=''> <\/div>\n<div style='flex: 1 1 400px; min-width: 300px;'> <img style='width: 100%; height: auto; border: 1px solid rgba(150&comma;150&comma;150&comma;0.3); border-radius: 8px;' src='http:\/\/ftp3.syscom.mx\/usuarios\/fotos\/XRADAR1\/XRADAR1-D.png' alt=''> <\/div>\n<\/p><\/div>\n<p> <!-- Video --> <\/p>\n<div style='position: relative; padding-bottom: 56.25%; height: 0; overflow: hidden; margin-bottom: 40px;'>   <\/div>\n<p> <!-- Caracter\u00edsticas t\u00e9cnicas adicionales --> <\/p>\n<div style='margin-bottom: 40px;'>\n<h3 style='font-size: 20px; border-bottom: 2px solid currentColor; padding-bottom: 5px; margin-top: 0; color: inherit; opacity: 0.8;'>Caracter\u00edsticas:<\/h3>\n<ul style='padding-left: 20px; margin-top: 15px; color: inherit; font-size: 14px;'>\n<li style='margin-bottom: 8px;'>Ajuste de intensidad del brillo de los Leds desde Web Server.<\/li>\n<li style='margin-bottom: 8px;'>Construcci\u00f3n resistente al agua.<\/li>\n<li style='margin-bottom: 8px;'>Hoja reflectiva de diamante 3M.<\/li>\n<li style='margin-bottom: 8px;'>Peso: 12kgs.<\/li>\n<li style='margin-bottom: 8px;'>Dimensiones 720x600x180mm.<\/li>\n<\/ul><\/div>\n<\/p><\/div>\n","protected":false},"excerpt":{"rendered":"<p>Radar Medidor de Velocidad de 3 D\u00edgitos \/ Doble salida de Relevador \/ Tarjeta Micro SD \/ Puerto de red TCP IP \/ Detecci\u00f3n de Exceso de Velocidad \/ Integraci\u00f3n  con C\u00e1mara.<\/p>\n","protected":false},"featured_media":24172,"comment_status":"open","ping_status":"closed","template":"","meta":[],"product_brand":[],"product_cat":[848],"product_tag":[401,234,849],"class_list":{"0":"post-24173","1":"product","2":"type-product","3":"status-publish","4":"has-post-thumbnail","6":"product_cat-radares-de-velocidad","7":"product_tag-acceso-vehicular","8":"product_tag-accesspro","9":"product_tag-radares-de-velocidad","11":"first","12":"instock","13":"sale","14":"shipping-taxable","15":"purchasable","16":"product-type-simple"},"_links":{"self":[{"href":"https:\/\/soydeaqui.ddns.net\/pachuca\/index.php\/wp-json\/wp\/v2\/product\/24173","targetHints":{"allow":["GET"]}}],"collection":[{"href":"https:\/\/soydeaqui.ddns.net\/pachuca\/index.php\/wp-json\/wp\/v2\/product"}],"about":[{"href":"https:\/\/soydeaqui.ddns.net\/pachuca\/index.php\/wp-json\/wp\/v2\/types\/product"}],"replies":[{"embeddable":true,"href":"https:\/\/soydeaqui.ddns.net\/pachuca\/index.php\/wp-json\/wp\/v2\/comments?post=24173"}],"wp:featuredmedia":[{"embeddable":true,"href":"https:\/\/soydeaqui.ddns.net\/pachuca\/index.php\/wp-json\/wp\/v2\/media\/24172"}],"wp:attachment":[{"href":"https:\/\/soydeaqui.ddns.net\/pachuca\/index.php\/wp-json\/wp\/v2\/media?parent=24173"}],"wp:term":[{"taxonomy":"product_brand","embeddable":true,"href":"https:\/\/soydeaqui.ddns.net\/pachuca\/index.php\/wp-json\/wp\/v2\/product_brand?post=24173"},{"taxonomy":"product_cat","embeddable":true,"href":"https:\/\/soydeaqui.ddns.net\/pachuca\/index.php\/wp-json\/wp\/v2\/product_cat?post=24173"},{"taxonomy":"product_tag","embeddable":true,"href":"https:\/\/soydeaqui.ddns.net\/pachuca\/index.php\/wp-json\/wp\/v2\/product_tag?post=24173"}],"curies":[{"name":"wp","href":"https:\/\/api.w.org\/{rel}","templated":true}]}}