{"id":24158,"date":"2026-03-18T11:28:55","date_gmt":"2026-03-18T11:28:55","guid":{"rendered":"https:\/\/soydeaqui.ddns.net\/pachuca\/index.php\/producto\/lector-de-huella-morphowave-compact-lector-mifare-desfire\/"},"modified":"2026-03-18T11:28:55","modified_gmt":"2026-03-18T11:28:55","slug":"lector-de-huella-morphowave-compact-lector-mifare-desfire","status":"publish","type":"product","link":"https:\/\/soydeaqui.ddns.net\/pachuca\/index.php\/producto\/lector-de-huella-morphowave-compact-lector-mifare-desfire\/","title":{"rendered":"Lector de huella MorphoWave Compact \/ lector MIFare, DESFire"},"content":{"rendered":"<div style='width: 100%; max-width: 1200px; margin: 0 auto; font-family: sans-serif; line-height: 1.6; color: inherit; background-color: transparent;'>\n<div style='display: flex; flex-wrap: wrap; gap: 30px; margin-bottom: 30px;'>\n<div style='flex: 1 1 300px; min-width: 280px;'>\n<h3 style='font-size: 22px; border-bottom: 2px solid currentColor; padding-bottom: 5px; margin-top: 0; color: inherit; opacity: 0.8;'>Descripci\u00f3n<\/h3>\n<p style='font-size: 15px; color: inherit; margin-bottom: 15px;'>MorphoWave SP MD by IDEMIA es la \u00faltima incorporaci\u00f3n a IDEMIA<\/p>\n<p style='font-size: 15px; color: inherit; margin-bottom: 15px;'>Gama de lectores para control de acceso biom\u00e9trico sin fricci\u00f3n. Esta obra maestra de ingenier\u00eda ofrece el rendimiento galardonado y probado en el campo de Tecnolog\u00eda de huellas dactilares 3D sin contacto MorphoWave \u2122 en un dise\u00f1o compacto y elegante<\/p>\n<p style='font-size: 15px; color: inherit; margin-bottom: 15px;'>Dispositivo de pared&comma; adecuado para cualquier ubicaci\u00f3n.<\/p>\n<p style='font-size: 15px; color: inherit; margin-bottom: 15px;'>La tecnolog\u00eda de huellas dactilares 3D sin contacto de MorphoWave SP MD est\u00e1 dise\u00f1ada para el mundo real.<\/p>\n<\/p><\/div>\n<\/p><\/div>\n<div style='display: flex; flex-wrap: wrap; gap: 30px; margin-bottom: 30px;'>\n<div style='flex: 1 1 300px; min-width: 280px;'>\n<h3 style='font-size: 22px; border-bottom: 2px solid currentColor; padding-bottom: 5px; margin-top: 0; color: inherit; opacity: 0.8;'>Caracter\u00edsticas<\/h3>\n<ul style='padding-left: 20px; font-size: 15px; color: inherit;'>\n<li style='margin-bottom: 5px;'>Captura 4 dedos en la mano derecha o izquierda&comma; en cualquier direcci\u00f3n<\/li>\n<li style='margin-bottom: 5px;'>Inmune a factores ambientales (luz externa&comma; polvo)<\/li>\n<li style='margin-bottom: 5px;'>Copes con dedos h\u00famedos y secos<\/li>\n<li style='margin-bottom: 5px;'>No quedan impresiones latentes en el esc\u00e1ner<\/li>\n<li style='margin-bottom: 5px;'>Mitiga las preocupaciones de higiene<\/li>\n<\/ul><\/div>\n<\/p><\/div>\n<div style='display: flex; flex-wrap: wrap; gap: 20px; margin-bottom: 30px;'>\n<div style='flex: 1 1 250px; border: 1px solid rgba(150&comma; 150&comma; 150&comma; 0.4); border-radius: 8px; overflow: hidden; display: flex; flex-direction: column;'>\n<div style='padding: 15px; border-bottom: 1px solid rgba(150&comma; 150&comma; 150&comma; 0.2); font-weight: bold; font-size: 18px; color: inherit;'>Especificaciones<\/div>\n<div style='padding: 15px; color: inherit;'>\n<ul style='padding-left: 20px; margin: 0; font-size: 14px; list-style-type: disc;'>\n<li style='margin-bottom: 5px;'><strong>Sensor:<\/strong> Huellas dactilares sin contacto con detecci\u00f3n de presencia manual<\/li>\n<li style='margin-bottom: 5px;'><strong>Opciones de lector:<\/strong> MIFARE \/ DESFire<\/li>\n<li style='margin-bottom: 5px;'><strong>Conectividad:<\/strong> Ethernet<\/li>\n<li style='margin-bottom: 5px;'><strong>Alimentaci\u00f3n:<\/strong> 12 a 24 V DC (2.5A min @ 12V) con PoE+<\/li>\n<li style='margin-bottom: 5px;'><strong>Temperatura operaci\u00f3n:<\/strong> -10 \u00b0C a 55 \u00b0C<\/li>\n<li style='margin-bottom: 5px;'><strong>Humedad:<\/strong> 10% a 95% (sin condensaci\u00f3n)<\/li>\n<li style='margin-bottom: 5px;'><strong>Protecci\u00f3n:<\/strong> IP65<\/li>\n<li style='margin-bottom: 5px;'><strong>Dimensiones:<\/strong> 250 x 152 x 216 mm<\/li>\n<li style='margin-bottom: 5px;'><strong>Peso:<\/strong> 2.2 kg<\/li>\n<li style='margin-bottom: 5px;'><strong>Est\u00e1ndares:<\/strong> CE&comma; CB&comma; FCC. Cumple con RoHS&comma; REACh y WEEE<\/li>\n<\/ul><\/div>\n<\/p><\/div>\n<div style='flex: 1 1 250px; border: 1px solid rgba(150&comma; 150&comma; 150&comma; 0.4); border-radius: 8px; overflow: hidden; display: flex; flex-direction: column;'>\n<div style='padding: 15px; border-bottom: 1px solid rgba(150&comma; 150&comma; 150&comma; 0.2); font-weight: bold; font-size: 18px; color: inherit;'>Software<\/div>\n<div style='padding: 15px; color: inherit;'>\n<p style='margin-bottom: 10px;'><strong>Morpho Manager licenciado<\/strong><\/p>\n<ul style='padding-left: 20px; margin: 0; font-size: 14px; list-style-type: disc;'>\n<li style='margin-bottom: 5px;'>Gratuito para 5 terminales<\/li>\n<li style='margin-bottom: 5px;'>Licencia para 10 terminales &#8211; modelo A00070702<\/li>\n<li style='margin-bottom: 5px;'>Licencia para 20 terminales &#8211; modelo A00070703<\/li>\n<li style='margin-bottom: 5px;'>Licencia para 50 terminales &#8211; modelo A00070704<\/li>\n<li style='margin-bottom: 5px;'>Licencia para 100 terminales &#8211; modelo A00070707<\/li>\n<\/ul><\/div>\n<\/p><\/div>\n<div style='flex: 1 1 250px; border: 1px solid rgba(150&comma; 150&comma; 150&comma; 0.4); border-radius: 8px; overflow: hidden; display: flex; flex-direction: column;'>\n<div style='padding: 15px; border-bottom: 1px solid rgba(150&comma; 150&comma; 150&comma; 0.2); font-weight: bold; font-size: 18px; color: inherit;'>Aplicaciones<\/div>\n<div style='padding: 15px; color: inherit;'>\n<ul style='padding-left: 20px; margin: 0; font-size: 14px; list-style-type: disc;'>\n<li style='margin-bottom: 5px;'>Instalaciones de infraestructura<\/li>\n<li style='margin-bottom: 5px;'>Universidades<\/li>\n<li style='margin-bottom: 5px;'>Organizaciones sanitarias<\/li>\n<\/ul><\/div>\n<\/p><\/div>\n<\/p><\/div>\n<div style='display: flex; flex-wrap: wrap; gap: 30px; margin-bottom: 30px;'>\n<div style='flex: 1 1 300px; min-width: 280px;'>\n<h3 style='font-size: 22px; border-bottom: 2px solid currentColor; padding-bottom: 5px; margin-top: 0; color: inherit; opacity: 0.8;'>Funcionalidades adicionales<\/h3>\n<ul style='padding-left: 20px; font-size: 15px; color: inherit;'>\n<li style='margin-bottom: 5px;'>Altavoz y micr\u00f3fono integrados<\/li>\n<li style='margin-bottom: 5px;'>Funci\u00f3n de intercomunicaci\u00f3n<\/li>\n<\/ul><\/div>\n<\/p><\/div>\n<div style='position: relative; padding-bottom: 56.25%; height: 0; overflow: hidden; margin-bottom: 30px;'>   <\/div>\n<hr style='border: 0; border-top: 1px solid rgba(150&comma; 150&comma; 150&comma; 0.3); margin: 30px 0;'> <\/div>\n","protected":false},"excerpt":{"rendered":"<p>Lector de huella MorphoWave Compact \/ lector MIFare, DESFire<\/p>\n","protected":false},"featured_media":24157,"comment_status":"open","ping_status":"closed","template":"","meta":[],"product_brand":[],"product_cat":[806],"product_tag":[744,794,807],"class_list":{"0":"post-24158","1":"product","2":"type-product","3":"status-publish","4":"has-post-thumbnail","6":"product_cat-para-control-de-acceso","7":"product_tag-biometricos","8":"product_tag-idemia-morpho","9":"product_tag-para-control-de-acceso","11":"first","12":"instock","13":"sale","14":"shipping-taxable","15":"purchasable","16":"product-type-simple"},"_links":{"self":[{"href":"https:\/\/soydeaqui.ddns.net\/pachuca\/index.php\/wp-json\/wp\/v2\/product\/24158","targetHints":{"allow":["GET"]}}],"collection":[{"href":"https:\/\/soydeaqui.ddns.net\/pachuca\/index.php\/wp-json\/wp\/v2\/product"}],"about":[{"href":"https:\/\/soydeaqui.ddns.net\/pachuca\/index.php\/wp-json\/wp\/v2\/types\/product"}],"replies":[{"embeddable":true,"href":"https:\/\/soydeaqui.ddns.net\/pachuca\/index.php\/wp-json\/wp\/v2\/comments?post=24158"}],"wp:featuredmedia":[{"embeddable":true,"href":"https:\/\/soydeaqui.ddns.net\/pachuca\/index.php\/wp-json\/wp\/v2\/media\/24157"}],"wp:attachment":[{"href":"https:\/\/soydeaqui.ddns.net\/pachuca\/index.php\/wp-json\/wp\/v2\/media?parent=24158"}],"wp:term":[{"taxonomy":"product_brand","embeddable":true,"href":"https:\/\/soydeaqui.ddns.net\/pachuca\/index.php\/wp-json\/wp\/v2\/product_brand?post=24158"},{"taxonomy":"product_cat","embeddable":true,"href":"https:\/\/soydeaqui.ddns.net\/pachuca\/index.php\/wp-json\/wp\/v2\/product_cat?post=24158"},{"taxonomy":"product_tag","embeddable":true,"href":"https:\/\/soydeaqui.ddns.net\/pachuca\/index.php\/wp-json\/wp\/v2\/product_tag?post=24158"}],"curies":[{"name":"wp","href":"https:\/\/api.w.org\/{rel}","templated":true}]}}