{"id":24058,"date":"2026-03-18T11:27:06","date_gmt":"2026-03-18T11:27:06","guid":{"rendered":"https:\/\/soydeaqui.ddns.net\/pachuca\/index.php\/producto\/control-de-acceso-para-1-puerta-soporta-hasta-2-lectores-por-osdp-expandible-a-16-puertas-32-lectores\/"},"modified":"2026-03-18T11:27:13","modified_gmt":"2026-03-18T11:27:13","slug":"control-de-acceso-para-1-puerta-soporta-hasta-2-lectores-por-osdp-expandible-a-16-puertas-32-lectores","status":"publish","type":"product","link":"https:\/\/soydeaqui.ddns.net\/pachuca\/index.php\/producto\/control-de-acceso-para-1-puerta-soporta-hasta-2-lectores-por-osdp-expandible-a-16-puertas-32-lectores\/","title":{"rendered":"Control de acceso para 1 Puerta, Soporta hasta 2 lectores por OSDP \/ Expandible a 16 Puertas\/32 Lectores"},"content":{"rendered":"<div style='width: 100%; max-width: 1200px; margin: 0 auto; font-family: sans-serif; line-height: 1.6; color: inherit; background-color: transparent;'> <img style='width: 100%; height: auto; border: 1px solid rgba(150&comma;150&comma;150&comma;0.3); border-radius: 8px; display: block; margin: 0 auto;' src='https:\/\/ftp3.syscom.mx\/usuarios\/vestrada\/Imagenes\/HoneyWell.JPG' alt=''> <\/p>\n<div style='margin: 30px 0; border-left: 5px solid #e74c3c; border-radius: 5px; padding: 15px; box-shadow: 2px 2px 10px rgba(216&comma;216&comma;216&comma;0.3);'> <span style='font-size: 16px; font-weight: bold; color: inherit;'><strong>El controlador MPA1 permite a los usuarios implementar de forma segura y sencilla su sistema de control de acceso en cualquier lugar donde haya un con conexi\u00f3n Ethernet\/Internet\u2014sin costos de software o PC dedicados. Este controlador alimentado por POE de una sola puerta es f\u00e1cil de instalar&comma; operar y mantener&comma; gracias a su f\u00e1cil instalaci\u00f3n y su interfaz dedicada. MPA1 le brinda todos los beneficios de control de acceso tradicional&comma; ayud\u00e1ndole a asegurar puertas&comma; administrar acceso de empleados y administraci\u00f3n de sitios remotamente. Tambi\u00e9n le permite extraer informes f\u00e1cilmente para cumplir con los requisitos del cumplimiento.<\/strong><\/span> <\/div>\n<div style='display: flex; flex-wrap: wrap; gap: 30px; margin-top: 40px;'>\n<div style='flex: 1 1 300px; min-width: 280px;'>\n<div style='border-left: 5px solid #e74c3c; border-radius: 5px; padding: 15px; box-shadow: 2px 2px 10px rgba(216&comma;216&comma;216&comma;0.3);'> <strong style='font-size: 18px; display: block; margin-bottom: 15px; color: inherit;'>Caracter\u00edsticas principales:<\/strong> <\/p>\n<ul style='padding-left: 20px; font-size: 15px; color: inherit;'>\n<li style='margin-bottom: 8px;'>Soporta hasta 2 lectores por OSDP(V2) SCP<\/li>\n<li style='margin-bottom: 8px;'>Expandible a 16 Puertas\/32 Lectores por conectividad EVL<\/li>\n<li style='margin-bottom: 8px;'>10&comma;000 Tarjetas<\/li>\n<li style='margin-bottom: 8px;'>25&comma;000 Eventos<\/li>\n<li style='margin-bottom: 8px;'>2 Entradas Digitales<\/li>\n<li style='margin-bottom: 8px;'>1 Salida de Relevador para puerta<\/li>\n<li style='margin-bottom: 8px;'>1 Salida de Relevador Auxiliar<\/li>\n<li style='margin-bottom: 8px;'>Comunicaci\u00f3n Ethernet y BLE 4.1<\/li>\n<\/ul><\/div>\n<\/p><\/div>\n<div style='flex: 1 1 300px; min-width: 280px;'>\n<div style='border-left: 5px solid #e74c3c; border-radius: 5px; padding: 15px; box-shadow: 2px 2px 10px rgba(216&comma;216&comma;216&comma;0.3);'> <strong style='font-size: 18px; display: block; margin-bottom: 15px; color: inherit;'>Caracter\u00edsticas F\u00edsicas y El\u00e9ctricas:<\/strong> <\/p>\n<ul style='padding-left: 20px; font-size: 15px; color: inherit;'>\n<li style='margin-bottom: 8px;'>Corriente Primaria:12 Vcc 900mA max<\/li>\n<li style='margin-bottom: 8px;'>Alimentaci\u00f3n a trav\u00e9s de Ethernet 802.3af Clase de potencia 3<\/li>\n<li style='margin-bottom: 8px;'>Funcionamiento con PoE: 0 \u00b0C a 40 \u00b0C<\/li>\n<li style='margin-bottom: 8px;'>Operando con 12VDC: 0\u00b0C a 49 \u00b0C<\/li>\n<li style='margin-bottom: 8px;'>Almacenamiento: -55 \u00b0C a 85 \u00b0C<\/li>\n<li style='margin-bottom: 8px;'>Humedad de Operaci\u00f3n: 5 a 85% RHNC<\/li>\n<li style='margin-bottom: 8px;'>Controlador: 100 mm de alto x 45 mm de ancho x 28 mm de profundidad<\/li>\n<li style='margin-bottom: 8px;'>Caja:140 mm de alto x 180 mm de ancho x 43 mm de profundidad<\/li>\n<\/ul><\/div>\n<\/p><\/div>\n<div style='flex: 1 1 300px; min-width: 280px;'>\n<div style='border-left: 5px solid #e74c3c; border-radius: 5px; padding: 15px; box-shadow: 2px 2px 10px rgba(216&comma;216&comma;216&comma;0.3);'> <strong style='font-size: 18px; display: block; margin-bottom: 15px; color: inherit;'>Caracter\u00edsticas Destacadas:<\/strong> <\/p>\n<p style='margin: 0; font-size: 15px; color: inherit;'>MPA1 ha sido desarrollado con una peque\u00f1a dise\u00f1o f\u00e1cil de instalar que f\u00e1cilmente se adapta a la infraestructura de TI existente y m\u00e9todos&comma; reduciendo la instalaci\u00f3n y costos de apoyo. As\u00ed como su sistema crece&comma; MPA1 crece contigo.<\/p>\n<\/p><\/div>\n<\/p><\/div>\n<\/p><\/div>\n<div style='position: relative; padding-bottom: 56.25%; height: 0; overflow: hidden; margin: 40px 0;'>   <\/div>\n<p> <img style='width: 100%; height: auto; border: 1px solid rgba(150&comma;150&comma;150&comma;0.3); border-radius: 8px; display: block; margin: 0 auto;' src='https:\/\/ftp3.syscom.mx\/usuarios\/vestrada\/Imagenes\/MPA1P.png' alt=''> <\/div>\n","protected":false},"excerpt":{"rendered":"<p>Control de acceso para 1 Puerta, Soporta hasta 2 lectores por OSDP \/ Expandible a 16 Puertas\/32 Lectores<\/p>\n","protected":false},"featured_media":24057,"comment_status":"open","ping_status":"closed","template":"","meta":[],"product_brand":[],"product_cat":[783],"product_tag":[785,209,784],"class_list":{"0":"post-24058","1":"product","2":"type-product","3":"status-publish","4":"has-post-thumbnail","6":"product_cat-controladores-de-acceso","7":"product_tag-controladores-de-acceso","8":"product_tag-honeywell","9":"product_tag-paneles-de-control-de-acceso","11":"first","12":"instock","13":"sale","14":"shipping-taxable","15":"purchasable","16":"product-type-simple"},"_links":{"self":[{"href":"https:\/\/soydeaqui.ddns.net\/pachuca\/index.php\/wp-json\/wp\/v2\/product\/24058","targetHints":{"allow":["GET"]}}],"collection":[{"href":"https:\/\/soydeaqui.ddns.net\/pachuca\/index.php\/wp-json\/wp\/v2\/product"}],"about":[{"href":"https:\/\/soydeaqui.ddns.net\/pachuca\/index.php\/wp-json\/wp\/v2\/types\/product"}],"replies":[{"embeddable":true,"href":"https:\/\/soydeaqui.ddns.net\/pachuca\/index.php\/wp-json\/wp\/v2\/comments?post=24058"}],"wp:featuredmedia":[{"embeddable":true,"href":"https:\/\/soydeaqui.ddns.net\/pachuca\/index.php\/wp-json\/wp\/v2\/media\/24057"}],"wp:attachment":[{"href":"https:\/\/soydeaqui.ddns.net\/pachuca\/index.php\/wp-json\/wp\/v2\/media?parent=24058"}],"wp:term":[{"taxonomy":"product_brand","embeddable":true,"href":"https:\/\/soydeaqui.ddns.net\/pachuca\/index.php\/wp-json\/wp\/v2\/product_brand?post=24058"},{"taxonomy":"product_cat","embeddable":true,"href":"https:\/\/soydeaqui.ddns.net\/pachuca\/index.php\/wp-json\/wp\/v2\/product_cat?post=24058"},{"taxonomy":"product_tag","embeddable":true,"href":"https:\/\/soydeaqui.ddns.net\/pachuca\/index.php\/wp-json\/wp\/v2\/product_tag?post=24058"}],"curies":[{"name":"wp","href":"https:\/\/api.w.org\/{rel}","templated":true}]}}