{"id":2399,"date":"2026-03-18T05:56:44","date_gmt":"2026-03-18T05:56:44","guid":{"rendered":"https:\/\/soydeaqui.ddns.net\/pachuca\/index.php\/producto\/ax-pro-contacto-magnetico-inalambrico-2-zonas-para-agregar-sensores-cableados-3-en-1-soporta-2-zonas-cableadas\/"},"modified":"2026-03-18T05:56:46","modified_gmt":"2026-03-18T05:56:46","slug":"ax-pro-contacto-magnetico-inalambrico-2-zonas-para-agregar-sensores-cableados-3-en-1-soporta-2-zonas-cableadas","status":"publish","type":"product","link":"https:\/\/soydeaqui.ddns.net\/pachuca\/index.php\/producto\/ax-pro-contacto-magnetico-inalambrico-2-zonas-para-agregar-sensores-cableados-3-en-1-soporta-2-zonas-cableadas\/","title":{"rendered":"(AX PRO) Contacto Magn\u00e9tico Inal\u00e1mbrico + 2 ZONAS PARA AGREGAR SENSORES CABLEADOS \/ 3 en 1 \/ Soporta 2 Zonas Cableadas"},"content":{"rendered":"<div style='width: 100%; max-width: 1200px; margin: 0 auto; font-family: sans-serif; line-height: 1.6; color: inherit; background-color: transparent;'>\n<div style='text-align: center; margin: 30px 0;'> <strong><span style='font-size: 16px; color: inherit;'>Este sensor inal\u00e1mbrico adicionalmente cuenta con 2 ZONAS para poder conectar sensores cableados de otras marcas y monitorear en AXPRO<\/span><\/strong> <\/div>\n<p> <!-- Logo --> <\/p>\n<div style='text-align: center; margin: 30px 0;'> <img style='width: 45%; max-width: 100%; height: auto; border: 1px solid rgba(150&comma;150&comma;150&comma;0.3); border-radius: 8px;' src='https:\/\/ftp3.syscom.mx\/usuarios\/jsosa\/HIKVISION\/imagenes\/logo\/hikvision%20see%20far.png' alt='Logo Hikvision'> <\/div>\n<p> <!-- Video principal --> <\/p>\n<div style='margin: 30px 0;'>\n<h3 style='text-align: center; font-size: 20px; color: inherit; margin-bottom: 20px;'>Conoce la serie AX PRO de alarmas Hikvision<\/h3>\n<div style='position: relative; padding-bottom: 56.25%; height: 0; overflow: hidden;'>   <\/div>\n<\/p><\/div>\n<p> <!-- Consideraciones --> <\/p>\n<div style='margin: 30px 0;'>\n<div style='border-left: 5px solid #ff0000; border-radius: 5px; padding: 15px; background-color: rgba(255&comma; 0&comma; 0&comma; 0.05);'> <strong style='font-size: 16px; color: inherit; display: block; margin-bottom: 10px;'>Consideraciones:<\/strong> <\/p>\n<ul style='padding-left: 20px; color: inherit; font-size: 14px;'>\n<li style='margin-bottom: 8px;'>Las distancias de comunicaci\u00f3n entre los sensores y el panel pueden variar en cada instalaci\u00f3n por cuestiones como: ruido ambiental&comma; materiales y grosor de los muros&comma; ruido digital&comma; etc.<\/li>\n<\/ul><\/div>\n<\/p><\/div>\n<p> <!-- Videos secundarios --> <\/p>\n<div style='margin: 30px 0;'>\n<div style='display: flex; flex-wrap: wrap; gap: 20px; justify-content: center;'>\n<div style='flex: 1 1 300px; min-width: 280px;'>\n<h4 style='text-align: center; font-size: 18px; color: inherit; margin-bottom: 15px;'>Configuraci\u00f3n de la alarma AX PRO de Hikvision<\/h4>\n<div style='position: relative; padding-bottom: 56.25%; height: 0; overflow: hidden;'>   <\/div>\n<\/p><\/div>\n<div style='flex: 1 1 300px; min-width: 280px;'>\n<h4 style='text-align: center; font-size: 18px; color: inherit; margin-bottom: 15px;'>Bienvenido al futuro con AX PRO Hikvision<\/h4>\n<div style='position: relative; padding-bottom: 56.25%; height: 0; overflow: hidden;'>   <\/div>\n<\/p><\/div>\n<div style='flex: 1 1 300px; min-width: 280px;'>\n<h4 style='text-align: center; font-size: 18px; color: inherit; margin-bottom: 15px;'>Sistema Robusto contra Intrusiones AX PRO<\/h4>\n<div style='position: relative; padding-bottom: 56.25%; height: 0; overflow: hidden;'>   <\/div>\n<\/p><\/div>\n<\/p><\/div>\n<\/p><\/div>\n<p> <!-- Caracter\u00edsticas --> <\/p>\n<div style='margin: 30px 0;'>\n<div style='display: flex; flex-wrap: wrap; gap: 20px;'> <!-- Caracter\u00edsticas principales --> <\/p>\n<div style='flex: 1 1 300px; min-width: 280px;'>\n<div style='border: 1px solid rgba(150&comma;150&comma;150&comma;0.3); border-radius: 8px; overflow: hidden;'>\n<div style='padding: 15px; border-bottom: 1px solid rgba(150&comma;150&comma;150&comma;0.2); font-weight: bold; font-size: 16px; color: inherit;'>Caracter\u00edsticas principales:<\/div>\n<div style='padding: 15px;'>\n<ul style='padding-left: 20px; margin: 0; font-size: 14px; color: inherit;'>\n<li style='margin-bottom: 8px;'>Comunicaci\u00f3n de dos v\u00edas.<\/li>\n<li style='margin-bottom: 8px;'>2 <strong>zonas<\/strong> para conectarle sensores cableados.<\/li>\n<li style='margin-bottom: 8px;'>Contiene un led indicador.<\/li>\n<li style='margin-bottom: 8px;'>Adaptador para agregar dos zonas cableadas.<\/li>\n<\/ul><\/div>\n<\/p><\/div>\n<\/p><\/div>\n<p> <!-- Caracter\u00edsticas F\u00edsicas y El\u00e9ctricas --> <\/p>\n<div style='flex: 1 1 300px; min-width: 280px;'>\n<div style='border: 1px solid rgba(150&comma;150&comma;150&comma;0.3); border-radius: 8px; overflow: hidden;'>\n<div style='padding: 15px; border-bottom: 1px solid rgba(150&comma;150&comma;150&comma;0.2); font-weight: bold; font-size: 16px; color: inherit;'>Caracter\u00edsticas F\u00edsicas y El\u00e9ctricas:<\/div>\n<div style='padding: 15px;'>\n<ul style='padding-left: 20px; margin: 0; font-size: 14px; color: inherit;'>\n<li style='margin-bottom: 8px;'>Tamper: soportado en carcasa frontal y tapa trasera.<\/li>\n<li style='margin-bottom: 8px;'>Alimentaci\u00f3n: Bater\u00eda de 3V \/ 1 x CR123A (Incluida).<\/li>\n<li style='margin-bottom: 8px;'>Temperatura de operaci\u00f3n: -10 a 55\u00b0C.<\/li>\n<li style='margin-bottom: 8px;'>Dimensiones:\n<ul style='padding-left: 20px; margin-top: 8px; margin-bottom: 0;'>\n<li style='margin-bottom: 5px;'>Sensor: 22.5 x 103 x 23.2 mm<\/li>\n<li style='margin-bottom: 5px;'>Magnetic Stick: 13 x 34.4 x 11.4 mm<\/li>\n<\/ul>\n<\/li>\n<\/ul>\n<p style='margin-top: 20px; margin-bottom: 10px; font-size: 14px; color: inherit;'><strong>Configuraciones b\u00e1sicas<\/strong> <a style='color: #2880b9; text-decoration: none;' href='https:\/\/soporte.syscom.mx\/es\/articles\/5117840-hikvision-alarmas-ax-pro-configuraciones-ax-pro' target='_blank' rel='noopener'>Aqu\u00ed<\/a><\/p>\n<\/p><\/div>\n<\/p><\/div>\n<\/p><\/div>\n<p> <!-- Caracter\u00edsticas Destacadas --> <\/p>\n<div style='flex: 1 1 300px; min-width: 280px;'>\n<div style='border: 1px solid rgba(150&comma;150&comma;150&comma;0.3); border-radius: 8px; overflow: hidden;'>\n<div style='padding: 15px; border-bottom: 1px solid rgba(150&comma;150&comma;150&comma;0.2); font-weight: bold; font-size: 16px; color: inherit;'>Caracter\u00edsticas Destacadas:<\/div>\n<div style='padding: 15px;'>\n<p style='margin-bottom: 15px; font-size: 14px; color: inherit;'>Se puede montar en todo tipo de puertas&comma; incluida la base de metal&comma; y las entradas integradas permitir\u00e1n al usuario extender las aplicaciones mediante el cableado a diferentes sensores cableados.<\/p>\n<p style='margin-bottom: 10px; font-size: 14px; color: inherit;'>Conozca todos los dispositivos que pueden integrar en la Serie AX PRO dando clic <a style='color: #2880b9; text-decoration: none;' href='https:\/\/www.syscom.mx\/principal\/listadoproductosazul\/intrusion-hikvision-paneles-de-alarma-y-accesorios-ax-pro-series-66286.html?ordenar=Precio_de_Menor_a_Mayor&#038;pag=1' target='_blank' rel='noopener'><strong>aqu\u00ed<\/strong><\/a>.<\/p>\n<\/p><\/div>\n<\/p><\/div>\n<\/p><\/div>\n<\/p><\/div>\n<\/p><\/div>\n<p> <!-- Diagrama Familia AX PRO --> <\/p>\n<div style='margin: 30px 0;'>\n<h2 style='text-align: center; font-size: 22px; color: inherit; margin-bottom: 20px;'>Linea de Productos AX PRO<\/h2>\n<div style='text-align: center;'> <a style='text-decoration: none;' href='https:\/\/www.syscom.mx\/principal\/listadoproductosazul\/intrusion-hikvision-paneles-de-alarma-y-accesorios-ax-pro-series-66286.html?ordenar=Precio_de_Menor_a_Mayor&#038;pag=1' target='_blank' rel='noopener'> <img style='width: 100%; max-width: 100%; height: auto; border: 1px solid rgba(150&comma;150&comma;150&comma;0.3); border-radius: 8px;' src='https:\/\/ftp3.syscom.mx\/usuarios\/jsosa\/HIKVISION\/alarmas\/AXPPRO\/banner\/AX%20PRO%20disgramas-hikvision.jpg' alt='Linea de Productos AX PRO'> <\/a> <\/div>\n<\/p><\/div>\n<p> <!-- Videos adicionales --> <\/p>\n<div style='margin: 30px 0;'>\n<h3 style='text-align: center; font-size: 20px; color: inherit; margin-bottom: 20px;'>Configuraci\u00f3n e Instalaci\u00f3n Magn\u00e9tico<\/h3>\n<div style='position: relative; padding-bottom: 56.25%; height: 0; overflow: hidden; margin-bottom: 30px;'>   <\/div>\n<div style='display: flex; flex-wrap: wrap; gap: 20px; justify-content: center;'>\n<div style='flex: 1 1 300px; min-width: 280px;'>\n<h3 style='text-align: center; font-size: 18px; color: inherit; margin-bottom: 15px;'>Contacto Magn\u00e9tico 3 en 1&comma; Vinculando Zonas Cableadas<\/h3>\n<div style='position: relative; padding-bottom: 56.25%; height: 0; overflow: hidden;'>   <\/div>\n<\/p><\/div>\n<div style='flex: 1 1 300px; min-width: 280px;'>\n<h3 style='text-align: center; font-size: 18px; color: inherit; margin-bottom: 15px;'>Vinculo de Sensor Magn\u00e9tico con C\u00e1mara IP<\/h3>\n<div style='position: relative; padding-bottom: 56.25%; height: 0; overflow: hidden;'>   <\/div>\n<\/p><\/div>\n<\/p><\/div>\n<\/p><\/div>\n<p> <!-- Serie AX PRO --> <\/p>\n<div style='margin: 30px 0;'>\n<div style='display: flex; flex-wrap: wrap; gap: 20px; align-items: center;'>\n<div style='flex: 1 1 300px; min-width: 250px;'> <a style='text-decoration: none;' href='https:\/\/www.syscom.mx\/principal\/listadoproductosazul\/intrusion-hikvision-paneles-de-alarma-y-accesorios-ax-pro-series-66286.html?ordenar=Precio_de_Menor_a_Mayor&#038;pag=1' target='_blank' rel='noopener'> <img style='width: 100%; max-width: 100%; height: auto; border: 1px solid rgba(150&comma;150&comma;150&comma;0.3); border-radius: 8px;' src='https:\/\/ftp3.syscom.mx\/usuarios\/jsosa\/HIKVISION\/alarmas\/AXPPRO\/Serie%20AXPRO.png' alt='Serie AX PRO'> <\/a> <\/div>\n<div style='flex: 1 1 300px; min-width: 250px;'>\n<h2 style='font-size: 20px; color: inherit; margin-top: 0; margin-bottom: 15px;'>Serie AX PRO<\/h2>\n<p style='margin-bottom: 10px; font-size: 14px; color: inherit;'>\u00bfNecesita proteger su hogar&comma; oficina o tienda?<\/p>\n<p style='margin-bottom: 10px; font-size: 14px; color: inherit;'>\u00bfCansado de tantos cables y mucho tiempo de instalaci\u00f3n?<\/p>\n<p style='margin-bottom: 10px; font-size: 14px; color: inherit;'>\u00a1Utilice una soluci\u00f3n de alarma inal\u00e1mbrica profesional!<\/p>\n<p style='margin-bottom: 0; font-size: 14px; color: inherit;'>Conozca todos los dispositivos que pueden integrar en la Serie AX PRO dando clic <a style='color: #2880b9; text-decoration: none;' href='https:\/\/www.syscom.mx\/principal\/listadoproductosazul\/intrusion-hikvision-paneles-de-alarma-y-accesorios-ax-pro-series-66286.html?ordenar=Precio_de_Menor_a_Mayor&#038;pag=1' target='_blank' rel='noopener'><strong>aqu\u00ed<\/strong><\/a>.<\/p>\n<\/p><\/div>\n<\/p><\/div>\n<\/p><\/div>\n<p> <!-- Instalaci\u00f3n adecuada --> <\/p>\n<div style='margin: 30px 0;'>\n<h3 style='text-align: center; font-size: 20px; color: inherit; margin-bottom: 20px;'>Instalaci\u00f3n adecuada<\/h3>\n<div style='text-align: center;'> <img style='width: 100%; max-width: 100%; height: auto; border: 1px solid rgba(150&comma;150&comma;150&comma;0.3); border-radius: 8px;' src='https:\/\/ftp3.syscom.mx\/usuarios\/jsosa\/HIKVISION\/alarmas\/AXPPRO\/DSPDMCEG2WB\/DS-PDMC-EG2-WB%20imagen.png' alt='Instalaci\u00f3n adecuada'> <\/div>\n<\/p><\/div>\n<p> <!-- Producto opcional --> <\/p>\n<div style='margin: 30px 0;'>\n<h2 style='text-align: center; font-size: 22px; color: inherit; margin-bottom: 20px;'>PRODUCTO OPCIONAL<\/h2>\n<div style='display: flex; flex-wrap: wrap; gap: 20px; align-items: center;'>\n<div style='flex: 1 1 300px; min-width: 250px; text-align: center;'> <a style='text-decoration: none; display: inline-block;' href='https:\/\/www.syscom.mx\/producto\/DS-PDMCS-EG2-WB-HIKVISION-189857.html' target='_blank' rel='noopener'> <img style='width: 60%; max-width: 100%; height: auto; border: 1px solid rgba(150&comma;150&comma;150&comma;0.3); border-radius: 8px;' src='https:\/\/ftp3.syscom.mx\/usuarios\/fotos\/BancoFotografiasSyscom\/HIKVISION\/DSPDMCSEG2WB\/DSPDMCSEG2WB-p.PNG' alt='DS-PDMCS-EG2-WB'> <\/a> <\/div>\n<div style='flex: 1 1 300px; min-width: 250px;'>\n<h3 style='margin-top: 0; margin-bottom: 15px; font-size: 18px; color: #2880b9;'> <a style='color: #2880b9; text-decoration: none;' href='https:\/\/www.syscom.mx\/producto\/DS-PDMCS-EG2-WB-HIKVISION-189857.html' target='_blank' rel='noopener'>DS-PDMCS-EG2-WB<\/a> <\/h3>\n<p style='margin-bottom: 15px; font-size: 14px; color: inherit;'>Magnetico ultra peque\u00f1o&comma; para uso en marcos mas finos o lugares estrechos&comma; donde se busca tener mas estetica en su instalacion.<\/p>\n<p> <strong style='display: block; margin-bottom: 10px; font-size: 14px; color: inherit;'>Caracter\u00edsticas principales:<\/strong> <\/p>\n<ul style='padding-left: 20px; margin: 0 0 15px 20px; font-size: 14px; color: inherit;'>\n<li style='margin-bottom: 8px;'>Comunicaci\u00f3n de dos v\u00edas.<\/li>\n<li style='margin-bottom: 8px;'>Contiene un led indicador.<\/li>\n<li style='margin-bottom: 8px;'>Tamper: soportado en carcasa frontal y tapa trasera.<\/li>\n<li style='margin-bottom: 8px;'>Alimentaci\u00f3n: 1 x CR2450<\/li>\n<li style='margin-bottom: 8px;'>Temperatura de operaci\u00f3n: 10\u00b0 a 55\u00b0C.<\/li>\n<li style='margin-bottom: 8px;'>Dimensiones:\n<ul style='padding-left: 20px; margin-top: 8px; margin-bottom: 0;'>\n<li style='margin-bottom: 5px;'>Sensor: 29 x 69 x 10 mm<\/li>\n<li style='margin-bottom: 5px;'>Magnetic Stick: 14 x 69 x 10 mm<\/li>\n<\/ul>\n<\/li>\n<\/ul><\/div>\n<\/p><\/div>\n<\/p><\/div>\n<p> <!-- Consideraciones finales --> <\/p>\n<div style='margin: 30px 0;'>\n<div style='border-left: 5px solid #ff0000; border-radius: 5px; padding: 15px; background-color: rgba(255&comma; 0&comma; 0&comma; 0.05);'> <strong style='font-size: 16px; color: inherit; display: block; margin-bottom: 10px;'>Consideraciones:<\/strong> <\/p>\n<ul style='padding-left: 20px; color: inherit; font-size: 14px; margin: 0;'>\n<li style='margin-bottom: 8px;'> <\/li>\n<\/ul><\/div>\n<\/p><\/div>\n<p> <!-- Banner final --> <\/p>\n<div style='margin: 30px 0; text-align: center;'> <a style='text-decoration: none;' title='Serie AX PRO' href='https:\/\/www.syscom.mx\/principal\/listadoproductosazul\/intrusion-hikvision-paneles-de-alarma-y-accesorios-ax-pro-series-66286.html?ordenar=Precio_de_Menor_a_Mayor&#038;pag=1' target='_blank' rel='noopener'> <img style='width: 100%; max-width: 100%; height: auto; border: 1px solid rgba(150&comma;150&comma;150&comma;0.3); border-radius: 8px;' src='https:\/\/ftp3.syscom.mx\/usuarios\/jsosa\/HIKVISION\/alarmas\/AXPPRO\/banner\/HIKVISION-AXPRO-SERIES.jpg' alt='Serie AX PRO'> <\/a> <\/div>\n<\/p><\/div>\n","protected":false},"excerpt":{"rendered":"<p>(AX PRO) Contacto Magn\u00e9tico Inal\u00e1mbrico + 2 ZONAS PARA AGREGAR SENSORES CABLEADOS \/ 3 en 1 \/ Soporta 2 Zonas Cableadas<\/p>\n","protected":false},"featured_media":2398,"comment_status":"open","ping_status":"closed","template":"","meta":[],"product_brand":[],"product_cat":[117],"product_tag":[118,114,54],"class_list":{"0":"post-2399","1":"product","2":"type-product","3":"status-publish","4":"has-post-thumbnail","6":"product_cat-contacto-magnetico-inalambrico","7":"product_tag-contacto-magnetico-inalambrico","8":"product_tag-contactos-magneticos","9":"product_tag-hikvision","11":"first","12":"instock","13":"sale","14":"shipping-taxable","15":"purchasable","16":"product-type-simple"},"_links":{"self":[{"href":"https:\/\/soydeaqui.ddns.net\/pachuca\/index.php\/wp-json\/wp\/v2\/product\/2399","targetHints":{"allow":["GET"]}}],"collection":[{"href":"https:\/\/soydeaqui.ddns.net\/pachuca\/index.php\/wp-json\/wp\/v2\/product"}],"about":[{"href":"https:\/\/soydeaqui.ddns.net\/pachuca\/index.php\/wp-json\/wp\/v2\/types\/product"}],"replies":[{"embeddable":true,"href":"https:\/\/soydeaqui.ddns.net\/pachuca\/index.php\/wp-json\/wp\/v2\/comments?post=2399"}],"wp:featuredmedia":[{"embeddable":true,"href":"https:\/\/soydeaqui.ddns.net\/pachuca\/index.php\/wp-json\/wp\/v2\/media\/2398"}],"wp:attachment":[{"href":"https:\/\/soydeaqui.ddns.net\/pachuca\/index.php\/wp-json\/wp\/v2\/media?parent=2399"}],"wp:term":[{"taxonomy":"product_brand","embeddable":true,"href":"https:\/\/soydeaqui.ddns.net\/pachuca\/index.php\/wp-json\/wp\/v2\/product_brand?post=2399"},{"taxonomy":"product_cat","embeddable":true,"href":"https:\/\/soydeaqui.ddns.net\/pachuca\/index.php\/wp-json\/wp\/v2\/product_cat?post=2399"},{"taxonomy":"product_tag","embeddable":true,"href":"https:\/\/soydeaqui.ddns.net\/pachuca\/index.php\/wp-json\/wp\/v2\/product_tag?post=2399"}],"curies":[{"name":"wp","href":"https:\/\/api.w.org\/{rel}","templated":true}]}}