{"id":23946,"date":"2026-03-18T11:24:56","date_gmt":"2026-03-18T11:24:56","guid":{"rendered":"https:\/\/soydeaqui.ddns.net\/pachuca\/index.php\/producto\/seccion-para-puerta-de-garage-lisa-color-blanco-para-garage147-estilo-americana\/"},"modified":"2026-03-18T11:24:57","modified_gmt":"2026-03-18T11:24:57","slug":"seccion-para-puerta-de-garage-lisa-color-blanco-para-garage147-estilo-americana","status":"publish","type":"product","link":"https:\/\/soydeaqui.ddns.net\/pachuca\/index.php\/producto\/seccion-para-puerta-de-garage-lisa-color-blanco-para-garage147-estilo-americana\/","title":{"rendered":"Secci\u00f3n para puerta de Garage \/ Lisa \/ Color blanco \/ Para GARAGE147 \/ Estilo Americana."},"content":{"rendered":"<div style='width: 100%; max-width: 1200px; margin: 0 auto; font-family: sans-serif; line-height: 1.6; color: inherit; background-color: transparent;'> <!-- T\u00edtulo principal --> <\/p>\n<h2 style='font-size: 24px; margin-top: 0; margin-bottom: 15px; color: inherit; opacity: 0.9;'>Puerta Residencial de la serie GARAGE<\/h2>\n<p> <!-- Contenedor de secciones --> <\/p>\n<div style='display: flex; flex-wrap: wrap; gap: 30px; margin-bottom: 30px;'>\n<div style='flex: 1 1 300px; min-width: 280px;'>\n<div style='border-left: 5px solid #0091ff; border-radius: 5px; padding: 10px; background-color: rgba(150&comma; 150&comma; 150&comma; 0.05);'>\n<h3 style='font-size: 18px; margin-top: 0; margin-bottom: 15px; color: inherit; opacity: 0.8;'>Caracter\u00edsticas principales<\/h3>\n<ul style='padding-left: 20px; font-size: 15px; color: inherit; list-style-type: disc;'>\n<li style='margin-bottom: 10px;'>Las puertas de garage tipo americanas ofrecen una combinaci\u00f3n de gran belleza&comma; resistencia y eficiencia t\u00e9rmica.<\/li>\n<li style='margin-bottom: 10px;'>Rodamientos y herrajes de gran calidad&comma; para una operaci\u00f3n silenciosa y eficaz.<\/li>\n<li style='margin-bottom: 10px;'>Eficiencia t\u00e9rmica&comma; lo mejor en este tipo de puertas.<\/li>\n<\/ul><\/div>\n<\/p><\/div>\n<div style='flex: 1 1 300px; min-width: 280px;'>\n<div style='border-left: 5px solid #0091ff; border-radius: 5px; padding: 10px; background-color: rgba(150&comma; 150&comma; 150&comma; 0.05);'>\n<h3 style='font-size: 18px; margin-top: 0; margin-bottom: 15px; color: inherit; opacity: 0.8;'>Caracter\u00edsticas F\u00edsicas y El\u00e9ctricas<\/h3>\n<p style='font-size: 15px; color: inherit; margin: 0 0 15px;'> Las puertas de cochera o puertas para garage ascendentes AccessPro son de la m\u00e1s alta calidad. El panel de las puertas autom\u00e1ticas se fabrica en l\u00e1mina calibre 26&comma; con relleno poliuretano de alta densidad de 43 mm para brindar mayor rigidez y un aislamiento t\u00e9rmico y ac\u00fastico m\u00e1s eficiente. <\/p>\n<\/p><\/div>\n<\/p><\/div>\n<div style='flex: 1 1 300px; min-width: 280px;'>\n<div style='border-left: 5px solid #0091ff; border-radius: 5px; padding: 10px; background-color: rgba(150&comma; 150&comma; 150&comma; 0.05);'>\n<h3 style='font-size: 18px; margin-top: 0; margin-bottom: 15px; color: inherit; opacity: 0.8;'>Caracter\u00edsticas Destacadas<\/h3>\n<p style='font-size: 15px; color: inherit; margin: 0 0 15px;'> Puerta residencial rellena 43mm de poliuretano inyectado con una densidad de 45 kgs\/cbm. <\/p>\n<\/p><\/div>\n<\/p><\/div>\n<\/p><\/div>\n<p> <!-- Texto adicional --> <\/p>\n<div style='margin-bottom: 30px;'>\n<p style='font-size: 15px; color: inherit; margin: 0 0 15px;'> Encontrar\u00e1 la medida ideal para cualquier tipo de proyecto ya sea para remodelar o alguna nueva construcci\u00f3n. <\/p>\n<p style='font-size: 15px; color: inherit; margin: 0 0 15px;'> Evite que su garage enfr\u00ede su casa; al colocar una puerta de garaje insulada mantendr\u00e1 a temperatura c\u00e1lida a los cuartos aleda\u00f1os&comma; esto le ayudar\u00e1 a ahorrar en el consumo de energ\u00eda. <\/p>\n<\/p><\/div>\n<p> <!-- Nota importante --> <\/p>\n<div style='margin-bottom: 30px; padding: 15px; background-color: rgba(231&comma; 75&comma; 60&comma; 0.1); border-left: 4px solid #e74c3c; border-radius: 4px;'>\n<p style='font-size: 16px; color: #e74c3c; margin: 0; font-weight: bold;'> El modelo SECGAR147 incluye una secci\u00f3n compatible con la puerta GARAGE147 <\/p>\n<\/p><\/div>\n<p> <!-- Nota sobre composici\u00f3n --> <\/p>\n<div style='margin-bottom: 30px;'>\n<p style='font-size: 15px; color: inherit; margin: 0 0 15px;'> La puerta GARAGE147 se compone de 4 secciones de 21&#8242;. <\/p>\n<\/p><\/div>\n<p> <!-- Nota sobre motor --> <\/p>\n<div style='margin-bottom: 30px; padding: 15px; background-color: rgba(159&comma; 103&comma; 35&comma; 0.1); border-left: 4px solid #9f6723; border-radius: 4px;'>\n<p style='font-size: 15px; color: #9f6723; margin: 0;'> **No incluye el motor** <\/p>\n<\/p><\/div>\n<p> <!-- Galer\u00eda de im\u00e1genes --> <\/p>\n<div style='display: flex; flex-wrap: wrap; gap: 20px; margin-bottom: 30px;'>\n<div style='flex: 1 1 300px; min-width: 280px;'> <img style='width: 100%; height: auto; border: 1px solid rgba(150&comma;150&comma;150&comma;0.3); border-radius: 8px;' src='https:\/\/ftp3.syscom.mx\/usuarios\/mario.rodriguez\/PUERTADEGARAJE\/LR\/Captura14.PNG' alt=''> <\/p>\n<p style='font-size: 14px; color: inherit; text-align: center; margin-top: 8px; opacity: 0.7;'>Imagen de la puerta GARAGE147<\/p>\n<\/p><\/div>\n<div style='flex: 1 1 300px; min-width: 280px;'> <img style='width: 100%; height: auto; border: 1px solid rgba(150&comma;150&comma;150&comma;0.3); border-radius: 8px;' src='https:\/\/ftp3.syscom.mx\/usuarios\/mario.rodriguez\/PUERTADEGARAJE\/LR\/Captura9.PNG' alt=''> <\/p>\n<p style='font-size: 14px; color: inherit; text-align: center; margin-top: 8px; opacity: 0.7;'>Imagen del ensamble de las bisagras<\/p>\n<\/p><\/div>\n<div style='flex: 1 1 300px; min-width: 280px;'> <img style='width: 100%; height: auto; border: 1px solid rgba(150&comma;150&comma;150&comma;0.3); border-radius: 8px;' src='https:\/\/ftp3.syscom.mx\/usuarios\/mario.rodriguez\/PUERTADEGARAJE\/LR\/Captura11.PNG' alt=''> <\/p>\n<p style='font-size: 14px; color: inherit; text-align: center; margin-top: 8px; opacity: 0.7;'>Detalles de las secciones tipo sandwich<\/p>\n<\/p><\/div>\n<div style='flex: 1 1 300px; min-width: 280px;'> <img style='width: 100%; height: auto; border: 1px solid rgba(150&comma;150&comma;150&comma;0.3); border-radius: 8px;' src='https:\/\/ftp3.syscom.mx\/usuarios\/mario.rodriguez\/PUERTADEGARAJE\/LR\/Puerta1.PNG' alt=''> <\/p>\n<p style='font-size: 14px; color: inherit; text-align: center; margin-top: 8px; opacity: 0.7;'>Vista frontal de la puerta<\/p>\n<\/p><\/div>\n<div style='flex: 1 1 300px; min-width: 280px;'> <img style='width: 100%; height: auto; border: 1px solid rgba(150&comma;150&comma;150&comma;0.3); border-radius: 8px;' src='https:\/\/ftp3.syscom.mx\/usuarios\/mario.rodriguez\/PUERTADEGARAJE\/LR\/Puerta2.PNG' alt=''> <\/p>\n<p style='font-size: 14px; color: inherit; text-align: center; margin-top: 8px; opacity: 0.7;'>Detalles de construcci\u00f3n<\/p>\n<\/p><\/div>\n<\/p><\/div>\n<\/p><\/div>\n","protected":false},"excerpt":{"rendered":"<p>Secci\u00f3n para puerta de Garage \/ Lisa \/ Color blanco \/ Para GARAGE147 \/ Estilo Americana.<\/p>\n","protected":false},"featured_media":23945,"comment_status":"open","ping_status":"closed","template":"","meta":[],"product_brand":[],"product_cat":[400],"product_tag":[401,234,402],"class_list":{"0":"post-23946","1":"product","2":"type-product","3":"status-publish","4":"has-post-thumbnail","6":"product_cat-puertas-de-garage","7":"product_tag-acceso-vehicular","8":"product_tag-accesspro","9":"product_tag-puertas-de-garage","11":"first","12":"outofstock","13":"sale","14":"shipping-taxable","15":"purchasable","16":"product-type-simple"},"_links":{"self":[{"href":"https:\/\/soydeaqui.ddns.net\/pachuca\/index.php\/wp-json\/wp\/v2\/product\/23946","targetHints":{"allow":["GET"]}}],"collection":[{"href":"https:\/\/soydeaqui.ddns.net\/pachuca\/index.php\/wp-json\/wp\/v2\/product"}],"about":[{"href":"https:\/\/soydeaqui.ddns.net\/pachuca\/index.php\/wp-json\/wp\/v2\/types\/product"}],"replies":[{"embeddable":true,"href":"https:\/\/soydeaqui.ddns.net\/pachuca\/index.php\/wp-json\/wp\/v2\/comments?post=23946"}],"wp:featuredmedia":[{"embeddable":true,"href":"https:\/\/soydeaqui.ddns.net\/pachuca\/index.php\/wp-json\/wp\/v2\/media\/23945"}],"wp:attachment":[{"href":"https:\/\/soydeaqui.ddns.net\/pachuca\/index.php\/wp-json\/wp\/v2\/media?parent=23946"}],"wp:term":[{"taxonomy":"product_brand","embeddable":true,"href":"https:\/\/soydeaqui.ddns.net\/pachuca\/index.php\/wp-json\/wp\/v2\/product_brand?post=23946"},{"taxonomy":"product_cat","embeddable":true,"href":"https:\/\/soydeaqui.ddns.net\/pachuca\/index.php\/wp-json\/wp\/v2\/product_cat?post=23946"},{"taxonomy":"product_tag","embeddable":true,"href":"https:\/\/soydeaqui.ddns.net\/pachuca\/index.php\/wp-json\/wp\/v2\/product_tag?post=23946"}],"curies":[{"name":"wp","href":"https:\/\/api.w.org\/{rel}","templated":true}]}}