{"id":23936,"date":"2026-03-18T11:24:47","date_gmt":"2026-03-18T11:24:47","guid":{"rendered":"https:\/\/soydeaqui.ddns.net\/pachuca\/index.php\/producto\/operador-faac-844-trifasico-para-puertas-corredizas-de-hasta-1600-kg-y-40-metros-voltaje-de-operacion-220v\/"},"modified":"2026-03-18T11:24:48","modified_gmt":"2026-03-18T11:24:48","slug":"operador-faac-844-trifasico-para-puertas-corredizas-de-hasta-1600-kg-y-40-metros-voltaje-de-operacion-220v","status":"publish","type":"product","link":"https:\/\/soydeaqui.ddns.net\/pachuca\/index.php\/producto\/operador-faac-844-trifasico-para-puertas-corredizas-de-hasta-1600-kg-y-40-metros-voltaje-de-operacion-220v\/","title":{"rendered":"Operador FAAC 844 Trifasico Para Puertas Corredizas de Hasta 1600 Kg y 40 Metros  \/ Voltaje de Operaci\u00f3n 220V"},"content":{"rendered":"<div style='width: 100%; max-width: 1200px; margin: 0 auto; font-family: sans-serif; line-height: 1.6; color: inherit;'>\n<div style='display: flex; flex-wrap: wrap; gap: 30px; margin-bottom: 30px;'>\n<div style='flex: 1 1 300px; min-width: 280px;'>\n<h3 style='font-size: 22px; border-bottom: 2px solid currentColor; padding-bottom: 5px; margin-top: 0; color: inherit; opacity: 0.8;'>Caracter\u00edsticas principales<\/h3>\n<ul style='padding-left: 20px; font-size: 15px; color: inherit;'>\n<li style='margin-bottom: 5px;'>Peso m\u00e1ximo soportado 1600 kg<\/li>\n<li style='margin-bottom: 5px;'>Longitud m\u00e1xima de la hoja 40 m<\/li>\n<li style='margin-bottom: 5px;'>Equipo de uso intensivo operaci\u00f3n del 70%<\/li>\n<\/ul><\/div>\n<div style='flex: 1 1 300px; min-width: 280px;'>\n<h3 style='font-size: 22px; border-bottom: 2px solid currentColor; padding-bottom: 5px; margin-top: 0; color: inherit; opacity: 0.8;'>Caracter\u00edsticas F\u00edsicas y El\u00e9ctricas<\/h3>\n<ul style='padding-left: 20px; font-size: 15px; color: inherit;'>\n<li style='margin-bottom: 5px;'>Voltaje de operaci\u00f3n 220V<\/li>\n<li style='margin-bottom: 5px;'>Potencia m\u00e1xima 650W<\/li>\n<li style='margin-bottom: 5px;'>Fuerza m\u00e1xima de empuje 1900N<\/li>\n<\/ul><\/div>\n<div style='flex: 1 1 300px; min-width: 280px;'>\n<h3 style='font-size: 22px; border-bottom: 2px solid currentColor; padding-bottom: 5px; margin-top: 0; color: inherit; opacity: 0.8;'>Caracter\u00edsticas Destacadas<\/h3>\n<ul style='padding-left: 20px; font-size: 15px; color: inherit;'>\n<li style='margin-bottom: 5px;'>Final de carrera inductivo<\/li>\n<li style='margin-bottom: 5px;'>Protecci\u00f3n t\u00e9rmica a 135\u00b0C<\/li>\n<li style='margin-bottom: 5px;'>Embrague de disco dual en ba\u00f1o de aceite.<\/li>\n<\/ul><\/div>\n<\/p><\/div>\n<hr style='border: 0; border-top: 1px solid rgba(150&comma; 150&comma; 150&comma; 0.3); margin: 30px 0;'>\n<div style='display: flex; flex-wrap: wrap; gap: 30px; margin-bottom: 30px;'>\n<div style='flex: 1 1 300px; min-width: 280px;'>\n<h3 style='font-size: 22px; border-bottom: 2px solid currentColor; padding-bottom: 5px; margin-top: 0; color: inherit; opacity: 0.8;'>Caracter\u00edsticas adicionales<\/h3>\n<ul style='padding-left: 20px; font-size: 15px; color: inherit;'>\n<li style='margin-bottom: 5px;'>Finales de carrera inductivos sin contacto.<\/li>\n<li style='margin-bottom: 5px;'>Velocidad de desplazamiento 9.5 m\/min (Con pi\u00f1\u00f3n Z16)<\/li>\n<li style='margin-bottom: 5px;'>Embrague de doble disco ba\u00f1ado en aceite<\/li>\n<li style='margin-bottom: 5px;'>Requiere cremallera modulo #4 (No incluida)<\/li>\n<li style='margin-bottom: 5px;'>Cremallera recomendada <strong>1140-0510-001<\/strong> (Se vende por tramos de dos metros).<\/li>\n<\/ul><\/div>\n<div style='flex: 1 1 300px; min-width: 280px;'>\n<h3 style='font-size: 22px; border-bottom: 2px solid currentColor; padding-bottom: 5px; margin-top: 0; color: inherit; opacity: 0.8;'>Notas adicionales<\/h3>\n<ul style='padding-left: 20px; font-size: 15px; color: inherit;'>\n<li style='margin-bottom: 5px;'>Equipo con un a\u00f1o de garant\u00eda contra defectos de fabricaci\u00f3n<\/li>\n<li style='margin-bottom: 5px;'>No incluye tarjeta electr\u00f3nica ni pi\u00f1\u00f3n&comma; se adquieren por separado.<\/li>\n<\/ul><\/div>\n<div style='flex: 1 1 300px; min-width: 280px;'>\n<h3 style='font-size: 22px; border-bottom: 2px solid currentColor; padding-bottom: 5px; margin-top: 0; color: inherit; opacity: 0.8;'>Accesorios requeridos para instalaci\u00f3n<\/h3>\n<ul style='padding-left: 20px; font-size: 15px; color: inherit;'>\n<li style='margin-bottom: 5px;'><strong>109900<\/strong> Operador FAAC 844 R 220V Trif\u00e1sico<\/li>\n<li style='margin-bottom: 5px;'><strong>202073<\/strong> Tarjeta electr\u00f3nica Platine E844 Trif\u00e1sica<\/li>\n<li style='margin-bottom: 5px;'><strong>719130<\/strong> Pi\u00f1\u00f3n Z16 para operadores FAAC 844<\/li>\n<li style='margin-bottom: 5px;'><strong>720119<\/strong> Contenedor para tarjeta electr\u00f3nica<\/li>\n<li style='margin-bottom: 5px;'><strong>1140-0510-001<\/strong> Cremallera m\u00f3dulo 4 para puertas corredizas <strong>(Se vende por tramos de 2 metros)<\/strong><\/li>\n<\/ul><\/div>\n<div style='flex: 1 1 300px; min-width: 280px;'>\n<h3 style='font-size: 22px; border-bottom: 2px solid currentColor; padding-bottom: 5px; margin-top: 0; color: inherit; opacity: 0.8;'>Accesorios adicionales para utilizar<\/h3>\n<ul style='padding-left: 20px; font-size: 15px; color: inherit;'>\n<li style='margin-bottom: 5px;'><strong>XBSSW01<\/strong> Botonera triple de uso rudo para equipos de acceso vehicular<\/li>\n<li style='margin-bottom: 5px;'><strong>785102<\/strong> Fotocelda infrarroja XP20D con alcance de hasta 20 metros<\/li>\n<li style='margin-bottom: 5px;'><strong>410029<\/strong> Lampara preventiva para motores FAAC corredizos y abatibles<\/li>\n<li style='margin-bottom: 5px;'><strong>787856<\/strong> Receptor FAAC para controles remotos<\/li>\n<li style='margin-bottom: 5px;'><strong>787456<\/strong> Control remoto FAAC de 4 botones.<\/li>\n<\/ul><\/div>\n<div style='flex: 1 1 300px; min-width: 280px;'> <img style='width: 100%; height: auto; border: 1px solid rgba(150&comma;150&comma;150&comma;0.3); border-radius: 8px;' src='https:\/\/ftp3.syscom.mx\/usuarios\/fotos\/109837\/192293-faac_844.png' alt='Operador FAAC 844'> <\/div>\n<\/p><\/div>\n<hr style='border: 0; border-top: 1px solid rgba(150&comma; 150&comma; 150&comma; 0.3); margin: 30px 0;'> <\/div>\n","protected":false},"excerpt":{"rendered":"<p>Operador FAAC 844 Trifasico Para Puertas Corredizas de Hasta 1600 Kg y 40 Metros  \/ Voltaje de Operaci\u00f3n 220V<\/p>\n","protected":false},"featured_media":23935,"comment_status":"open","ping_status":"closed","template":"","meta":[],"product_brand":[],"product_cat":[860],"product_tag":[401,778,861],"class_list":{"0":"post-23936","1":"product","2":"type-product","3":"status-publish","4":"has-post-thumbnail","6":"product_cat-puertas-corredizas","7":"product_tag-acceso-vehicular","8":"product_tag-faac","9":"product_tag-puertas-corredizas","11":"first","12":"outofstock","13":"sale","14":"shipping-taxable","15":"purchasable","16":"product-type-simple"},"_links":{"self":[{"href":"https:\/\/soydeaqui.ddns.net\/pachuca\/index.php\/wp-json\/wp\/v2\/product\/23936","targetHints":{"allow":["GET"]}}],"collection":[{"href":"https:\/\/soydeaqui.ddns.net\/pachuca\/index.php\/wp-json\/wp\/v2\/product"}],"about":[{"href":"https:\/\/soydeaqui.ddns.net\/pachuca\/index.php\/wp-json\/wp\/v2\/types\/product"}],"replies":[{"embeddable":true,"href":"https:\/\/soydeaqui.ddns.net\/pachuca\/index.php\/wp-json\/wp\/v2\/comments?post=23936"}],"wp:featuredmedia":[{"embeddable":true,"href":"https:\/\/soydeaqui.ddns.net\/pachuca\/index.php\/wp-json\/wp\/v2\/media\/23935"}],"wp:attachment":[{"href":"https:\/\/soydeaqui.ddns.net\/pachuca\/index.php\/wp-json\/wp\/v2\/media?parent=23936"}],"wp:term":[{"taxonomy":"product_brand","embeddable":true,"href":"https:\/\/soydeaqui.ddns.net\/pachuca\/index.php\/wp-json\/wp\/v2\/product_brand?post=23936"},{"taxonomy":"product_cat","embeddable":true,"href":"https:\/\/soydeaqui.ddns.net\/pachuca\/index.php\/wp-json\/wp\/v2\/product_cat?post=23936"},{"taxonomy":"product_tag","embeddable":true,"href":"https:\/\/soydeaqui.ddns.net\/pachuca\/index.php\/wp-json\/wp\/v2\/product_tag?post=23936"}],"curies":[{"name":"wp","href":"https:\/\/api.w.org\/{rel}","templated":true}]}}