{"id":23927,"date":"2026-03-18T11:24:39","date_gmt":"2026-03-18T11:24:39","guid":{"rendered":"https:\/\/soydeaqui.ddns.net\/pachuca\/index.php\/producto\/tarjeta-para-migraciones-dual-seos-essential-y-prox\/"},"modified":"2026-03-18T11:24:39","modified_gmt":"2026-03-18T11:24:39","slug":"tarjeta-para-migraciones-dual-seos-essential-y-prox","status":"publish","type":"product","link":"https:\/\/soydeaqui.ddns.net\/pachuca\/index.php\/producto\/tarjeta-para-migraciones-dual-seos-essential-y-prox\/","title":{"rendered":"Tarjeta para Migraciones \/  DUAL\/ SEOS ESSENTIAL Y PROX"},"content":{"rendered":"<div style='width: 100%; max-width: 1200px; margin: 0 auto; font-family: sans-serif; line-height: 1.6; color: inherit; background-color: transparent;'> <!-- Caracter\u00edsticas --> <\/p>\n<div style='display: flex; flex-wrap: wrap; gap: 30px; margin-bottom: 30px;'>\n<div style='flex: 1 1 300px; min-width: 280px;'>\n<h3 style='font-size: 22px; border-bottom: 2px solid currentColor; padding-bottom: 5px; margin-top: 0; color: inherit; opacity: 0.8;'>Caracter\u00edsticas<\/h3>\n<ul style='padding-left: 20px; font-size: 15px; color: inherit;'>\n<li style='margin-bottom: 5px;'>Tarjeta DUAL: Tecnolog\u00eda SEGURA SEOS + PROX HID<\/li>\n<li style='margin-bottom: 5px;'>Frecuencia: 13.56 Mhz \/ 125 Khz<\/li>\n<li style='margin-bottom: 5px;'>Imprimible por ambos lados<\/li>\n<li style='margin-bottom: 5px;'>Elaborada en PVC&comma; para m\u00e1s resistencia al uso cotidiano<\/li>\n<li style='margin-bottom: 5px;'>El m\u00ednimo de orden es 100 pzs<\/li>\n<li style='margin-bottom: 5px;'><strong style='color: inherit;'>Es <em style='color: inherit;'>indispensable<\/em> para ordenar indicar formato&comma; c\u00f3digo de sitio&comma; consecutivo de tarjeta. Por favor llenar el siguiente <a style='color: #005cb9; text-decoration: none;' href='https:\/\/ftp3.syscom.mx\/usuarios\/ftp\/2021\/05\/04\/4ba4d\/FOR%208.4%20025%20CMP%20Formato%20para%20solicitud%20de%20tarjetas%20REV.%20002.docx' target='_blank' rel='noopener'>FORMULARIO<\/a><\/strong><\/li>\n<li style='margin-bottom: 5px;'>Dimensiones: 5.4 x 8.6 x 0.076 mm<\/li>\n<li style='margin-bottom: 5px;'>Garant\u00eda de por Vida<\/li>\n<li style='margin-bottom: 5px;'><strong style='color: inherit;'>Para perforar debe tener en cuenta lo siguiente: <\/strong>Las ubicaciones de perforaci\u00f3n disponibles est\u00e1n marcadas por 3 puntos en la parte posterior de la tarjeta. Si los puntos no est\u00e1n presentes&comma; la tarjeta no se puede perforar con seguridad.<\/li>\n<\/ul><\/div>\n<\/p><\/div>\n<p> <!-- Notas importantes --> <\/p>\n<div style='display: flex; flex-wrap: wrap; gap: 30px; margin-bottom: 30px;'>\n<div style='flex: 1 1 300px; min-width: 280px;'>\n<h3 style='font-size: 22px; border-bottom: 2px solid currentColor; padding-bottom: 5px; margin-top: 0; color: inherit; opacity: 0.8;'>NOTAS IMPORTANTES DE ESTA TARJETA<\/h3>\n<ul style='padding-left: 20px; font-size: 15px; color: inherit;'>\n<li style='margin-bottom: 5px;'>Esta tarjeta est\u00e1 dise\u00f1ada para proyectos de migraci\u00f3n donde se tiene tarjetas de PROXIMIDAD HID y se desea migrar paulatinamente a SEOS a trav\u00e9s de lectores multiformato SIGNO HID<\/li>\n<li style='margin-bottom: 5px;'>Su venta est\u00e1 condicionada a indicar el <strong style='color: inherit;'>nombre del proyecto<\/strong> para el cual se realizar\u00e1 la migraci\u00f3n con este precio disponible hasta Diciembre de 2021<\/li>\n<\/ul><\/div>\n<\/p><\/div>\n<p> <!-- C\u00f3mo comprar tarjetas HID --> <\/p>\n<div style='display: flex; flex-wrap: wrap; gap: 30px; margin-bottom: 30px;'>\n<div style='flex: 1 1 300px; min-width: 280px;'>\n<h3 style='font-size: 22px; border-bottom: 2px solid currentColor; padding-bottom: 5px; margin-top: 0; color: inherit; opacity: 0.8;'>\u00bfC\u00f3mo comprar tarjetas HID?<\/h3>\n<p style='margin-bottom: 15px; font-size: 15px; color: inherit;'>Todas las tarjetas de HID son de programaci\u00f3n personalizadas por lo que es necesario proporcionar informaci\u00f3n adicional.<\/p>\n<ul style='padding-left: 20px; font-size: 15px; color: inherit;'>\n<li style='margin-bottom: 5px;'>Es <strong style='color: inherit;'>indispensable<\/strong> para procesar cualquier orden de compra<\/li>\n<li style='margin-bottom: 5px;'>Para formatos abiertos:\n<ul style='padding-left: 20px; margin-top: 5px;'>\n<li style='margin-bottom: 5px;'><strong style='color: inherit;'>Formato:<\/strong> Confirmar que es H10301&comma; es decir&comma; 26 bits<\/li>\n<li style='margin-bottom: 5px;'><strong style='color: inherit;'>C\u00f3digo de sitio<\/strong> (Site Code \/ Facility Code): (0 a 255&comma; si es formato 26 bits H10301)<\/li>\n<li style='margin-bottom: 5px;'><strong style='color: inherit;'>Consecutivo<\/strong> (rango): La numeraci\u00f3n que tendr\u00e1n las tarjetas (Entre 0-65535 si es a 26 bits H10301)<\/li>\n<li style='margin-bottom: 5px;'>Se puede llenar el siguiente <a style='color: #005cb9; text-decoration: none;' href='https:\/\/ftp3.syscom.mx\/usuarios\/ftp\/2021\/05\/04\/4ba4d\/FOR%208.4%20025%20CMP%20Formato%20para%20solicitud%20de%20tarjetas%20REV.%20002.docx' target='_blank' rel='noopener'>formulario<\/a> y enviarlo a su ejecutivo de ventas para procesar su solicitud<\/li>\n<\/ul>\n<\/li>\n<\/ul>\n<ul style='padding-left: 20px; font-size: 15px; color: inherit;'>\n<li style='margin-bottom: 5px; background-color: rgba(241&comma; 196&comma; 15&comma; 0.3); padding: 10px; border-radius: 4px;'><strong style='color: inherit;'>Todas las compras de este modelo a trav\u00e9s de este portal est\u00e1n sujetas al env\u00edo de la informaci\u00f3n indispensable para procesar la compra<\/strong><\/li>\n<\/ul><\/div>\n<\/p><\/div>\n<p> <!-- Corporate 1000 --> <\/p>\n<div style='display: flex; flex-wrap: wrap; gap: 30px; margin-bottom: 30px;'>\n<div style='flex: 1 1 300px; min-width: 280px;'>\n<h3 style='font-size: 22px; border-bottom: 2px solid currentColor; padding-bottom: 5px; margin-top: 0; color: inherit; opacity: 0.8;'>Conozca que es <a style='color: #005cb9; text-decoration: none;' href='http:\/\/ftp3.syscom.mx\/usuarios\/ftp\/2017\/09\/08\/ae5a5\/corporate1000_ds_es.pdf' target='_blank' rel='noopener'>Corporate 1000<\/a><\/h3>\n<ul style='padding-left: 20px; font-size: 15px; color: inherit;'>\n<li style='margin-bottom: 5px;'>Agregue un formato controlado por el usuario<\/li>\n<li style='margin-bottom: 5px;'>Disponible en SYSCOM a 48 bits<\/li>\n<li style='margin-bottom: 5px;'>Para formatos Corporate 1000 es necesario llenar una documentaci\u00f3n adicional al momento de la compra:\n<ul style='padding-left: 20px; margin-top: 5px;'>\n<li style='margin-bottom: 5px;'>Nuevos proyecto: <a style='color: #005cb9; text-decoration: none;' href='http:\/\/ftp3.syscom.mx\/usuarios\/ftp\/2017\/09\/15\/96cc8\/Corporate_1000_nuevo.pdf' target='_blank' rel='noopener'>Solicitud<\/a> <a style='color: #005cb9; text-decoration: none;' href='http:\/\/ftp3.syscom.mx\/usuarios\/ftp\/2018\/01\/16\/6a208\/Credential_Program_License_Agreement%20(1).pdf' target='_blank' rel='noopener'>Credential Program<\/a><\/li>\n<li style='margin-bottom: 5px;'><a style='color: #005cb9; text-decoration: none;' href='http:\/\/ftp3.syscom.mx\/usuarios\/ftp\/2017\/09\/15\/e939a\/Corporate_1000_existente.pdf' target='_top'>Proyectos existentes<\/a><\/li>\n<\/ul>\n<\/li>\n<li style='margin-bottom: 5px;'>Debe considerarse un <strong style='color: inherit;'>costo adicional<\/strong> cuando se solicita este formato Corporativo&comma; al precio de lista de la tarjeta agregar el modelo <a style='color: #005cb9; text-decoration: none;' href='https:\/\/www.syscom.mx\/principal\/searchcont?route=MC-1000-HID-156476&#038;autodetect=mc100'>MC-1000<\/a> correspondiente a un cargo por tarjeta por programar en C1000<\/li>\n<\/ul><\/div>\n<\/p><\/div>\n<p> <!-- Separador --> <\/p>\n<hr style='border: 0; border-top: 1px solid rgba(150&comma; 150&comma; 150&comma; 0.3); margin: 30px 0;'> <!-- Imprimir tarjetas --> <\/p>\n<div style='display: flex; flex-wrap: wrap; gap: 30px; margin-bottom: 30px;'>\n<div style='flex: 1 1 300px; min-width: 280px;'>\n<h3 style='font-size: 22px; border-bottom: 2px solid currentColor; padding-bottom: 5px; margin-top: 0; color: inherit; opacity: 0.8;'>\u00bfCon qu\u00e9 va a imprimir sus tarjetas?<\/h3>\n<p style='margin-bottom: 15px; font-size: 15px; color: inherit;'>Mayor informaci\u00f3n <a style='color: #005cb9; text-decoration: none;' href='https:\/\/www.syscom.mx\/principal\/listadoportadasazul\/control-de-acceso-credencializacion-434.html'>aqu\u00ed<\/a><\/p>\n<\/p><\/div>\n<\/p><\/div>\n<p> <!-- Producto sobre pedido --> <\/p>\n<div style='display: flex; flex-wrap: wrap; gap: 30px; margin-bottom: 30px;'>\n<div style='flex: 1 1 300px; min-width: 280px;'>\n<p style='margin: 0; padding: 15px; background-color: rgba(255&comma; 165&comma; 0&comma; 0.1); border-left: 4px solid #ffa500; color: inherit; font-weight: bold;'>Producto sobre pedido<\/p>\n<\/p><\/div>\n<\/p><\/div>\n<\/p><\/div>\n","protected":false},"excerpt":{"rendered":"<p>Tarjeta para Migraciones \/  DUAL\/ SEOS ESSENTIAL Y PROX<\/p>\n","protected":false},"featured_media":23926,"comment_status":"open","ping_status":"closed","template":"","meta":[],"product_brand":[],"product_cat":[469],"product_tag":[93,814,470],"class_list":{"0":"post-23927","1":"product","2":"type-product","3":"status-publish","4":"has-post-thumbnail","6":"product_cat-tarjetas-y-tags","7":"product_tag-accesorios","8":"product_tag-hid","9":"product_tag-tarjetas-y-tags","11":"first","12":"outofstock","13":"sale","14":"shipping-taxable","15":"purchasable","16":"product-type-simple"},"_links":{"self":[{"href":"https:\/\/soydeaqui.ddns.net\/pachuca\/index.php\/wp-json\/wp\/v2\/product\/23927","targetHints":{"allow":["GET"]}}],"collection":[{"href":"https:\/\/soydeaqui.ddns.net\/pachuca\/index.php\/wp-json\/wp\/v2\/product"}],"about":[{"href":"https:\/\/soydeaqui.ddns.net\/pachuca\/index.php\/wp-json\/wp\/v2\/types\/product"}],"replies":[{"embeddable":true,"href":"https:\/\/soydeaqui.ddns.net\/pachuca\/index.php\/wp-json\/wp\/v2\/comments?post=23927"}],"wp:featuredmedia":[{"embeddable":true,"href":"https:\/\/soydeaqui.ddns.net\/pachuca\/index.php\/wp-json\/wp\/v2\/media\/23926"}],"wp:attachment":[{"href":"https:\/\/soydeaqui.ddns.net\/pachuca\/index.php\/wp-json\/wp\/v2\/media?parent=23927"}],"wp:term":[{"taxonomy":"product_brand","embeddable":true,"href":"https:\/\/soydeaqui.ddns.net\/pachuca\/index.php\/wp-json\/wp\/v2\/product_brand?post=23927"},{"taxonomy":"product_cat","embeddable":true,"href":"https:\/\/soydeaqui.ddns.net\/pachuca\/index.php\/wp-json\/wp\/v2\/product_cat?post=23927"},{"taxonomy":"product_tag","embeddable":true,"href":"https:\/\/soydeaqui.ddns.net\/pachuca\/index.php\/wp-json\/wp\/v2\/product_tag?post=23927"}],"curies":[{"name":"wp","href":"https:\/\/api.w.org\/{rel}","templated":true}]}}