{"id":23925,"date":"2026-03-18T11:24:37","date_gmt":"2026-03-18T11:24:37","guid":{"rendered":"https:\/\/soydeaqui.ddns.net\/pachuca\/index.php\/producto\/operador-subterraneo-hidraulico-s800-115v-para-puertas-abatibles-de-hasta-2-metros\/"},"modified":"2026-03-18T11:24:38","modified_gmt":"2026-03-18T11:24:38","slug":"operador-subterraneo-hidraulico-s800-115v-para-puertas-abatibles-de-hasta-2-metros","status":"publish","type":"product","link":"https:\/\/soydeaqui.ddns.net\/pachuca\/index.php\/producto\/operador-subterraneo-hidraulico-s800-115v-para-puertas-abatibles-de-hasta-2-metros\/","title":{"rendered":"Operador Subterraneo Hidr\u00e1ulico S800 115V Para Puertas Abatibles de Hasta 2 Metros"},"content":{"rendered":"<div style='width: 100%; max-width: 1200px; margin: 0 auto; font-family: sans-serif; line-height: 1.6; color: inherit; background-color: transparent;'> <!-- Secci\u00f3n de caracter\u00edsticas en 3 columnas --> <\/p>\n<div style='display: flex; flex-wrap: wrap; gap: 20px; margin-bottom: 30px;'>\n<div style='flex: 1 1 300px; min-width: 280px;'>\n<div style='border-left: 5px solid #0091ff; border-radius: 5px; padding: 15px; box-shadow: 2px 2px 10px rgba(216&comma;216&comma;216&comma;0.4);'> <strong style='font-size: 16px; display: block; margin-bottom: 10px; color: inherit;'>Caracter\u00edsticas principales:<\/strong> <\/p>\n<ul style='padding-left: 20px; margin: 0; font-size: 14px; color: inherit;'>\n<li style='margin-bottom: 5px;'>Equipo subterr\u00e1neo para puertas abatibles<\/li>\n<li style='margin-bottom: 5px;'>Para puertas de hasta 800 kg<\/li>\n<li style='margin-bottom: 5px;'>Frecuencia de 45 ciclos por hora<\/li>\n<\/ul><\/div>\n<\/p><\/div>\n<div style='flex: 1 1 300px; min-width: 280px;'>\n<div style='border-left: 5px solid #0091ff; border-radius: 5px; padding: 15px; box-shadow: 2px 2px 10px rgba(216&comma;216&comma;216&comma;0.4);'> <strong style='font-size: 16px; display: block; margin-bottom: 10px; color: inherit;'>Caracter\u00edsticas F\u00edsicas y El\u00e9ctricas:<\/strong> <\/p>\n<ul style='padding-left: 20px; margin: 0; font-size: 14px; color: inherit;'>\n<li style='margin-bottom: 5px;'>Voltaje de alimentaci\u00f3n 115V<\/li>\n<li style='margin-bottom: 5px;'>Potencia m\u00e1xima de 220W<\/li>\n<li style='margin-bottom: 5px;'>Grado de protecci\u00f3n IP67<\/li>\n<\/ul><\/div>\n<\/p><\/div>\n<div style='flex: 1 1 300px; min-width: 280px;'>\n<div style='border-left: 5px solid #0091ff; border-radius: 5px; padding: 15px; box-shadow: 2px 2px 10px rgba(216&comma;216&comma;216&comma;0.4);'> <strong style='font-size: 16px; display: block; margin-bottom: 10px; color: inherit;'>Caracter\u00edsticas Destacadas:<\/strong> <\/p>\n<ul style='padding-left: 20px; margin: 0; font-size: 14px; color: inherit;'>\n<li style='margin-bottom: 5px;'>Velocidad angular m\u00e1xima 7.8 \u00b0\/s<\/li>\n<li style='margin-bottom: 5px;'>Temperatura de operaci\u00f3n -20 a 55\u00b0C<\/li>\n<li style='margin-bottom: 5px;'>Dimensiones del operador 380 x 220 x 160 mm<\/li>\n<\/ul><\/div>\n<\/p><\/div>\n<\/p><\/div>\n<p> <!-- Separador --> <\/p>\n<hr style='border: 0; border-top: 1px solid rgba(150&comma; 150&comma; 150&comma; 0.3); margin: 30px 0;'> <!-- Secci\u00f3n de contenido principal --> <\/p>\n<div style='display: flex; flex-wrap: wrap; gap: 30px; margin-bottom: 30px;'>\n<div style='flex: 1 1 400px; min-width: 280px;'>\n<h3 style='font-size: 20px; margin-top: 0; color: inherit; opacity: 0.8;'>Operador hidr\u00e1ulico subterr\u00e1neo S800 a 115V<\/h3>\n<h3 style='font-size: 20px; margin-top: 0; color: inherit; opacity: 0.8;'>\u00bfQue accesorios necesito para una instalaci\u00f3n de una hoja?<\/h3>\n<ul style='padding-left: 20px; margin: 0; font-size: 14px; color: inherit;'>\n<li style='margin-bottom: 5px;'><strong>1 x 108804<\/strong> Operador subterr\u00e1neo hidr\u00e1ulico S800 a 115V<\/li>\n<li style='margin-bottom: 5px;'><strong>1 x 790919<\/strong> Tarjeta electr\u00f3nica FAAC 455D<\/li>\n<li style='margin-bottom: 5px;'><strong>1 x 720119<\/strong> Contenedor para tarjeta FAAC 455D<\/li>\n<li style='margin-bottom: 5px;'><strong>1 x 490112<\/strong> Caja para operador S800<\/li>\n<li style='margin-bottom: 5px;'><strong>1 x 390972<\/strong> Junta para operador S800<\/li>\n<li style='margin-bottom: 5px;'><strong>1 x 76012625<\/strong> Capacitor de arranque<\/li>\n<li style='margin-bottom: 5px;'><strong>1 x 712650<\/strong> Electrocerradura FAAC<\/li>\n<li style='margin-bottom: 5px;'><strong>1 x 712651001<\/strong> Cilindro interno para electrocerradura FAAC<\/li>\n<li style='margin-bottom: 5px;'><strong>1 x 712652001<\/strong> Cilindro externo para electrocerradura FAAC<\/li>\n<\/ul>\n<h3 style='font-size: 18px; margin-top: 25px; margin-bottom: 15px; color: inherit; opacity: 0.8;'>Notas adicionales<\/h3>\n<ul style='padding-left: 20px; margin: 0; font-size: 14px; color: inherit;'>\n<li style='margin-bottom: 5px;'>Equipo con un a\u00f1o de garant\u00eda contra defectos de fabricaci\u00f3n.<\/li>\n<\/ul><\/div>\n<div style='flex: 1 1 400px; min-width: 280px;'> <img style='width: 100%; height: auto; border: 1px solid rgba(150&comma;150&comma;150&comma;0.3); border-radius: 8px;' src='https:\/\/ftp3.syscom.mx\/usuarios\/fotos\/108804\/202597-108800_faac.jpg' alt='Operador hidr\u00e1ulico subterr\u00e1neo S800'> <\/div>\n<\/p><\/div>\n<p> <!-- Separador --> <\/p>\n<hr style='border: 0; border-top: 1px solid rgba(150&comma; 150&comma; 150&comma; 0.3); margin: 30px 0;'> <!-- Secci\u00f3n de kits adicionales --> <\/p>\n<div style='text-align: center; margin-bottom: 30px;'>\n<h3 style='font-size: 18px; margin: 0 0 15px; color: inherit; opacity: 0.8;'>Para aplicaciones de dos hojas tenemos el kit<\/h3>\n<p> <span style='color: #2880b9; font-size: 16px;'>FAAC-S800-CBAC<\/span> <\/div>\n<p> <!-- Separador --> <\/p>\n<hr style='border: 0; border-top: 1px solid rgba(150&comma; 150&comma; 150&comma; 0.3); margin: 30px 0;'> <!-- Secci\u00f3n de accesorios adicionales --> <\/p>\n<div style='text-align: center; margin-bottom: 30px;'>\n<h3 style='font-size: 18px; margin: 0 0 15px; color: inherit; opacity: 0.8;'>\u00bfQu\u00e9 accesorios puedo agregar para mi instalaci\u00f3n?<\/h3>\n<p style='margin: 8px 0;'><strong>785102<\/strong> Fotocelda infrarroja FAAC XP20D con alcance de hasta 20 metros<\/p>\n<p style='margin: 8px 0;'><strong>787856<\/strong> Receptor de frecuencia FAAC RP1<\/p>\n<p style='margin: 8px 0;'><strong>787456<\/strong> Control remoto inal\u00e1mbrico FAAC XT4 de 4 canales<\/p>\n<p style='margin: 8px 0;'><strong>XBSSW01<\/strong> Botonera triple de uso rudo para aplicaciones de acceso vehicular<\/p>\n<p style='margin: 8px 0;'><strong>410029<\/strong> L\u00e1mpara preventiva FAAC para motores corredizos y abatibles<\/p>\n<p style='margin: 8px 0;'><strong>712650<\/strong> Electrocerradura FAAC para puertas abatibles (Requiere cilindros)<\/p>\n<\/p><\/div>\n<p> <!-- Separador --> <\/p>\n<hr style='border: 0; border-top: 1px solid rgba(150&comma; 150&comma; 150&comma; 0.3); margin: 30px 0;'> <!-- Nota importante --> <\/p>\n<div style='background-color: rgba(31&comma;73&comma;125&comma;0.05); border-left: 4px solid rgba(31&comma;73&comma;125&comma;0.5); padding: 15px 20px; margin: 0 0 30px; border-radius: 4px;'>\n<p style='margin: 0; font-size: 14px; color: inherit; text-align: left;'> Es importante tener en cuenta la resistencia que el viento puede generar en los portones sin ranuras de ventilaci\u00f3n al operar los motores en apertura y cierre de puertas abatibles. Recomendamos considerar la instalaci\u00f3n de rejillas que permitan la adecuada ventilaci\u00f3n para facilitar el correcto funcionamiento de los dispositivos. <\/p>\n<\/p><\/div>\n<\/p><\/div>\n","protected":false},"excerpt":{"rendered":"<p>Operador Subterraneo Hidr\u00e1ulico S800 115V Para Puertas Abatibles de Hasta 2 Metros<\/p>\n","protected":false},"featured_media":23924,"comment_status":"open","ping_status":"closed","template":"","meta":[],"product_brand":[],"product_cat":[821],"product_tag":[401,778,822],"class_list":{"0":"post-23925","1":"product","2":"type-product","3":"status-publish","4":"has-post-thumbnail","6":"product_cat-puertas-abatibles","7":"product_tag-acceso-vehicular","8":"product_tag-faac","9":"product_tag-puertas-abatibles","11":"first","12":"instock","13":"sale","14":"shipping-taxable","15":"purchasable","16":"product-type-simple"},"_links":{"self":[{"href":"https:\/\/soydeaqui.ddns.net\/pachuca\/index.php\/wp-json\/wp\/v2\/product\/23925","targetHints":{"allow":["GET"]}}],"collection":[{"href":"https:\/\/soydeaqui.ddns.net\/pachuca\/index.php\/wp-json\/wp\/v2\/product"}],"about":[{"href":"https:\/\/soydeaqui.ddns.net\/pachuca\/index.php\/wp-json\/wp\/v2\/types\/product"}],"replies":[{"embeddable":true,"href":"https:\/\/soydeaqui.ddns.net\/pachuca\/index.php\/wp-json\/wp\/v2\/comments?post=23925"}],"wp:featuredmedia":[{"embeddable":true,"href":"https:\/\/soydeaqui.ddns.net\/pachuca\/index.php\/wp-json\/wp\/v2\/media\/23924"}],"wp:attachment":[{"href":"https:\/\/soydeaqui.ddns.net\/pachuca\/index.php\/wp-json\/wp\/v2\/media?parent=23925"}],"wp:term":[{"taxonomy":"product_brand","embeddable":true,"href":"https:\/\/soydeaqui.ddns.net\/pachuca\/index.php\/wp-json\/wp\/v2\/product_brand?post=23925"},{"taxonomy":"product_cat","embeddable":true,"href":"https:\/\/soydeaqui.ddns.net\/pachuca\/index.php\/wp-json\/wp\/v2\/product_cat?post=23925"},{"taxonomy":"product_tag","embeddable":true,"href":"https:\/\/soydeaqui.ddns.net\/pachuca\/index.php\/wp-json\/wp\/v2\/product_tag?post=23925"}],"curies":[{"name":"wp","href":"https:\/\/api.w.org\/{rel}","templated":true}]}}