{"id":2392,"date":"2026-03-18T05:56:41","date_gmt":"2026-03-18T05:56:41","guid":{"rendered":"https:\/\/soydeaqui.ddns.net\/pachuca\/index.php\/producto\/cubierta-universal-transparente-con-mensaje-de-incendio-en-espanol\/"},"modified":"2026-03-18T05:56:41","modified_gmt":"2026-03-18T05:56:41","slug":"cubierta-universal-transparente-con-mensaje-de-incendio-en-espanol","status":"publish","type":"product","link":"https:\/\/soydeaqui.ddns.net\/pachuca\/index.php\/producto\/cubierta-universal-transparente-con-mensaje-de-incendio-en-espanol\/","title":{"rendered":"Cubierta universal transparente con mensaje de incendio en Espa\u00f1ol"},"content":{"rendered":"<div style='width: 100%; max-width: 1200px; margin: 0 auto; font-family: sans-serif; line-height: 1.6; color: inherit; background-color: transparent;'>\n<div style='display: flex; flex-wrap: wrap; gap: 30px; margin-bottom: 30px;'>\n<div style='flex: 1 1 300px; min-width: 280px;'>\n<h3 style='font-size: 22px; border-bottom: 2px solid currentColor; padding-bottom: 5px; margin-top: 0; color: inherit; opacity: 0.8;'>Descripci\u00f3n<\/h3>\n<p style='margin: 0 0 15px; color: inherit; font-size: 15px;'>Esta \u00fanica cubierta de policarbonato&comma; para uso interior o exterior&comma; ayuda a evitar falsas alarmas de incendio sin restringir las alarmas leg\u00edtimas. Prot\u00e9g\u00e9 dispositivos como estaciones de alarma duales&comma; teclados num\u00e9ricos para sistemas de ingreso&comma; estaciones de intercomunicadores&comma; botones de emergencia&comma; interruptores de iluminaci\u00f3n el\u00e9ctrica o tomacorrientes&comma; etc. La construcci\u00f3n&comma; fuerte y durable&comma; toma los golpes m\u00e1s resistentes mientras prot\u00e9g\u00e9 contra danos f\u00edsicos accidentales o intencionales.<\/p>\n<p style='margin: 0 0 15px; color: inherit; font-size: 15px;'>Esta cubierta universal clara para montaje a ras&comma; con mensaje en espa\u00f1ol &#8216;EN CASO DE INCENDIO&#8217; (&#8216;EN CASO DE INCENDIO LEVANTE LA CUBIERTA&comma; OPRIMA EL BOTON DE ALARMA&#8217;) en rojo. Otros Universal Stoppers incluyen un espaciador para montaje sobre superficie o una impermeable caja trasera cerrada de tipo 4X. La cubierta est\u00e1 disponible con una sirena tambi\u00e9n. El Universal Stopper es dise\u00f1ado para cumplir con ADA y es menos de 4 pulgadas de profundidad. Universal Stopper tiene el mismo \u00e1rea que los Mini Stopper pero puede alojar a la mayor\u00eda de las estaciones de alarma duales.<\/p>\n<\/p><\/div>\n<\/p><\/div>\n<div style='display: flex; flex-wrap: wrap; gap: 20px; margin-bottom: 30px;'>\n<div style='flex: 1 1 250px; border: 1px solid rgba(150&comma; 150&comma; 150&comma; 0.4); border-radius: 8px; overflow: hidden; display: flex; flex-direction: column;'>\n<div style='padding: 15px; border-bottom: 1px solid rgba(150&comma; 150&comma; 150&comma; 0.2); font-weight: bold; font-size: 18px; color: inherit;'>Caracter\u00edsticas<\/div>\n<div style='padding: 15px; color: inherit;'>\n<ul style='padding-left: 20px; margin: 0; font-size: 14px; list-style-type: disc; color: inherit;'>\n<li style='margin-bottom: 5px; color: inherit;'>Protege contra vandalismo y da\u00f1o accidental.<\/li>\n<li style='margin-bottom: 5px; color: inherit;'>Protege estaciones manuales de alarma de incendio&comma; teclados num\u00e9ricos&comma; estaciones de intercomunicadores&comma; botones de emergencia&comma; interruptores de iluminaci\u00f3n el\u00e9ctrica&comma; tomacorrientes&comma; etc.<\/li>\n<li style='margin-bottom: 5px; color: inherit;'>La cubierta esta moldeada en grueso policarbonato superresistente.<\/li>\n<li style='margin-bottom: 5px; color: inherit;'>Dimensionada para adaptarse a la mayor\u00eda de las estaciones de alarma de incendio.<\/li>\n<li style='margin-bottom: 5px; color: inherit;'>Alta resistencia&comma; bisagra enteriza.<\/li>\n<li style='margin-bottom: 5px; color: inherit;'>Bajo perfil (cumple con las normas de ADA).<\/li>\n<li style='margin-bottom: 5px; color: inherit;'>Estabilizada UV para mantener la tapa transparente.<\/li>\n<li style='margin-bottom: 5px; color: inherit;'>Policarbonato probado de -40\u00b0 a 250\u00b0F (-40\u00b0 a 121\u00b0C).<\/li>\n<li style='margin-bottom: 5px; color: inherit;'>Incluye mensaje de incendio en espa\u00f1ol (&#8216;EN CASO DE INCENDIO LEVANTE LA CUBIERTA&comma; OPRIMA EL BOTON DE ALARMA&#8217;).<\/li>\n<li style='margin-bottom: 5px; color: inherit;'><strong>Garant\u00eda de tres a\u00f1os contra rotura del policarbonato durante el uso normal.<\/strong><\/li>\n<\/ul><\/div>\n<\/p><\/div>\n<\/p><\/div>\n<hr style='border: 0; border-top: 1px solid rgba(150&comma; 150&comma; 150&comma; 0.3); margin: 30px 0;'> <\/div>\n","protected":false},"excerpt":{"rendered":"<p>Cubierta universal transparente con mensaje de incendio en Espa\u00f1ol<\/p>\n","protected":false},"featured_media":2391,"comment_status":"open","ping_status":"closed","template":"","meta":[],"product_brand":[],"product_cat":[420],"product_tag":[93,421,169],"class_list":{"0":"post-2392","1":"product","2":"type-product","3":"status-publish","4":"has-post-thumbnail","6":"product_cat-estaciones-de-jalon","7":"product_tag-accesorios","8":"product_tag-estaciones-de-jalon","9":"product_tag-sti","11":"first","12":"outofstock","13":"sale","14":"shipping-taxable","15":"purchasable","16":"product-type-simple"},"_links":{"self":[{"href":"https:\/\/soydeaqui.ddns.net\/pachuca\/index.php\/wp-json\/wp\/v2\/product\/2392","targetHints":{"allow":["GET"]}}],"collection":[{"href":"https:\/\/soydeaqui.ddns.net\/pachuca\/index.php\/wp-json\/wp\/v2\/product"}],"about":[{"href":"https:\/\/soydeaqui.ddns.net\/pachuca\/index.php\/wp-json\/wp\/v2\/types\/product"}],"replies":[{"embeddable":true,"href":"https:\/\/soydeaqui.ddns.net\/pachuca\/index.php\/wp-json\/wp\/v2\/comments?post=2392"}],"wp:featuredmedia":[{"embeddable":true,"href":"https:\/\/soydeaqui.ddns.net\/pachuca\/index.php\/wp-json\/wp\/v2\/media\/2391"}],"wp:attachment":[{"href":"https:\/\/soydeaqui.ddns.net\/pachuca\/index.php\/wp-json\/wp\/v2\/media?parent=2392"}],"wp:term":[{"taxonomy":"product_brand","embeddable":true,"href":"https:\/\/soydeaqui.ddns.net\/pachuca\/index.php\/wp-json\/wp\/v2\/product_brand?post=2392"},{"taxonomy":"product_cat","embeddable":true,"href":"https:\/\/soydeaqui.ddns.net\/pachuca\/index.php\/wp-json\/wp\/v2\/product_cat?post=2392"},{"taxonomy":"product_tag","embeddable":true,"href":"https:\/\/soydeaqui.ddns.net\/pachuca\/index.php\/wp-json\/wp\/v2\/product_tag?post=2392"}],"curies":[{"name":"wp","href":"https:\/\/api.w.org\/{rel}","templated":true}]}}