{"id":23903,"date":"2026-03-18T11:24:14","date_gmt":"2026-03-18T11:24:14","guid":{"rendered":"https:\/\/soydeaqui.ddns.net\/pachuca\/index.php\/producto\/kit-de-operadores-hidraulicos-para-uso-continuo-faac-422-cbac-para-puertas-de-hasta-1-8-metros\/"},"modified":"2026-03-18T11:24:14","modified_gmt":"2026-03-18T11:24:14","slug":"kit-de-operadores-hidraulicos-para-uso-continuo-faac-422-cbac-para-puertas-de-hasta-1-8-metros","status":"publish","type":"product","link":"https:\/\/soydeaqui.ddns.net\/pachuca\/index.php\/producto\/kit-de-operadores-hidraulicos-para-uso-continuo-faac-422-cbac-para-puertas-de-hasta-1-8-metros\/","title":{"rendered":"Kit de Operadores Hidr\u00e1ulicos Para Uso Continuo FAAC 422 CBAC \/ Para Puertas de Hasta 1.8 Metros"},"content":{"rendered":"<div style='width: 100%; max-width: 1200px; margin: 0 auto; font-family: sans-serif; line-height: 1.6; color: inherit; background-color: transparent;'> <!-- Secci\u00f3n de caracter\u00edsticas principales --> <\/p>\n<div style='display: flex; flex-wrap: wrap; gap: 30px; margin-bottom: 30px;'>\n<div style='flex: 1 1 300px; min-width: 280px;'>\n<div style='border-left: 5px solid #0091ff; border-radius: 5px; padding: 5px; box-shadow: 2px 2px 10px rgba(216&comma;216&comma;216&comma;0.3);'> <strong style='font-size: 16px; color: inherit;'>Caracter\u00edsticas principales:<\/strong> <\/p>\n<ul style='padding-left: 20px; font-size: 15px; color: inherit;'>\n<li style='margin-bottom: 5px;'>Operaci\u00f3n hidr\u00e1ulica<\/li>\n<li style='margin-bottom: 5px;'>Longitud m\u00e1xima de la hoja 1.8 metros<\/li>\n<li style='margin-bottom: 5px;'>Hasta 55 ciclos por hora<\/li>\n<\/ul><\/div>\n<\/p><\/div>\n<div style='flex: 1 1 300px; min-width: 280px;'>\n<div style='border-left: 5px solid #0091ff; border-radius: 5px; padding: 5px; box-shadow: 2px 2px 10px rgba(216&comma;216&comma;216&comma;0.3);'> <strong style='font-size: 16px; color: inherit;'>Caracter\u00edsticas F\u00edsicas y El\u00e9ctricas:<\/strong> <\/p>\n<ul style='padding-left: 20px; font-size: 15px; color: inherit;'>\n<li style='margin-bottom: 5px;'>Alimentaci\u00f3n 115Vac<\/li>\n<li style='margin-bottom: 5px;'>Consumo de corriente por cada operador 220W<\/li>\n<li style='margin-bottom: 5px;'>M\u00e1xima fuerza de 5000 N<\/li>\n<\/ul><\/div>\n<\/p><\/div>\n<div style='flex: 1 1 300px; min-width: 280px;'>\n<div style='border-left: 5px solid #0091ff; border-radius: 5px; padding: 5px; box-shadow: 2px 2px 10px rgba(216&comma;216&comma;216&comma;0.3);'> <strong style='font-size: 16px; color: inherit;'>Caracter\u00edsticas Destacadas:<\/strong> <\/p>\n<ul style='padding-left: 20px; font-size: 15px; color: inherit;'>\n<li style='margin-bottom: 5px;'>Grado de protecci\u00f3n IP55<\/li>\n<li style='margin-bottom: 5px;'>Protecci\u00f3n t\u00e9rmica de 120\u00b0C<\/li>\n<li style='margin-bottom: 5px;'>Dimensiones del operador 1034 x 85 x 119 mm<\/li>\n<\/ul><\/div>\n<\/p><\/div>\n<\/p><\/div>\n<p> <!-- Separador --> <\/p>\n<hr style='border: 0; border-top: 1px solid rgba(150&comma; 150&comma; 150&comma; 0.3); margin: 30px 0;'> <!-- Contenido del kit --> <\/p>\n<div style='display: flex; flex-wrap: wrap; gap: 30px; margin-bottom: 30px;'>\n<div style='flex: 1 1 400px; min-width: 300px;'>\n<h3 style='font-size: 22px; border-bottom: 2px solid currentColor; padding-bottom: 5px; margin-top: 0; color: inherit; opacity: 0.8;'>Contenido del kit:<\/h3>\n<ul style='padding-left: 20px; font-size: 15px; color: inherit;'>\n<li style='margin-bottom: 5px;'><strong>1 x 790919<\/strong> Tarjeta FAAC 455D<\/li>\n<li style='margin-bottom: 5px;'><strong>1 x 720119<\/strong> Contenedor para tarjeta 455D<\/li>\n<li style='margin-bottom: 5px;'><strong>2 x 10420012<\/strong> Brazos hidr\u00e1ulicos FAAC 422 CBAC<\/li>\n<li style='margin-bottom: 5px;'><strong>2 x 76012625<\/strong> Capacitores de arranque<\/li>\n<\/ul>\n<h3 style='font-size: 22px; border-bottom: 2px solid currentColor; padding-bottom: 5px; margin-top: 25px; color: inherit; opacity: 0.8;'>Notas adicionales:<\/h3>\n<ul style='padding-left: 20px; font-size: 15px; color: inherit;'>\n<li style='margin-bottom: 5px;'>Equipo con un a\u00f1o de garant\u00eda contra defectos de f\u00e1brica<\/li>\n<li style='margin-bottom: 5px;'>M\u00faltiples l\u00f3gicas de programaci\u00f3n<\/li>\n<li style='margin-bottom: 5px;'>Compatible para aplicaciones de automatizaci\u00f3n con paneles de control de acceso<\/li>\n<\/ul><\/div>\n<div style='flex: 1 1 400px; min-width: 300px;'> <img style='width: 100%; height: auto; border: 1px solid rgba(150&comma;150&comma;150&comma;0.3); border-radius: 8px;' src='https:\/\/ftp3.syscom.mx\/usuarios\/fotos\/BancoFotografiasSyscom\/FAAC\/10420112\/10420112-p.PNG' alt=''> <\/div>\n<\/p><\/div>\n<p> <!-- Separador --> <\/p>\n<hr style='border: 0; border-top: 1px solid rgba(150&comma; 150&comma; 150&comma; 0.3); margin: 30px 0;'> <!-- Accesorios recomendados --> <\/p>\n<div style='margin-bottom: 30px;'>\n<h3 style='font-size: 22px; text-align: center; margin-bottom: 20px; color: inherit; opacity: 0.8;'>\u00bfQu\u00e9 accesorios puedo agregar para mi instalaci\u00f3n?<\/h3>\n<div style='display: flex; flex-wrap: wrap; gap: 15px; justify-content: center;'>\n<div style='flex: 1 1 250px; min-width: 200px; border: 1px solid rgba(150&comma; 150&comma; 150&comma; 0.4); border-radius: 8px; padding: 15px; background-color: rgba(240&comma; 240&comma; 240&comma; 0.1); color: inherit;'> <strong style='color: inherit;'>785102<\/strong> Fotocelda infrarroja FAAC XP20D con alcance de hasta 20 metros <\/div>\n<div style='flex: 1 1 250px; min-width: 200px; border: 1px solid rgba(150&comma; 150&comma; 150&comma; 0.4); border-radius: 8px; padding: 15px; background-color: rgba(240&comma; 240&comma; 240&comma; 0.1); color: inherit;'> <strong style='color: inherit;'>787856<\/strong> Receptor de frecuencia FAAC RP1 <\/div>\n<div style='flex: 1 1 250px; min-width: 200px; border: 1px solid rgba(150&comma; 150&comma; 150&comma; 0.4); border-radius: 8px; padding: 15px; background-color: rgba(240&comma; 240&comma; 240&comma; 0.1); color: inherit;'> <strong style='color: inherit;'>787456<\/strong> Control remoto inal\u00e1mbrico FAAC XT4 de 4 canales <\/div>\n<div style='flex: 1 1 250px; min-width: 200px; border: 1px solid rgba(150&comma; 150&comma; 150&comma; 0.4); border-radius: 8px; padding: 15px; background-color: rgba(240&comma; 240&comma; 240&comma; 0.1); color: inherit;'> <strong style='color: inherit;'>XBSSW01<\/strong> Botonera triple de uso rudo para aplicaciones de acceso vehicular <\/div>\n<div style='flex: 1 1 250px; min-width: 200px; border: 1px solid rgba(150&comma; 150&comma; 150&comma; 0.4); border-radius: 8px; padding: 15px; background-color: rgba(240&comma; 240&comma; 240&comma; 0.1); color: inherit;'> <strong style='color: inherit;'>410029<\/strong> L\u00e1mpara preventiva FAAC para motores corredizos y abatibles <\/div>\n<div style='flex: 1 1 250px; min-width: 200px; border: 1px solid rgba(150&comma; 150&comma; 150&comma; 0.4); border-radius: 8px; padding: 15px; background-color: rgba(240&comma; 240&comma; 240&comma; 0.1); color: inherit;'> <strong style='color: inherit;'>712650<\/strong> Electrocerradura FAAC para puertas abatibles <\/div>\n<\/p><\/div>\n<\/p><\/div>\n<p> <!-- Separador --> <\/p>\n<hr style='border: 0; border-top: 1px solid rgba(150&comma; 150&comma; 150&comma; 0.3); margin: 30px 0;'> <!-- Ventajas del operador hidr\u00e1ulico --> <\/p>\n<div style='margin-bottom: 30px;'>\n<h3 style='font-size: 22px; text-align: center; margin-bottom: 20px; color: inherit; opacity: 0.8;'>Ventajas de utilizar un operador hidr\u00e1ulico<\/h3>\n<div style='display: flex; flex-direction: column; gap: 15px;'>\n<div style='border: 1px solid rgba(150&comma; 150&comma; 150&comma; 0.4); border-radius: 8px; padding: 15px; background-color: rgba(240&comma; 240&comma; 240&comma; 0.1); color: inherit;'> <strong style='color: inherit;'>Silencioso<\/strong>. El operador oleodin\u00e1mico es silencioso y fluido ya que no necesita engranes ni sinf\u00edn para transmitir movimiento <\/div>\n<div style='border: 1px solid rgba(150&comma; 150&comma; 150&comma; 0.4); border-radius: 8px; padding: 15px; background-color: rgba(240&comma; 240&comma; 240&comma; 0.1); color: inherit;'> Tiene gran <strong style='color: inherit;'>suavidad<\/strong> en su movimiento <\/div>\n<div style='border: 1px solid rgba(150&comma; 150&comma; 150&comma; 0.4); border-radius: 8px; padding: 15px; background-color: rgba(240&comma; 240&comma; 240&comma; 0.1); color: inherit;'> <strong style='color: inherit;'>Es durable<\/strong>&comma; lo que lo hace ideal para aplicaciones en ambientes agresivos como pueden ser hojas de grandes dimensiones&comma; necesidad de una frecuencia de utilizaci\u00f3n elevada&comma; en presencia de arena <\/div>\n<div style='border: 1px solid rgba(150&comma; 150&comma; 150&comma; 0.4); border-radius: 8px; padding: 15px; background-color: rgba(240&comma; 240&comma; 240&comma; 0.1); color: inherit;'> <strong style='color: inherit;'>Longevidad<\/strong> ya que su expectativa de vida es hasta 4 veces superior respecto a un operador electromec\u00e1nico ya que no hay partes de desgaste <\/div>\n<div style='border: 1px solid rgba(150&comma; 150&comma; 150&comma; 0.4); border-radius: 8px; padding: 15px; background-color: rgba(240&comma; 240&comma; 240&comma; 0.1); color: inherit;'> <strong style='color: inherit;'>Gran fuerza<\/strong> en un operador compacto&comma; al menos dos veces superior a un equivalente electromec\u00e1nico <\/div>\n<div style='border: 1px solid rgba(150&comma; 150&comma; 150&comma; 0.4); border-radius: 8px; padding: 15px; background-color: rgba(240&comma; 240&comma; 240&comma; 0.1); color: inherit;'> <strong style='color: inherit;'>Seguridad<\/strong> gracias a las v\u00e1lvulas de regulaci\u00f3n Bypass <\/div>\n<\/p><\/div>\n<\/p><\/div>\n<p> <!-- Separador --> <\/p>\n<hr style='border: 0; border-top: 1px solid rgba(150&comma; 150&comma; 150&comma; 0.3); margin: 30px 0;'> <!-- Videos de configuraci\u00f3n --> <\/p>\n<div style='margin-bottom: 30px;'>\n<h3 style='font-size: 22px; text-align: center; margin-bottom: 20px; color: inherit; opacity: 0.8;'><a style='color: inherit; text-decoration: none;' href='https:\/\/soporte.syscom.mx\/es\/?q=455d' target='_blank' rel='noopener'>Videos de configuraciones b\u00e1sicas<\/a><\/h3>\n<div style='display: flex; flex-wrap: wrap; gap: 30px; justify-content: center;'>\n<div style='flex: 1 1 560px; min-width: 300px;'>\n<div style='position: relative; padding-bottom: 56.25%; height: 0; overflow: hidden;'>   <\/div>\n<\/p><\/div>\n<div style='flex: 1 1 560px; min-width: 300px;'>\n<div style='position: relative; padding-bottom: 56.25%; height: 0; overflow: hidden;'>   <\/div>\n<\/p><\/div>\n<\/p><\/div>\n<\/p><\/div>\n<p> <!-- Separador --> <\/p>\n<hr style='border: 0; border-top: 1px solid rgba(150&comma; 150&comma; 150&comma; 0.3); margin: 30px 0;'> <!-- Nota sobre viento y ventilaci\u00f3n --> <\/p>\n<div style='margin-bottom: 30px;'>\n<p style='text-align: center; font-size: 14px; color: inherit;'> Es importante tener en cuenta la resistencia que el viento puede generar en los portones sin ranuras de ventilaci\u00f3n al operar los motores en apertura y cierre de puertas abatibles. Recomendamos considerar la instalaci\u00f3n de rejillas que permitan la adecuada ventilaci\u00f3n para facilitar el correcto funcionamiento de los dispositivos. <\/p>\n<\/p><\/div>\n<\/p><\/div>\n","protected":false},"excerpt":{"rendered":"<p>Kit de Operadores Hidr\u00e1ulicos Para Uso Continuo FAAC 422 CBAC \/ Para Puertas de Hasta 1.8 Metros<\/p>\n","protected":false},"featured_media":23902,"comment_status":"open","ping_status":"closed","template":"","meta":[],"product_brand":[],"product_cat":[821],"product_tag":[401,778,822],"class_list":{"0":"post-23903","1":"product","2":"type-product","3":"status-publish","4":"has-post-thumbnail","6":"product_cat-puertas-abatibles","7":"product_tag-acceso-vehicular","8":"product_tag-faac","9":"product_tag-puertas-abatibles","11":"first","12":"outofstock","13":"sale","14":"shipping-taxable","15":"purchasable","16":"product-type-simple"},"_links":{"self":[{"href":"https:\/\/soydeaqui.ddns.net\/pachuca\/index.php\/wp-json\/wp\/v2\/product\/23903","targetHints":{"allow":["GET"]}}],"collection":[{"href":"https:\/\/soydeaqui.ddns.net\/pachuca\/index.php\/wp-json\/wp\/v2\/product"}],"about":[{"href":"https:\/\/soydeaqui.ddns.net\/pachuca\/index.php\/wp-json\/wp\/v2\/types\/product"}],"replies":[{"embeddable":true,"href":"https:\/\/soydeaqui.ddns.net\/pachuca\/index.php\/wp-json\/wp\/v2\/comments?post=23903"}],"wp:featuredmedia":[{"embeddable":true,"href":"https:\/\/soydeaqui.ddns.net\/pachuca\/index.php\/wp-json\/wp\/v2\/media\/23902"}],"wp:attachment":[{"href":"https:\/\/soydeaqui.ddns.net\/pachuca\/index.php\/wp-json\/wp\/v2\/media?parent=23903"}],"wp:term":[{"taxonomy":"product_brand","embeddable":true,"href":"https:\/\/soydeaqui.ddns.net\/pachuca\/index.php\/wp-json\/wp\/v2\/product_brand?post=23903"},{"taxonomy":"product_cat","embeddable":true,"href":"https:\/\/soydeaqui.ddns.net\/pachuca\/index.php\/wp-json\/wp\/v2\/product_cat?post=23903"},{"taxonomy":"product_tag","embeddable":true,"href":"https:\/\/soydeaqui.ddns.net\/pachuca\/index.php\/wp-json\/wp\/v2\/product_tag?post=23903"}],"curies":[{"name":"wp","href":"https:\/\/api.w.org\/{rel}","templated":true}]}}