{"id":23868,"date":"2026-03-18T11:23:38","date_gmt":"2026-03-18T11:23:38","guid":{"rendered":"https:\/\/soydeaqui.ddns.net\/pachuca\/index.php\/producto\/cuadro-de-mando-compatible-con-motores-de-las-series-axo-y-ats-a-24v\/"},"modified":"2026-03-18T11:23:42","modified_gmt":"2026-03-18T11:23:42","slug":"cuadro-de-mando-compatible-con-motores-de-las-series-axo-y-ats-a-24v","status":"publish","type":"product","link":"https:\/\/soydeaqui.ddns.net\/pachuca\/index.php\/producto\/cuadro-de-mando-compatible-con-motores-de-las-series-axo-y-ats-a-24v\/","title":{"rendered":"Cuadro de Mando Compatible con Motores de las Series AXO y ATS a 24V"},"content":{"rendered":"<div style='width: 100%; max-width: 1200px; margin: 0 auto; font-family: sans-serif; line-height: 1.6; color: inherit; background-color: transparent;'>\n<div style='display: flex; flex-wrap: wrap; gap: 30px; margin-bottom: 30px;'>\n<div style='flex: 1 1 300px; min-width: 280px;'>\n<h3 style='font-size: 22px; border-bottom: 2px solid currentColor; padding-bottom: 5px; margin-top: 0; color: inherit; opacity: 0.8;'>Cuadro de mando compatible con las series AXO y ATS de CAME<\/h3>\n<h3 style='font-size: 20px; margin-top: 20px; color: inherit; opacity: 0.8;'>Contenido del producto:<\/h3>\n<ul style='padding-left: 20px; font-size: 15px; color: inherit;'>\n<li style='margin-bottom: 5px;'>Incluye solo cuadro de mando 801QA-0080<\/li>\n<li style='margin-bottom: 5px;'>Brazos y accesorios se adquieren por separado.<\/li>\n<\/ul>\n<h3 style='font-size: 20px; margin-top: 20px; color: inherit; opacity: 0.8;'>Compatible con los modelos:<\/h3>\n<ul style='padding-left: 20px; font-size: 15px; color: inherit;'>\n<li style='margin-bottom: 5px;'>001U7315<\/li>\n<li style='margin-bottom: 5px;'>001U7315ML<\/li>\n<li style='margin-bottom: 5px;'>001AX3024<\/li>\n<li style='margin-bottom: 5px;'>001AX5024<\/li>\n<li style='margin-bottom: 5px;'>MXSWAX<\/li>\n<li style='margin-bottom: 5px;'>MXSWAX3<\/li>\n<li style='margin-bottom: 5px;'>801MP-0080<\/li>\n<li style='margin-bottom: 5px;'>801MP-0070<\/li>\n<\/ul><\/div>\n<div style='flex: 1 1 300px; min-width: 280px;'> <img style='width: 100%; height: auto; border: 1px solid rgba(150&comma;150&comma;150&comma;0.3); border-radius: 8px;' src='https:\/\/ftp3.syscom.mx\/usuarios\/fotos\/BancoFotografiasSyscom\/CAME\/801QA0080\/801QA0080-p.PNG' alt=''> <\/div>\n<\/p><\/div>\n<hr style='border: 0; border-top: 1px solid rgba(150&comma; 150&comma; 150&comma; 0.3); margin: 30px 0;'>\n<div style='margin-bottom: 30px;'>\n<h3 style='font-size: 20px; text-align: center; margin-top: 0; color: inherit; opacity: 0.8;'>Notas adicionales<\/h3>\n<div style='margin-top: 20px;'>\n<p style='text-align: center; margin-bottom: 8px; color: inherit;'>Equipo con un a\u00f1o de garant\u00eda contra defectos de fabricaci\u00f3n<\/p>\n<p style='text-align: center; margin-bottom: 8px; color: inherit;'>Alimentaci\u00f3n del cuadro de mando <strong style='color: inherit;'>110VAC<\/strong><\/p>\n<p style='text-align: center; margin-bottom: 8px; color: inherit;'><strong style='color: inherit;'>Solo compatible con brazos CAME que trabajen a 24V<\/strong><\/p>\n<p style='text-align: center; margin-bottom: 8px; color: inherit;'><strong style='color: inherit;'>Cuadro de mando compatible solo con electrocerradura CAME 001LOCK82<\/strong><\/p>\n<p style='text-align: center; margin-bottom: 0; color: inherit;'><strong style='color: inherit;'>No compatible con cerraduras de perno o electroimanes.<\/strong><\/p>\n<\/p><\/div>\n<\/p><\/div>\n<hr style='border: 0; border-top: 1px solid rgba(150&comma;150&comma;150&comma;0.3); margin: 30px 0;'> <\/div>\n","protected":false},"excerpt":{"rendered":"<p>Cuadro de Mando Compatible con Motores de las Series AXO y ATS a 24V<\/p>\n","protected":false},"featured_media":23867,"comment_status":"open","ping_status":"closed","template":"","meta":[],"product_brand":[],"product_cat":[777],"product_tag":[401,93,779],"class_list":{"0":"post-23868","1":"product","2":"type-product","3":"status-publish","4":"has-post-thumbnail","6":"product_cat-accesorios-acceso-vehicular","7":"product_tag-acceso-vehicular","8":"product_tag-accesorios","9":"product_tag-came","11":"first","12":"instock","13":"sale","14":"shipping-taxable","15":"purchasable","16":"product-type-simple"},"_links":{"self":[{"href":"https:\/\/soydeaqui.ddns.net\/pachuca\/index.php\/wp-json\/wp\/v2\/product\/23868","targetHints":{"allow":["GET"]}}],"collection":[{"href":"https:\/\/soydeaqui.ddns.net\/pachuca\/index.php\/wp-json\/wp\/v2\/product"}],"about":[{"href":"https:\/\/soydeaqui.ddns.net\/pachuca\/index.php\/wp-json\/wp\/v2\/types\/product"}],"replies":[{"embeddable":true,"href":"https:\/\/soydeaqui.ddns.net\/pachuca\/index.php\/wp-json\/wp\/v2\/comments?post=23868"}],"wp:featuredmedia":[{"embeddable":true,"href":"https:\/\/soydeaqui.ddns.net\/pachuca\/index.php\/wp-json\/wp\/v2\/media\/23867"}],"wp:attachment":[{"href":"https:\/\/soydeaqui.ddns.net\/pachuca\/index.php\/wp-json\/wp\/v2\/media?parent=23868"}],"wp:term":[{"taxonomy":"product_brand","embeddable":true,"href":"https:\/\/soydeaqui.ddns.net\/pachuca\/index.php\/wp-json\/wp\/v2\/product_brand?post=23868"},{"taxonomy":"product_cat","embeddable":true,"href":"https:\/\/soydeaqui.ddns.net\/pachuca\/index.php\/wp-json\/wp\/v2\/product_cat?post=23868"},{"taxonomy":"product_tag","embeddable":true,"href":"https:\/\/soydeaqui.ddns.net\/pachuca\/index.php\/wp-json\/wp\/v2\/product_tag?post=23868"}],"curies":[{"name":"wp","href":"https:\/\/api.w.org\/{rel}","templated":true}]}}