{"id":2386,"date":"2026-03-18T05:56:36","date_gmt":"2026-03-18T05:56:36","guid":{"rendered":"https:\/\/soydeaqui.ddns.net\/pachuca\/index.php\/producto\/cubierta-protectora-de-policarbonato-serie-stopper-ii-con-bocina-con-espaciador-montaje-empotrado-etiqueta-en-espaol-ip54\/"},"modified":"2026-03-18T05:56:38","modified_gmt":"2026-03-18T05:56:38","slug":"cubierta-protectora-de-policarbonato-serie-stopper-ii-con-bocina-con-espaciador-montaje-empotrado-etiqueta-en-espaol-ip54","status":"publish","type":"product","link":"https:\/\/soydeaqui.ddns.net\/pachuca\/index.php\/producto\/cubierta-protectora-de-policarbonato-serie-stopper-ii-con-bocina-con-espaciador-montaje-empotrado-etiqueta-en-espaol-ip54\/","title":{"rendered":"Cubierta Protectora de Policarbonato Serie Stopper II?, Con Bocina, Con Espaciador, Montaje Empotrado, Etiqueta en Espa?ol, IP54"},"content":{"rendered":"<div style='width: 100%; max-width: 1200px; margin: 0 auto; font-family: sans-serif; line-height: 1.6; color: inherit; background-color: transparent;'>\n<h1 style='text-align: center; font-size: 24px; color: inherit; margin-top: 0; margin-bottom: 15px;'>Cubiertas Serie Stopper II\u00ae<\/h1>\n<div style='margin-bottom: 30px;'>\n<h2 style='text-align: center; font-size: 18px; font-weight: bold; color: inherit; margin: 0 0 15px 0;'>Ayuda a prevenir las falsas alarmas de incendio<\/h2>\n<p style='text-align: justify; font-size: 14px; color: inherit; margin-bottom: 20px;'> Esta exclusiva cubierta de estaci\u00f3n manual ha ayudado a prevenir falsas alarmas de incendio en todo el mundo durante m\u00e1s de 40 a\u00f1os sin restringir el funcionamiento leg\u00edtimo de los dispositivos. Ideal para escuelas&comma; universidades&comma; hospitales&comma; residencias de ancianos&comma; hoteles y todos los edificios p\u00fablicos&comma; la cubierta de alarma contra incendios ayuda a detener la activaci\u00f3n falsa donde existe un historial o amenaza de uso indebido. <\/p>\n<\/p><\/div>\n<div style='display: flex; flex-wrap: wrap; gap: 30px; margin-bottom: 30px;'>\n<div style='flex: 1 1 300px; min-width: 280px;'>\n<h3 style='font-size: 22px; border-bottom: 2px solid currentColor; padding-bottom: 5px; margin-top: 0; color: inherit; opacity: 0.8;'>Caracter\u00edsticas Generales<\/h3>\n<ul style='padding-left: 20px; font-size: 14px; color: inherit;'>\n<li style='margin-bottom: 5px;'>Cubierta protectora de policarbonato super resistente.<\/li>\n<li style='margin-bottom: 5px;'>Espaciador transparente.<\/li>\n<li style='margin-bottom: 5px; font-weight: bold;'>Dise\u00f1ado para cumplir con los requisitos de IP54.<\/li>\n<li style='margin-bottom: 5px;'>Ayuda a detener las falsas alarmas.<\/li>\n<li style='margin-bottom: 5px;'>Bocina de advertencia de 95 o 105 dB (verificar modelo compatible).<\/li>\n<li style='margin-bottom: 5px; font-weight: bold;'>Listado UL\/cUL&comma; cumple con ADA.<\/li>\n<li style='margin-bottom: 5px;'>Cuando cubra una estaci\u00f3n manual en el exterior&comma; UL requiere que las estaciones est\u00e9n listadas para uso en exteriores.<\/li>\n<li style='margin-bottom: 5px;'>Las propiedades de trabajo t\u00edpicas del policarbonato son -40 a 121\u00baC.<\/li>\n<li style='margin-bottom: 5px;'>Las unidades rojas est\u00e1ndar tienen la etiqueta &#8216;En caso de incendio&#8217;&comma; a menos que se especifique con <strong style='font-weight: bold;'>NR<\/strong> (sin etiqueta) o <strong style='font-weight: bold;'>CR<\/strong> (etiqueta personalizada).<\/li>\n<li style='margin-bottom: 5px;'>Eficacia comprobada por m\u00e1s de 40 a\u00f1os para ayudar a detener las falsas alarmas de incendio.<\/li>\n<li style='font-weight: bold;'>Tres a\u00f1os de garant\u00eda contra rotura del policarbonato en uso normal (un a\u00f1o en componentes electromec\u00e1nicos y electr\u00f3nicos).<\/li>\n<\/ul><\/div>\n<div style='flex: 1 1 300px; min-width: 280px;'>\n<h3 style='font-size: 22px; border-bottom: 2px solid currentColor; padding-bottom: 5px; margin-top: 0; color: inherit; opacity: 0.8;'>Caracter\u00edsticas de cubierta STI-1155ES<\/h3>\n<ul style='padding-left: 20px; font-size: 14px; color: inherit;'>\n<li style='margin-bottom: 5px; font-weight: bold;'>Bocina de advertencia aut\u00f3noma de 95 o 105 dB se activa cuando se levanta la cubierta. (Bater\u00eda 9 V incluida)<\/li>\n<li style='margin-bottom: 5px;'>Montaje empotrado.<\/li>\n<li style='margin-bottom: 5px;'>Dimensiones: 6.2&#8242; (158 mm) altura x 5&#8242; (127 mm) ancho x 5.2&#8242; (132 mm) profundidad.<\/li>\n<\/ul><\/div>\n<\/p><\/div>\n<div style='margin-bottom: 30px;'>\n<h2 style='text-align: center; font-size: 18px; font-weight: bold; color: inherit; margin: 0 0 15px 0;'>Activaci\u00f3n de alarma en cubierta Stopper II\u00ae<\/h2>\n<div style='position: relative; padding-bottom: 56.25%; height: 0; overflow: hidden; margin-bottom: 30px;'>   <\/div>\n<\/p><\/div>\n<div style='margin-bottom: 30px;'>\n<h2 style='text-align: center; font-size: 18px; font-weight: bold; color: inherit; margin: 0 0 15px 0;'>Reemplazo de bater\u00eda en cubierta Stopper II\u00ae<\/h2>\n<div style='position: relative; padding-bottom: 56.25%; height: 0; overflow: hidden; margin-bottom: 30px;'>   <\/div>\n<\/p><\/div>\n<\/p><\/div>\n","protected":false},"excerpt":{"rendered":"<p>Cubierta Protectora de Policarbonato Serie Stopper II?, Con Bocina, Con Espaciador, Montaje Empotrado, Etiqueta en Espa?ol, IP54<\/p>\n","protected":false},"featured_media":2385,"comment_status":"open","ping_status":"closed","template":"","meta":[],"product_brand":[],"product_cat":[199],"product_tag":[201,200,169],"class_list":{"0":"post-2386","1":"product","2":"type-product","3":"status-publish","4":"has-post-thumbnail","6":"product_cat-carcasas","7":"product_tag-carcasas","8":"product_tag-gabinetes-y-carcasas","9":"product_tag-sti","11":"first","12":"outofstock","13":"sale","14":"shipping-taxable","15":"purchasable","16":"product-type-simple"},"_links":{"self":[{"href":"https:\/\/soydeaqui.ddns.net\/pachuca\/index.php\/wp-json\/wp\/v2\/product\/2386","targetHints":{"allow":["GET"]}}],"collection":[{"href":"https:\/\/soydeaqui.ddns.net\/pachuca\/index.php\/wp-json\/wp\/v2\/product"}],"about":[{"href":"https:\/\/soydeaqui.ddns.net\/pachuca\/index.php\/wp-json\/wp\/v2\/types\/product"}],"replies":[{"embeddable":true,"href":"https:\/\/soydeaqui.ddns.net\/pachuca\/index.php\/wp-json\/wp\/v2\/comments?post=2386"}],"wp:featuredmedia":[{"embeddable":true,"href":"https:\/\/soydeaqui.ddns.net\/pachuca\/index.php\/wp-json\/wp\/v2\/media\/2385"}],"wp:attachment":[{"href":"https:\/\/soydeaqui.ddns.net\/pachuca\/index.php\/wp-json\/wp\/v2\/media?parent=2386"}],"wp:term":[{"taxonomy":"product_brand","embeddable":true,"href":"https:\/\/soydeaqui.ddns.net\/pachuca\/index.php\/wp-json\/wp\/v2\/product_brand?post=2386"},{"taxonomy":"product_cat","embeddable":true,"href":"https:\/\/soydeaqui.ddns.net\/pachuca\/index.php\/wp-json\/wp\/v2\/product_cat?post=2386"},{"taxonomy":"product_tag","embeddable":true,"href":"https:\/\/soydeaqui.ddns.net\/pachuca\/index.php\/wp-json\/wp\/v2\/product_tag?post=2386"}],"curies":[{"name":"wp","href":"https:\/\/api.w.org\/{rel}","templated":true}]}}