{"id":23832,"date":"2026-03-18T11:22:59","date_gmt":"2026-03-18T11:22:59","guid":{"rendered":"https:\/\/soydeaqui.ddns.net\/pachuca\/index.php\/producto\/termometro-ir-para-medicion-de-temperatura-de-30oc-a-500oc-con-precision-1-5-y-clasificacion-ip40\/"},"modified":"2026-03-18T11:23:06","modified_gmt":"2026-03-18T11:23:06","slug":"termometro-ir-para-medicion-de-temperatura-de-30oc-a-500oc-con-precision-1-5-y-clasificacion-ip40","status":"publish","type":"product","link":"https:\/\/soydeaqui.ddns.net\/pachuca\/index.php\/producto\/termometro-ir-para-medicion-de-temperatura-de-30oc-a-500oc-con-precision-1-5-y-clasificacion-ip40\/","title":{"rendered":"Term\u00f3metro IR Para Medici\u00f3n de Temperatura de -30\u00baC a 500\u00baC, Con Precisi\u00f3n +-1.5%, y Clasificaci\u00f3n IP40"},"content":{"rendered":"<div style='width: 100%; max-width: 1200px; margin: 0 auto; font-family: sans-serif; line-height: 1.6; color: inherit; background-color: transparent;'> <!-- Logo --> <\/p>\n<div style='text-align: center; margin: 20px 0;'> <img style='width: 100%; max-width: 500px; height: auto; border: 1px solid rgba(150&comma;150&comma;150&comma;0.3); border-radius: 8px;' src='https:\/\/www.risoul.com.mx\/hs-fs\/hubfs\/Fluke-Logo.png?width=1557&#038;name=Fluke-Logo.png' alt='Distribuidor productos Fluke'> <\/div>\n<p> <!-- Descripci\u00f3n --> <\/p>\n<div style='margin-bottom: 30px; font-size: 15px;'>\n<p>Con 65 a\u00f1os de experiencia como l\u00edder en la industria de herramientas de prueba&comma; Fluke ha creado el term\u00f3metro infrarrojo 59 MAX+ con la precisi\u00f3n que usted necesita para realizar su trabajo con exactitud y dentro de su presupuesto. Dise\u00f1ado para soportar una ca\u00edda desde un metro de altura&comma; puede contar con este term\u00f3metro infrarrojo liviano y compacto para usarlo cuando lo necesite.<\/p>\n<ul style='padding-left: 20px; margin-top: 15px;'>\n<li style='margin-bottom: 5px;'><strong>&#8211; Incluye 1 bater\u00eda AA<\/strong><\/li>\n<\/ul><\/div>\n<p> <!-- Secci\u00f3n de especificaciones --> <\/p>\n<div style='display: flex; flex-wrap: wrap; gap: 20px;'>\n<div style='flex: 1 1 300px; min-width: 280px;'>\n<h3 style='font-size: 22px; border-bottom: 2px solid currentColor; padding-bottom: 5px; margin-top: 0; color: inherit; opacity: 0.8;'>Especificaciones<\/h3>\n<ul style='padding-left: 20px; font-size: 14px; color: inherit;'>\n<li style='margin-bottom: 5px;'><strong>Rango de temperatura:<\/strong> -30 \u00b0C a 500 \u00b0C (-22 \u00b0F a 932 \u00b0F)<\/li>\n<li style='margin-bottom: 5px;'><strong>Exactitud (geometr\u00eda de calibraci\u00f3n con temperatura ambiente de 23 \u00b0C \u00b1 2 \u00b0C):<\/strong><\/li>\n<ul style='padding-left: 20px; margin: 5px 0;'>\n<li style='margin-bottom: 5px;'><strong>\u22650 \u00b0C:<\/strong> \u00b11.5 \u00b0C o \u00b11.5 % de lectura&comma; el valor mayor de los dos<\/li>\n<li style='margin-bottom: 5px;'><strong>\u2265-10 \u00b0C a < 0 \u00b0C:<\/strong> \u00b12.0 \u00b0C<\/li>\n<li style='margin-bottom: 5px;'><strong>< -10 \u00b0C:<\/strong> \u00b13.0 \u00b0C<\/li>\n<li style='margin-bottom: 5px;'><strong>\u226532 \u00b0F:<\/strong> \u00b13.0 \u00b0F o \u00b11.5 % de lectura&comma; el valor mayor de los dos<\/li>\n<li style='margin-bottom: 5px;'><strong>\u226514 \u00b0F a <32 \u00b0F:<\/strong> \u00b14.0 \u00b0F<\/li>\n<li style='margin-bottom: 5px;'><strong>< 14 \u00b0F:<\/strong> \u00b16.0 \u00b0F<\/li>\n<\/ul>\n<li style='margin-bottom: 5px;'><strong>Tiempo de respuesta (95 %):<\/strong> < 500 ms (95 % de la lectura)<\/li>\n<li style='margin-bottom: 5px;'><strong>Respuesta espectral:<\/strong> 8 mm a 14 mm<\/li>\n<li style='margin-bottom: 5px;'><strong>Emisividad:<\/strong> 0.10 a 1.00<\/li>\n<li style='margin-bottom: 5px;'><strong>Relaci\u00f3n distancia a punto de exploraci\u00f3n:<\/strong> 10:1 (calculado al 90 % de energ\u00eda)<\/li>\n<li style='margin-bottom: 5px;'><strong>Resoluci\u00f3n de la pantalla:<\/strong> 0.1 \u00b0C (0.2 \u00b0F)<\/li>\n<li style='margin-bottom: 5px;'><strong>Repetibilidad (% de la lectura):<\/strong> \u00b1 0.8 % de lectura \u00f3 \u00b1 1.0 \u00b0C (\u00b12.0 \u00b0F)&comma; el valor mayor<\/li>\n<li style='margin-bottom: 5px;'><strong>Alimentaci\u00f3n:<\/strong> 1 bater\u00eda AA LR06 (CEI)<\/li>\n<li style='margin-bottom: 5px;'><strong>Duraci\u00f3n de la bater\u00eda:<\/strong> 12 horas con el l\u00e1ser y la iluminaci\u00f3n de pantalla activadas<\/li>\n<li style='margin-bottom: 5px;'><strong>Peso:<\/strong> 220 g (7.76 oz)<\/li>\n<li style='margin-bottom: 5px;'><strong>Dimensiones:<\/strong> 156 x 80 x 50 mm (6.14 x 3.15 x 2 pulg.)<\/li>\n<li style='margin-bottom: 5px;'><strong>Temperatura de funcionamiento:<\/strong> 0 \u00b0C a 50 \u00b0C (32 \u00b0F a 122 \u00b0F)<\/li>\n<li style='margin-bottom: 5px;'><strong>Temperatura de almacenamiento:<\/strong> -20 \u00b0C a +60 \u00b0C (-4 \u00b0F a 140 \u00b0F)&comma; (sin bater\u00eda)<\/li>\n<li style='margin-bottom: 5px;'><strong>Humedad de funcionamiento:<\/strong> 10 % a 90 % de humedad relativa sin condensaci\u00f3n&comma; a 30 \u00b0C (86 \u00b0F)<\/li>\n<li style='margin-bottom: 5px;'><strong>Altitud de funcionamiento:<\/strong> 2000 metros sobre el nivel del mar<\/li>\n<li style='margin-bottom: 5px;'><strong>Altitud de almacenamiento:<\/strong> 12 000 metros sobre el nivel del mar<\/li>\n<li style='margin-bottom: 5px;'><strong>Prueba de ca\u00edda:<\/strong> 1 m<\/li>\n<li style='margin-bottom: 5px;'><strong>Clasificaci\u00f3n de protecci\u00f3n de entrada:<\/strong> IP40 por IEC 60529<\/li>\n<li style='margin-bottom: 5px;'><strong>Resistencia a choques y vibraciones:<\/strong> IEC 68-2-6 2.5 g&comma; de 10 a 200 Hz&comma; IEC 68-2-27&comma; 50 g&comma; 11 ms<\/li>\n<li style='margin-bottom: 5px;'><strong>Conformidad:<\/strong> EN\/IEC 61010-1<\/li>\n<li style='margin-bottom: 5px;'><strong>Seguridad l\u00e1ser:<\/strong> FDA y norma EN 60825-1 Clase II<\/li>\n<li style='margin-bottom: 5px;'><strong>Compatibilidad electromagn\u00e9tica:<\/strong> 61326-1 EN 61326-2:<\/li>\n<\/ul><\/div>\n<\/p><\/div>\n<\/p><\/div>\n","protected":false},"excerpt":{"rendered":"<p>Term\u00f3metro IR Para Medici\u00f3n de Temperatura de -30\u00baC a 500\u00baC, Con Precisi\u00f3n +-1.5%, y Clasificaci\u00f3n IP40<\/p>\n","protected":false},"featured_media":23831,"comment_status":"open","ping_status":"closed","template":"","meta":[],"product_brand":[],"product_cat":[462],"product_tag":[393,25,131],"class_list":{"0":"post-23832","1":"product","2":"type-product","3":"status-publish","4":"has-post-thumbnail","6":"product_cat-herramientas-electricas-herramientas","7":"product_tag-fluke","8":"product_tag-herramientas","9":"product_tag-herramientas-electricas","11":"first","12":"instock","13":"sale","14":"shipping-taxable","15":"purchasable","16":"product-type-simple"},"_links":{"self":[{"href":"https:\/\/soydeaqui.ddns.net\/pachuca\/index.php\/wp-json\/wp\/v2\/product\/23832","targetHints":{"allow":["GET"]}}],"collection":[{"href":"https:\/\/soydeaqui.ddns.net\/pachuca\/index.php\/wp-json\/wp\/v2\/product"}],"about":[{"href":"https:\/\/soydeaqui.ddns.net\/pachuca\/index.php\/wp-json\/wp\/v2\/types\/product"}],"replies":[{"embeddable":true,"href":"https:\/\/soydeaqui.ddns.net\/pachuca\/index.php\/wp-json\/wp\/v2\/comments?post=23832"}],"wp:featuredmedia":[{"embeddable":true,"href":"https:\/\/soydeaqui.ddns.net\/pachuca\/index.php\/wp-json\/wp\/v2\/media\/23831"}],"wp:attachment":[{"href":"https:\/\/soydeaqui.ddns.net\/pachuca\/index.php\/wp-json\/wp\/v2\/media?parent=23832"}],"wp:term":[{"taxonomy":"product_brand","embeddable":true,"href":"https:\/\/soydeaqui.ddns.net\/pachuca\/index.php\/wp-json\/wp\/v2\/product_brand?post=23832"},{"taxonomy":"product_cat","embeddable":true,"href":"https:\/\/soydeaqui.ddns.net\/pachuca\/index.php\/wp-json\/wp\/v2\/product_cat?post=23832"},{"taxonomy":"product_tag","embeddable":true,"href":"https:\/\/soydeaqui.ddns.net\/pachuca\/index.php\/wp-json\/wp\/v2\/product_tag?post=23832"}],"curies":[{"name":"wp","href":"https:\/\/api.w.org\/{rel}","templated":true}]}}