{"id":23829,"date":"2026-03-18T11:22:56","date_gmt":"2026-03-18T11:22:56","guid":{"rendered":"https:\/\/soydeaqui.ddns.net\/pachuca\/index.php\/producto\/termometro-ir-para-medicion-de-temperatura-de-30oc-a-500oc-con-precision-1-0-y-clasificacion-ip54-de-resistencia-al-agua-y-polvo\/"},"modified":"2026-03-18T11:22:58","modified_gmt":"2026-03-18T11:22:58","slug":"termometro-ir-para-medicion-de-temperatura-de-30oc-a-500oc-con-precision-1-0-y-clasificacion-ip54-de-resistencia-al-agua-y-polvo","status":"publish","type":"product","link":"https:\/\/soydeaqui.ddns.net\/pachuca\/index.php\/producto\/termometro-ir-para-medicion-de-temperatura-de-30oc-a-500oc-con-precision-1-0-y-clasificacion-ip54-de-resistencia-al-agua-y-polvo\/","title":{"rendered":"Term\u00f3metro IR Para Medici\u00f3n de Temperatura de -30\u00baC a 500\u00baC, Con Precisi\u00f3n +-1.0%, y Clasificaci\u00f3n IP54 de Resistencia al Agua y Polvo"},"content":{"rendered":"<div style='width: 100%; max-width: 1200px; margin: 0 auto; font-family: sans-serif; line-height: 1.6; color: inherit; background-color: transparent;'> <!-- Logo --> <\/p>\n<div style='text-align: center; margin: 30px 0;'> <img style='width: 100%; max-width: 500px; height: auto; border: 1px solid rgba(150&comma;150&comma;150&comma;0.3); border-radius: 8px;' src='https:\/\/www.risoul.com.mx\/hs-fs\/hubfs\/Fluke-Logo.png?width=1557&#038;name=Fluke-Logo.png' alt='Distribuidor productos Fluke'> <\/div>\n<p> <!-- Descripci\u00f3n --> <\/p>\n<div style='margin-bottom: 30px; font-size: 15px;'>\n<p>Los term\u00f3metros IR Fluke 62 MAX y 62 MAX+ son todo lo que podr\u00eda esperar de los expertos en medici\u00f3n de temperatura de transformadores&comma; motores&comma; bombas&comma; paneles&comma; disyuntores&comma; compresores&comma; conductos&comma; tuber\u00edas de vapor y v\u00e1lvulas en zonas de dif\u00edcil acceso para llevar a cabo reparaciones y labores de mantenimiento. Peque\u00f1os en tama\u00f1o&comma; extremadamente precisos y f\u00e1ciles de usar. Clasificaci\u00f3n IP54 a prueba de polvo y agua. Preciso y lo suficientemente resistente para soportar una ca\u00edda de hasta 3 metros de altura.<\/p>\n<p style='margin-top: 15px;'><strong>* Incluye una Bater\u00eda AA<\/strong><\/p>\n<\/p><\/div>\n<p> <!-- Especificaciones --> <\/p>\n<div style='display: flex; flex-wrap: wrap; gap: 20px; margin-bottom: 30px;'>\n<div style='flex: 1 1 300px; border: 1px solid rgba(150&comma; 150&comma; 150&comma; 0.4); border-radius: 8px; overflow: hidden; display: flex; flex-direction: column;'>\n<div style='padding: 15px; border-bottom: 1px solid rgba(150&comma; 150&comma; 150&comma; 0.2); font-weight: bold; font-size: 18px; color: inherit; background-color: rgba(150&comma; 150&comma; 150&comma; 0.1);'>Especificaciones<\/div>\n<div style='padding: 15px; color: inherit;'>\n<ul style='padding-left: 20px; margin: 0; font-size: 14px; list-style-type: disc;'>\n<li style='margin-bottom: 8px;'><strong>Rango de temperatura:<\/strong> -30 \u00b0C a 500 \u00b0C (-22 \u00b0F a 932 \u00b0F)<\/li>\n<li style='margin-bottom: 8px;'><strong>Precisi\u00f3n:<\/strong> \u00b11.5 \u00b0C o \u00b11.5 % de lectura&comma; el valor mayor de los dos\n<ul style='padding-left: 15px; margin-top: 5px; margin-bottom: 0;'>\n<li style='margin-bottom: 5px;'>-10 \u00b0C a 0 \u00b0C: \u00b12.0<\/li>\n<li style='margin-bottom: 5px;'>-30 \u00b0C a -10 \u00b0C: \u00b13.0<\/li>\n<\/ul>\n<\/li>\n<li style='margin-bottom: 8px;'><strong>Tiempo de respuesta (95 %):<\/strong> < 500 ms (95 % de la lectura)<\/li>\n<li style='margin-bottom: 8px;'><strong>Respuesta espectral:<\/strong> 8 a 14 micrones<\/li>\n<li style='margin-bottom: 8px;'><strong>Emisividad:<\/strong> 0.10 a 1.00<\/li>\n<li style='margin-bottom: 8px;'><strong>Resoluci\u00f3n \u00f3ptica:<\/strong> 10:1 (calculado al 90 % de energ\u00eda)<\/li>\n<li style='margin-bottom: 8px;'><strong>Resoluci\u00f3n de la pantalla:<\/strong> 0.1 \u00b0C (0.2 \u00b0F)<\/li>\n<li style='margin-bottom: 8px;'><strong>Repetibilidad de lecturas:<\/strong> \u00b10.8 % de la lectura o <\u00b11.0 \u00b0C (2 \u00b0F)&comma; el mayor valor<\/li>\n<li style='margin-bottom: 8px;'><strong>Alimentaci\u00f3n:<\/strong> Bater\u00eda AA<\/li>\n<li style='margin-bottom: 8px;'><strong>Duraci\u00f3n de la bater\u00eda:<\/strong> 10 horas con l\u00e1ser y retroiluminaci\u00f3n encendidos<\/li>\n<\/ul><\/div>\n<\/p><\/div>\n<div style='flex: 1 1 300px; border: 1px solid rgba(150&comma; 150&comma; 150&comma; 0.4); border-radius: 8px; overflow: hidden; display: flex; flex-direction: column;'>\n<div style='padding: 15px; border-bottom: 1px solid rgba(150&comma; 150&comma; 150&comma; 0.2); font-weight: bold; font-size: 18px; color: inherit; background-color: rgba(150&comma; 150&comma; 150&comma; 0.1);'>Especificaciones f\u00edsicas<\/div>\n<div style='padding: 15px; color: inherit;'>\n<ul style='padding-left: 20px; margin: 0; font-size: 14px; list-style-type: disc;'>\n<li style='margin-bottom: 8px;'><strong>Peso:<\/strong> 255 g (8.99 oz)<\/li>\n<li style='margin-bottom: 8px;'><strong>Dimensiones:<\/strong> 175 x 85 x 75 mm (6.88 x 3.34 x 2.95 pulg.)<\/li>\n<li style='margin-bottom: 8px;'><strong>Temperatura de funcionamiento:<\/strong> 0 \u00b0C a 50 \u00b0C (32 \u00b0F a 122 \u00b0F)<\/li>\n<li style='margin-bottom: 8px;'><strong>Temperatura de almacenamiento:<\/strong> -20 \u00b0C a 60 \u00b0C (-4 \u00b0F a 140 \u00b0F)&comma; (sin bater\u00eda)<\/li>\n<li style='margin-bottom: 8px;'><strong>Humedad de funcionamiento:<\/strong> 10 % a 90 % de humedad relativa sin condensaci\u00f3n&comma; a 30 \u00b0C (86 \u00b0F)<\/li>\n<li style='margin-bottom: 8px;'><strong>Altitud de trabajo:<\/strong> 2000 metros sobre el nivel del mar<\/li>\n<li style='margin-bottom: 8px;'><strong>Altitud de almacenamiento:<\/strong> 12 000 metros sobre el nivel del mar<\/li>\n<li style='margin-bottom: 8px;'><strong>Clasificaci\u00f3n IP:<\/strong> IP 54 seg\u00fan la norma IEC 60529<\/li>\n<li style='margin-bottom: 8px;'><strong>Prueba de ca\u00edda:<\/strong> 3 metros<\/li>\n<li style='margin-bottom: 8px;'><strong>Resistencia a choques y vibraciones:<\/strong> IEC 68-2-6 2.5 g&comma; de 10 a 200 Hz&comma; IEC 68-2-27&comma; 50 g&comma; 11 ms<\/li>\n<li style='margin-bottom: 8px;'><strong>Cumplimiento electromagn\u00e9tico:<\/strong> IEC 61326-1: equipo electromagn\u00e9tico port\u00e1til<\/li>\n<li style='margin-bottom: 8px;'><strong>La seguridad:<\/strong> IEC 61010-1: grado de contaminaci\u00f3n 2<br \/>IEC 60825-1: clase 2<\/li>\n<\/ul><\/div>\n<\/p><\/div>\n<\/p><\/div>\n<p> <!-- Separador --> <\/p>\n<hr style='border: 0; border-top: 1px solid rgba(150&comma; 150&comma; 150&comma; 0.3); margin: 30px 0;'> <\/div>\n","protected":false},"excerpt":{"rendered":"<p>Term\u00f3metro IR Para Medici\u00f3n de Temperatura de -30\u00baC a 500\u00baC, Con Precisi\u00f3n +-1.0%, y Clasificaci\u00f3n IP54 de Resistencia al Agua y Polvo<\/p>\n","protected":false},"featured_media":23828,"comment_status":"open","ping_status":"closed","template":"","meta":[],"product_brand":[],"product_cat":[462],"product_tag":[393,25,131],"class_list":{"0":"post-23829","1":"product","2":"type-product","3":"status-publish","4":"has-post-thumbnail","6":"product_cat-herramientas-electricas-herramientas","7":"product_tag-fluke","8":"product_tag-herramientas","9":"product_tag-herramientas-electricas","11":"first","12":"instock","13":"sale","14":"shipping-taxable","15":"purchasable","16":"product-type-simple"},"_links":{"self":[{"href":"https:\/\/soydeaqui.ddns.net\/pachuca\/index.php\/wp-json\/wp\/v2\/product\/23829","targetHints":{"allow":["GET"]}}],"collection":[{"href":"https:\/\/soydeaqui.ddns.net\/pachuca\/index.php\/wp-json\/wp\/v2\/product"}],"about":[{"href":"https:\/\/soydeaqui.ddns.net\/pachuca\/index.php\/wp-json\/wp\/v2\/types\/product"}],"replies":[{"embeddable":true,"href":"https:\/\/soydeaqui.ddns.net\/pachuca\/index.php\/wp-json\/wp\/v2\/comments?post=23829"}],"wp:featuredmedia":[{"embeddable":true,"href":"https:\/\/soydeaqui.ddns.net\/pachuca\/index.php\/wp-json\/wp\/v2\/media\/23828"}],"wp:attachment":[{"href":"https:\/\/soydeaqui.ddns.net\/pachuca\/index.php\/wp-json\/wp\/v2\/media?parent=23829"}],"wp:term":[{"taxonomy":"product_brand","embeddable":true,"href":"https:\/\/soydeaqui.ddns.net\/pachuca\/index.php\/wp-json\/wp\/v2\/product_brand?post=23829"},{"taxonomy":"product_cat","embeddable":true,"href":"https:\/\/soydeaqui.ddns.net\/pachuca\/index.php\/wp-json\/wp\/v2\/product_cat?post=23829"},{"taxonomy":"product_tag","embeddable":true,"href":"https:\/\/soydeaqui.ddns.net\/pachuca\/index.php\/wp-json\/wp\/v2\/product_tag?post=23829"}],"curies":[{"name":"wp","href":"https:\/\/api.w.org\/{rel}","templated":true}]}}