{"id":23824,"date":"2026-03-18T11:22:52","date_gmt":"2026-03-18T11:22:52","guid":{"rendered":"https:\/\/soydeaqui.ddns.net\/pachuca\/index.php\/producto\/cubiertas-para-brazo-axo-3024\/"},"modified":"2026-03-18T11:22:53","modified_gmt":"2026-03-18T11:22:53","slug":"cubiertas-para-brazo-axo-3024","status":"publish","type":"product","link":"https:\/\/soydeaqui.ddns.net\/pachuca\/index.php\/producto\/cubiertas-para-brazo-axo-3024\/","title":{"rendered":"CUBIERTAS PARA BRAZO AXO 3024"},"content":{"rendered":"<div style='width: 100%; max-width: 1200px; margin: 0 auto; font-family: sans-serif; line-height: 1.6; color: inherit; background-color: transparent;'> <!-- Secci\u00f3n de contenido con flex\/grid --> <\/p>\n<div style='display: flex; flex-wrap: wrap; gap: 30px; margin-bottom: 30px;'>\n<div style='flex: 1 1 300px; min-width: 280px;'>\n<h3 style='font-size: 22px; border-bottom: 2px solid currentColor; padding-bottom: 5px; margin-top: 0; color: inherit; opacity: 0.8;'>Componentes incluidos<\/h3>\n<ul style='padding-left: 20px; font-size: 15px; color: inherit;'>\n<li style='margin-bottom: 5px;'>BACK JOINT &#8211; ATI AXO KRONO (119RID098)<\/li>\n<li style='margin-bottom: 5px;'>LOCK CYLINDER &#8211; A180 AXO (119RID141)<\/li>\n<li style='margin-bottom: 5px;'>MECHANICAL STOPS &#8211; AMICO AXO (119RID270)<\/li>\n<li style='margin-bottom: 5px;'>PACKAGE OF 10 TRIANGULAR KEYS (10P) (119RIY077)<\/li>\n<li style='margin-bottom: 5px;'>ENCODER PC BOARD WITH COATING (88001-0042)<\/li>\n<li style='margin-bottom: 5px;'>BOCCOLA MADREVITE+STAFFA SERIE AXO 3\/4 (88001-0126)<\/li>\n<li style='margin-bottom: 5px;'>GRUPPO RIDUZIONE SERIE AXO 3\/4 (88001-0131)<\/li>\n<li style='margin-bottom: 5px;'>GRUPPO MOTORE+FRENO SERIE AXO 24V (88001-0141)<\/li>\n<li style='margin-bottom: 5px;'>GRUPPO GUSCI INF.\/SUP. SERIE AXO (88001-0143)<\/li>\n<li style='margin-bottom: 5px;'>GRUPPO STELI INF.\/SUP. SERIE AXO 3\/4 (88001-0144)<\/li>\n<li style='margin-bottom: 5px;'>GIUNTO TRASMISSIONE MOTORE SERIE AXO (88001-0152)<\/li>\n<li style='margin-bottom: 5px;'>SCATOLA ACCESSORI serie AXO 3\/4 (88001-0155)<\/li>\n<li style='margin-bottom: 5px;'>ELECTROBRAKE AXO 24V (88001-0201)<\/li>\n<\/ul><\/div>\n<\/p><\/div>\n<p> <!-- Separador --> <\/p>\n<hr style='border: 0; border-top: 1px solid rgba(150&comma; 150&comma; 150&comma; 0.3); margin: 30px 0;'> <!-- Secci\u00f3n de disclaimer --> <\/p>\n<div style='margin-top: 30px; font-size: 14px; color: inherit; opacity: 0.8;'>\n<p><strong>Disclaimer:<\/strong> Los resultados obtenidos por este sistema de simulaci\u00f3n (en adelante &#8216;Contenido&#8217;) son solo para su referencia y no representan de ninguna manera una oferta o compromiso de venta por parte de CAME S.p.A y\/o CAME UK. El propietario del Contenido es CAME S.p.A&comma; salvo que se indique lo contrario&comma; y el contenido est\u00e1 protegido por derechos de autor y cubierto por la legislaci\u00f3n sobre propiedad industrial. No se otorga ninguna licencia o derecho de uso y&comma; por lo tanto&comma; no est\u00e1 permitido registrar el Contenido &#8211; en su totalidad o en parte &#8211; en cualquier tipo de medio&comma; ni copiarlo&comma; publicarlo&comma; retransmitirlo o utilizarlo con fines comerciales sin el permiso previo por escrito de CAME S.p.A. No obstante&comma; es posible hacer una copia para uso personal exclusivamente. En cualquier caso&comma; CAME S.p.A. y CAME UK no asumen y expresamente renuncian a cualquier responsabilidad por cualquier error&comma; inexactitud&comma; omisi\u00f3n o deficiencia encontrada en el Contenido.<\/p>\n<\/p><\/div>\n<\/p><\/div>\n","protected":false},"excerpt":{"rendered":"<p>CUBIERTAS PARA BRAZO AXO 3024<\/p>\n","protected":false},"featured_media":32,"comment_status":"open","ping_status":"closed","template":"","meta":[],"product_brand":[],"product_cat":[750],"product_tag":[401,779,751],"class_list":{"0":"post-23824","1":"product","2":"type-product","3":"status-publish","4":"has-post-thumbnail","6":"product_cat-refacciones","7":"product_tag-acceso-vehicular","8":"product_tag-came","9":"product_tag-refacciones","11":"first","12":"outofstock","13":"sale","14":"shipping-taxable","15":"purchasable","16":"product-type-simple"},"_links":{"self":[{"href":"https:\/\/soydeaqui.ddns.net\/pachuca\/index.php\/wp-json\/wp\/v2\/product\/23824","targetHints":{"allow":["GET"]}}],"collection":[{"href":"https:\/\/soydeaqui.ddns.net\/pachuca\/index.php\/wp-json\/wp\/v2\/product"}],"about":[{"href":"https:\/\/soydeaqui.ddns.net\/pachuca\/index.php\/wp-json\/wp\/v2\/types\/product"}],"replies":[{"embeddable":true,"href":"https:\/\/soydeaqui.ddns.net\/pachuca\/index.php\/wp-json\/wp\/v2\/comments?post=23824"}],"wp:featuredmedia":[{"embeddable":true,"href":"https:\/\/soydeaqui.ddns.net\/pachuca\/index.php\/wp-json\/wp\/v2\/media\/32"}],"wp:attachment":[{"href":"https:\/\/soydeaqui.ddns.net\/pachuca\/index.php\/wp-json\/wp\/v2\/media?parent=23824"}],"wp:term":[{"taxonomy":"product_brand","embeddable":true,"href":"https:\/\/soydeaqui.ddns.net\/pachuca\/index.php\/wp-json\/wp\/v2\/product_brand?post=23824"},{"taxonomy":"product_cat","embeddable":true,"href":"https:\/\/soydeaqui.ddns.net\/pachuca\/index.php\/wp-json\/wp\/v2\/product_cat?post=23824"},{"taxonomy":"product_tag","embeddable":true,"href":"https:\/\/soydeaqui.ddns.net\/pachuca\/index.php\/wp-json\/wp\/v2\/product_tag?post=23824"}],"curies":[{"name":"wp","href":"https:\/\/api.w.org\/{rel}","templated":true}]}}