{"id":23815,"date":"2026-03-18T11:22:40","date_gmt":"2026-03-18T11:22:40","guid":{"rendered":"https:\/\/soydeaqui.ddns.net\/pachuca\/index.php\/producto\/amperimetro-de-gancho-para-medida-de-corriente-en-ca-de-999-a-y-tension-en-ca-y-cc-de-600v\/"},"modified":"2026-03-18T11:22:46","modified_gmt":"2026-03-18T11:22:46","slug":"amperimetro-de-gancho-para-medida-de-corriente-en-ca-de-999-a-y-tension-en-ca-y-cc-de-600v","status":"publish","type":"product","link":"https:\/\/soydeaqui.ddns.net\/pachuca\/index.php\/producto\/amperimetro-de-gancho-para-medida-de-corriente-en-ca-de-999-a-y-tension-en-ca-y-cc-de-600v\/","title":{"rendered":"Amperimetro de Gancho, Para Medida de Corriente en CA de 999 A y Tensi\u00f3n en CA y CC de 600V"},"content":{"rendered":"<div style='width: 100%; max-width: 1200px; margin: 0 auto; font-family: sans-serif; line-height: 1.6; color: inherit;'>\n<div style='display: flex; flex-wrap: wrap; gap: 30px; margin-bottom: 30px;'>\n<div style='flex: 1 1 300px; min-width: 280px;'> <img style='width: 100%; height: auto; border: 1px solid rgba(150&comma;150&comma;150&comma;0.3); border-radius: 8px;' src='https:\/\/www.risoul.com.mx\/hs-fs\/hubfs\/Fluke-Logo.png?width=1557&#038;name=Fluke-Logo.png' alt='Distribuidor productos Fluke' \/> <\/div>\n<div style='flex: 1 1 300px; min-width: 280px;'>\n<p style='color: inherit;'>Los nuevos Fluke 305&comma; 303 y 302+ ofrecen la resistencia&comma; la confiabilidad y la precisi\u00f3n que usted espera de nuestros productos en un dise\u00f1o reducido y ergon\u00f3mico. El innovador dise\u00f1o del cuerpo ofrece una herramienta m\u00e1s compacta para satisfacer sus necesidades. Las funciones de medici\u00f3n de corriente de CA hasta 999 A (305)&comma; la amplia apertura de la mordaza de 30 mm y la clasificaci\u00f3n de seguridad CAT IV 300 V\/CAT III 600 V la convierten en una herramienta f\u00e1cil de utilizar que satisface sus necesidades cotidianas de mantenimiento el\u00e9ctrico.<\/p>\n<\/p><\/div>\n<\/p><\/div>\n<div style='display: flex; flex-wrap: wrap; gap: 30px; margin-bottom: 30px;'>\n<div style='flex: 1 1 300px; min-width: 280px;'>\n<h3 style='font-size: 22px; border-bottom: 2px solid currentColor; padding-bottom: 5px; margin-top: 0; color: inherit; opacity: 0.8;'>Caracter\u00edsticas Principales<\/h3>\n<ul style='padding-left: 20px; font-size: 15px; color: inherit;'>\n<li style='margin-bottom: 5px;'>Medici\u00f3n de corriente de CA de 999 A (305)<\/li>\n<li style='margin-bottom: 5px;'>Clasificaci\u00f3n de seguridad CAT IV 300 V\/CAT III 600 V<\/li>\n<li style='margin-bottom: 5px;'>Tama\u00f1o de la mordaza de 30 mm para m\u00faltiples aplicaciones<\/li>\n<li style='margin-bottom: 5px;'>Rango de resistencia hasta los 4 k\u00e2\u201e\u00a6<\/li>\n<li style='margin-bottom: 5px;'>Con un dise\u00f1o delgado y ergon\u00f3mico que facilita su transporte y su uso<\/li>\n<li style='margin-bottom: 5px;'>Pantalla retroiluminada de f\u00e1cil lectura<\/li>\n<li style='margin-bottom: 5px; font-weight: bold;'>Incluye puntas de prueba&comma; manual y 2 bater\u00edas AAA<\/li>\n<\/ul><\/div>\n<\/p><\/div>\n<div style='display: flex; flex-wrap: wrap; gap: 30px; margin-bottom: 30px;'>\n<div style='flex: 1 1 300px; min-width: 280px;'>\n<h3 style='font-size: 22px; border-bottom: 2px solid currentColor; padding-bottom: 5px; margin-top: 0; color: inherit; opacity: 0.8;'>Especificaciones T\u00e9cnicas<\/h3>\n<p> <img style='width: 100%; height: auto; border: 1px solid rgba(150&comma;150&comma;150&comma;0.3); border-radius: 8px;' src='https:\/\/ftp3.syscom.mx\/usuarios\/fotos\/FLUKE303\/EMESP\/203702-captura_de_pantalla_2021-11-17_a_la(s)_11.12.40.png' alt='' \/> <\/div>\n<\/p><\/div>\n<\/p><\/div>\n","protected":false},"excerpt":{"rendered":"<p>Amperimetro de Gancho, Para Medida de Corriente en CA de 999 A y Tensi\u00f3n en CA y CC de 600V<\/p>\n","protected":false},"featured_media":23814,"comment_status":"open","ping_status":"closed","template":"","meta":[],"product_brand":[],"product_cat":[462],"product_tag":[393,25,131],"class_list":{"0":"post-23815","1":"product","2":"type-product","3":"status-publish","4":"has-post-thumbnail","6":"product_cat-herramientas-electricas-herramientas","7":"product_tag-fluke","8":"product_tag-herramientas","9":"product_tag-herramientas-electricas","11":"first","12":"outofstock","13":"sale","14":"shipping-taxable","15":"purchasable","16":"product-type-simple"},"_links":{"self":[{"href":"https:\/\/soydeaqui.ddns.net\/pachuca\/index.php\/wp-json\/wp\/v2\/product\/23815","targetHints":{"allow":["GET"]}}],"collection":[{"href":"https:\/\/soydeaqui.ddns.net\/pachuca\/index.php\/wp-json\/wp\/v2\/product"}],"about":[{"href":"https:\/\/soydeaqui.ddns.net\/pachuca\/index.php\/wp-json\/wp\/v2\/types\/product"}],"replies":[{"embeddable":true,"href":"https:\/\/soydeaqui.ddns.net\/pachuca\/index.php\/wp-json\/wp\/v2\/comments?post=23815"}],"wp:featuredmedia":[{"embeddable":true,"href":"https:\/\/soydeaqui.ddns.net\/pachuca\/index.php\/wp-json\/wp\/v2\/media\/23814"}],"wp:attachment":[{"href":"https:\/\/soydeaqui.ddns.net\/pachuca\/index.php\/wp-json\/wp\/v2\/media?parent=23815"}],"wp:term":[{"taxonomy":"product_brand","embeddable":true,"href":"https:\/\/soydeaqui.ddns.net\/pachuca\/index.php\/wp-json\/wp\/v2\/product_brand?post=23815"},{"taxonomy":"product_cat","embeddable":true,"href":"https:\/\/soydeaqui.ddns.net\/pachuca\/index.php\/wp-json\/wp\/v2\/product_cat?post=23815"},{"taxonomy":"product_tag","embeddable":true,"href":"https:\/\/soydeaqui.ddns.net\/pachuca\/index.php\/wp-json\/wp\/v2\/product_tag?post=23815"}],"curies":[{"name":"wp","href":"https:\/\/api.w.org\/{rel}","templated":true}]}}