{"id":23774,"date":"2026-03-18T11:21:58","date_gmt":"2026-03-18T11:21:58","guid":{"rendered":"https:\/\/soydeaqui.ddns.net\/pachuca\/index.php\/producto\/barrera-vehicular-izquierda-a-220-vca-con-brazo-incluido-ajustable-de-2-a-4-mts-apertura-en-3-segundos-incluye-banda-protectora-antigolpe-de-vehiculos\/"},"modified":"2026-03-18T11:21:58","modified_gmt":"2026-03-18T11:21:58","slug":"barrera-vehicular-izquierda-a-220-vca-con-brazo-incluido-ajustable-de-2-a-4-mts-apertura-en-3-segundos-incluye-banda-protectora-antigolpe-de-vehiculos","status":"publish","type":"product","link":"https:\/\/soydeaqui.ddns.net\/pachuca\/index.php\/producto\/barrera-vehicular-izquierda-a-220-vca-con-brazo-incluido-ajustable-de-2-a-4-mts-apertura-en-3-segundos-incluye-banda-protectora-antigolpe-de-vehiculos\/","title":{"rendered":"Barrera Vehicular IZQUIERDA a 220 Vca con Brazo Incluido ajustable de 2 a 4 mts \/ Apertura en 3 Segundos \/ Incluye banda protectora antigolpe de vehiculos"},"content":{"rendered":"<div style='width: 100%; max-width: 1200px; margin: 0 auto; font-family: sans-serif; line-height: 1.6; color: inherit; background-color: transparent;'> <!-- Secci\u00f3n de caracter\u00edsticas en 3 columnas --> <\/p>\n<div style='display: flex; flex-wrap: wrap; gap: 30px; margin-bottom: 30px;'>\n<div style='flex: 1 1 300px; min-width: 280px;'>\n<div style='border-left: 5px solid #ff0000; padding: 15px; border-radius: 8px; box-shadow: 2px 2px 10px rgba(216&comma;216&comma;216&comma;0.4);'>\n<h3 style='font-size: 18px; margin-top: 0; margin-bottom: 15px; color: inherit;'>Caracter\u00edsticas principales:<\/h3>\n<ul style='padding-left: 20px; font-size: 14px; color: inherit; list-style-type: disc;'>\n<li style='margin-bottom: 8px;'>Fabricaci\u00f3n en metal<\/li>\n<li style='margin-bottom: 8px;'>Incluye 2 controles remotos (bater\u00eda NO incluida) <a style='color: #005cb9; text-decoration: none; font-size: 12px; font-weight: 600;' href='https:\/\/www.syscom.mx\/principal\/searchcont?route=FPD009-AccessPRO-68273&#038;autodetect=LR-27A'>FPD009<\/a>) 1 por control <\/li>\n<\/ul><\/div>\n<\/p><\/div>\n<div style='flex: 1 1 300px; min-width: 280px;'>\n<div style='border-left: 5px solid #ff0000; padding: 15px; border-radius: 8px; box-shadow: 2px 2px 10px rgba(216&comma;216&comma;216&comma;0.4);'>\n<h3 style='font-size: 18px; margin-top: 0; margin-bottom: 15px; color: inherit;'>Caracter\u00edsticas F\u00edsicas y El\u00e9ctricas:<\/h3>\n<ul style='padding-left: 20px; font-size: 14px; color: inherit; list-style-type: disc;'>\n<li style='margin-bottom: 8px;'>Alimentaci\u00f3n: 220 Vca<\/li>\n<li style='margin-bottom: 8px;'>Peso: 88.18Kg<\/li>\n<li style='margin-bottom: 8px;'><strong style='color: inherit;'>Garant\u00eda: 2 a\u00f1os.<\/strong><\/li>\n<\/ul><\/div>\n<\/p><\/div>\n<div style='flex: 1 1 300px; min-width: 280px;'>\n<div style='border-left: 5px solid #ff0000; padding: 15px; border-radius: 8px; box-shadow: 2px 2px 10px rgba(216&comma;216&comma;216&comma;0.4);'>\n<h3 style='font-size: 18px; margin-top: 0; margin-bottom: 15px; color: inherit;'>Caracter\u00edsticas Destacadas:<\/h3>\n<ul style='padding-left: 20px; font-size: 14px; color: inherit; list-style-type: disc;'>\n<li style='margin-bottom: 8px;'>Mecanismo robusto.<\/li>\n<li style='margin-bottom: 8px;'>Compatible con lazo magn\u00e9tico y\/o fotoceldas.<\/li>\n<li style='margin-bottom: 8px;'>Cuadro de mando tiene 3 botones para operaci\u00f3n (Abrir&comma; Cerrar&comma; Stop).<\/li>\n<\/ul><\/div>\n<\/p><\/div>\n<\/p><\/div>\n<p> <!-- Secci\u00f3n de detalles y accesorios --> <\/p>\n<div style='display: flex; flex-wrap: wrap; gap: 30px; margin-bottom: 30px;'>\n<div style='flex: 1 1 300px; min-width: 280px;'>\n<h3 style='font-size: 20px; margin-top: 0; margin-bottom: 10px; color: inherit;'>Brazo con banda Anti-Colisi\u00f3n Incluido<\/h3>\n<p style='font-size: 14px; color: inherit; margin-bottom: 20px;'>(El brazo se regresa al colisionar levemente con un obst\u00e1culo evitando da\u00f1os al veh\u00edculo)<\/p>\n<h3 style='font-size: 18px; margin-top: 20px; margin-bottom: 15px; color: inherit;'>Caracter\u00edsticas de la BARRERA:<\/h3>\n<ul style='padding-left: 20px; font-size: 14px; color: inherit; list-style-type: disc;'>\n<li style='margin-bottom: 8px;'>Apertura en 3 segundos<\/li>\n<li style='margin-bottom: 8px; color: #c0392b;'>Brazo telesc\u00f3pico ajustable desde 2 a 4 mts.<\/li>\n<li style='margin-bottom: 8px;'>Incluye 2 controles remotos (bater\u00eda no incluida).<\/li>\n<li style='margin-bottom: 8px;'>Manija para operaci\u00f3n manual en caso de p\u00e9rdida de energ\u00eda.<\/li>\n<li style='margin-bottom: 8px;'>Soporta habilitar cierre autom\u00e1tico con retardo de 10 seg.<\/li>\n<li style='margin-bottom: 8px;'><strong style='color: inherit;'>Operaci\u00f3n de hasta 300 ciclos aproximados por hora (uso continuo).<\/strong><\/li>\n<\/ul>\n<h3 style='font-size: 18px; margin-top: 25px; margin-bottom: 15px; color: inherit;'>Accesorios Opcionales (NO INCLUIDOS)<\/h3>\n<ul style='padding-left: 20px; font-size: 14px; color: inherit; list-style-type: disc;'>\n<li style='margin-bottom: 8px;'>Lazo magn\u00e9tico <a style='color: #005cb9; text-decoration: none; font-size: 12px; font-weight: 600;' href='https:\/\/www.syscom.mx\/principal\/searchcont?route=SYS-LM6-ACCESSPRO-31960&#038;autodetect=syslm6'>SYS-LM6<\/a> + Sensor de masa <a style='color: #005cb9; text-decoration: none; font-size: 12px; font-weight: 600;' href='https:\/\/www.syscom.mx\/principal\/searchcont?route=10-MATRIX-IIS-1224-BEA-144360&#038;autodetect=syslm6'>10-MATRIX-IIS-1224.<\/a> <\/li>\n<li style='margin-bottom: 8px;'>Fotoceldas <a style='color: #005cb9; text-decoration: none; font-size: 12px; font-weight: 600;' href='https:\/\/www.syscom.mx\/principal\/searchcont?route=XBS-IR33-AccessPRO-78540&#038;autodetect=xbsir33'>XBS-IR33<\/a> <\/li>\n<li style='margin-bottom: 8px;'>Botonera triple para operaci\u00f3n humana <a style='color: #005cb9; text-decoration: none; font-size: 12px; font-weight: 600;' href='https:\/\/www.syscom.mx\/principal\/searchcont?route=XBS-SW-01-ACCESSPRO-78542&#038;autodetect=xbssw01'>XBS-SW-01<\/a> <\/li>\n<li style='margin-bottom: 8px;'>Sistema de Acceso con tag Vehicular <a style='color: #005cb9; text-decoration: none; font-size: 12px; font-weight: 600;' href='https:\/\/www.syscom.mx\/principal\/searchcont?route=KIT-UHFSTICKER-01-HIKVISION-177026&#038;autodetect=kituhf'>KIT-UHFSTICKER-01<\/a> <\/li>\n<li style='margin-bottom: 8px; color: #c0392b;'><em>Compatible con cualquier sistema de acceso.<\/em><\/li>\n<\/ul><\/div>\n<p> <!-- Imagen del producto --> <\/p>\n<div style='flex: 1 1 300px; min-width: 280px; display: flex; align-items: flex-start;'> <img style='width: 100%; height: auto; border: 1px solid rgba(150&comma;150&comma;150&comma;0.3); border-radius: 8px;' src='https:\/\/ftp3.syscom.mx\/usuarios\/fotos\/BancoFotografiasSyscom\/HIKVISION\/DSTMG4B0LA4M\/DSTMG4B0LA4M-p.PNG' alt='Brazo de barrera vehicular HIKVISION DSTMG4B0LA\/4M220'> <\/div>\n<\/p><\/div>\n<p> <!-- Separador --> <\/p>\n<hr style='border: 0; border-top: 1px solid rgba(150&comma; 150&comma; 150&comma; 0.3); margin: 30px 0;'> <!-- Secci\u00f3n de videos --> <\/p>\n<div style='display: flex; flex-wrap: wrap; gap: 30px; margin-bottom: 30px;'>\n<div style='flex: 1 1 400px; min-width: 300px;'>\n<div style='position: relative; padding-bottom: 56.25%; height: 0; overflow: hidden;'>   <\/div>\n<\/p><\/div>\n<div style='flex: 1 1 400px; min-width: 300px;'>\n<div style='position: relative; padding-bottom: 56.25%; height: 0; overflow: hidden;'>   <\/div>\n<\/p><\/div>\n<\/p><\/div>\n<p> <!-- T\u00edtulo final --> <\/p>\n<h3 style='text-align: center; font-size: 16px; color: inherit; margin-top: 30px; margin-bottom: 30px;'>Calibraci\u00f3n de L\u00edmites de Carrera Enrolar controles remotos<\/h3>\n<\/p><\/div>\n","protected":false},"excerpt":{"rendered":"<p>Barrera Vehicular IZQUIERDA a 220 Vca con Brazo Incluido ajustable de 2 a 4 mts \/ Apertura en 3 Segundos \/ Incluye banda protectora antigolpe de vehiculos<\/p>\n","protected":false},"featured_media":23773,"comment_status":"open","ping_status":"closed","template":"","meta":[],"product_brand":[],"product_cat":[748],"product_tag":[401,749,54],"class_list":{"0":"post-23774","1":"product","2":"type-product","3":"status-publish","4":"has-post-thumbnail","6":"product_cat-barreras-vehiculares","7":"product_tag-acceso-vehicular","8":"product_tag-barreras-vehiculares","9":"product_tag-hikvision","11":"first","12":"instock","13":"sale","14":"shipping-taxable","15":"purchasable","16":"product-type-simple"},"_links":{"self":[{"href":"https:\/\/soydeaqui.ddns.net\/pachuca\/index.php\/wp-json\/wp\/v2\/product\/23774","targetHints":{"allow":["GET"]}}],"collection":[{"href":"https:\/\/soydeaqui.ddns.net\/pachuca\/index.php\/wp-json\/wp\/v2\/product"}],"about":[{"href":"https:\/\/soydeaqui.ddns.net\/pachuca\/index.php\/wp-json\/wp\/v2\/types\/product"}],"replies":[{"embeddable":true,"href":"https:\/\/soydeaqui.ddns.net\/pachuca\/index.php\/wp-json\/wp\/v2\/comments?post=23774"}],"wp:featuredmedia":[{"embeddable":true,"href":"https:\/\/soydeaqui.ddns.net\/pachuca\/index.php\/wp-json\/wp\/v2\/media\/23773"}],"wp:attachment":[{"href":"https:\/\/soydeaqui.ddns.net\/pachuca\/index.php\/wp-json\/wp\/v2\/media?parent=23774"}],"wp:term":[{"taxonomy":"product_brand","embeddable":true,"href":"https:\/\/soydeaqui.ddns.net\/pachuca\/index.php\/wp-json\/wp\/v2\/product_brand?post=23774"},{"taxonomy":"product_cat","embeddable":true,"href":"https:\/\/soydeaqui.ddns.net\/pachuca\/index.php\/wp-json\/wp\/v2\/product_cat?post=23774"},{"taxonomy":"product_tag","embeddable":true,"href":"https:\/\/soydeaqui.ddns.net\/pachuca\/index.php\/wp-json\/wp\/v2\/product_tag?post=23774"}],"curies":[{"name":"wp","href":"https:\/\/api.w.org\/{rel}","templated":true}]}}