{"id":23729,"date":"2026-03-18T11:21:07","date_gmt":"2026-03-18T11:21:07","guid":{"rendered":"https:\/\/soydeaqui.ddns.net\/pachuca\/index.php\/producto\/operador-faac-844-c-de-uso-intensivo-para-puertas-corredizas-de-1800-kg-y-hasta-40-metros-voltaje-de-operacion-220v\/"},"modified":"2026-03-18T11:21:11","modified_gmt":"2026-03-18T11:21:11","slug":"operador-faac-844-c-de-uso-intensivo-para-puertas-corredizas-de-1800-kg-y-hasta-40-metros-voltaje-de-operacion-220v","status":"publish","type":"product","link":"https:\/\/soydeaqui.ddns.net\/pachuca\/index.php\/producto\/operador-faac-844-c-de-uso-intensivo-para-puertas-corredizas-de-1800-kg-y-hasta-40-metros-voltaje-de-operacion-220v\/","title":{"rendered":"Operador FAAC 844 C de Uso Intensivo Para Puertas Corredizas de 1800 Kg y Hasta 40 Metros \/ Voltaje de Operaci\u00f3n 220V"},"content":{"rendered":"<div style='width: 100%; max-width: 1200px; margin: 0 auto; font-family: sans-serif; line-height: 1.6; color: inherit; background-color: transparent;'>\n<div style='display: flex; flex-wrap: wrap; gap: 30px; margin-bottom: 30px;'>\n<div style='flex: 1 1 300px; min-width: 280px;'>\n<h3 style='font-size: 22px; border-bottom: 2px solid currentColor; padding-bottom: 5px; margin-top: 0; color: inherit; opacity: 0.8;'>Caracter\u00edsticas principales<\/h3>\n<ul style='padding-left: 20px; font-size: 15px; color: inherit;'>\n<li style='margin-bottom: 5px;'>Peso m\u00e1ximo soportado 1800 kg<\/li>\n<li style='margin-bottom: 5px;'>Longitud m\u00e1xima de la hoja 40 m<\/li>\n<li style='margin-bottom: 5px;'>Equipo de uso semi-intensivo operaci\u00f3n del 70%<\/li>\n<\/ul><\/div>\n<div style='flex: 1 1 300px; min-width: 280px;'>\n<h3 style='font-size: 22px; border-bottom: 2px solid currentColor; padding-bottom: 5px; margin-top: 0; color: inherit; opacity: 0.8;'>Caracter\u00edsticas F\u00edsicas y El\u00e9ctricas<\/h3>\n<ul style='padding-left: 20px; font-size: 15px; color: inherit;'>\n<li style='margin-bottom: 5px;'>Voltaje de operaci\u00f3n 220V<\/li>\n<li style='margin-bottom: 5px;'>Potencia m\u00e1xima 500W<\/li>\n<li style='margin-bottom: 5px;'>Fuerza m\u00e1xima de empuje 1160N<\/li>\n<\/ul><\/div>\n<div style='flex: 1 1 300px; min-width: 280px;'>\n<h3 style='font-size: 22px; border-bottom: 2px solid currentColor; padding-bottom: 5px; margin-top: 0; color: inherit; opacity: 0.8;'>Caracter\u00edsticas Destacadas<\/h3>\n<ul style='padding-left: 20px; font-size: 15px; color: inherit;'>\n<li style='margin-bottom: 5px;'>Encoder magn\u00e9tico<\/li>\n<li style='margin-bottom: 5px;'>Protecci\u00f3n t\u00e9rmica a 120\u00b0C<\/li>\n<li style='margin-bottom: 5px;'>Velocidad de desplazamiento 9.5 m\/min<\/li>\n<\/ul><\/div>\n<\/p><\/div>\n<hr style='border: 0; border-top: 1px solid rgba(150&comma; 150&comma; 150&comma; 0.3); margin: 30px 0;'>\n<div style='display: flex; flex-wrap: wrap; gap: 30px; margin-bottom: 30px;'>\n<div style='flex: 1 1 300px; min-width: 280px;'>\n<h3 style='font-size: 20px; margin-top: 0; color: inherit;'>Operador de uso Intensivo FAAC 844&comma; para puertas corredizas<\/h3>\n<h3 style='font-size: 18px; color: inherit;'>Caracter\u00edsticas adicionales:<\/h3>\n<ul style='padding-left: 20px; font-size: 15px; color: inherit;'>\n<li style='margin-bottom: 5px;'>Finales de apertura y cierre magn\u00e9ticos<\/li>\n<li style='margin-bottom: 5px;'>Encoder para aprendizaje de carrera<\/li>\n<li style='margin-bottom: 5px;'>Embrague de doble disco ba\u00f1ado en aceite<\/li>\n<li style='margin-bottom: 5px;'>Requiere cremallera modulo #4 (No incluida)<\/li>\n<li style='margin-bottom: 5px;'><strong>Cremallera recomendada 1140-0510-001<\/strong> (Se vende por tramos de 2 metros)<\/li>\n<\/ul>\n<h3 style='font-size: 18px; color: inherit;'>Notas adicionales:<\/h3>\n<ul style='padding-left: 20px; font-size: 15px; color: inherit;'>\n<li style='margin-bottom: 5px;'>Equipo con un a\u00f1o de garantia contra defectos de fabricaci\u00f3n<\/li>\n<li style='margin-bottom: 5px;'>Requiere cremallera modulo 4 (Se adquiere por separado)<\/li>\n<\/ul><\/div>\n<div style='flex: 1 1 300px; min-width: 280px;'> <img style='width: 100%; height: auto; border: 1px solid rgba(150&comma;150&comma;150&comma;0.3); border-radius: 8px;' src='https:\/\/ftp3.syscom.mx\/usuarios\/fotos\/109837\/192293-faac_844.png' alt='Operador FAAC 844 C'> <\/div>\n<\/p><\/div>\n<hr style='border: 0; border-top: 1px solid rgba(150&comma; 150&comma; 150&comma; 0.3); margin: 30px 0;'>\n<div style='text-align: center; margin-bottom: 30px;'>\n<h3 style='font-size: 18px; margin-top: 0; color: inherit;'>\u00bfQu\u00e9 requiero cotizar para una instalaci\u00f3n?<\/h3>\n<p style='margin: 10px 0; color: inherit;'>1 x <strong>109925<\/strong> Motor FAAC 844C para puertas corredizas<\/p>\n<p style='margin: 10px 0; color: inherit;'><strong>1140-0510-001<\/strong> Cremallera modulo 4 de un metro de longitud (La cantidad de tramos depende del tama\u00f1o de la puerta de la instalaci\u00f3n)<\/p>\n<\/p><\/div>\n<hr style='border: 0; border-top: 1px solid rgba(150&comma; 150&comma; 150&comma; 0.3); margin: 30px 0;'>\n<div style='text-align: center; margin-bottom: 30px;'>\n<h3 style='font-size: 18px; margin-top: 0; color: inherit;'>\u00bfQu\u00e9 accesorios puedo agregar a mi instalaci\u00f3n?<\/h3>\n<p style='margin: 10px 0; color: inherit;'><strong style='font-size: medium;'>785102<\/strong> Fotocelda FAAC XP20D con alcance de hasta 20 metros<\/p>\n<p style='margin: 10px 0; color: inherit;'><strong style='font-size: medium;'>787856<\/strong> Receptor de frecuencia FAAC<\/p>\n<p style='margin: 10px 0; color: inherit;'><strong style='font-size: medium;'>787456<\/strong> Control remoto inal\u00e1mbrico FAAC XT4 de 4 canales<\/p>\n<p style='margin: 10px 0; color: inherit;'><strong style='font-size: medium;'>410029<\/strong> L\u00e1mpara FAAC para motores corredizos y abatibles<\/p>\n<p style='margin: 10px 0; color: inherit;'><strong style='font-size: medium;'>XBSSW01<\/strong> Botonera triple de uso rudo para aplicaciones de acceso vehicular<\/p>\n<p style='margin: 10px 0; color: inherit;'><strong style='font-size: medium;'>10LZR-H100KIT-19327<\/strong> Sensor l\u00e1ser para seguridad de aplicaciones de acceso vehicular<\/p>\n<\/p><\/div>\n<hr style='border: 0; border-top: 1px solid rgba(150&comma; 150&comma; 150&comma; 0.3); margin: 30px 0;'> <\/div>\n","protected":false},"excerpt":{"rendered":"<p>Operador FAAC 844 C de Uso Intensivo Para Puertas Corredizas de 1800 Kg y Hasta 40 Metros \/ Voltaje de Operaci\u00f3n 220V<\/p>\n","protected":false},"featured_media":23728,"comment_status":"open","ping_status":"closed","template":"","meta":[],"product_brand":[],"product_cat":[860],"product_tag":[401,778,861],"class_list":{"0":"post-23729","1":"product","2":"type-product","3":"status-publish","4":"has-post-thumbnail","6":"product_cat-puertas-corredizas","7":"product_tag-acceso-vehicular","8":"product_tag-faac","9":"product_tag-puertas-corredizas","11":"first","12":"instock","13":"sale","14":"shipping-taxable","15":"purchasable","16":"product-type-simple"},"_links":{"self":[{"href":"https:\/\/soydeaqui.ddns.net\/pachuca\/index.php\/wp-json\/wp\/v2\/product\/23729","targetHints":{"allow":["GET"]}}],"collection":[{"href":"https:\/\/soydeaqui.ddns.net\/pachuca\/index.php\/wp-json\/wp\/v2\/product"}],"about":[{"href":"https:\/\/soydeaqui.ddns.net\/pachuca\/index.php\/wp-json\/wp\/v2\/types\/product"}],"replies":[{"embeddable":true,"href":"https:\/\/soydeaqui.ddns.net\/pachuca\/index.php\/wp-json\/wp\/v2\/comments?post=23729"}],"wp:featuredmedia":[{"embeddable":true,"href":"https:\/\/soydeaqui.ddns.net\/pachuca\/index.php\/wp-json\/wp\/v2\/media\/23728"}],"wp:attachment":[{"href":"https:\/\/soydeaqui.ddns.net\/pachuca\/index.php\/wp-json\/wp\/v2\/media?parent=23729"}],"wp:term":[{"taxonomy":"product_brand","embeddable":true,"href":"https:\/\/soydeaqui.ddns.net\/pachuca\/index.php\/wp-json\/wp\/v2\/product_brand?post=23729"},{"taxonomy":"product_cat","embeddable":true,"href":"https:\/\/soydeaqui.ddns.net\/pachuca\/index.php\/wp-json\/wp\/v2\/product_cat?post=23729"},{"taxonomy":"product_tag","embeddable":true,"href":"https:\/\/soydeaqui.ddns.net\/pachuca\/index.php\/wp-json\/wp\/v2\/product_tag?post=23729"}],"curies":[{"name":"wp","href":"https:\/\/api.w.org\/{rel}","templated":true}]}}