{"id":2372,"date":"2026-03-18T05:56:29","date_gmt":"2026-03-18T05:56:29","guid":{"rendered":"https:\/\/soydeaqui.ddns.net\/pachuca\/index.php\/producto\/bobina-de-100-metros-328-08-pies-cable-de-cca-4-x-22-awg-tipo-aluminio-revestido-de-cobre-aplicaciones-en-alarmas-de-intrusin-automatizacin\/"},"modified":"2026-03-18T05:56:30","modified_gmt":"2026-03-18T05:56:30","slug":"bobina-de-100-metros-328-08-pies-cable-de-cca-4-x-22-awg-tipo-aluminio-revestido-de-cobre-aplicaciones-en-alarmas-de-intrusin-automatizacin","status":"publish","type":"product","link":"https:\/\/soydeaqui.ddns.net\/pachuca\/index.php\/producto\/bobina-de-100-metros-328-08-pies-cable-de-cca-4-x-22-awg-tipo-aluminio-revestido-de-cobre-aplicaciones-en-alarmas-de-intrusin-automatizacin\/","title":{"rendered":"Bobina de 100 Metros (328.08 Pies) \/ Cable de CCA \/ 4 x 22 AWG \/ Tipo Aluminio Revestido de Cobre \/ Aplicaciones en Alarmas de Intrusi?n \/ Automatizaci?n"},"content":{"rendered":"<div style='width: 100%; max-width: 1200px; margin: 0 auto; font-family: sans-serif; line-height: 1.6; color: inherit;'>\n<div style='display: flex; flex-direction: column; gap: 20px;'>\n<p style='font-size: 15px; color: inherit; margin: 0 0 15px 0;'>CABLE DE 4 CONDUCTORES CALIBRE 22 CON FORRO BLANCO PARA APLICACIONES EN ALARMAS&comma; CONTROL DE ACCESO&comma; INTERFONOS Y TV PORTEROS.<\/p>\n<p style='font-size: 15px; color: inherit; margin: 0 0 15px 0;'>Conductores de cobre suave s\u00f3lido aislamiento de PVC&comma; identificado por c\u00f3digo de colores&comma; y forro total de PVC.<\/p>\n<p style='font-size: 15px; color: inherit; margin: 0 0 15px 0;'>Uso en aplicaciones de alarmas&comma; cableado de sensores&comma; cableado de sirenas&comma; cableado de interfonos y tv porteros&comma; botones y contactos magn\u00e9ticos en control de acceso.<\/p>\n<p> <!-- Imagen 1 --> <\/p>\n<div style='width: 100%; text-align: center; margin: 20px 0;'> <img style='width: 100%; max-width: 250px; height: auto; border: 1px solid rgba(150&comma;150&comma;150&comma;0.3); border-radius: 8px;' src='https:\/\/ftp3.syscom.mx\/usuarios\/albamaria\/albamaria\/cctv\/epcomtitanium\/sfire.png' alt=''> <\/div>\n<p> <!-- Grid de secciones --> <\/p>\n<div style='display: flex; flex-wrap: wrap; gap: 20px; margin: 25px 0;'> <!-- Caracteristicas --> <\/p>\n<div style='flex: 1 1 300px; min-width: 280px;'>\n<h3 style='font-size: 20px; border-bottom: 2px solid currentColor; padding-bottom: 5px; margin-top: 0; margin-bottom: 15px; color: inherit; opacity: 0.8;'>Caracteristicas<\/h3>\n<ul style='padding-left: 20px; font-size: 14px; color: inherit; list-style-type: disc;'>\n<li style='margin-bottom: 5px;'>Cableados de interfonos y Tv porteros.<\/li>\n<li style='margin-bottom: 5px;'>Control de acceso: Botones y contactos magn\u00e9ticos.<\/li>\n<li style='margin-bottom: 5px;'>Alarmas de intrusi\u00f3n: sensores&comma; tecnolog\u00edas convencionales&comma; sirenas&comma; estrobos&comma; interfonos y tv porteros.<\/li>\n<\/ul><\/div>\n<p> <!-- Caracteristicas fisicas y electricas --> <\/p>\n<div style='flex: 1 1 300px; min-width: 280px;'>\n<h3 style='font-size: 20px; border-bottom: 2px solid currentColor; padding-bottom: 5px; margin-top: 0; margin-bottom: 15px; color: inherit; opacity: 0.8;'>Caracter\u00edsticas F\u00edsicas y El\u00e9ctricas<\/h3>\n<ul style='padding-left: 20px; font-size: 14px; color: inherit; list-style-type: disc;'>\n<li style='margin-bottom: 5px;'><strong>Tipo:<\/strong> Cable (2 pares)<\/li>\n<li style='margin-bottom: 5px;'><strong>Conductor:<\/strong> CCA<\/li>\n<li style='margin-bottom: 5px;'><strong>Material:<\/strong> PVC no corrosivo&comma; retardante a la flama<\/li>\n<li style='margin-bottom: 5px;'><strong>Calibre:<\/strong> 22<\/li>\n<li style='margin-bottom: 5px;'><strong>Color externo:<\/strong> Blanco<\/li>\n<li style='margin-bottom: 5px;'><strong>Color interno:<\/strong> Negro&comma; Rojo&comma; Verde&comma; Amarillo<\/li>\n<li style='margin-bottom: 5px;'><strong>Di\u00e1metro exterior (mm):<\/strong> 3.8<\/li>\n<li style='margin-bottom: 5px;'><strong>CCA:<\/strong> Copper Clad Aluminium (Aluminio revestido de Cobre)<\/li>\n<\/ul><\/div>\n<p> <!-- Est\u00e1ndares y certificaciones --> <\/p>\n<div style='flex: 1 1 300px; min-width: 280px;'>\n<h3 style='font-size: 20px; border-bottom: 2px solid currentColor; padding-bottom: 5px; margin-top: 0; margin-bottom: 15px; color: inherit; opacity: 0.8;'>Est\u00e1ndares y Certificaciones<\/h3>\n<ul style='padding-left: 20px; font-size: 14px; color: inherit; list-style-type: disc;'>\n<li style='margin-bottom: 5px;'>ISO 9001: 2000&comma; CE<\/li>\n<\/ul><\/div>\n<\/p><\/div>\n<p> <!-- Informaci\u00f3n adicional --> <\/p>\n<div style='margin: 25px 0; padding: 15px; border-left: 4px solid #F53F23; background-color: rgba(245&comma; 63&comma; 35&comma; 0.05);'>\n<p style='font-size: 14px; color: inherit; margin: 0;'><strong>* Carrete de 100 mts.<\/strong><\/p>\n<\/p><\/div>\n<p> <!-- Imagen 2 --> <\/p>\n<div style='width: 100%; text-align: center; margin: 20px 0;'> <img style='width: 100%; max-width: 400px; height: auto; border: 1px solid rgba(150&comma;150&comma;150&comma;0.3); border-radius: 8px;' src='http:\/\/ftp3.syscom.mx\/usuarios\/fotos\/SF2204LE_1\/SF2204LE_1.png' alt=''> <\/div>\n<p> <!-- Garant\u00eda --> <\/p>\n<div style='margin: 25px 0; padding: 15px; border-left: 4px solid #F53F23; background-color: rgba(245&comma; 63&comma; 35&comma; 0.05);'>\n<p style='font-size: 14px; color: inherit; margin: 0;'><strong>* 1 a\u00f1o de Garant\u00eda<\/strong><\/p>\n<\/p><\/div>\n<\/p><\/div>\n<\/p><\/div>\n","protected":false},"excerpt":{"rendered":"<p>Bobina de 100 Metros (328.08 Pies) \/ Cable de CCA \/ 4 x 22 AWG \/ Tipo Aluminio Revestido de Cobre \/ Aplicaciones en Alarmas de Intrusi?n \/ Automatizaci?n<\/p>\n","protected":false},"featured_media":2371,"comment_status":"open","ping_status":"closed","template":"","meta":[],"product_brand":[],"product_cat":[137],"product_tag":[138,79,62],"class_list":{"0":"post-2372","1":"product","2":"type-product","3":"status-publish","4":"has-post-thumbnail","6":"product_cat-todos-cables","7":"product_tag-cables","8":"product_tag-sfire","9":"product_tag-todos","11":"first","12":"instock","13":"sale","14":"shipping-taxable","15":"purchasable","16":"product-type-simple"},"_links":{"self":[{"href":"https:\/\/soydeaqui.ddns.net\/pachuca\/index.php\/wp-json\/wp\/v2\/product\/2372","targetHints":{"allow":["GET"]}}],"collection":[{"href":"https:\/\/soydeaqui.ddns.net\/pachuca\/index.php\/wp-json\/wp\/v2\/product"}],"about":[{"href":"https:\/\/soydeaqui.ddns.net\/pachuca\/index.php\/wp-json\/wp\/v2\/types\/product"}],"replies":[{"embeddable":true,"href":"https:\/\/soydeaqui.ddns.net\/pachuca\/index.php\/wp-json\/wp\/v2\/comments?post=2372"}],"wp:featuredmedia":[{"embeddable":true,"href":"https:\/\/soydeaqui.ddns.net\/pachuca\/index.php\/wp-json\/wp\/v2\/media\/2371"}],"wp:attachment":[{"href":"https:\/\/soydeaqui.ddns.net\/pachuca\/index.php\/wp-json\/wp\/v2\/media?parent=2372"}],"wp:term":[{"taxonomy":"product_brand","embeddable":true,"href":"https:\/\/soydeaqui.ddns.net\/pachuca\/index.php\/wp-json\/wp\/v2\/product_brand?post=2372"},{"taxonomy":"product_cat","embeddable":true,"href":"https:\/\/soydeaqui.ddns.net\/pachuca\/index.php\/wp-json\/wp\/v2\/product_cat?post=2372"},{"taxonomy":"product_tag","embeddable":true,"href":"https:\/\/soydeaqui.ddns.net\/pachuca\/index.php\/wp-json\/wp\/v2\/product_tag?post=2372"}],"curies":[{"name":"wp","href":"https:\/\/api.w.org\/{rel}","templated":true}]}}