{"id":23718,"date":"2026-03-18T11:20:57","date_gmt":"2026-03-18T11:20:57","guid":{"rendered":"https:\/\/soydeaqui.ddns.net\/pachuca\/index.php\/producto\/i-fob-para-llaves-para-uso-con-gabinete-ea100117\/"},"modified":"2026-03-18T11:20:57","modified_gmt":"2026-03-18T11:20:57","slug":"i-fob-para-llaves-para-uso-con-gabinete-ea100117","status":"publish","type":"product","link":"https:\/\/soydeaqui.ddns.net\/pachuca\/index.php\/producto\/i-fob-para-llaves-para-uso-con-gabinete-ea100117\/","title":{"rendered":"I-FOB  Para llaves para uso con gabinete EA100117"},"content":{"rendered":"<div style='width: 100%; max-width: 1200px; margin: 0 auto; font-family: sans-serif; line-height: 1.6; color: inherit; background-color: transparent;'>\n<div style='display: flex; flex-wrap: wrap; gap: 30px; margin-bottom: 30px;'>\n<div style='flex: 1 1 300px; min-width: 280px;'>\n<h3 style='font-size: 22px; border-bottom: 2px solid currentColor; padding-bottom: 5px; margin-top: 0; color: inherit; opacity: 0.8;'>Descripci\u00f3n del producto<\/h3>\n<p style='font-size: 15px; color: inherit;'> iFob T21: Una vez fijado un iFob a una robusta anillo de seguridad&comma; las llaves individuales o los manojos de llaves se asignan a una posici\u00f3n espec\u00edfica en la cabina de T21 y se bloquean en la misma posici\u00f3n hasta que un usuario autorizado introduzca el c\u00f3digo PIN correctamente. <\/p>\n<p style='font-size: 15px; color: inherit;'> <strong>Anillos de Seguridad T21<\/strong><br \/> &#8211; El Anillo de Seguridad es lo que permite unir las llaves al iFob para poder as\u00ed identificarlas y hacer un control total de los accesos.<br \/> &#8211; Debido a su robusto material&comma; s\u00f3lo es posible separar las llaves del iFob&comma; cortando el Anillo de Seguridad utilizando una herramienta de corte de materiales resistentes. <\/p>\n<\/p><\/div>\n<div style='flex: 1 1 300px; min-width: 280px;'> <img style='width: 100%; height: auto; border: 1px solid rgba(150&comma;150&comma;150&comma;0.3); border-radius: 8px;' src='https:\/\/ftp3.syscom.mx\/usuarios\/maguilar\/Abloy\/Traka21\/Ifob-SecuritySeal.png' alt=''> <\/div>\n<\/p><\/div>\n<div style='display: flex; flex-wrap: wrap; gap: 20px; margin-bottom: 30px;'>\n<div style='flex: 1 1 250px; border: 1px solid rgba(150&comma; 150&comma; 150&comma; 0.4); border-radius: 8px; overflow: hidden; display: flex; flex-direction: column;'>\n<div style='padding: 15px; border-bottom: 1px solid rgba(150&comma; 150&comma; 150&comma; 0.2); font-weight: bold; font-size: 18px; color: inherit;'>Documentaci\u00f3n<\/div>\n<div style='padding: 15px; color: inherit;'>\n<ul style='padding-left: 20px; margin: 0; font-size: 14px; list-style-type: disc;'>\n<li style='margin-bottom: 5px;'><a href='https:\/\/ftp3.syscom.mx\/usuarios\/maguilar\/Abloy\/Traka21\/Traka21%20-%20FAQ.pdf' target='_blank' rel='noopener' style='color: inherit; text-decoration: underline; font-weight: bold;'>Preguntas frecuentes<\/a><\/li>\n<li style='margin-bottom: 5px;'><a href='https:\/\/www.medeco.com\/en\/videos\/k12\/t211\/t21userguides\/t21general\/' target='_blank' rel='noopener' style='color: inherit; text-decoration: underline; font-weight: bold;'>Gu\u00eda general del sistema<\/a><\/li>\n<\/ul><\/div>\n<\/p><\/div>\n<div style='flex: 1 1 250px; border: 1px solid rgba(150&comma; 150&comma; 150&comma; 0.4); border-radius: 8px; overflow: hidden; display: flex; flex-direction: column;'>\n<div style='padding: 15px; border-bottom: 1px solid rgba(150&comma; 150&comma; 150&comma; 0.2); font-weight: bold; font-size: 18px; color: inherit;'>Videos de instalaci\u00f3n<\/div>\n<div style='padding: 15px; color: inherit;'>\n<ul style='padding-left: 20px; margin: 0; font-size: 14px; list-style-type: disc;'>\n<li style='margin-bottom: 5px;'><a href='https:\/\/www.youtube.com\/watch?v=AYp7Y65ZwQM' target='_blank' rel='noopener' style='color: inherit; text-decoration: underline; font-weight: bold;'>Instalaci\u00f3n y configuraci\u00f3n<\/a><\/li>\n<\/ul><\/div>\n<\/p><\/div>\n<div style='flex: 1 1 250px; border: 1px solid rgba(150&comma; 150&comma; 150&comma; 0.4); border-radius: 8px; overflow: hidden; display: flex; flex-direction: column;'>\n<div style='padding: 15px; border-bottom: 1px solid rgba(150&comma; 150&comma; 150&comma; 0.2); font-weight: bold; font-size: 18px; color: inherit;'>Funciones generales<\/div>\n<div style='padding: 15px; color: inherit;'>\n<ul style='padding-left: 20px; margin: 0; font-size: 14px; list-style-type: disc;'>\n<li style='margin-bottom: 5px;'><a href='https:\/\/www.youtube.com\/watch?v=XxGAzoVqrJA' target='_blank' rel='noopener' style='color: inherit; text-decoration: underline; font-weight: bold;'>Acceder al Sistema<\/a><\/li>\n<li style='margin-bottom: 5px;'><a href='https:\/\/www.youtube.com\/watch?v=2L0jBYHwq6M' target='_blank' rel='noopener' style='color: inherit; text-decoration: underline; font-weight: bold;'>Agregar y Retirar Llaves<\/a><\/li>\n<li style='margin-bottom: 5px;'><a href='https:\/\/youtu.be\/2L0jBYHwq6M' target='_blank' rel='noopener' style='color: inherit; text-decoration: underline; font-weight: bold;'>Retirar y Devolver Llaves<\/a><\/li>\n<\/ul><\/div>\n<\/p><\/div>\n<div style='flex: 1 1 250px; border: 1px solid rgba(150&comma; 150&comma; 150&comma; 0.4); border-radius: 8px; overflow: hidden; display: flex; flex-direction: column;'>\n<div style='padding: 15px; border-bottom: 1px solid rgba(150&comma; 150&comma; 150&comma; 0.2); font-weight: bold; font-size: 18px; color: inherit;'>Funciones de usuarios<\/div>\n<div style='padding: 15px; color: inherit;'>\n<ul style='padding-left: 20px; margin: 0; font-size: 14px; list-style-type: disc;'>\n<li style='margin-bottom: 5px;'><a href='https:\/\/youtu.be\/Fz4TOLWtA48' target='_blank' rel='noopener' style='color: inherit; text-decoration: underline; font-weight: bold;'>Estado del iFob<\/a><\/li>\n<li style='margin-bottom: 5px;'><a href='https:\/\/youtu.be\/F0LiuCDxGLs' target='_blank' rel='noopener' style='color: inherit; text-decoration: underline; font-weight: bold;'>Reemplazar posiciones del iFob<\/a><\/li>\n<li style='margin-bottom: 5px;'><a href='https:\/\/youtu.be\/1wmuqtVW8Pw' target='_blank' rel='noopener' style='color: inherit; text-decoration: underline; font-weight: bold;'>Gesti\u00f3n de Usuarios<\/a><\/li>\n<li style='margin-bottom: 5px;'><a href='https:\/\/youtu.be\/sZ7tIAusRXw' target='_blank' rel='noopener' style='color: inherit; text-decoration: underline; font-weight: bold;'>Asignar Permisos<\/a><\/li>\n<li style='margin-bottom: 5px;'><a href='https:\/\/youtu.be\/zMtQ5bHhtKE' target='_blank' rel='noopener' style='color: inherit; text-decoration: underline; font-weight: bold;'>Cambiar el C\u00f3digo de Acceso<\/a><\/li>\n<li style='margin-bottom: 5px;'><a href='https:\/\/youtu.be\/2P8B5qa3OwI' target='_blank' rel='noopener' style='color: inherit; text-decoration: underline; font-weight: bold;'>Men\u00fa de Ayuda<\/a><\/li>\n<li style='margin-bottom: 5px;'><a href='https:\/\/youtu.be\/iXmTudcPCA8' target='_blank' rel='noopener' style='color: inherit; text-decoration: underline; font-weight: bold;'>Informes<\/a><\/li>\n<\/ul><\/div>\n<\/p><\/div>\n<div style='flex: 1 1 250px; border: 1px solid rgba(150&comma; 150&comma; 150&comma; 0.4); border-radius: 8px; overflow: hidden; display: flex; flex-direction: column;'>\n<div style='padding: 15px; border-bottom: 1px solid rgba(150&comma; 150&comma; 150&comma; 0.2); font-weight: bold; font-size: 18px; color: inherit;'>Funciones del sistema<\/div>\n<div style='padding: 15px; color: inherit;'>\n<ul style='padding-left: 20px; margin: 0; font-size: 14px; list-style-type: disc;'>\n<li style='margin-bottom: 5px;'><a href='https:\/\/youtu.be\/OKKEr3eaCCw' target='_blank' rel='noopener' style='color: inherit; text-decoration: underline; font-weight: bold;'>Exportar\/Importar Informaci\u00f3n<\/a><\/li>\n<li style='margin-bottom: 5px;'><a href='https:\/\/youtu.be\/Npy0_jaIWb0' target='_blank' rel='noopener' style='color: inherit; text-decoration: underline; font-weight: bold;'>Configuraci\u00f3n del Sistema<\/a><\/li>\n<li style='margin-bottom: 5px;'><a href='https:\/\/youtu.be\/x63nBxaD3RY' target='_blank' rel='noopener' style='color: inherit; text-decoration: underline; font-weight: bold;'>Reemplazar iFobs<\/a><\/li>\n<li style='margin-bottom: 5px;'><a href='https:\/\/youtu.be\/iHfXFM3QEN4' target='_blank' rel='noopener' style='color: inherit; text-decoration: underline; font-weight: bold;'>Instalaci\u00f3n de la Bater\u00eda Auxiliar<\/a><\/li>\n<li style='margin-bottom: 5px;'><a href='https:\/\/youtu.be\/1glPLxc8pLo' target='_blank' rel='noopener' style='color: inherit; text-decoration: underline; font-weight: bold;'>Retirar las llaves en caso de un fallo de alimentaci\u00f3n<\/a><\/li>\n<\/ul><\/div>\n<\/p><\/div>\n<\/p><\/div>\n<div style='position: relative; padding-bottom: 56.25%; height: 0; overflow: hidden; margin-bottom: 30px;'>   <\/div>\n<div style='position: relative; padding-bottom: 56.25%; height: 0; overflow: hidden; margin-bottom: 30px;'>   <\/div>\n<div style='position: relative; padding-bottom: 56.25%; height: 0; overflow: hidden; margin-bottom: 30px;'>   <\/div>\n<\/p><\/div>\n","protected":false},"excerpt":{"rendered":"<p>I-FOB  Para llaves para uso con gabinete EA100117<\/p>\n","protected":false},"featured_media":23717,"comment_status":"open","ping_status":"closed","template":"","meta":[],"product_brand":[],"product_cat":[911],"product_tag":[912,921,62],"class_list":{"0":"post-23718","1":"product","2":"type-product","3":"status-publish","4":"has-post-thumbnail","6":"product_cat-todos-equipo-blindado","7":"product_tag-equipo-blindado","8":"product_tag-medeco-assa-abloy","9":"product_tag-todos","11":"first","12":"instock","13":"sale","14":"shipping-taxable","15":"purchasable","16":"product-type-simple"},"_links":{"self":[{"href":"https:\/\/soydeaqui.ddns.net\/pachuca\/index.php\/wp-json\/wp\/v2\/product\/23718","targetHints":{"allow":["GET"]}}],"collection":[{"href":"https:\/\/soydeaqui.ddns.net\/pachuca\/index.php\/wp-json\/wp\/v2\/product"}],"about":[{"href":"https:\/\/soydeaqui.ddns.net\/pachuca\/index.php\/wp-json\/wp\/v2\/types\/product"}],"replies":[{"embeddable":true,"href":"https:\/\/soydeaqui.ddns.net\/pachuca\/index.php\/wp-json\/wp\/v2\/comments?post=23718"}],"wp:featuredmedia":[{"embeddable":true,"href":"https:\/\/soydeaqui.ddns.net\/pachuca\/index.php\/wp-json\/wp\/v2\/media\/23717"}],"wp:attachment":[{"href":"https:\/\/soydeaqui.ddns.net\/pachuca\/index.php\/wp-json\/wp\/v2\/media?parent=23718"}],"wp:term":[{"taxonomy":"product_brand","embeddable":true,"href":"https:\/\/soydeaqui.ddns.net\/pachuca\/index.php\/wp-json\/wp\/v2\/product_brand?post=23718"},{"taxonomy":"product_cat","embeddable":true,"href":"https:\/\/soydeaqui.ddns.net\/pachuca\/index.php\/wp-json\/wp\/v2\/product_cat?post=23718"},{"taxonomy":"product_tag","embeddable":true,"href":"https:\/\/soydeaqui.ddns.net\/pachuca\/index.php\/wp-json\/wp\/v2\/product_tag?post=23718"}],"curies":[{"name":"wp","href":"https:\/\/api.w.org\/{rel}","templated":true}]}}