{"id":23683,"date":"2026-03-18T11:20:15","date_gmt":"2026-03-18T11:20:15","guid":{"rendered":"https:\/\/soydeaqui.ddns.net\/pachuca\/index.php\/producto\/sensor-de-presencia-para-puertas-industriales-tecnologia-infrarroja-para-seguridad\/"},"modified":"2026-03-18T11:20:20","modified_gmt":"2026-03-18T11:20:20","slug":"sensor-de-presencia-para-puertas-industriales-tecnologia-infrarroja-para-seguridad","status":"publish","type":"product","link":"https:\/\/soydeaqui.ddns.net\/pachuca\/index.php\/producto\/sensor-de-presencia-para-puertas-industriales-tecnologia-infrarroja-para-seguridad\/","title":{"rendered":"Sensor de Presencia Para Puertas Industriales \/ Tecnologia Infrarroja Para Seguridad"},"content":{"rendered":"<div style='width: 100%; max-width: 1200px; margin: 0 auto; font-family: sans-serif; line-height: 1.6; color: inherit; background-color: transparent;'> <!-- Secci\u00f3n de caracter\u00edsticas principales --> <\/p>\n<div style='display: flex; flex-wrap: wrap; gap: 30px; margin-bottom: 30px;'>\n<div style='flex: 1 1 300px; min-width: 280px;'>\n<div style='border-left: 5px solid #0091ff; border-radius: 8px; padding: 15px; box-shadow: 2px 2px 10px rgba(216&comma;216&comma;216&comma;0.3);'> <strong style='font-size: 18px; display: block; margin-bottom: 10px; color: inherit;'>Caracter\u00edsticas principales:<\/strong> <\/p>\n<ul style='padding-left: 20px; font-size: 15px; color: inherit; list-style-type: disc;'>\n<li style='margin-bottom: 5px;'>Tecnologia de infrarroja.<\/li>\n<li style='margin-bottom: 5px;'>Modo de detecci\u00f3n en presencia<\/li>\n<li style='margin-bottom: 5px;'>Leds indicadores de estado.<\/li>\n<\/ul><\/div>\n<\/p><\/div>\n<div style='flex: 1 1 300px; min-width: 280px;'>\n<div style='border-left: 5px solid #0091ff; border-radius: 8px; padding: 15px; box-shadow: 2px 2px 10px rgba(216&comma;216&comma;216&comma;0.3);'> <strong style='font-size: 18px; display: block; margin-bottom: 10px; color: inherit;'>Caracter\u00edsticas F\u00edsicas y El\u00e9ctricas:<\/strong> <\/p>\n<ul style='padding-left: 20px; font-size: 15px; color: inherit; list-style-type: disc;'>\n<li style='margin-bottom: 5px;'>Voltaje de alimentaci\u00f3n 12 a 24 VAC\/VDC<\/li>\n<li style='margin-bottom: 5px;'>Consumo de hasta 3.5 W<\/li>\n<li style='margin-bottom: 5px;'>Grado de protecci\u00f3n IP65 \/ NEMA4<\/li>\n<\/ul><\/div>\n<\/p><\/div>\n<div style='flex: 1 1 300px; min-width: 280px;'>\n<div style='border-left: 5px solid #0091ff; border-radius: 8px; padding: 15px; box-shadow: 2px 2px 10px rgba(216&comma;216&comma;216&comma;0.3);'> <strong style='font-size: 18px; display: block; margin-bottom: 10px; color: inherit;'>Caracter\u00edsticas:<\/strong> <\/p>\n<ul style='padding-left: 20px; font-size: 15px; color: inherit; list-style-type: disc;'>\n<li style='margin-bottom: 5px;'>Temperatura de operaci\u00f3n -22 a 140 \u00b0F.<\/li>\n<li style='margin-bottom: 5px;'>Longitud del cable de 9.7 m.<\/li>\n<li style='margin-bottom: 5px;'>Fabricado en Policarbonato.<\/li>\n<\/ul><\/div>\n<\/p><\/div>\n<\/p><\/div>\n<p> <!-- Separador --> <\/p>\n<hr style='border: 0; border-top: 1px solid rgba(150&comma; 150&comma; 150&comma; 0.3); margin: 30px 0;'> <!-- Secci\u00f3n de caracter\u00edsticas adicionales --> <\/p>\n<div style='display: flex; flex-wrap: wrap; gap: 30px; margin-bottom: 30px;'>\n<div style='flex: 1 1 500px; min-width: 300px;'>\n<h3 style='font-size: 22px; margin-top: 0; margin-bottom: 15px; color: inherit;'>Sensor de seguridad para puertas industriales.<\/h3>\n<h3 style='font-size: 20px; margin-top: 0; margin-bottom: 15px; color: inherit;'>Caracteristicas adicionales:<\/h3>\n<ul style='padding-left: 20px; font-size: 15px; color: inherit; list-style-type: disc;'>\n<li style='margin-bottom: 10px;'><strong style='color: inherit;'>Configuraciones de detecci\u00f3n ajustables.<\/strong> Seis modos de filtrado de detecci\u00f3n est\u00e1n disponibles para la inmunidad de microondas&comma; as\u00ed como el rechazo del tr\u00e1fico peatonal y paralelo<\/li>\n<li style='margin-bottom: 10px;'><strong style='color: inherit;'>Patrones personalizables.<\/strong> Nueve patrones infrarrojos para detecci\u00f3n presencia altamente flexibles para cualquier entorno industrial<\/li>\n<li style='margin-bottom: 10px;'><strong style='color: inherit;'>Reduzca las detecciones falsas.<\/strong> Los modos de inmunidad infrarroja ajustables mitigan el medio ambiente y perturbaciones tales como vibraciones sutiles de la puerta&comma; la luz y el sol.<\/li>\n<li style='margin-bottom: 10px;'><strong style='color: inherit;'>Programable v\u00eda control remoto<\/strong>. La programaci\u00f3n con control remoto permite al usuario realizar de forma r\u00e1pida y segura los ajustes necesarios para el correcto funcionamiento del sensor (Se vende por separado)<\/li>\n<li style='margin-bottom: 10px;'><strong style='color: inherit;'>Ahorro de energ\u00eda.<\/strong> Mediante la correcta configuraci\u00f3n de aproximaci\u00f3n bidireccional&comma; unidireccional y salida unidireccional para las opciones de detecci\u00f3n de microondas<\/li>\n<li style='margin-bottom: 10px;'><strong style='color: inherit;'>Equipo con un a\u00f1o de garantia contra defectos de fabricaci\u00f3n.<\/strong><\/li>\n<\/ul><\/div>\n<\/p><\/div>\n<p> <!-- Contenedor de video (vac\u00edo en el original) --> <\/p>\n<div style='display: flex; flex-wrap: wrap; gap: 30px; margin-bottom: 30px;'>\n<div style='flex: 1 1 100%; min-width: 300px;'>\n<div style='position: relative; padding-bottom: 56.25%; height: 0; overflow: hidden; margin-bottom: 30px;'>   <\/div>\n<\/p><\/div>\n<\/p><\/div>\n<\/p><\/div>\n","protected":false},"excerpt":{"rendered":"<p>Sensor de Presencia Para Puertas Industriales \/ Tecnologia Infrarroja Para Seguridad<\/p>\n","protected":false},"featured_media":23682,"comment_status":"open","ping_status":"closed","template":"","meta":[],"product_brand":[],"product_cat":[777],"product_tag":[401,93,843],"class_list":{"0":"post-23683","1":"product","2":"type-product","3":"status-publish","4":"has-post-thumbnail","6":"product_cat-accesorios-acceso-vehicular","7":"product_tag-acceso-vehicular","8":"product_tag-accesorios","9":"product_tag-bea","11":"first","12":"instock","13":"sale","14":"shipping-taxable","15":"purchasable","16":"product-type-simple"},"_links":{"self":[{"href":"https:\/\/soydeaqui.ddns.net\/pachuca\/index.php\/wp-json\/wp\/v2\/product\/23683","targetHints":{"allow":["GET"]}}],"collection":[{"href":"https:\/\/soydeaqui.ddns.net\/pachuca\/index.php\/wp-json\/wp\/v2\/product"}],"about":[{"href":"https:\/\/soydeaqui.ddns.net\/pachuca\/index.php\/wp-json\/wp\/v2\/types\/product"}],"replies":[{"embeddable":true,"href":"https:\/\/soydeaqui.ddns.net\/pachuca\/index.php\/wp-json\/wp\/v2\/comments?post=23683"}],"wp:featuredmedia":[{"embeddable":true,"href":"https:\/\/soydeaqui.ddns.net\/pachuca\/index.php\/wp-json\/wp\/v2\/media\/23682"}],"wp:attachment":[{"href":"https:\/\/soydeaqui.ddns.net\/pachuca\/index.php\/wp-json\/wp\/v2\/media?parent=23683"}],"wp:term":[{"taxonomy":"product_brand","embeddable":true,"href":"https:\/\/soydeaqui.ddns.net\/pachuca\/index.php\/wp-json\/wp\/v2\/product_brand?post=23683"},{"taxonomy":"product_cat","embeddable":true,"href":"https:\/\/soydeaqui.ddns.net\/pachuca\/index.php\/wp-json\/wp\/v2\/product_cat?post=23683"},{"taxonomy":"product_tag","embeddable":true,"href":"https:\/\/soydeaqui.ddns.net\/pachuca\/index.php\/wp-json\/wp\/v2\/product_tag?post=23683"}],"curies":[{"name":"wp","href":"https:\/\/api.w.org\/{rel}","templated":true}]}}