{"id":23616,"date":"2026-03-18T11:19:03","date_gmt":"2026-03-18T11:19:03","guid":{"rendered":"https:\/\/soydeaqui.ddns.net\/pachuca\/index.php\/producto\/contenedor-para-cuadro-de-mando-gt4\/"},"modified":"2026-03-18T11:19:04","modified_gmt":"2026-03-18T11:19:04","slug":"contenedor-para-cuadro-de-mando-gt4","status":"publish","type":"product","link":"https:\/\/soydeaqui.ddns.net\/pachuca\/index.php\/producto\/contenedor-para-cuadro-de-mando-gt4\/","title":{"rendered":"CONTENEDOR PARA CUADRO DE MANDO GT4"},"content":{"rendered":"<div style='width: 100%; max-width: 1200px; margin: 0 auto; font-family: sans-serif; line-height: 1.6; color: inherit; background-color: transparent;'> <!-- Secci\u00f3n de caracter\u00edsticas principales --> <\/p>\n<div style='display: flex; flex-wrap: wrap; gap: 30px; margin-bottom: 30px;'>\n<div style='flex: 1 1 300px; min-width: 280px;'>\n<h3 style='font-size: 22px; border-bottom: 2px solid currentColor; padding-bottom: 5px; margin-top: 0; color: inherit; opacity: 0.8;'>Caracter\u00edsticas principales<\/h3>\n<ul style='padding-left: 20px; font-size: 15px; color: inherit;'>\n<li style='margin-bottom: 5px;'>Material resistente a impactos de alta durabilidad<\/li>\n<li style='margin-bottom: 5px;'>Dimensiones compactas: 30x20x15 cm<\/li>\n<li style='margin-bottom: 5px;'>Cierre herm\u00e9tico para protecci\u00f3n contra polvo y agua<\/li>\n<li style='margin-bottom: 5px;'>Interior acolchado para m\u00e1xima seguridad<\/li>\n<li style='margin-bottom: 5px;'>Peso ligero de 1.5 kg para f\u00e1cil transporte<\/li>\n<\/ul><\/div>\n<\/p><\/div>\n<p> <!-- Secci\u00f3n de especificaciones t\u00e9cnicas --> <\/p>\n<div style='display: flex; flex-wrap: wrap; gap: 20px; margin-bottom: 30px;'>\n<div style='flex: 1 1 250px; border: 1px solid rgba(150&comma; 150&comma; 150&comma; 0.4); border-radius: 8px; overflow: hidden; display: flex; flex-direction: column;'>\n<div style='padding: 15px; border-bottom: 1px solid rgba(150&comma; 150&comma; 150&comma; 0.2); font-weight: bold; font-size: 18px; color: inherit;'>Especificaciones t\u00e9cnicas<\/div>\n<div style='padding: 15px; color: inherit;'>\n<ul style='padding-left: 20px; margin: 0; font-size: 14px; list-style-type: disc;'>\n<li style='margin-bottom: 5px;'><strong>C\u00f3digo del producto:<\/strong> 880030081<\/li>\n<li style='margin-bottom: 5px;'><strong>Aplicaci\u00f3n:<\/strong> Cuadro de mando GT4<\/li>\n<li style='margin-bottom: 5px;'><strong>Composici\u00f3n:<\/strong> Caja contenedora<\/li>\n<li style='margin-bottom: 5px;'><strong>Referencia:<\/strong> GGT40AGS<\/li>\n<\/ul><\/div>\n<\/p><\/div>\n<\/p><\/div>\n<p> <!-- Secci\u00f3n de contenido del contenedor --> <\/p>\n<div style='display: flex; flex-wrap: wrap; gap: 20px; margin-bottom: 30px;'>\n<div style='flex: 1 1 250px; border: 1px solid rgba(150&comma; 150&comma; 150&comma; 0.4); border-radius: 8px; overflow: hidden; display: flex; flex-direction: column;'>\n<div style='padding: 15px; border-bottom: 1px solid rgba(150&comma; 150&comma; 150&comma; 0.2); font-weight: bold; font-size: 18px; color: inherit;'>Contenido del contenedor<\/div>\n<div style='padding: 15px; color: inherit;'>\n<ul style='padding-left: 20px; margin: 0; font-size: 14px; list-style-type: disc;'>\n<li style='margin-bottom: 5px;'>GT4-GX4 CABINET WITH BARRIER DOOR<\/li>\n<li style='margin-bottom: 5px;'>GT4-GX4 CABINET DOOR<\/li>\n<li style='margin-bottom: 5px;'>GT4-GX4-GT8 DOOR LOCK ASSEMBLY<\/li>\n<li style='margin-bottom: 5px;'>GT4-GT8 CONTROL-PANEL CASING<\/li>\n<\/ul><\/div>\n<\/p><\/div>\n<\/p><\/div>\n<p> <!-- Separador --> <\/p>\n<hr style='border: 0; border-top: 1px solid rgba(150&comma; 150&comma; 150&comma; 0.3); margin: 30px 0;'> <!-- Secci\u00f3n de aviso legal --> <\/p>\n<div style='font-size: 13px; color: inherit; opacity: 0.7;'>\n<p style='margin-bottom: 15px;'>Los resultados obtenidos por este sistema de simulaci\u00f3n (en adelante &#8216;Contenido&#8217;) son solo para su referencia y no representan de ninguna manera una oferta o compromiso de venta por parte de CAME S.p.A y\/o CAME UK. El propietario del Contenido es CAME S.p.A&comma; salvo indicaci\u00f3n contraria&comma; y el contenido est\u00e1 protegido por derechos de autor y cubierto por la legislaci\u00f3n sobre propiedad industrial. Al usuario no se le otorga ninguna licencia o derecho de uso y por lo tanto no tiene permitido registrar el Contenido &#8211; en su totalidad o en parte &#8211; en cualquier tipo de medio&comma; ni copiar&comma; publicar&comma; emitir o utilizarlo con fines comerciales sin el permiso previo por escrito de CAME S.p.A. No obstante&comma; es posible hacer una copia para uso personal solamente. En cualquier caso&comma; CAME S.p.A. y CAME UK no asumen y rechazan expresamente cualquier responsabilidad por cualquier error&comma; inexactitud&comma; omisi\u00f3n y deficiencia encontrada dentro del Contenido.<\/p>\n<\/p><\/div>\n<\/p><\/div>\n","protected":false},"excerpt":{"rendered":"<p>CONTENEDOR PARA CUADRO DE MANDO GT4<\/p>\n","protected":false},"featured_media":32,"comment_status":"open","ping_status":"closed","template":"","meta":[],"product_brand":[],"product_cat":[750],"product_tag":[401,779,751],"class_list":{"0":"post-23616","1":"product","2":"type-product","3":"status-publish","4":"has-post-thumbnail","6":"product_cat-refacciones","7":"product_tag-acceso-vehicular","8":"product_tag-came","9":"product_tag-refacciones","11":"first","12":"instock","13":"sale","14":"shipping-taxable","15":"purchasable","16":"product-type-simple"},"_links":{"self":[{"href":"https:\/\/soydeaqui.ddns.net\/pachuca\/index.php\/wp-json\/wp\/v2\/product\/23616","targetHints":{"allow":["GET"]}}],"collection":[{"href":"https:\/\/soydeaqui.ddns.net\/pachuca\/index.php\/wp-json\/wp\/v2\/product"}],"about":[{"href":"https:\/\/soydeaqui.ddns.net\/pachuca\/index.php\/wp-json\/wp\/v2\/types\/product"}],"replies":[{"embeddable":true,"href":"https:\/\/soydeaqui.ddns.net\/pachuca\/index.php\/wp-json\/wp\/v2\/comments?post=23616"}],"wp:featuredmedia":[{"embeddable":true,"href":"https:\/\/soydeaqui.ddns.net\/pachuca\/index.php\/wp-json\/wp\/v2\/media\/32"}],"wp:attachment":[{"href":"https:\/\/soydeaqui.ddns.net\/pachuca\/index.php\/wp-json\/wp\/v2\/media?parent=23616"}],"wp:term":[{"taxonomy":"product_brand","embeddable":true,"href":"https:\/\/soydeaqui.ddns.net\/pachuca\/index.php\/wp-json\/wp\/v2\/product_brand?post=23616"},{"taxonomy":"product_cat","embeddable":true,"href":"https:\/\/soydeaqui.ddns.net\/pachuca\/index.php\/wp-json\/wp\/v2\/product_cat?post=23616"},{"taxonomy":"product_tag","embeddable":true,"href":"https:\/\/soydeaqui.ddns.net\/pachuca\/index.php\/wp-json\/wp\/v2\/product_tag?post=23616"}],"curies":[{"name":"wp","href":"https:\/\/api.w.org\/{rel}","templated":true}]}}