{"id":2361,"date":"2026-03-18T05:56:23","date_gmt":"2026-03-18T05:56:23","guid":{"rendered":"https:\/\/soydeaqui.ddns.net\/pachuca\/index.php\/producto\/jaula-de-acero-antivandalismo-serie-damage-stopper-multiusos-dimensiones-12x12x8-pulgadas\/"},"modified":"2026-03-18T05:56:24","modified_gmt":"2026-03-18T05:56:24","slug":"jaula-de-acero-antivandalismo-serie-damage-stopper-multiusos-dimensiones-12x12x8-pulgadas","status":"publish","type":"product","link":"https:\/\/soydeaqui.ddns.net\/pachuca\/index.php\/producto\/jaula-de-acero-antivandalismo-serie-damage-stopper-multiusos-dimensiones-12x12x8-pulgadas\/","title":{"rendered":"Jaula De Acero Antivandalismo Serie Damage Stopper\u00ae Multiusos. Dimensiones 12x12x8 pulgadas"},"content":{"rendered":"<div style='width: 100%; max-width: 1200px; margin: 0 auto; font-family: sans-serif; line-height: 1.6; color: inherit; background-color: transparent;'>\n<div style='display: flex; flex-wrap: wrap; gap: 30px; margin-bottom: 30px;'>\n<div style='flex: 1 1 300px; min-width: 280px;'>\n<h3 style='font-size: 22px; border-bottom: 2px solid currentColor; padding-bottom: 5px; margin-top: 0; color: inherit; opacity: 0.8;'>Caracter\u00edsticas Generales<\/h3>\n<ul style='padding-left: 20px; font-size: 15px; color: inherit;'>\n<li style='margin-bottom: 5px;'>Protege una gran variedad de dispositivos contra el robo y vandalismo<\/li>\n<li style='margin-bottom: 5px;'>Construido con alambre de acero resistente de calibre 9<\/li>\n<li style='margin-bottom: 5px;'>Recubierto con poli\u00e9ster blanco resistente a la corrosi\u00f3n<\/li>\n<li style='margin-bottom: 5px;'>Instalaci\u00f3n r\u00e1pida y sencilla con abrazaderas de montaje y accesorios incluidos<\/li>\n<li style='margin-bottom: 5px;'>Garantia de 3 a\u00f1os de contra roturas en uso normal<\/li>\n<li style='margin-bottom: 5px;'>Dimensiones: 12 in (305 mm) altura x 12 in (305 mm) ancho x 8 in (203 mm) profundidad<\/li>\n<\/ul><\/div>\n<\/p><\/div>\n<div style='display: flex; flex-wrap: wrap; gap: 30px; margin-bottom: 30px;'>\n<div style='flex: 1 1 300px; min-width: 280px;'>\n<h3 style='font-size: 22px; border-bottom: 2px solid currentColor; padding-bottom: 5px; margin-top: 0; color: inherit; opacity: 0.8;'>Descripci\u00f3n<\/h3>\n<p style='font-size: 15px; color: inherit; margin-top: 0;'> Las jaulas de protecci\u00f3n Damage Stopper\u00ae Multiusos ayudan a proteger c\u00e1maras de seguridad y otros dispositivos electr\u00f3nicos contra el vandalismo y los da\u00f1os accidentales. El tama\u00f1o y la construcci\u00f3n de acero resistente hacen que las jaulas sean una opci\u00f3n f\u00e1cil para proteger una amplia variedad de equipos sensibles. Estos Stoppers son altamente recomendados para \u00e1reas donde el abuso es severo&comma; \u00e1reas conflictivas o es imperativo que las c\u00e1maras contin\u00faen funcionando. <\/p>\n<p style='font-size: 15px; color: inherit; margin-top: 15px;'> Ayudan a prevenir el vandalismo en c\u00e1maras de seguridad y dispositivos electr\u00f3nicos. <\/p>\n<\/p><\/div>\n<\/p><\/div>\n<hr style='border: 0; border-top: 1px solid rgba(150&comma; 150&comma; 150&comma; 0.3); margin: 30px 0;'> <\/div>\n","protected":false},"excerpt":{"rendered":"<p>Jaula De Acero Antivandalismo Serie Damage Stopper\u00ae Multiusos. Dimensiones 12x12x8 pulgadas<\/p>\n","protected":false},"featured_media":2360,"comment_status":"open","ping_status":"closed","template":"","meta":[],"product_brand":[],"product_cat":[416],"product_tag":[417,418,169],"class_list":{"0":"post-2361","1":"product","2":"type-product","3":"status-publish","4":"has-post-thumbnail","6":"product_cat-montajes-y-brackets-para-camaras","7":"product_tag-accesorios-generales","8":"product_tag-montajes-y-brackets-para-camaras","9":"product_tag-sti","11":"first","12":"instock","13":"sale","14":"shipping-taxable","15":"purchasable","16":"product-type-simple"},"_links":{"self":[{"href":"https:\/\/soydeaqui.ddns.net\/pachuca\/index.php\/wp-json\/wp\/v2\/product\/2361","targetHints":{"allow":["GET"]}}],"collection":[{"href":"https:\/\/soydeaqui.ddns.net\/pachuca\/index.php\/wp-json\/wp\/v2\/product"}],"about":[{"href":"https:\/\/soydeaqui.ddns.net\/pachuca\/index.php\/wp-json\/wp\/v2\/types\/product"}],"replies":[{"embeddable":true,"href":"https:\/\/soydeaqui.ddns.net\/pachuca\/index.php\/wp-json\/wp\/v2\/comments?post=2361"}],"wp:featuredmedia":[{"embeddable":true,"href":"https:\/\/soydeaqui.ddns.net\/pachuca\/index.php\/wp-json\/wp\/v2\/media\/2360"}],"wp:attachment":[{"href":"https:\/\/soydeaqui.ddns.net\/pachuca\/index.php\/wp-json\/wp\/v2\/media?parent=2361"}],"wp:term":[{"taxonomy":"product_brand","embeddable":true,"href":"https:\/\/soydeaqui.ddns.net\/pachuca\/index.php\/wp-json\/wp\/v2\/product_brand?post=2361"},{"taxonomy":"product_cat","embeddable":true,"href":"https:\/\/soydeaqui.ddns.net\/pachuca\/index.php\/wp-json\/wp\/v2\/product_cat?post=2361"},{"taxonomy":"product_tag","embeddable":true,"href":"https:\/\/soydeaqui.ddns.net\/pachuca\/index.php\/wp-json\/wp\/v2\/product_tag?post=2361"}],"curies":[{"name":"wp","href":"https:\/\/api.w.org\/{rel}","templated":true}]}}