{"id":23605,"date":"2026-03-18T11:18:53","date_gmt":"2026-03-18T11:18:53","guid":{"rendered":"https:\/\/soydeaqui.ddns.net\/pachuca\/index.php\/producto\/pro4200-tarjeta-expansora-para-dos-lectoras-2\/"},"modified":"2026-03-18T11:18:54","modified_gmt":"2026-03-18T11:18:54","slug":"pro4200-tarjeta-expansora-para-dos-lectoras-2","status":"publish","type":"product","link":"https:\/\/soydeaqui.ddns.net\/pachuca\/index.php\/producto\/pro4200-tarjeta-expansora-para-dos-lectoras-2\/","title":{"rendered":"PRO4200 TARJETA EXPANSORA PARA DOS LECTORAS"},"content":{"rendered":"<div style='width: 100%; max-width: 1200px; margin: 0 auto; font-family: sans-serif; line-height: 1.6; color: inherit; background-color: transparent;'> <!-- Caracter\u00edsticas principales --> <\/p>\n<div style='display: flex; flex-wrap: wrap; gap: 30px; margin-bottom: 30px;'>\n<div style='flex: 1 1 300px; min-width: 280px;'>\n<h3 style='font-size: 22px; border-bottom: 2px solid currentColor; padding-bottom: 5px; margin-top: 0; color: inherit; opacity: 0.8;'>Caracter\u00edsticas principales<\/h3>\n<ul style='padding-left: 20px; font-size: 15px; color: inherit;'>\n<li style='margin-bottom: 5px;'>Tarjeta expansora para dos lectoras<\/li>\n<li style='margin-bottom: 5px;'>Soporta hasta 2 lectores por tarjeta<\/li>\n<li style='margin-bottom: 5px;'>Compatible con tecnolog\u00edas OSDP y Wiegand<\/li>\n<li style='margin-bottom: 5px;'>Dise\u00f1o modular para diversas aplicaciones<\/li>\n<li style='margin-bottom: 5px;'>Soporta modos de acceso: tarjeta solo&comma; tarjeta y PIN&comma; tarjeta o PIN y solo PIN<\/li>\n<li style='margin-bottom: 5px;'>Comunicaci\u00f3n RS485 hasta 1250m<\/li>\n<li style='margin-bottom: 5px;'>Configurable como normalmente abierto&comma; normalmente cerrado&comma; supervisado o no supervisado<\/li>\n<\/ul><\/div>\n<p> <!-- Especificaciones --> <\/p>\n<div style='flex: 1 1 300px; min-width: 280px;'>\n<h3 style='font-size: 22px; border-bottom: 2px solid currentColor; padding-bottom: 5px; margin-top: 0; color: inherit; opacity: 0.8;'>Especificaciones t\u00e9cnicas<\/h3>\n<ul style='padding-left: 20px; font-size: 15px; color: inherit;'>\n<li style='margin-bottom: 5px;'><strong>Entradas:<\/strong> 6 supervisadas con circuito tipo programable<\/li>\n<li style='margin-bottom: 5px;'><strong>Salidas:<\/strong> 4 rel\u00e9s Form C (2A 30VDC para puerta y 2 rel\u00e9s Form C 5A 30VDC para prop\u00f3sito general)<\/li>\n<li style='margin-bottom: 5px;'><strong>Comunicaci\u00f3n:<\/strong> Puerto RS485 a 38.4 Kbps<\/li>\n<li style='margin-bottom: 5px;'><strong>Alimentaci\u00f3n:<\/strong> 12\/24VDC para lectoras<\/li>\n<li style='margin-bottom: 5px;'><strong>Temperatura de operaci\u00f3n:<\/strong> 0\u00b0C a 49\u00b0C<\/li>\n<li style='margin-bottom: 5px;'><strong>Humedad:<\/strong> 5 a 85% RHNC<\/li>\n<\/ul><\/div>\n<\/p><\/div>\n<p> <!-- Tarjetas de especificaciones --> <\/p>\n<div style='display: flex; flex-wrap: wrap; gap: 20px; margin-bottom: 30px;'>\n<div style='flex: 1 1 250px; border: 1px solid rgba(150&comma; 150&comma; 150&comma; 0.4); border-radius: 8px; overflow: hidden; display: flex; flex-direction: column;'>\n<div style='padding: 15px; border-bottom: 1px solid rgba(150&comma; 150&comma; 150&comma; 0.2); font-weight: bold; font-size: 18px; color: inherit;'>Compatibilidad<\/div>\n<div style='padding: 15px; color: inherit;'>\n<ul style='padding-left: 20px; margin: 0; font-size: 14px; list-style-type: disc;'>\n<li style='margin-bottom: 5px;'>WinPAK 4.9 o superior<\/li>\n<li style='margin-bottom: 5px;'>Sistemas de control de acceso Honeywell<\/li>\n<li style='margin-bottom: 5px;'>Encapsulados PRO22ENC1&comma; PRO22ENC2&comma; PRO22ENC5<\/li>\n<\/ul><\/div>\n<\/p><\/div>\n<div style='flex: 1 1 250px; border: 1px solid rgba(150&comma; 150&comma; 150&comma; 0.4); border-radius: 8px; overflow: hidden; display: flex; flex-direction: column;'>\n<div style='padding: 15px; border-bottom: 1px solid rgba(150&comma; 150&comma; 150&comma; 0.2); font-weight: bold; font-size: 18px; color: inherit;'>Control de salidas<\/div>\n<div style='padding: 15px; color: inherit;'>\n<ul style='padding-left: 20px; margin: 0; font-size: 14px; list-style-type: disc;'>\n<li style='margin-bottom: 5px;'>Rel\u00e9s para control de puerta<\/li>\n<li style='margin-bottom: 5px;'>Rel\u00e9s para funciones generales<\/li>\n<li style='margin-bottom: 5px;'>Configurable como est\u00e1ndar o fail-safe<\/li>\n<li style='margin-bottom: 5px;'>Tiempo de pulso programable (1-42&comma;400 segundos)<\/li>\n<\/ul><\/div>\n<\/p><\/div>\n<div style='flex: 1 1 250px; border: 1px solid rgba(150&comma; 150&comma; 150&comma; 0.4); border-radius: 8px; overflow: hidden; display: flex; flex-direction: column;'>\n<div style='padding: 15px; border-bottom: 1px solid rgba(150&comma; 150&comma; 150&comma; 0.2); font-weight: bold; font-size: 18px; color: inherit;'>Caracter\u00edsticas de seguridad<\/div>\n<div style='padding: 15px; color: inherit;'>\n<ul style='padding-left: 20px; margin: 0; font-size: 14px; list-style-type: disc;'>\n<li style='margin-bottom: 5px;'>Soporta comunicaci\u00f3n OSDP encriptada<\/li>\n<li style='margin-bottom: 5px;'>Capacidad para 100&comma;000 tarjetas<\/li>\n<li style='margin-bottom: 5px;'>Modos de seguridad configurables<\/li>\n<li style='margin-bottom: 5px;'>Soporte para m\u00faltiples formatos de tarjetas<\/li>\n<\/ul><\/div>\n<\/p><\/div>\n<\/p><\/div>\n<p> <!-- Secci\u00f3n de montaje --> <\/p>\n<div style='margin-bottom: 30px;'>\n<h3 style='font-size: 22px; border-bottom: 2px solid currentColor; padding-bottom: 5px; margin-top: 0; margin-bottom: 15px; color: inherit; opacity: 0.8;'>Opciones de montaje<\/h3>\n<ul style='padding-left: 20px; font-size: 15px; color: inherit;'>\n<li style='margin-bottom: 5px;'><strong>PRO22ENC1:<\/strong> Montaje en pared&comma; capacidad para 9 m\u00f3dulos<\/li>\n<li style='margin-bottom: 5px;'><strong>PRO22ENC2:<\/strong> Montaje en rack 19&#8217;&comma; capacidad para 9 m\u00f3dulos<\/li>\n<li style='margin-bottom: 5px;'><strong>PRO22ENC3:<\/strong> Montaje en baldosa&comma; capacidad para 2 m\u00f3dulos (incluye fuente y bater\u00eda)<\/li>\n<li style='margin-bottom: 5px;'><strong>PRO22ENC4:<\/strong> Montaje en baldosa (solo PRO42R2)&comma; capacidad para 1 m\u00f3dulo<\/li>\n<li style='margin-bottom: 5px;'><strong>PRO22ENC5:<\/strong> Caja para instalaci\u00f3n personalizada&comma; capacidad para 9 m\u00f3dulos<\/li>\n<\/ul><\/div>\n<p> <!-- Secci\u00f3n de aplicaciones --> <\/p>\n<div style='margin-bottom: 30px;'>\n<h3 style='font-size: 22px; border-bottom: 2px solid currentColor; padding-bottom: 5px; margin-top: 0; margin-bottom: 15px; color: inherit; opacity: 0.8;'>Aplicaciones t\u00edpicas<\/h3>\n<ul style='padding-left: 20px; font-size: 15px; color: inherit;'>\n<li style='margin-bottom: 5px;'>Sistemas de control de acceso de alta densidad<\/li>\n<li style='margin-bottom: 5px;'>Instalaciones comerciales e industriales<\/li>\n<li style='margin-bottom: 5px;'>Control de acceso con m\u00faltiples puntos<\/li>\n<li style='margin-bottom: 5px;'>Sistemas con requisitos de seguridad elevados<\/li>\n<li style='margin-bottom: 5px;'>Integraci\u00f3n con sistemas de videovigilancia<\/li>\n<\/ul><\/div>\n<p> <!-- Secci\u00f3n de kits --> <\/p>\n<div style='margin-bottom: 30px;'>\n<h3 style='font-size: 22px; border-bottom: 2px solid currentColor; padding-bottom: 5px; margin-top: 0; margin-bottom: 15px; color: inherit; opacity: 0.8;'>Kits disponibles<\/h3>\n<ul style='padding-left: 20px; font-size: 15px; color: inherit;'>\n<li style='margin-bottom: 5px;'><strong>PRO42E1D4:<\/strong> Kit de 1 puerta (1 PRO42R2&comma; 2 S-4&comma; 1 PRO42E1EN)<\/li>\n<li style='margin-bottom: 5px;'><strong>PRO42E1D6:<\/strong> Kit de 6 puertas (2 PRO42R2&comma; 4 S-4&comma; 1 PRO42E1EN)<\/li>\n<li style='margin-bottom: 5px;'><strong>PRO42E1D10:<\/strong> Kit de 10 puertas (4 PRO42R2&comma; 8 S-4&comma; 1 PRO42E1EN)<\/li>\n<li style='margin-bottom: 5px;'><strong>PRO42SKD10:<\/strong> Kit inicial de 10 puertas con software WIN-PAK SE<\/li>\n<\/ul><\/div>\n<p> <!-- Secci\u00f3n de compatibilidad con enclosures --> <\/p>\n<div style='margin-bottom: 30px;'>\n<h3 style='font-size: 22px; border-bottom: 2px solid currentColor; padding-bottom: 5px; margin-top: 0; margin-bottom: 15px; color: inherit; opacity: 0.8;'>Compatibilidad con enclosures<\/h3>\n<ul style='padding-left: 20px; font-size: 15px; color: inherit;'>\n<li style='margin-bottom: 5px;'>PRO22ENC1 (montaje en pared) con PRO22BAT1 y PRO42PSU120<\/li>\n<li style='margin-bottom: 5px;'>PRO22ENC2 (montaje en rack) con PRO22BAT1 y PRO42PSU120<\/li>\n<li style='margin-bottom: 5px;'>PRO22ENC3 (montaje en baldosa) con bater\u00eda y fuente incluidas<\/li>\n<li style='margin-bottom: 5px;'>PRO22ENC5 (carcasa para instalaci\u00f3n personalizada)<\/li>\n<\/ul><\/div>\n<p> <!-- Secci\u00f3n de dimensiones --> <\/p>\n<div style='margin-bottom: 30px;'>\n<h3 style='font-size: 22px; border-bottom: 2px solid currentColor; padding-bottom: 5px; margin-top: 0; margin-bottom: 15px; color: inherit; opacity: 0.8;'>Dimensiones<\/h3>\n<ul style='padding-left: 20px; font-size: 15px; color: inherit;'>\n<li style='margin-bottom: 5px;'><strong>PRO42R1:<\/strong> 2.75&#8242; H x 4.25&#8242; W x 1.0&#8242; D (70mm x 108mm x 25mm)<\/li>\n<li style='margin-bottom: 5px;'><strong>PRO42IC&comma; PRO42R2&comma; PRO42IN&comma; PRO42OUT:<\/strong> 9.0&#8242; H x 5.5&#8242; W x 1.0&#8242; D (230mm x 140mm x 25mm)<\/li>\n<\/ul><\/div>\n<p> <!-- Secci\u00f3n de requisitos el\u00e9ctricos --> <\/p>\n<div style='margin-bottom: 30px;'>\n<h3 style='font-size: 22px; border-bottom: 2px solid currentColor; padding-bottom: 5px; margin-top: 0; margin-bottom: 15px; color: inherit; opacity: 0.8;'>Requisitos el\u00e9ctricos<\/h3>\n<ul style='padding-left: 20px; font-size: 15px; color: inherit;'>\n<li style='margin-bottom: 5px;'><strong>Alimentaci\u00f3n:<\/strong> 120 VAC<\/li>\n<li style='margin-bottom: 5px;'><strong>Comunicaci\u00f3n:<\/strong> RS485&comma; dos pares trenzados&comma; 22-24 AWG&comma; 1200m m\u00e1ximo<\/li>\n<li style='margin-bottom: 5px;'><strong>Entradas de alarma:<\/strong> Par trenzado&comma; m\u00e1ximo 30 ohmios<\/li>\n<li style='margin-bottom: 5px;'><strong>Conexi\u00f3n Ethernet:<\/strong> F(S)TP\/CAT7&comma; m\u00e1ximo 100m<\/li>\n<\/ul><\/div>\n<p> <!-- Secci\u00f3n de beneficios --> <\/p>\n<div style='margin-bottom: 30px;'>\n<h3 style='font-size: 22px; border-bottom: 2px solid currentColor; padding-bottom: 5px; margin-top: 0; margin-bottom: 15px; color: inherit; opacity: 0.8;'>Beneficios clave<\/h3>\n<ul style='padding-left: 20px; font-size: 15px; color: inherit;'>\n<li style='margin-bottom: 5px;'>Arquitectura escalable para crecimiento futuro<\/li>\n<li style='margin-bottom: 5px;'>Dise\u00f1o compacto con excelente relaci\u00f3n costo-puerta<\/li>\n<li style='margin-bottom: 5px;'>Soporte para modos de operaci\u00f3n offline<\/li>\n<li style='margin-bottom: 5px;'>Comunicaci\u00f3n segura con encriptaci\u00f3n TLS 1.2\/1.1 y AES-256\/128<\/li>\n<li style='margin-bottom: 5px;'>Capacidad para hasta 100&comma;000 tarjetas<\/li>\n<li style='margin-bottom: 5px;'>Base de datos local para decisiones de acceso en tiempo real<\/li>\n<\/ul><\/div>\n<p> <!-- Secci\u00f3n de compatibilidad con sistemas --> <\/p>\n<div style='margin-bottom: 30px;'>\n<h3 style='font-size: 22px; border-bottom: 2px solid currentColor; padding-bottom: 5px; margin-top: 0; margin-bottom: 15px; color: inherit; opacity: 0.8;'>Compatibilidad con sistemas<\/h3>\n<ul style='padding-left: 20px; font-size: 15px; color: inherit;'>\n<li style='margin-bottom: 5px;'>WIN-PAK integrado (versi\u00f3n 4.9 o superior)<\/li>\n<li style='margin-bottom: 5px;'>Modo Legacy con soporte para caracter\u00edsticas PRO3200<\/li>\n<li style='margin-bottom: 5px;'>Soporte para comunicaci\u00f3n bidireccional segura<\/li>\n<li style='margin-bottom: 5px;'>Integraci\u00f3n con sistemas de videovigilancia<\/li>\n<li style='margin-bottom: 5px;'>Soporte para reportes avanzados y gesti\u00f3n de fotos<\/li>\n<\/ul><\/div>\n<p> <!-- Secci\u00f3n de opciones de configuraci\u00f3n --> <\/p>\n<div style='margin-bottom: 30px;'>\n<h3 style='font-size: 22px; border-bottom: 2px solid currentColor; padding-bottom: 5px; margin-top: 0; margin-bottom: 15px; color: inherit; opacity: 0.8;'>Opciones de configuraci\u00f3n<\/h3>\n<ul style='padding-left: 20px; font-size: 15px; color: inherit;'>\n<li style='margin-bottom: 5px;'>Configuraci\u00f3n como acceso seguro&comma; bloqueado o desbloqueado<\/li>\n<li style='margin-bottom: 5px;'>Personalizaci\u00f3n de resistencia EOL (200-10K)<\/li>\n<li style='margin-bottom: 5px;'>Filtrado y condicionamiento de se\u00f1ales programables<\/li>\n<li style='margin-bottom: 5px;'>Soporte para modos de operaci\u00f3n offline con memoria buffer<\/li>\n<\/ul><\/div>\n<p> <!-- Secci\u00f3n de interfaces --> <\/p>\n<div style='margin-bottom: 30px;'>\n<h3 style='font-size: 22px; border-bottom: 2px solid currentColor; padding-bottom: 5px; margin-top: 0; margin-bottom: 15px; color: inherit; opacity: 0.8;'>Interfaces y conectividad<\/h3>\n<ul style='padding-left: 20px; font-size: 15px; color: inherit;'>\n<li style='margin-bottom: 5px;'>Puerto RS485 para comunicaci\u00f3n con m\u00f3dulos<\/li>\n<li style='margin-bottom: 5px;'>Soporte para comunicaci\u00f3n bidireccional<\/li>\n<li style='margin-bottom: 5px;'>Conexi\u00f3n Ethernet para integraci\u00f3n en red<\/li>\n<li style='margin-bottom: 5px;'>Soporte para protocolo 802.1X para control de acceso a red<\/li>\n<\/ul><\/div>\n<p> <!-- Separador final --> <\/p>\n<hr style='border: 0; border-top: 1px solid rgba(150&comma; 150&comma; 150&comma; 0.3); margin: 30px 0;'> <\/div>\n","protected":false},"excerpt":{"rendered":"<p>PRO4200 TARJETA EXPANSORA PARA DOS LECTORAS<\/p>\n","protected":false},"featured_media":32,"comment_status":"open","ping_status":"closed","template":"","meta":[],"product_brand":[],"product_cat":[465],"product_tag":[209,466,467],"class_list":{"0":"post-23605","1":"product","2":"type-product","3":"status-publish","4":"has-post-thumbnail","6":"product_cat-proximidad-125-khz","7":"product_tag-honeywell","8":"product_tag-lectoras-y-tarjetas","9":"product_tag-proximidad-125-khz","11":"first","12":"outofstock","13":"sale","14":"shipping-taxable","15":"purchasable","16":"product-type-simple"},"_links":{"self":[{"href":"https:\/\/soydeaqui.ddns.net\/pachuca\/index.php\/wp-json\/wp\/v2\/product\/23605","targetHints":{"allow":["GET"]}}],"collection":[{"href":"https:\/\/soydeaqui.ddns.net\/pachuca\/index.php\/wp-json\/wp\/v2\/product"}],"about":[{"href":"https:\/\/soydeaqui.ddns.net\/pachuca\/index.php\/wp-json\/wp\/v2\/types\/product"}],"replies":[{"embeddable":true,"href":"https:\/\/soydeaqui.ddns.net\/pachuca\/index.php\/wp-json\/wp\/v2\/comments?post=23605"}],"wp:featuredmedia":[{"embeddable":true,"href":"https:\/\/soydeaqui.ddns.net\/pachuca\/index.php\/wp-json\/wp\/v2\/media\/32"}],"wp:attachment":[{"href":"https:\/\/soydeaqui.ddns.net\/pachuca\/index.php\/wp-json\/wp\/v2\/media?parent=23605"}],"wp:term":[{"taxonomy":"product_brand","embeddable":true,"href":"https:\/\/soydeaqui.ddns.net\/pachuca\/index.php\/wp-json\/wp\/v2\/product_brand?post=23605"},{"taxonomy":"product_cat","embeddable":true,"href":"https:\/\/soydeaqui.ddns.net\/pachuca\/index.php\/wp-json\/wp\/v2\/product_cat?post=23605"},{"taxonomy":"product_tag","embeddable":true,"href":"https:\/\/soydeaqui.ddns.net\/pachuca\/index.php\/wp-json\/wp\/v2\/product_tag?post=23605"}],"curies":[{"name":"wp","href":"https:\/\/api.w.org\/{rel}","templated":true}]}}