{"id":23595,"date":"2026-03-18T11:18:41","date_gmt":"2026-03-18T11:18:41","guid":{"rendered":"https:\/\/soydeaqui.ddns.net\/pachuca\/index.php\/producto\/bioentry-p2-lector-de-huella-multiformato-125khz-em-hid-prox-13-56mhz-mifare-desfire-ev1-felica-iclass-se-sr-nfc\/"},"modified":"2026-03-18T11:18:45","modified_gmt":"2026-03-18T11:18:45","slug":"bioentry-p2-lector-de-huella-multiformato-125khz-em-hid-prox-13-56mhz-mifare-desfire-ev1-felica-iclass-se-sr-nfc","status":"publish","type":"product","link":"https:\/\/soydeaqui.ddns.net\/pachuca\/index.php\/producto\/bioentry-p2-lector-de-huella-multiformato-125khz-em-hid-prox-13-56mhz-mifare-desfire-ev1-felica-iclass-se-sr-nfc\/","title":{"rendered":"BioEntry P2 Lector de Huella Multiformato ( 125KHz EM, HID Prox)( 13.56MHz MIFARE, DESFire\/EV1, FeliCa, iCLASS SE\/SR, NFC)"},"content":{"rendered":"<div style='width: 100%; max-width: 1200px; margin: 0 auto; font-family: sans-serif; line-height: 1.6; color: inherit; background-color: transparent;'> <!-- Banner principal --> <\/p>\n<div style='background: linear-gradient(to bottom&comma; #ffffff 0%&comma; #8f0047 100%); border-bottom: 6px solid #8f0047; border-left: 6px solid #8f0047; border-right: 6px solid #8f0047; padding: 20px; text-align: center; margin-bottom: 30px;'> <img style='width: 100%; max-width: 450px; height: auto; border: 1px solid rgba(150&comma;150&comma;150&comma;0.3); border-radius: 8px;' src='http:\/\/static.wixstatic.com\/media\/331712_249e780a0c11445eb4703674921fd851~mv2.png' alt='BioEntry P2'> <\/p>\n<h2 style='color: black; margin-top: 20px; margin-bottom: 10px; font-size: 28px;'>BioEntry P2<\/h2>\n<h3 style='color: black; margin-top: 0; font-size: 20px;'>Dispositivo compacto de control de acceso IP con huella dactilar<\/h3>\n<\/p><\/div>\n<p> <!-- Descripci\u00f3n principal --> <\/p>\n<div style='background-color: ghostwhite; border: 6px solid #8f0047; border-radius: 10px; box-shadow: 10px 5px 3px rgba(128&comma;128&comma;128&comma;0.3); margin-bottom: 30px; padding: 20px;'>\n<p style='font-size: 16px; text-align: justify; margin: 0;'>BioEntry P2 de Supremas es un dispositivo de control de acceso mediante huellas dactilares que cuenta con la tecnolog\u00eda biom\u00e9trica y la plataforma de seguridad de \u00faltima generaci\u00f3n de Suprema. BioEntry P2 proporciona una seguridad y un rendimiento l\u00edderes en el sector&comma; ya que cuenta con el m\u00e1s reciente algoritmo de huellas dactilares de Suprema&comma; adem\u00e1s de la potente CPU de 1&comma;0 GHz. BioEntry P2 posee un elegante dise\u00f1o de empaque estilo parteluz y&comma; adem\u00e1s&comma; proporciona una mayor flexibilidad en el dise\u00f1o de sistemas mediante m\u00faltiples tarjetas de lectura con tecnolog\u00eda de tarjetas RFID de frecuencia doble.<\/p>\n<\/p><\/div>\n<p> <!-- Secci\u00f3n de caracter\u00edsticas --> <\/p>\n<div style='display: flex; flex-wrap: wrap; gap: 20px; margin-bottom: 30px;'>\n<div style='flex: 1 1 300px; min-width: 280px; background-color: ghostwhite; border-left: 6px solid #cc0066; box-shadow: 10px 5px 3px rgba(128&comma;128&comma;128&comma;0.3); border-radius: 5px; padding: 15px;'>\n<h3 style='font-size: 22px; border-bottom: 2px solid currentColor; padding-bottom: 5px; margin-top: 0; color: inherit; opacity: 0.8;'>Caracter\u00edsticas<\/h3>\n<ul style='padding-left: 20px; font-size: 15px; color: inherit; list-style-type: disc;'>\n<li style='margin-bottom: 5px;'>Detecci\u00f3n de dedo vivo<\/li>\n<li style='margin-bottom: 5px;'>Comunicaci\u00f3n: TCP\/IP<\/li>\n<li style='margin-bottom: 5px;'>Interfaz RS-485 para comunicaci\u00f3n o m\u00f3dulo esclavo SIO2<\/li>\n<li style='margin-bottom: 5px;'>Salida de relevador<\/li>\n<li style='margin-bottom: 5px;'>Wiegand: entrada y salida (Seleccionable)<\/li>\n<li style='margin-bottom: 5px;'>Certificados: CE&comma; FCC&comma; KC&comma; RoHS&comma; REACH&comma; WEE<\/li>\n<li style='margin-bottom: 5px;'>BEP20A con Lector 125KHz EM (ACCESSISOCARD&comma; ACCESSPROXCARD&comma; ACCESKFBPROX)&comma; HID Prox Y 13.56 MHz MIFARE (ACCESSCARDM1K.ACCESSCARD4MK)&comma; MIFARE Plus&comma; DESFire\/EV1&comma; FeliCa&comma; iCLASS SE\/SR&comma; iCLASS SEOS&comma; NFC<\/li>\n<li style='margin-bottom: 5px;'>Dimensiones: 50 x 164 x 37.5 mm<\/li>\n<\/ul><\/div>\n<p> <!-- Usuarios --> <\/p>\n<div style='flex: 1 1 300px; min-width: 280px; background-color: ghostwhite; border-left: 5px solid #cc0066; border-radius: 5px; box-shadow: 10px 5px 3px rgba(128&comma;128&comma;128&comma;0.3); padding: 15px;'>\n<h3 style='font-size: 22px; border-bottom: 2px solid currentColor; padding-bottom: 5px; margin-top: 0; color: inherit; opacity: 0.8;'>Usuarios<\/h3>\n<ul style='padding-left: 20px; font-size: 15px; color: inherit; list-style-type: disc;'>\n<li style='margin-bottom: 5px;'>Usuarios (1:1) 10&comma;000<\/li>\n<li style='margin-bottom: 5px;'>Usuarios (1:N) 10&comma;000<\/li>\n<li style='margin-bottom: 5px;'>Plantillas (huellas) (1:1) 20&comma;000<\/li>\n<li style='margin-bottom: 5px;'>Plantillas (huellas) (1:N) 20&comma;000<\/li>\n<\/ul><\/div>\n<p> <!-- Notas --> <\/p>\n<div style='flex: 1 1 300px; min-width: 280px; background-color: ghostwhite; border-left: 6px solid #cc0066; border-radius: 10px; box-shadow: 10px 5px 3px rgba(128&comma;128&comma;128&comma;0.3); padding: 15px;'>\n<h3 style='font-size: 22px; border-bottom: 2px solid currentColor; padding-bottom: 5px; margin-top: 0; color: inherit; opacity: 0.8;'>Notas<\/h3>\n<ul style='padding-left: 20px; font-size: 15px; color: inherit; list-style-type: disc;'>\n<li style='margin-bottom: 5px; text-align: justify;'>Alimentaci\u00f3n: 12 Vcc&comma; 1 A. Fuente no incluida<\/li>\n<li style='margin-bottom: 5px; text-align: justify;'>Requiere de software <a href='https:\/\/www.syscom.mx\/principal\/consultarproductosazul?global_search=BIOSTAR2TA&#038;ordenar=Relevancia&#038;pag=1' style='color: #0066cc; text-decoration: underline;'>BIOSTAR2<\/a><\/li>\n<li style='margin-bottom: 5px; text-align: justify;'>Para operaci\u00f3n NFC pregunte por compatibilidad de equipos<\/li>\n<\/ul><\/div>\n<\/p><\/div>\n<p> <!-- Galer\u00eda de im\u00e1genes --> <\/p>\n<div style='display: grid; grid-template-columns: repeat(auto-fit&comma; minmax(280px&comma; 1fr)); gap: 20px; margin-bottom: 30px;'>\n<div style='grid-column: span 2; display: flex; justify-content: center;'> <img style='width: 100%; height: auto; border: 1px solid rgba(150&comma;150&comma;150&comma;0.3); border-radius: 8px; max-width: 700px;' src='https:\/\/ftp3.syscom.mx\/usuarios\/maguilar\/Suprema\/BioEntryP2\/BioEntryP2_1.jpg' alt=''> <\/div>\n<div style='grid-column: span 2; display: flex; justify-content: center;'> <img style='width: 100%; height: auto; border: 1px solid rgba(150&comma;150&comma;150&comma;0.3); border-radius: 8px; max-width: 700px;' src='https:\/\/ftp3.syscom.mx\/usuarios\/maguilar\/Suprema\/BioEntryP2\/BioEntryP2_2.jpg' alt=''> <\/div>\n<div style='display: flex; justify-content: center;'> <img style='width: 100%; height: auto; border: 1px solid rgba(150&comma;150&comma;150&comma;0.3); border-radius: 8px; max-width: 700px;' src='https:\/\/ftp3.syscom.mx\/usuarios\/fotos\/BEP2OD\/143229-bioentryp2.jpg' alt=''> <\/div>\n<div style='display: flex; justify-content: center;'> <img style='width: 100%; height: auto; border: 1px solid rgba(150&comma;150&comma;150&comma;0.3); border-radius: 8px; max-width: 700px;' src='https:\/\/ftp3.syscom.mx\/usuarios\/fotos\/BEP2OD\/143229-bioentryp2(1).jpg' alt=''> <\/div>\n<div style='display: flex; justify-content: center;'> <img style='width: 100%; height: auto; border: 1px solid rgba(150&comma;150&comma;150&comma;0.3); border-radius: 8px; max-width: 550px;' src='https:\/\/ftp3.syscom.mx\/usuarios\/fotos\/BEP2OD\/143229-bioentryp2(2).jpg' alt=''> <\/div>\n<div style='display: flex; justify-content: center;'> <img style='width: 100%; height: auto; border: 1px solid rgba(150&comma;150&comma;150&comma;0.3); border-radius: 8px; max-width: 700px;' src='https:\/\/ftp3.syscom.mx\/usuarios\/fotos\/BEP2OD\/143229-bioentryp2(3).jpg' alt=''> <\/div>\n<\/p><\/div>\n<p> <!-- Imagen central --> <\/p>\n<div style='margin-bottom: 30px; display: flex; justify-content: center;'> <img style='width: 100%; max-width: 1200px; height: auto; border: 1px solid rgba(150&comma;150&comma;150&comma;0.3); border-radius: 8px;' src='https:\/\/ftp3.syscom.mx\/usuarios\/fotos\/BEP2OA\/143228-configuracionbioentryp2.jpg' alt=''> <\/div>\n<p> <!-- Video --> <\/p>\n<div style='margin-bottom: 30px;'>\n<div style='position: relative; padding-bottom: 56.25%; height: 0; overflow: hidden;'>   <\/div>\n<\/p><\/div>\n<p> <!-- Enlace a base de conocimiento --> <\/p>\n<div style='text-align: center; margin: 30px 0;'>\n<h2 style='margin: 0; font-size: 20px;'><a href='http:\/\/conocimiento.syscom.mx\/article-category\/suprema\/' style='color: #0066cc; text-decoration: underline;'>Visite nuestra Base de conocimiento de SUPREMA<\/a><\/h2>\n<\/p><\/div>\n<\/p><\/div>\n","protected":false},"excerpt":{"rendered":"<p>BioEntry P2 Lector de Huella Multiformato ( 125KHz EM, HID Prox)( 13.56MHz MIFARE, DESFire\/EV1, FeliCa, iCLASS SE\/SR, NFC)<\/p>\n","protected":false},"featured_media":23594,"comment_status":"open","ping_status":"closed","template":"","meta":[],"product_brand":[],"product_cat":[806],"product_tag":[744,807,798],"class_list":{"0":"post-23595","1":"product","2":"type-product","3":"status-publish","4":"has-post-thumbnail","6":"product_cat-para-control-de-acceso","7":"product_tag-biometricos","8":"product_tag-para-control-de-acceso","9":"product_tag-suprema","11":"first","12":"outofstock","13":"sale","14":"shipping-taxable","15":"purchasable","16":"product-type-simple"},"_links":{"self":[{"href":"https:\/\/soydeaqui.ddns.net\/pachuca\/index.php\/wp-json\/wp\/v2\/product\/23595","targetHints":{"allow":["GET"]}}],"collection":[{"href":"https:\/\/soydeaqui.ddns.net\/pachuca\/index.php\/wp-json\/wp\/v2\/product"}],"about":[{"href":"https:\/\/soydeaqui.ddns.net\/pachuca\/index.php\/wp-json\/wp\/v2\/types\/product"}],"replies":[{"embeddable":true,"href":"https:\/\/soydeaqui.ddns.net\/pachuca\/index.php\/wp-json\/wp\/v2\/comments?post=23595"}],"wp:featuredmedia":[{"embeddable":true,"href":"https:\/\/soydeaqui.ddns.net\/pachuca\/index.php\/wp-json\/wp\/v2\/media\/23594"}],"wp:attachment":[{"href":"https:\/\/soydeaqui.ddns.net\/pachuca\/index.php\/wp-json\/wp\/v2\/media?parent=23595"}],"wp:term":[{"taxonomy":"product_brand","embeddable":true,"href":"https:\/\/soydeaqui.ddns.net\/pachuca\/index.php\/wp-json\/wp\/v2\/product_brand?post=23595"},{"taxonomy":"product_cat","embeddable":true,"href":"https:\/\/soydeaqui.ddns.net\/pachuca\/index.php\/wp-json\/wp\/v2\/product_cat?post=23595"},{"taxonomy":"product_tag","embeddable":true,"href":"https:\/\/soydeaqui.ddns.net\/pachuca\/index.php\/wp-json\/wp\/v2\/product_tag?post=23595"}],"curies":[{"name":"wp","href":"https:\/\/api.w.org\/{rel}","templated":true}]}}