{"id":23590,"date":"2026-03-18T11:18:36","date_gmt":"2026-03-18T11:18:36","guid":{"rendered":"https:\/\/soydeaqui.ddns.net\/pachuca\/index.php\/producto\/rodilleras-articuladas-profesionales-para-uso-rudo\/"},"modified":"2026-03-18T11:18:38","modified_gmt":"2026-03-18T11:18:38","slug":"rodilleras-articuladas-profesionales-para-uso-rudo","status":"publish","type":"product","link":"https:\/\/soydeaqui.ddns.net\/pachuca\/index.php\/producto\/rodilleras-articuladas-profesionales-para-uso-rudo\/","title":{"rendered":"Rodilleras Articuladas Profesionales para Uso Rudo"},"content":{"rendered":"<div style='width: 100%; max-width: 1200px; margin: 0 auto; font-family: sans-serif; line-height: 1.6; color: inherit; background-color: transparent;'> <!-- Imagen principal --> <\/p>\n<div style='margin-bottom: 30px;'> <img style='width: 100%; height: auto; border: 1px solid rgba(150&comma;150&comma;150&comma;0.3); border-radius: 8px;' src='https:\/\/ftp3.syscom.mx\/usuarios\/fotos\/60491\/212850-captura_de_pantalla_2022-10-21_a_la(s)_10.48.42.png' alt=''> <\/div>\n<p> <!-- T\u00edtulo --> <\/p>\n<div style='margin-bottom: 20px;'>\n<h2 style='font-size: 22px; margin-top: 0; margin-bottom: 15px; color: inherit; opacity: 0.9;'> Comodidad y protecci\u00f3n total durante todo el d\u00eda de trabajo. <\/h2>\n<\/p><\/div>\n<p> <!-- Caracter\u00edsticas --> <\/p>\n<div style='margin-bottom: 30px;'>\n<ul style='padding-left: 20px; font-size: 15px; color: inherit;'>\n<li style='margin-bottom: 10px;'> Mientras se trabaja hincado&comma; las rodillas quedan expuestas no solo a falta de confort&comma; sino a heridas inmediatas provocadas por objetos filosos&comma; piedras&comma; trozos de madera&comma; etc. Con las nuevas rodilleras Klein los trabajadores protegen sus rodillas y realizan su labor de forma segura. <\/li>\n<li style='margin-bottom: 10px;'> Son de uso pesado&comma; NO se mueven a lo largo del d\u00eda y NO dejan marcas indeseables por presi\u00f3n en comparaci\u00f3n con las rodilleras tradicionales de correa lisa. <\/li>\n<li style='margin-bottom: 10px;'> Proveen seguridad por su dise\u00f1o a base de gel y espuma que distribuyen la presi\u00f3n en toda la superficie. Brindan estabilidad por su amplia superficie de apoyo&comma; agilidad al movimiento gracias a su sistema de bisagras y comodidad por su dise\u00f1o ergon\u00f3mico que se amolda perfectamente a la curva natural de la rodilla. <\/li>\n<li style='margin-bottom: 10px;'> Son durables por su composici\u00f3n de materiales para obtener un pl\u00e1stico duro y resistente que aumenta su vida \u00fatil. <\/li>\n<li style='margin-bottom: 10px;'> Sus correas c\u00f3modas de banda ancha permiten que el usuario ajuste la rodillera para que no se mueva de su lugar. <\/li>\n<\/ul><\/div>\n<p> <!-- Im\u00e1genes adicionales --> <\/p>\n<div style='display: flex; flex-wrap: wrap; gap: 20px; margin-bottom: 30px;'>\n<div style='flex: 1 1 300px; min-width: 280px;'> <img style='width: 100%; height: auto; border: 1px solid rgba(150&comma;150&comma;150&comma;0.3); border-radius: 8px;' src='https:\/\/ftp3.syscom.mx\/usuarios\/fotos\/60491\/212850-captura_de_pantalla_2022-10-21_a_la(s)_12.02.22.png' alt=''> <\/div>\n<div style='flex: 1 1 300px; min-width: 280px;'> <img style='width: 100%; height: auto; border: 1px solid rgba(150&comma;150&comma;150&comma;0.3); border-radius: 8px;' src='https:\/\/ftp3.syscom.mx\/usuarios\/fotos\/60491\/212850-captura_de_pantalla_2022-10-21_a_la(s)_12.05.35.png' alt=''> <\/div>\n<\/p><\/div>\n<\/p><\/div>\n","protected":false},"excerpt":{"rendered":"<p>Rodilleras Articuladas Profesionales para Uso Rudo<\/p>\n","protected":false},"featured_media":23589,"comment_status":"open","ping_status":"closed","template":"","meta":[],"product_brand":[],"product_cat":[920],"product_tag":[247,432,246],"class_list":{"0":"post-23590","1":"product","2":"type-product","3":"status-publish","4":"has-post-thumbnail","6":"product_cat-herramientas-de-instalacion-torres-y-mastiles-redes-e-it","7":"product_tag-herramientas-de-instalacion","8":"product_tag-klein-tools","9":"product_tag-torres-y-mastiles","11":"first","12":"instock","13":"sale","14":"shipping-taxable","15":"purchasable","16":"product-type-simple"},"_links":{"self":[{"href":"https:\/\/soydeaqui.ddns.net\/pachuca\/index.php\/wp-json\/wp\/v2\/product\/23590","targetHints":{"allow":["GET"]}}],"collection":[{"href":"https:\/\/soydeaqui.ddns.net\/pachuca\/index.php\/wp-json\/wp\/v2\/product"}],"about":[{"href":"https:\/\/soydeaqui.ddns.net\/pachuca\/index.php\/wp-json\/wp\/v2\/types\/product"}],"replies":[{"embeddable":true,"href":"https:\/\/soydeaqui.ddns.net\/pachuca\/index.php\/wp-json\/wp\/v2\/comments?post=23590"}],"wp:featuredmedia":[{"embeddable":true,"href":"https:\/\/soydeaqui.ddns.net\/pachuca\/index.php\/wp-json\/wp\/v2\/media\/23589"}],"wp:attachment":[{"href":"https:\/\/soydeaqui.ddns.net\/pachuca\/index.php\/wp-json\/wp\/v2\/media?parent=23590"}],"wp:term":[{"taxonomy":"product_brand","embeddable":true,"href":"https:\/\/soydeaqui.ddns.net\/pachuca\/index.php\/wp-json\/wp\/v2\/product_brand?post=23590"},{"taxonomy":"product_cat","embeddable":true,"href":"https:\/\/soydeaqui.ddns.net\/pachuca\/index.php\/wp-json\/wp\/v2\/product_cat?post=23590"},{"taxonomy":"product_tag","embeddable":true,"href":"https:\/\/soydeaqui.ddns.net\/pachuca\/index.php\/wp-json\/wp\/v2\/product_tag?post=23590"}],"curies":[{"name":"wp","href":"https:\/\/api.w.org\/{rel}","templated":true}]}}