{"id":2359,"date":"2026-03-18T05:56:22","date_gmt":"2026-03-18T05:56:22","guid":{"rendered":"https:\/\/soydeaqui.ddns.net\/pachuca\/index.php\/producto\/super-kit-de-panel-vista48la-con-teclado-6148sp-y-transformador\/"},"modified":"2026-03-18T05:56:22","modified_gmt":"2026-03-18T05:56:22","slug":"super-kit-de-panel-vista48la-con-teclado-6148sp-y-transformador","status":"publish","type":"product","link":"https:\/\/soydeaqui.ddns.net\/pachuca\/index.php\/producto\/super-kit-de-panel-vista48la-con-teclado-6148sp-y-transformador\/","title":{"rendered":"Super Kit de Panel VISTA48LA con Teclado 6148SP y Transformador"},"content":{"rendered":"<div style='width: 100%; max-width: 1200px; margin: 0 auto; font-family: sans-serif; line-height: 1.6; color: inherit; background-color: transparent;'>\n<div style='display: flex; flex-wrap: wrap; gap: 30px; margin-bottom: 30px;'>\n<div style='flex: 1 1 300px; min-width: 280px;'>\n<h1 style='font-size: 24px; border-bottom: 2px solid currentColor; padding-bottom: 5px; margin-top: 0; color: inherit; opacity: 0.8;'> Equipo Listo para Honeywell Total Connect (Casa Inteligente) y Monitoreo de Alarma de Alta Seguridad con ALARMNET (IP y 4G). <\/h1>\n<\/p><\/div>\n<\/p><\/div>\n<div style='display: flex; flex-wrap: wrap; gap: 30px; margin-bottom: 30px;'>\n<div style='flex: 1 1 300px; min-width: 280px;'> <img style='width: 100%; height: auto; border: 1px solid rgba(150&comma;150&comma;150&comma;0.3); border-radius: 8px;' src='https:\/\/ftp3.syscom.mx\/usuarios\/ftp\/single_page\/total_connect\/hontc-01.jpg' alt=''> <\/div>\n<div style='flex: 1 1 300px; min-width: 280px;'>\n<h3 style='font-size: 20px; border-bottom: 2px solid currentColor; padding-bottom: 5px; margin-top: 0; color: inherit; opacity: 0.8;'> Extremo Alta Seguridad <\/h3>\n<p style='font-size: 15px; color: inherit;'> ALARMNET segura que su se\u00f1al SIEMPRE LLEGUE. Su informaci\u00f3n es enviada encriptada&comma; servidores en U.S.A. de alta redundancia y respaldo por 4G (M\u00faltiples Carriers). <\/p>\n<\/p><\/div>\n<\/p><\/div>\n<div style='display: flex; flex-wrap: wrap; gap: 30px; margin-bottom: 30px;'>\n<div style='flex: 1 1 300px; min-width: 280px;'> <img style='width: 100%; height: auto; border: 1px solid rgba(150&comma;150&comma;150&comma;0.3); border-radius: 8px; margin-bottom: 15px;' src='https:\/\/ftp3.syscom.mx\/usuarios\/ftp\/single_page\/total_connect\/hontc-02x.jpg' alt=''> <img style='width: 100%; height: auto; border: 1px solid rgba(150&comma;150&comma;150&comma;0.3); border-radius: 8px;' src='https:\/\/ftp3.syscom.mx\/usuarios\/ftp\/single_page\/total_connect\/hontc-02c.jpg' alt=''> <\/div>\n<div style='flex: 1 1 300px; min-width: 280px;'>\n<h3 style='font-size: 20px; border-bottom: 2px solid currentColor; padding-bottom: 5px; margin-top: 0; color: inherit; opacity: 0.8;'> Casa Inteligente con Total Connect <\/h3>\n<p style='font-size: 15px; color: inherit;'> Administre su Panel y otros dispositivos (Termostatos&comma; Puertas&comma; Sensores&comma; Iluminaci\u00f3n) con Total Connect&comma; la aplicaci\u00f3n l\u00edder en U.S.A. para casas inteligentes. <\/p>\n<p style='font-size: 15px; color: inherit;'> En esta imagen vemos el estado de la puerta principal&comma; iluminaci\u00f3n en sala \/ comedor&comma; puerta de garage&comma; alertas por sensores y grabaci\u00f3n de c\u00e1maras nube. <\/p>\n<p> <img style='width: 100%; height: auto; border: 1px solid rgba(150&comma;150&comma;150&comma;0.3); border-radius: 8px;' src='https:\/\/ftp3.syscom.mx\/usuarios\/ftp\/single_page\/total_connect\/hontc-03b.jpg' alt=''> <\/div>\n<\/p><\/div>\n<hr style='border: 0; border-top: 1px solid rgba(150&comma; 150&comma; 150&comma; 0.3); margin: 30px 0;'>\n<div style='display: flex; flex-wrap: wrap; gap: 30px; margin-bottom: 30px;'>\n<div style='flex: 1 1 300px; min-width: 280px;'>\n<h3 style='font-size: 20px; border-bottom: 2px solid currentColor; padding-bottom: 5px; margin-top: 0; color: inherit; opacity: 0.8;'> Grabaci\u00f3n de Video Nube de Alta Seguridad <\/h3>\n<p style='font-size: 15px; color: inherit;'> Acceda a video nube&comma; extremo fluido y alta seguridad en servidores de Honeywell U.S.A. desde su m\u00f3vil o v\u00eda Web. <\/p>\n<p style='font-size: 15px; color: inherit;'> C\u00e1maras compatibles: <a href='producto\/IPCAM-WIC1-HONEYWELL-163872.html' target='_blank' rel='noopener' style='color: inherit; text-decoration: underline;'> IPCAMWIC1 <\/a>&comma; <a href='producto\/IPCAM-WIC2-HONEYWELL-162976.html' target='_blank' rel='noopener' style='color: inherit; text-decoration: underline;'> IPCAMWIC2 <\/a> y <a href='producto\/IPCAMWOC1-HONEYWELL-163828.html' target='_blank' rel='noopener' style='color: inherit; text-decoration: underline;'> IPCAMWOC1 <\/a> <\/p>\n<p> <img style='width: 100%; height: auto; border: 1px solid rgba(150&comma;150&comma;150&comma;0.3); border-radius: 30px;' src='https:\/\/ftp3.syscom.mx\/usuarios\/ftp\/single_page\/total_connect\/hontc-04.jpg' alt=''> <\/div>\n<div style='flex: 1 1 300px; min-width: 280px;'>\n<h3 style='font-size: 20px; border-bottom: 2px solid currentColor; padding-bottom: 5px; margin-top: 0; color: inherit; opacity: 0.8;'> Armado Remoto de Alta Seguridad <\/h3>\n<p style='font-size: 15px; color: inherit;'> Controle remotamente particiones de seguridad para su negocio. <\/p>\n<p style='font-size: 15px; color: inherit;'> Maneje seguridad&comma; control de acceso&comma; y administraci\u00f3n de usuarios con particiones Honeywell Total Connect VISTA\u00ae. <\/p>\n<p> <img style='width: 100%; height: auto; border: 1px solid rgba(150&comma;150&comma;150&comma;0.3); border-radius: 30px;' src='https:\/\/ftp3.syscom.mx\/usuarios\/ftp\/single_page\/total_connect\/hontc-05.jpg' alt=''> <\/div>\n<\/p><\/div>\n<hr style='border: 0; border-top: 1px solid rgba(150&comma; 150&comma; 150&comma; 0.3); margin: 30px 0;'>\n<div style='display: flex; flex-wrap: wrap; gap: 30px; margin-bottom: 30px;'>\n<div style='flex: 1 1 300px; min-width: 280px;'>\n<h3 style='font-size: 20px; border-bottom: 2px solid currentColor; padding-bottom: 5px; margin-top: 0; color: inherit; opacity: 0.8;'> Convierte tu Casa en una Casa Inteligente <\/h3>\n<p style='font-size: 15px; color: inherit;'> Total Connect de Honeywell permite administrar todos los dispositivos con alta seguridad en cualquier dispositivo m\u00f3vil. <\/p>\n<p> <img style='width: 100%; height: auto; border: 1px solid rgba(150&comma;150&comma;150&comma;0.3); border-radius: 30px;' src='https:\/\/ftp3.syscom.mx\/usuarios\/ftp\/single_page\/total_connect\/hontc-06.jpg' alt=''> <\/div>\n<div style='flex: 1 1 300px; min-width: 280px;'>\n<h3 style='font-size: 20px; border-bottom: 2px solid currentColor; padding-bottom: 5px; margin-top: 0; color: inherit; opacity: 0.8;'> Compatible con Google Home y Alexa <\/h3>\n<p style='font-size: 15px; color: inherit;'> &#8216;Alexa&comma; p\u00eddele a Honeywell que encienda las luces&#8217; <br \/> &#8216;Alexa&comma; p\u00eddele a Honeywell que cierre la puerta&#8217; <br \/> &#8216;Alexa&comma; p\u00eddele a Honeywell que arme la casa&#8217; <\/p>\n<p> <img style='width: 100%; height: auto; border: 1px solid rgba(150&comma;150&comma;150&comma;0.3); border-radius: 30px;' src='https:\/\/ftp3.syscom.mx\/usuarios\/ftp\/single_page\/total_connect\/hontc-07.jpg' alt=''> <\/div>\n<\/p><\/div>\n<div style='position: relative; padding-bottom: 56.25%; height: 0; overflow: hidden; margin-bottom: 30px;'>   <\/div>\n<div style='display: flex; flex-wrap: wrap; gap: 20px; margin-bottom: 30px;'>\n<div style='flex: 1 1 250px; border: 1px solid rgba(150&comma; 150&comma; 150&comma; 0.4); border-radius: 8px; overflow: hidden; display: flex; flex-direction: column;'>\n<div style='padding: 15px; border-bottom: 1px solid rgba(150&comma; 150&comma; 150&comma; 0.2); font-weight: bold; font-size: 18px; color: inherit;'>Sistema<\/div>\n<div style='padding: 15px; color: inherit;'>\n<ul style='padding-left: 20px; margin: 0; font-size: 14px; list-style-type: disc;'>\n<li style='margin-bottom: 5px;'>Programaci\u00f3n por teclado alfanum\u00e9rico&comma; software Downloading<\/li>\n<li style='margin-bottom: 5px;'>M\u00e1ximo 8 teclados&comma; soporta teclados alfanum\u00e9ricos&comma; de iconos y sensibles al tacto; m\u00e1ximo 2 (se sugiere fuente de poder auxiliar)<\/li>\n<li style='margin-bottom: 5px;'>Tiempo de entrada definido por el instalador<\/li>\n<li style='margin-bottom: 5px;'>2 zonas programables de entrada y salida con distintos tiempos<\/li>\n<li style='margin-bottom: 5px;'>Funciones de automatizaci\u00f3n<\/li>\n<li style='margin-bottom: 5px;'>Funci\u00f3n de auto armado y desarmado<\/li>\n<li style='margin-bottom: 5px;'>Soporta m\u00f3dulo de relevadores 4204&comma; m\u00e1ximo 4<\/li>\n<li style='margin-bottom: 5px;'>250 eventos en memoria. La memoria se puede leer con el software COMPASS Downloading<\/li>\n<li style='margin-bottom: 5px;'>3 particiones con opci\u00f3n de configurar una como lobby<\/li>\n<li style='margin-bottom: 5px;'>Confirmaci\u00f3n de armado y desarmado<\/li>\n<li style='margin-bottom: 5px;'>Auto Armado parcial configurable<\/li>\n<li style='margin-bottom: 5px;'>Salida de sirena de 2 A<\/li>\n<li style='margin-bottom: 5px;'>2 salidas de voltaje programables<\/li>\n<li style='margin-bottom: 5px;'>Detecci\u00f3n de corte de l\u00ednea telef\u00f3nica<\/li>\n<li style='margin-bottom: 5px;'>Corriente auxiliar de 600 mA<\/li>\n<li style='margin-bottom: 5px;'>Entrada de alimentaci\u00f3n de 16 Vca<\/li>\n<\/ul><\/div>\n<\/p><\/div>\n<div style='flex: 1 1 250px; border: 1px solid rgba(150&comma; 150&comma; 150&comma; 0.4); border-radius: 8px; overflow: hidden; display: flex; flex-direction: column;'>\n<div style='padding: 15px; border-bottom: 1px solid rgba(150&comma; 150&comma; 150&comma; 0.2); font-weight: bold; font-size: 18px; color: inherit;'>Zonas<\/div>\n<div style='padding: 15px; color: inherit;'>\n<ul style='padding-left: 20px; margin: 0; font-size: 14px; list-style-type: disc;'>\n<li style='margin-bottom: 5px;'>8 zonas programables&comma; configurables con o sin resistencia de fin de l\u00ednea<\/li>\n<li style='margin-bottom: 5px;'>Las zonas se pueden configurar de respuesta r\u00e1pida o lenta<\/li>\n<li style='margin-bottom: 5px;'>Capacidad de duplicaci\u00f3n de zonas<\/li>\n<li style='margin-bottom: 5px;'>En la zona uno soporta hasta 16 detectores de humo de dos hilos<\/li>\n<li style='margin-bottom: 5px;'>Soporta detectores de humo de 4 hilos<\/li>\n<li style='margin-bottom: 5px;'>Soporta 40 zonas inal\u00e1mbricas<\/li>\n<li style='margin-bottom: 5px;'>24 tipos de zonas configurables<\/li>\n<li style='margin-bottom: 5px;'>16 zonas adicionales para controles port\u00e1tiles<\/li>\n<li style='margin-bottom: 5px;'>Soporta m\u00f3dulo de expansi\u00f3n de zonas cableados 4219 y 4229<\/li>\n<li style='margin-bottom: 5px;'>Supervisi\u00f3n del sistema inal\u00e1mbrico al 100%<\/li>\n<li style='margin-bottom: 5px;'>Alcance de hasta 60 m en la serie inal\u00e1mbrica 5800<\/li>\n<\/ul><\/div>\n<\/p><\/div>\n<div style='flex: 1 1 250px; border: 1px solid rgba(150&comma; 150&comma; 150&comma; 0.4); border-radius: 8px; overflow: hidden; display: flex; flex-direction: column;'>\n<div style='padding: 15px; border-bottom: 1px solid rgba(150&comma; 150&comma; 150&comma; 0.2); font-weight: bold; font-size: 18px; color: inherit;'>Usuarios<\/div>\n<div style='padding: 15px; color: inherit;'>\n<ul style='padding-left: 20px; margin: 0; font-size: 14px; list-style-type: disc;'>\n<li style='margin-bottom: 5px;'>48 c\u00f3digos de usuario<\/li>\n<li style='margin-bottom: 5px;'>6 niveles de autoridad: instalador&comma; maestro&comma; est\u00e1ndar&comma; invitado&comma; s\u00f3lo armar y coacci\u00f3n<\/li>\n<li style='margin-bottom: 5px;'>Sistema de armado r\u00e1pido<\/li>\n<li style='margin-bottom: 5px;'>5 niveles de armado: total&comma; parcial&comma; noche&comma; instant\u00e1neo y m\u00e1ximo<\/li>\n<li style='margin-bottom: 5px;'>Aviso de puerta abierta (CHIME)<\/li>\n<\/ul><\/div>\n<\/p><\/div>\n<div style='flex: 1 1 250px; border: 1px solid rgba(150&comma; 150&comma; 150&comma; 0.4); border-radius: 8px; overflow: hidden; display: flex; flex-direction: column;'>\n<div style='padding: 15px; border-bottom: 1px solid rgba(150&comma; 150&comma; 150&comma; 0.2); font-weight: bold; font-size: 18px; color: inherit;'>Comunicaci\u00f3n<\/div>\n<div style='padding: 15px; color: inherit;'>\n<ul style='padding-left: 20px; margin: 0; font-size: 14px; list-style-type: disc;'>\n<li style='margin-bottom: 5px;'>Comunicador interconstru\u00eddo para comunicaci\u00f3n con la Central Receptora de Alarmas<\/li>\n<li style='margin-bottom: 5px;'>Soporta los formatos de comunicaci\u00f3n en 4+2 y CONTAC\/ID<\/li>\n<li style='margin-bottom: 5px;'>Soporta opci\u00f3n de reporte dual y dividido<\/li>\n<li style='margin-bottom: 5px;'>Compatible con los sistemas de comunicaci\u00f3n de Honeywell para AlarmNet<\/li>\n<\/ul><\/div>\n<\/p><\/div>\n<\/p><\/div>\n<div style='display: flex; flex-wrap: wrap; gap: 30px; margin-bottom: 30px;'>\n<div style='flex: 1 1 300px; min-width: 280px;'>\n<h3 style='font-size: 20px; border-bottom: 2px solid currentColor; padding-bottom: 5px; margin-top: 0; color: inherit; opacity: 0.8;'> Incluye <\/h3>\n<ul style='padding-left: 20px; margin: 0; font-size: 14px; list-style-type: disc; color: inherit;'>\n<li style='margin-bottom: 5px;'>Tarjeta de Panel VISTA48 VISTA48LALCT<\/li>\n<li style='margin-bottom: 5px;'>Gabinete SGRPRUV4<\/li>\n<li style='margin-bottom: 5px;'>Teclado de palabras fijas 6148SP<\/li>\n<li style='margin-bottom: 5px;'>Transformador de 16Vca RT1640LS<\/li>\n<li style='margin-bottom: 5px;'>Bateria de 4Ah PL4.512<\/li>\n<\/ul><\/div>\n<\/p><\/div>\n<div style='display: flex; flex-wrap: wrap; gap: 30px; margin-bottom: 30px;'>\n<div style='flex: 1 1 300px; min-width: 280px;'>\n<p style='font-size: 15px; color: inherit;'> <strong>Nota:<\/strong> Requiere teclado programador 6164SP o 6160RF para la configuracion del panel <\/p>\n<\/p><\/div>\n<\/p><\/div>\n<div style='display: flex; flex-wrap: wrap; gap: 20px; margin-bottom: 30px;'>\n<div style='flex: 1 1 250px;'> <a href='https:\/\/drive.google.com\/file\/d\/14O-XtxLv9NWbfPq4gAVaYqBriV4eYVuZ\/view' target='_blank' rel='noopener'> <img style='width: 100%; height: auto; border: 1px solid rgba(150&comma;150&comma;150&comma;0.3); border-radius: 8px;' src='http:\/\/ftp3.syscom.mx\/usuarios\/ftp\/recursos\/honeywell-bnr.jpg' alt=''> <\/a> <\/div>\n<div style='flex: 1 1 250px;'> <a href='singlepage\/monitoreo-3g-4g' target='_blank' rel='noopener'> <img style='width: 100%; height: auto; border: 1px solid rgba(150&comma;150&comma;150&comma;0.3); border-radius: 8px;' src='http:\/\/ftp3.syscom.mx\/usuarios\/ftp\/recursos\/monitoreo.png' alt=''> <\/a> <\/div>\n<\/p><\/div>\n<\/p><\/div>\n","protected":false},"excerpt":{"rendered":"<p>Super Kit de Panel VISTA48LA con Teclado 6148SP y Transformador<\/p>\n","protected":false},"featured_media":2358,"comment_status":"open","ping_status":"closed","template":"","meta":[],"product_brand":[],"product_cat":[179],"product_tag":[45,61,180],"class_list":{"0":"post-2359","1":"product","2":"type-product","3":"status-publish","4":"has-post-thumbnail","6":"product_cat-paneles-de-alarma-total-connect-honeywell","7":"product_tag-honeywell-home-resideo","8":"product_tag-paneles-de-alarma","9":"product_tag-total-connect-honeywell","11":"first","12":"outofstock","13":"sale","14":"shipping-taxable","15":"purchasable","16":"product-type-simple"},"_links":{"self":[{"href":"https:\/\/soydeaqui.ddns.net\/pachuca\/index.php\/wp-json\/wp\/v2\/product\/2359","targetHints":{"allow":["GET"]}}],"collection":[{"href":"https:\/\/soydeaqui.ddns.net\/pachuca\/index.php\/wp-json\/wp\/v2\/product"}],"about":[{"href":"https:\/\/soydeaqui.ddns.net\/pachuca\/index.php\/wp-json\/wp\/v2\/types\/product"}],"replies":[{"embeddable":true,"href":"https:\/\/soydeaqui.ddns.net\/pachuca\/index.php\/wp-json\/wp\/v2\/comments?post=2359"}],"wp:featuredmedia":[{"embeddable":true,"href":"https:\/\/soydeaqui.ddns.net\/pachuca\/index.php\/wp-json\/wp\/v2\/media\/2358"}],"wp:attachment":[{"href":"https:\/\/soydeaqui.ddns.net\/pachuca\/index.php\/wp-json\/wp\/v2\/media?parent=2359"}],"wp:term":[{"taxonomy":"product_brand","embeddable":true,"href":"https:\/\/soydeaqui.ddns.net\/pachuca\/index.php\/wp-json\/wp\/v2\/product_brand?post=2359"},{"taxonomy":"product_cat","embeddable":true,"href":"https:\/\/soydeaqui.ddns.net\/pachuca\/index.php\/wp-json\/wp\/v2\/product_cat?post=2359"},{"taxonomy":"product_tag","embeddable":true,"href":"https:\/\/soydeaqui.ddns.net\/pachuca\/index.php\/wp-json\/wp\/v2\/product_tag?post=2359"}],"curies":[{"name":"wp","href":"https:\/\/api.w.org\/{rel}","templated":true}]}}