{"id":23588,"date":"2026-03-18T11:18:35","date_gmt":"2026-03-18T11:18:35","guid":{"rendered":"https:\/\/soydeaqui.ddns.net\/pachuca\/index.php\/producto\/carro-plataforma-con-capacidad-300-kg-base-metalica-resistente-con-proteccion-plastic-4-ruedas-tpr-duraderas\/"},"modified":"2026-03-18T11:18:35","modified_gmt":"2026-03-18T11:18:35","slug":"carro-plataforma-con-capacidad-300-kg-base-metalica-resistente-con-proteccion-plastic-4-ruedas-tpr-duraderas","status":"publish","type":"product","link":"https:\/\/soydeaqui.ddns.net\/pachuca\/index.php\/producto\/carro-plataforma-con-capacidad-300-kg-base-metalica-resistente-con-proteccion-plastic-4-ruedas-tpr-duraderas\/","title":{"rendered":"Carro Plataforma con capacidad 300 Kg \/ Base met\u00e1lica resistente con protecci\u00f3n pl\u00e1stic \/ 4 Ruedas TPR duraderas.&#8221;"},"content":{"rendered":"<div style='width: 100%; max-width: 1200px; margin: 0 auto; font-family: sans-serif; line-height: 1.6; color: inherit; background-color: transparent;'> <!-- Secci\u00f3n de caracter\u00edsticas --> <\/p>\n<div style='display: flex; flex-wrap: wrap; gap: 30px; margin-bottom: 30px;'>\n<div style='flex: 1 1 300px; min-width: 280px;'>\n<h3 style='font-size: 22px; border-bottom: 2px solid currentColor; padding-bottom: 5px; margin-top: 0; color: inherit; opacity: 0.8;'>Caracter\u00edsticas:<\/h3>\n<ul style='padding-left: 20px; font-size: 15px; color: inherit;'>\n<li style='margin-bottom: 5px;'>Mango retr\u00e1ctil para su f\u00e1cil almacenamiento.<\/li>\n<li style='margin-bottom: 5px;'>Base met\u00e1lica con protecci\u00f3n pl\u00e1stica en su contorno que la protege de golpes.<\/li>\n<li style='margin-bottom: 5px;'>Ruedas TPR para un suave manejo y mayor durabilidad.<\/li>\n<\/ul><\/div>\n<\/p><\/div>\n<p> <!-- Secci\u00f3n de especificaciones --> <\/p>\n<div style='display: flex; flex-wrap: wrap; gap: 20px; margin-bottom: 30px;'>\n<div style='flex: 1 1 250px; border: 1px solid rgba(150&comma; 150&comma; 150&comma; 0.4); border-radius: 8px; overflow: hidden; display: flex; flex-direction: column;'>\n<div style='padding: 15px; border-bottom: 1px solid rgba(150&comma; 150&comma; 150&comma; 0.2); font-weight: bold; font-size: 18px; color: inherit;'>Especificaciones<\/div>\n<div style='padding: 15px; color: inherit;'>\n<ul style='padding-left: 20px; margin: 0; font-size: 14px; list-style-type: disc;'>\n<li style='margin-bottom: 5px;'><strong>Tipo:<\/strong> Carro plataforma<\/li>\n<li style='margin-bottom: 5px;'><strong>Tipo de llanta:<\/strong> 4 Giratorias<\/li>\n<li style='margin-bottom: 5px;'><strong>Altura total:<\/strong> 20.9 cm<\/li>\n<li style='margin-bottom: 5px;'><strong>Color:<\/strong> Gris\/Azul<\/li>\n<li style='margin-bottom: 5px;'><strong>Longitud de base:<\/strong> 91.6 cm<\/li>\n<li style='margin-bottom: 5px;'><strong>Capacidad:<\/strong> 300 Kg<\/li>\n<li style='margin-bottom: 5px;'><strong>Ancho base:<\/strong> 61.6 cm<\/li>\n<\/ul><\/div>\n<\/p><\/div>\n<\/p><\/div>\n<p> <!-- Separador --> <\/p>\n<hr style='border: 0; border-top: 1px solid rgba(150&comma; 150&comma; 150&comma; 0.3); margin: 30px 0;'> <\/div>\n","protected":false},"excerpt":{"rendered":"<p>Carro Plataforma con capacidad 300 Kg \/ Base met\u00e1lica resistente con protecci\u00f3n pl\u00e1stic \/ 4 Ruedas TPR duraderas.&#8221;<\/p>\n","protected":false},"featured_media":23587,"comment_status":"open","ping_status":"closed","template":"","meta":[],"product_brand":[],"product_cat":[24],"product_tag":[26,25,446],"class_list":{"0":"post-23588","1":"product","2":"type-product","3":"status-publish","4":"has-post-thumbnail","6":"product_cat-accesorios-de-instalacion","7":"product_tag-accesorios-de-instalacion","8":"product_tag-herramientas","9":"product_tag-surtek","11":"first","12":"outofstock","13":"sale","14":"shipping-taxable","15":"purchasable","16":"product-type-simple"},"_links":{"self":[{"href":"https:\/\/soydeaqui.ddns.net\/pachuca\/index.php\/wp-json\/wp\/v2\/product\/23588","targetHints":{"allow":["GET"]}}],"collection":[{"href":"https:\/\/soydeaqui.ddns.net\/pachuca\/index.php\/wp-json\/wp\/v2\/product"}],"about":[{"href":"https:\/\/soydeaqui.ddns.net\/pachuca\/index.php\/wp-json\/wp\/v2\/types\/product"}],"replies":[{"embeddable":true,"href":"https:\/\/soydeaqui.ddns.net\/pachuca\/index.php\/wp-json\/wp\/v2\/comments?post=23588"}],"wp:featuredmedia":[{"embeddable":true,"href":"https:\/\/soydeaqui.ddns.net\/pachuca\/index.php\/wp-json\/wp\/v2\/media\/23587"}],"wp:attachment":[{"href":"https:\/\/soydeaqui.ddns.net\/pachuca\/index.php\/wp-json\/wp\/v2\/media?parent=23588"}],"wp:term":[{"taxonomy":"product_brand","embeddable":true,"href":"https:\/\/soydeaqui.ddns.net\/pachuca\/index.php\/wp-json\/wp\/v2\/product_brand?post=23588"},{"taxonomy":"product_cat","embeddable":true,"href":"https:\/\/soydeaqui.ddns.net\/pachuca\/index.php\/wp-json\/wp\/v2\/product_cat?post=23588"},{"taxonomy":"product_tag","embeddable":true,"href":"https:\/\/soydeaqui.ddns.net\/pachuca\/index.php\/wp-json\/wp\/v2\/product_tag?post=23588"}],"curies":[{"name":"wp","href":"https:\/\/api.w.org\/{rel}","templated":true}]}}