{"id":23553,"date":"2026-03-18T11:17:59","date_gmt":"2026-03-18T11:17:59","guid":{"rendered":"https:\/\/soydeaqui.ddns.net\/pachuca\/index.php\/producto\/torniquete-swing-central-serie-220-para-ampliar-numero-de-carriles-de-90-cms-preparacion-para-instalar-terminal-facial-con-montaje-ds-kab6zu1-3000000-mcbf-4-pares-de-ir\/"},"modified":"2026-03-18T11:17:59","modified_gmt":"2026-03-18T11:17:59","slug":"torniquete-swing-central-serie-220-para-ampliar-numero-de-carriles-de-90-cms-preparacion-para-instalar-terminal-facial-con-montaje-ds-kab6zu1-3000000-mcbf-4-pares-de-ir","status":"publish","type":"product","link":"https:\/\/soydeaqui.ddns.net\/pachuca\/index.php\/producto\/torniquete-swing-central-serie-220-para-ampliar-numero-de-carriles-de-90-cms-preparacion-para-instalar-terminal-facial-con-montaje-ds-kab6zu1-3000000-mcbf-4-pares-de-ir\/","title":{"rendered":"Torniquete Swing CENTRAL Serie 220 para Ampliar Numero de Carriles de 90 cms \/ Preparaci\u00f3n para instalar terminal facial con montaje DS-KAB6ZU1 \/ 3,000,000 MCBF \/ 4 Pares de IR"},"content":{"rendered":"<div style='width: 100%; max-width: 1200px; margin: 0 auto; font-family: sans-serif; line-height: 1.6; color: inherit; background-color: transparent;'>\n<p style='text-align: center; margin: 0;'><img style='width: 100%; max-width: 300px; height: auto; border: 1px solid rgba(150&comma;150&comma;150&comma;0.3); border-radius: 8px; display: inline-block;' src='http:\/\/ftp3.syscom.mx\/usuarios\/jdelafuente\/HIKVISION\/hikvision%20logo%20complete.png' alt=''><\/p>\n<div style='display: flex; flex-wrap: wrap; gap: 20px; margin: 30px 0;'>\n<div style='flex: 1 1 300px; min-width: 280px;'>\n<div style='position: relative; padding-bottom: 56.25%; height: 0; overflow: hidden; margin-bottom: 30px;'>   <\/div>\n<\/p><\/div>\n<div style='flex: 1 1 300px; min-width: 280px;'>\n<div style='position: relative; padding-bottom: 56.25%; height: 0; overflow: hidden; margin-bottom: 30px;'>   <\/div>\n<\/p><\/div>\n<div style='flex: 1 1 300px; min-width: 280px;'>\n<div style='position: relative; padding-bottom: 56.25%; height: 0; overflow: hidden; margin-bottom: 30px;'>   <\/div>\n<\/p><\/div>\n<\/p><\/div>\n<div style='display: flex; flex-wrap: wrap; gap: 20px; margin-bottom: 30px;'>\n<div style='flex: 1 1 250px; border: 1px solid rgba(150&comma; 150&comma; 150&comma; 0.4); border-radius: 8px; overflow: hidden; display: flex; flex-direction: column;'>\n<div style='padding: 15px; border-bottom: 1px solid rgba(150&comma; 150&comma; 150&comma; 0.2); font-weight: bold; font-size: 18px; color: inherit;'>Caracter\u00edsticas Principales<\/div>\n<div style='padding: 15px; color: inherit;'>\n<ul style='padding-left: 20px; margin: 0; font-size: 14px; list-style-type: disc;'>\n<li style='margin-bottom: 5px;'>LED indicador de direcci\u00f3n de paso<\/li>\n<li style='margin-bottom: 5px;'>Throughput: 20 a 60 personas por minuto<\/li>\n<li style='margin-bottom: 5px;'>Auto detecci\u00f3n&comma; auto diagn\u00f3stico y alarma autom\u00e1tica<\/li>\n<li style='margin-bottom: 5px;'>Soporta Terminal Facial considerando DS-KAB6ZU1<\/li>\n<\/ul><\/div>\n<\/p><\/div>\n<div style='flex: 1 1 250px; border: 1px solid rgba(150&comma; 150&comma; 150&comma; 0.4); border-radius: 8px; overflow: hidden; display: flex; flex-direction: column;'>\n<div style='padding: 15px; border-bottom: 1px solid rgba(150&comma; 150&comma; 150&comma; 0.2); font-weight: bold; font-size: 18px; color: inherit;'>Caracter\u00edsticas F\u00edsicas y El\u00e9ctricas<\/div>\n<div style='padding: 15px; color: inherit;'>\n<ul style='padding-left: 20px; margin: 0; font-size: 14px; list-style-type: disc;'>\n<li style='margin-bottom: 5px;'>Material: Acero inoxidable SUS304<\/li>\n<li style='margin-bottom: 5px;'>Voltaje de operaci\u00f3n: 100 to 240 VAC; 50 to 60 Hz<\/li>\n<li style='margin-bottom: 5px;'>Temperatura de operaci\u00f3n: -25 \u00b0C to 70 \u00b0C (-13 \u00b0F to 158 \u00b0F)<\/li>\n<li style='margin-bottom: 5px;'>Indice de Protecci\u00f3n: IP54<\/li>\n<\/ul><\/div>\n<\/p><\/div>\n<div style='flex: 1 1 250px; border: 1px solid rgba(150&comma; 150&comma; 150&comma; 0.4); border-radius: 8px; overflow: hidden; display: flex; flex-direction: column;'>\n<div style='padding: 15px; border-bottom: 1px solid rgba(150&comma; 150&comma; 150&comma; 0.2); font-weight: bold; font-size: 18px; color: inherit;'>Caracter\u00edsticas Destacadas<\/div>\n<div style='padding: 15px; color: inherit;'>\n<p style='margin: 0;'>Es un torniquete que viene con preparaci\u00f3n para instalar una terminal facial (con el montaje DS-KAB6ZU1 por separado) pero de igual forma puede operarse mediante otro sistema de control de acceso como tarjetas&comma; huellas&comma; bot\u00f3n etc.<\/p>\n<\/p><\/div>\n<\/p><\/div>\n<\/p><\/div>\n<div style='display: flex; flex-wrap: wrap; gap: 20px; margin-bottom: 30px;'>\n<div style='flex: 1 1 100%; text-align: center;'>\n<h3 style='font-size: 18px; margin: 0 0 15px 0; color: inherit; opacity: 0.8;'>IMAGENES ILUSTRATIVAS DE LA SOLUCI\u00d3N COMPLETA<\/h3>\n<\/p><\/div>\n<\/p><\/div>\n<div style='display: flex; flex-wrap: wrap; gap: 20px; margin-bottom: 30px;'>\n<div style='flex: 1 1 100%; text-align: center;'> <a style='color: #005cb9; font-size: 12px; font-weight: 600; font-family: 'Open Sans'&comma; Helvetica&comma; Arial&comma; sans-serif; text-decoration: none; margin: 0 10px;' href='https:\/\/www.syscom.mx\/principal\/searchcont?route=DS-K3B501SX-L\/M-DP90-HIKVISION-197012&#038;autodetect=dsk3b501'>DS-K3B501SX-L\/M-DP90<\/a> <a style='color: #005cb9; font-size: 12px; font-weight: 600; font-family: 'Open Sans'&comma; Helvetica&comma; Arial&comma; sans-serif; text-decoration: none; margin: 0 10px;' href='https:\/\/www.syscom.mx\/principal\/searchcont?route=DS-K3B501SX-R\/M-DP90-HIKVISION-197013&#038;autodetect=dsk3b501'>DS-K3B501SX-R\/M-DP90<\/a> <\/div>\n<\/p><\/div>\n<div style='display: flex; flex-wrap: wrap; gap: 20px; margin-bottom: 30px;'>\n<div style='flex: 1 1 100%;'> <img style='width: 100%; height: auto; border: 1px solid rgba(150&comma;150&comma;150&comma;0.3); border-radius: 8px;' src='https:\/\/ftp3.syscom.mx\/usuarios\/fespinoza\/HIKVISION\/Dispositivos\/Torniquetes\/DS-K3B220LX\/DS-K3B220LX%20-%20main.png' alt=''> <\/div>\n<\/p><\/div>\n<div style='display: flex; flex-wrap: wrap; gap: 20px;'>\n<div style='flex: 1 1 480px;'>\n<h3 style='font-size: 18px; margin: 0 0 15px 0; text-align: center; color: inherit; opacity: 0.8;'>Unboxing Modelo similar (Serie 601)<\/h3>\n<div style='position: relative; padding-bottom: 56.25%; height: 0; overflow: hidden; margin-bottom: 30px;'>   <\/div>\n<\/p><\/div>\n<div style='flex: 1 1 480px;'>\n<h3 style='font-size: 18px; margin: 0 0 15px 0; text-align: center; color: inherit; opacity: 0.8;'>Tutorial Modelo Similar (Serie 601)<\/h3>\n<div style='position: relative; padding-bottom: 56.25%; height: 0; overflow: hidden; margin-bottom: 30px;'>   <\/div>\n<\/p><\/div>\n<\/p><\/div>\n<\/p><\/div>\n","protected":false},"excerpt":{"rendered":"<p>Torniquete Swing CENTRAL Serie 220 para Ampliar Numero de Carriles de 90 cms \/ Preparaci\u00f3n para instalar terminal facial con montaje DS-KAB6ZU1 \/ 3,000,000 MCBF \/ 4 Pares de IR<\/p>\n","protected":false},"featured_media":23552,"comment_status":"open","ping_status":"closed","template":"","meta":[],"product_brand":[],"product_cat":[758],"product_tag":[54,760,759],"class_list":{"0":"post-23553","1":"product","2":"type-product","3":"status-publish","4":"has-post-thumbnail","6":"product_cat-torniquetes-de-medio-cuerpo","7":"product_tag-hikvision","8":"product_tag-torniquetes-de-medio-cuerpo","9":"product_tag-torniquetes-y-puertas-de-cortesia","11":"first","12":"instock","13":"sale","14":"shipping-taxable","15":"purchasable","16":"product-type-simple"},"_links":{"self":[{"href":"https:\/\/soydeaqui.ddns.net\/pachuca\/index.php\/wp-json\/wp\/v2\/product\/23553","targetHints":{"allow":["GET"]}}],"collection":[{"href":"https:\/\/soydeaqui.ddns.net\/pachuca\/index.php\/wp-json\/wp\/v2\/product"}],"about":[{"href":"https:\/\/soydeaqui.ddns.net\/pachuca\/index.php\/wp-json\/wp\/v2\/types\/product"}],"replies":[{"embeddable":true,"href":"https:\/\/soydeaqui.ddns.net\/pachuca\/index.php\/wp-json\/wp\/v2\/comments?post=23553"}],"wp:featuredmedia":[{"embeddable":true,"href":"https:\/\/soydeaqui.ddns.net\/pachuca\/index.php\/wp-json\/wp\/v2\/media\/23552"}],"wp:attachment":[{"href":"https:\/\/soydeaqui.ddns.net\/pachuca\/index.php\/wp-json\/wp\/v2\/media?parent=23553"}],"wp:term":[{"taxonomy":"product_brand","embeddable":true,"href":"https:\/\/soydeaqui.ddns.net\/pachuca\/index.php\/wp-json\/wp\/v2\/product_brand?post=23553"},{"taxonomy":"product_cat","embeddable":true,"href":"https:\/\/soydeaqui.ddns.net\/pachuca\/index.php\/wp-json\/wp\/v2\/product_cat?post=23553"},{"taxonomy":"product_tag","embeddable":true,"href":"https:\/\/soydeaqui.ddns.net\/pachuca\/index.php\/wp-json\/wp\/v2\/product_tag?post=23553"}],"curies":[{"name":"wp","href":"https:\/\/api.w.org\/{rel}","templated":true}]}}