{"id":23496,"date":"2026-03-18T11:16:56","date_gmt":"2026-03-18T11:16:56","guid":{"rendered":"https:\/\/soydeaqui.ddns.net\/pachuca\/index.php\/producto\/tarjeta-dual-iclass-y-hid-prox-imprimible-delgada-material-mas-resistente-que-el-pvc-convencional-garantia-de-por-vida\/"},"modified":"2026-03-18T11:16:57","modified_gmt":"2026-03-18T11:16:57","slug":"tarjeta-dual-iclass-y-hid-prox-imprimible-delgada-material-mas-resistente-que-el-pvc-convencional-garantia-de-por-vida","status":"publish","type":"product","link":"https:\/\/soydeaqui.ddns.net\/pachuca\/index.php\/producto\/tarjeta-dual-iclass-y-hid-prox-imprimible-delgada-material-mas-resistente-que-el-pvc-convencional-garantia-de-por-vida\/","title":{"rendered":"Tarjeta Dual iClass y HID PROX \/  Imprimible (Delgada) \/ Material m\u00e1s Resistente que el PVC convencional \/ Garant\u00eda de por Vida"},"content":{"rendered":"<div style='width: 100%; max-width: 1200px; margin: 0 auto; font-family: sans-serif; line-height: 1.6; color: inherit; background-color: transparent;'>\n<div style='margin-bottom: 30px;'> <a href='https:\/\/www.syscomblog.com\/2021\/03\/la-tarjeta-sin-contacto-para-este-2021.html' target='_blank' rel='noopener' style='text-decoration: none;'> <img style='width: 100%; height: auto; border: 1px solid rgba(150&comma;150&comma;150&comma;0.3); border-radius: 8px;' src='http:\/\/ftp3.syscom.mx\/usuarios\/hterrazas\/HID\/Alerta.png' alt=''> <\/a> <\/div>\n<div style='display: flex; flex-wrap: wrap; gap: 30px; margin-bottom: 30px;'>\n<div style='flex: 1 1 300px; min-width: 280px;'>\n<h3 style='font-size: 22px; border-bottom: 2px solid currentColor; padding-bottom: 5px; margin-top: 0; color: inherit; opacity: 0.8;'>Caracter\u00edsticas<\/h3>\n<ul style='padding-left: 20px; font-size: 15px; color: inherit;'>\n<li style='margin-bottom: 5px;'><strong>Referencia HID:<\/strong> 2120PGGMNN<\/li>\n<li style='margin-bottom: 5px;'>Imprimible por ambos lados<\/li>\n<li style='margin-bottom: 5px;'>Compatibilidad con lectores HID PROX e iClass<\/li>\n<li style='margin-bottom: 5px;'>Elaborada en PVC&comma; para m\u00e1s resistencia al uso cotidiano<\/li>\n<li style='margin-bottom: 5px;'><span style='background-color: rgba(241&comma;196&comma;15&comma;0.8); color: inherit; padding: 2px 5px; border-radius: 3px;'><strong>Producto Bajo Pedido:<\/strong><\/span><\/li>\n<li style='margin-bottom: 5px;'>En formatos diferentes a 26 bits (H10301)&comma; el m\u00ednimo de orden es 100 piezas<\/li>\n<li style='margin-bottom: 5px;'><strong>Dimensiones:<\/strong> 5.4 x 8.6 x 0.076 mm<\/li>\n<li style='margin-bottom: 5px;'><strong>Garant\u00eda:<\/strong> De por Vida<\/li>\n<li style='margin-bottom: 5px;'><strong>Perforaci\u00f3n:<\/strong> Las ubicaciones de perforaci\u00f3n disponibles est\u00e1n marcadas por 3 puntos en la parte posterior de la tarjeta. Si los puntos no est\u00e1n presentes&comma; la tarjeta no se puede perforar con seguridad.<\/li>\n<\/ul><\/div>\n<\/p><\/div>\n<div style='display: flex; flex-wrap: wrap; gap: 20px; margin-bottom: 30px;'>\n<div style='flex: 1 1 250px; border: 1px solid rgba(150&comma; 150&comma; 150&comma; 0.4); border-radius: 8px; overflow: hidden; display: flex; flex-direction: column;'>\n<div style='padding: 15px; border-bottom: 1px solid rgba(150&comma; 150&comma; 150&comma; 0.2); font-weight: bold; font-size: 18px; color: inherit;'>\u00bfC\u00f3mo comprar tarjetas HID?<\/div>\n<div style='padding: 15px; color: inherit;'>\n<p style='margin-bottom: 15px;'>Todas las tarjetas de HID son de programaci\u00f3n personalizadas por lo que es necesario proporcionar informaci\u00f3n adicional.<\/p>\n<ul style='padding-left: 20px; margin: 0; font-size: 14px; list-style-type: disc;'>\n<li style='margin-bottom: 5px;'><span style='background-color: rgba(241&comma;196&comma;15&comma;0.8); color: inherit; padding: 2px 5px; border-radius: 3px;'><strong>Informaci\u00f3n indispensable:<\/strong><\/span><\/li>\n<li style='margin-bottom: 5px;'><strong>Formato:<\/strong> Confirmar que es H10301 (26 bits)<\/li>\n<li style='margin-bottom: 5px;'><strong>C\u00f3digo de sitio<\/strong> (Site Code \/ Facility Code): (0 a 255&comma; si es formato 26 bits H10301)<\/li>\n<li style='margin-bottom: 5px;'><strong>Consecutivo<\/strong> (rango): La numeraci\u00f3n que tendr\u00e1n las tarjetas (Entre 0-65535 si es a 26 bits H10301)<\/li>\n<li style='margin-bottom: 5px;'>Se puede llenar el siguiente <a href='https:\/\/ftp3.syscom.mx\/usuarios\/ftp\/2021\/05\/04\/4ba4d\/FOR%208.4%20025%20CMP%20Formato%20para%20solicitud%20de%20tarjetas%20REV.%20002.docx' target='_blank' rel='noopener' style='color: inherit; text-decoration: underline;'>formulario<\/a> y enviarlo a su ejecutivo de ventas para procesar su solicitud<\/li>\n<\/ul><\/div>\n<\/p><\/div>\n<div style='flex: 1 1 250px; border: 1px solid rgba(150&comma; 150&comma; 150&comma; 0.4); border-radius: 8px; overflow: hidden; display: flex; flex-direction: column;'>\n<div style='padding: 15px; border-bottom: 1px solid rgba(150&comma; 150&comma; 150&comma; 0.2); font-weight: bold; font-size: 18px; color: inherit;'>Detalles de compra<\/div>\n<div style='padding: 15px; color: inherit;'>\n<ul style='padding-left: 20px; margin: 0; font-size: 14px; list-style-type: disc;'>\n<li style='margin-bottom: 5px;'>En SYSCOM contamos con equipo especializado para la programaci\u00f3n de tarjetas en formato H10301<\/li>\n<li style='margin-bottom: 5px;'>Tiempo de entrega aproximado: 3 d\u00edas (salvo excepciones)<\/li>\n<li style='margin-bottom: 5px;'>En formatos diferentes a H10301 (26 bits) es necesario solicitar validaci\u00f3n y tiempo de entrega al departamento de ingenier\u00eda<\/li>\n<li style='margin-bottom: 5px;'>En formatos corporativos el m\u00ednimo de compra es de 100 piezas<\/li>\n<li style='margin-bottom: 5px;'>Cualquier variaci\u00f3n en el modelo o formato tiene un tiempo de entrega estimado de 3 semanas<\/li>\n<li style='margin-bottom: 5px;'><span style='background-color: rgba(241&comma;196&comma;15&comma;0.8); color: inherit; padding: 2px 5px; border-radius: 3px;'><strong>Todas las compras de este modelo a trav\u00e9s de este portal est\u00e1n sujetas al env\u00edo de la informaci\u00f3n indispensable para procesar la compra<\/strong><\/span><\/li>\n<li style='margin-bottom: 5px;'><strong>Es recomendable enviar una tarjeta existente a SYSCOM para su identificaci\u00f3n previa a la compra<\/strong><\/li>\n<\/ul><\/div>\n<\/p><\/div>\n<\/p><\/div>\n<div style='display: flex; flex-wrap: wrap; gap: 20px; margin-bottom: 30px;'>\n<div style='flex: 1 1 250px; border: 1px solid rgba(150&comma; 150&comma; 150&comma; 0.4); border-radius: 8px; overflow: hidden; display: flex; flex-direction: column;'>\n<div style='padding: 15px; border-bottom: 1px solid rgba(150&comma; 150&comma; 150&comma; 0.2); font-weight: bold; font-size: 18px; color: inherit;'>Corporate 1000<\/div>\n<div style='padding: 15px; color: inherit;'>\n<ul style='padding-left: 20px; margin: 0; font-size: 14px; list-style-type: disc;'>\n<li style='margin-bottom: 5px;'>Agregue un formato controlado por el usuario<\/li>\n<li style='margin-bottom: 5px;'>Disponible en SYSCOM a 48 bits<\/li>\n<li style='margin-bottom: 5px;'>Para formatos Corporate 1000 es necesario llenar documentaci\u00f3n adicional:<\/li>\n<ul style='padding-left: 20px; margin: 0; font-size: 14px; list-style-type: disc;'>\n<li style='margin-bottom: 5px;'>Nuevos proyectos: <a href='http:\/\/ftp3.syscom.mx\/usuarios\/ftp\/2017\/09\/15\/96cc8\/Corporate_1000_nuevo.pdf' target='_blank' rel='noopener' style='color: inherit; text-decoration: underline;'>Solicitud<\/a> | <a href='http:\/\/ftp3.syscom.mx\/usuarios\/ftp\/2018\/01\/16\/6a208\/Credential_Program_License_Agreement%20(1).pdf' target='_blank' rel='noopener' style='color: inherit; text-decoration: underline;'>Credential Program<\/a><\/li>\n<li style='margin-bottom: 5px;'><a href='http:\/\/ftp3.syscom.mx\/usuarios\/ftp\/2017\/09\/15\/e939a\/Corporate_1000_existente.pdf' target='_top' style='color: inherit; text-decoration: underline;'>Proyectos existentes<\/a><\/li>\n<\/ul>\n<li style='margin-top: 10px;'><strong>Costo adicional:<\/strong> Al precio de lista de la tarjeta se agrega el modelo <a href='https:\/\/www.syscom.mx\/principal\/searchcont?route=MC-1000-HID-156476&#038;autodetect=mc100' style='color: inherit; text-decoration: underline; font-size: 12px; font-weight: 600;'>MC-1000<\/a> correspondiente a un cargo por tarjeta por programar en C1000<\/li>\n<\/ul><\/div>\n<\/p><\/div>\n<div style='flex: 1 1 250px; border: 1px solid rgba(150&comma; 150&comma; 150&comma; 0.4); border-radius: 8px; overflow: hidden; display: flex; flex-direction: column;'>\n<div style='padding: 15px; border-bottom: 1px solid rgba(150&comma; 150&comma; 150&comma; 0.2); font-weight: bold; font-size: 18px; color: inherit;'>Impresi\u00f3n de tarjetas<\/div>\n<div style='padding: 15px; color: inherit;'>\n<p style='margin-bottom: 15px;'><strong>\u00bfCon qu\u00e9 va a imprimir sus tarjetas?<\/strong><\/p>\n<p style='margin-bottom: 15px;'>Mayor informaci\u00f3n <a href='https:\/\/www.syscom.mx\/principal\/listadoportadasazul\/control-de-acceso-credencializacion-434.html' style='color: inherit; text-decoration: underline;'>aqu\u00ed<\/a><\/p>\n<\/p><\/div>\n<\/p><\/div>\n<\/p><\/div>\n<hr style='border: 0; border-top: 1px solid rgba(150&comma; 150&comma; 150&comma; 0.3); margin: 30px 0;'> <\/div>\n","protected":false},"excerpt":{"rendered":"<p>Tarjeta Dual iClass y HID PROX \/  Imprimible (Delgada) \/ Material m\u00e1s Resistente que el PVC convencional \/ Garant\u00eda de por Vida<\/p>\n","protected":false},"featured_media":23495,"comment_status":"open","ping_status":"closed","template":"","meta":[],"product_brand":[],"product_cat":[469],"product_tag":[93,814,470],"class_list":{"0":"post-23496","1":"product","2":"type-product","3":"status-publish","4":"has-post-thumbnail","6":"product_cat-tarjetas-y-tags","7":"product_tag-accesorios","8":"product_tag-hid","9":"product_tag-tarjetas-y-tags","11":"first","12":"outofstock","13":"sale","14":"shipping-taxable","15":"purchasable","16":"product-type-simple"},"_links":{"self":[{"href":"https:\/\/soydeaqui.ddns.net\/pachuca\/index.php\/wp-json\/wp\/v2\/product\/23496","targetHints":{"allow":["GET"]}}],"collection":[{"href":"https:\/\/soydeaqui.ddns.net\/pachuca\/index.php\/wp-json\/wp\/v2\/product"}],"about":[{"href":"https:\/\/soydeaqui.ddns.net\/pachuca\/index.php\/wp-json\/wp\/v2\/types\/product"}],"replies":[{"embeddable":true,"href":"https:\/\/soydeaqui.ddns.net\/pachuca\/index.php\/wp-json\/wp\/v2\/comments?post=23496"}],"wp:featuredmedia":[{"embeddable":true,"href":"https:\/\/soydeaqui.ddns.net\/pachuca\/index.php\/wp-json\/wp\/v2\/media\/23495"}],"wp:attachment":[{"href":"https:\/\/soydeaqui.ddns.net\/pachuca\/index.php\/wp-json\/wp\/v2\/media?parent=23496"}],"wp:term":[{"taxonomy":"product_brand","embeddable":true,"href":"https:\/\/soydeaqui.ddns.net\/pachuca\/index.php\/wp-json\/wp\/v2\/product_brand?post=23496"},{"taxonomy":"product_cat","embeddable":true,"href":"https:\/\/soydeaqui.ddns.net\/pachuca\/index.php\/wp-json\/wp\/v2\/product_cat?post=23496"},{"taxonomy":"product_tag","embeddable":true,"href":"https:\/\/soydeaqui.ddns.net\/pachuca\/index.php\/wp-json\/wp\/v2\/product_tag?post=23496"}],"curies":[{"name":"wp","href":"https:\/\/api.w.org\/{rel}","templated":true}]}}