{"id":2349,"date":"2026-03-18T05:56:15","date_gmt":"2026-03-18T05:56:15","guid":{"rendered":"https:\/\/soydeaqui.ddns.net\/pachuca\/index.php\/producto\/terminal-de-habitacion-ip-lector-rfid-125-khz-audio-bidireccional-sip-poe-pantalla-tactil-9-compatible-con-nx1071-y-nx1075\/"},"modified":"2026-03-18T05:56:16","modified_gmt":"2026-03-18T05:56:16","slug":"terminal-de-habitacion-ip-lector-rfid-125-khz-audio-bidireccional-sip-poe-pantalla-tactil-9-compatible-con-nx1071-y-nx1075","status":"publish","type":"product","link":"https:\/\/soydeaqui.ddns.net\/pachuca\/index.php\/producto\/terminal-de-habitacion-ip-lector-rfid-125-khz-audio-bidireccional-sip-poe-pantalla-tactil-9-compatible-con-nx1071-y-nx1075\/","title":{"rendered":"Terminal de Habitaci\u00f3n IP \/ Lector RFID 125 KHz \/ Audio Bidireccional \/ SIP \/ PoE \/ Pantalla T\u00e1ctil 9&#8243; \/ Compatible con NX1071 y NX1075"},"content":{"rendered":"<div style='width: 100%; max-width: 1200px; margin: 0 auto; font-family: sans-serif; line-height: 1.6; color: inherit; background-color: transparent;'> <!-- Secci\u00f3n de caracter\u00edsticas principales --> <\/p>\n<div style='display: flex; flex-wrap: wrap; gap: 30px; margin-bottom: 30px;'>\n<div style='flex: 1 1 300px; min-width: 280px;'>\n<h3 style='font-size: 22px; border-bottom: 2px solid currentColor; padding-bottom: 5px; margin-top: 0; color: inherit; opacity: 0.8;'>Caracter\u00edsticas principales<\/h3>\n<ul style='padding-left: 20px; font-size: 15px; color: inherit;'>\n<li style='margin-bottom: 5px;'>Pantalla a color de 9&#8242; tipo t\u00e1ctil (se puede usar con guantes de l\u00e1tex)<\/li>\n<li style='margin-bottom: 5px;'>Altavoz y lector RFID de 125 KHz integrados<\/li>\n<li style='margin-bottom: 5px;'>Llamadas VoIP SIP<\/li>\n<li style='margin-bottom: 5px;'>Micr\u00f3fono de alta sensibilidad omnidireccional<\/li>\n<li style='margin-bottom: 5px;'>Bus de conexi\u00f3n RS485<\/li>\n<\/ul><\/div>\n<div style='flex: 1 1 300px; min-width: 280px;'>\n<h3 style='font-size: 22px; border-bottom: 2px solid currentColor; padding-bottom: 5px; margin-top: 0; color: inherit; opacity: 0.8;'>Caracter\u00edsticas el\u00e9ctricas y f\u00edsicas<\/h3>\n<ul style='padding-left: 20px; font-size: 15px; color: inherit;'>\n<li style='margin-bottom: 5px;'>Alimentaci\u00f3n a 12 Vcc y PoE (IEEE 802.3af)<\/li>\n<li style='margin-bottom: 5px;'>Corriente: 550 mA a 12 Vcc (7.6 W PoE)<\/li>\n<li style='margin-bottom: 5px;'>2 puertos Ethernet (Puerto 1 Eth + PoE)<\/li>\n<li style='margin-bottom: 5px;'><a style='color: inherit; text-decoration: underline;' title='Ficha t\u00e9cnica' href='https:\/\/ftp3.syscom.mx\/usuarios\/scorrea\/A\/IBERNEX\/NX1021\/NX1021.pdf' target='_blank' rel='noopener'>Revise la ficha completa<\/a><\/li>\n<\/ul><\/div>\n<div style='flex: 1 1 300px; min-width: 280px;'>\n<h3 style='font-size: 22px; border-bottom: 2px solid currentColor; padding-bottom: 5px; margin-top: 0; color: inherit; opacity: 0.8;'>Caracter\u00edsticas Destacadas<\/h3>\n<p style='font-size: 15px; color: inherit;'>La terminal de habitaci\u00f3n NX1042 proporciona comunicaci\u00f3n de voz y datos a trav\u00e9s de la conexi\u00f3n Ethernet PoE y act\u00faa como controlador de los perif\u00e9ricos del sistema de llamada paciente-enfermera de Ibernex.<\/p>\n<p style='font-size: 15px; color: inherit;'>Posee una pantalla t\u00e1ctil de 9&#8242; desde la que se puede consultar y registrar la actividad del personal&comma; as\u00ed como gestionar llamadas y controlar los posibles canales de megafon\u00eda configurados. Adem\u00e1s&comma; gracias a su lector RFID integrado&comma; el personal del centro puede identificarse mediante tarjeta para la gesti\u00f3n de alarmas y tareas.<\/p>\n<\/p><\/div>\n<\/p><\/div>\n<p> <!-- Nota de certificaci\u00f3n --> <\/p>\n<div style='margin: 30px 0; padding: 15px; border-left: 4px solid rgba(255&comma; 165&comma; 0&comma; 0.6); background-color: rgba(255&comma; 165&comma; 0&comma; 0.1); color: inherit;'>\n<p style='margin: 0; font-weight: bold; font-size: 15px;'>Nota: Requiere certificaci\u00f3n para su instalaci\u00f3n y para solicitar soporte t\u00e9cnico.<\/p>\n<\/p><\/div>\n<p> <!-- Secci\u00f3n de topolog\u00eda de conexi\u00f3n IP --> <\/p>\n<div style='margin-bottom: 30px; text-align: center;'>\n<h2 style='font-size: 24px; margin-bottom: 10px; color: inherit;'>Topolog\u00eda de conexi\u00f3n IP<\/h2>\n<p style='font-size: 15px; color: inherit;'>Todas las terminales de habitaci\u00f3n&comma; consolas de enfermeras o de m\u00e9dicos&comma; se conectan por red Ethernet con la base de datos.<\/p>\n<\/p><\/div>\n<p> <!-- Imagen de topolog\u00eda --> <\/p>\n<div style='margin-bottom: 30px;'> <img style='width: 100%; height: auto; border: 1px solid rgba(150&comma;150&comma;150&comma;0.3); border-radius: 8px;' src='https:\/\/ftp3.syscom.mx\/usuarios\/scorrea\/A\/IBERNEX\/I\/topologia.png' alt='Topolog\u00eda de conexi\u00f3n IP'> <\/div>\n<p> <!-- Secci\u00f3n de ejemplo de uso --> <\/p>\n<div style='margin-bottom: 30px; text-align: center;'>\n<h2 style='font-size: 24px; margin-bottom: 10px; color: inherit;'>Ejemplo de uso<\/h2>\n<p style='font-size: 15px; color: inherit;'>Los perif\u00e9ricos se conectan directo a la terminal de habitaci\u00f3n<\/p>\n<\/p><\/div>\n<p> <!-- Im\u00e1genes de ejemplo de uso --> <\/p>\n<div style='display: flex; flex-wrap: wrap; gap: 20px; margin-bottom: 30px;'>\n<div style='flex: 1 1 300px; min-width: 280px;'> <img style='width: 100%; height: auto; border: 1px solid rgba(150&comma;150&comma;150&comma;0.3); border-radius: 8px;' src='https:\/\/ftp3.syscom.mx\/usuarios\/scorrea\/A\/IBERNEX\/I\/ejemplo3.JPG' alt='Ejemplo de uso 1'> <\/div>\n<div style='flex: 1 1 300px; min-width: 280px;'> <img style='width: 100%; height: auto; border: 1px solid rgba(150&comma;150&comma;150&comma;0.3); border-radius: 8px;' src='https:\/\/ftp3.syscom.mx\/usuarios\/scorrea\/A\/IBERNEX\/I\/ejemplo3b.JPG' alt='Ejemplo de uso 2'> <\/div>\n<\/p><\/div>\n<p> <!-- Secci\u00f3n de funcionalidades --> <\/p>\n<div style='display: flex; flex-wrap: wrap; gap: 30px; margin-bottom: 30px;'>\n<div style='flex: 1 1 300px; min-width: 280px;'> <img style='width: 100%; height: auto; border: 1px solid rgba(150&comma;150&comma;150&comma;0.3); border-radius: 8px; margin-bottom: 15px;' src='https:\/\/ftp3.syscom.mx\/usuarios\/scorrea\/A\/IBERNEX\/I\/1021\/menualarma.png' alt='Codificaci\u00f3n directa'> <\/p>\n<h3 style='font-size: 20px; margin-top: 0; margin-bottom: 8px; color: inherit;'>Codificaci\u00f3n directa<\/h3>\n<h4 style='font-size: 16px; margin-top: 0; margin-bottom: 10px; color: inherit; opacity: 0.7;'>Optimiza tiempo<\/h4>\n<p style='font-size: 14px; color: inherit;'>Permite codificar las alarmas directamente en el terminal sin necesidad de acudir al software o a una consola de enfermer\u00eda&comma; optimizando tiempos de traslado y operativos.<\/p>\n<\/p><\/div>\n<div style='flex: 1 1 300px; min-width: 280px;'>\n<h3 style='font-size: 20px; margin-top: 0; margin-bottom: 8px; color: inherit;'>Motivos de Codificaci\u00f3n<\/h3>\n<h4 style='font-size: 16px; margin-top: 0; margin-bottom: 10px; color: inherit; opacity: 0.7;'>Se personalizan seg\u00fan las necesidades<\/h4>\n<p style='font-size: 14px; color: inherit;'>Al tener las opciones listas para seleccionar con un s\u00f3lo toque se podr\u00e1 optimizar el tiempo de codificaci\u00f3n de la tarea realizada en la habitaci\u00f3n.<\/p>\n<p> <img style='width: 100%; height: auto; border: 1px solid rgba(150&comma;150&comma;150&comma;0.3); border-radius: 8px; margin-top: 15px;' src='https:\/\/ftp3.syscom.mx\/usuarios\/scorrea\/A\/IBERNEX\/I\/1021\/menualarma2.png' alt='Motivos de Codificaci\u00f3n'> <\/div>\n<div style='flex: 1 1 300px; min-width: 280px;'> <img style='width: 100%; height: auto; border: 1px solid rgba(150&comma;150&comma;150&comma;0.3); border-radius: 8px; margin-bottom: 15px;' src='https:\/\/ftp3.syscom.mx\/usuarios\/scorrea\/A\/IBERNEX\/I\/1021\/menualarma3.png' alt='Comentarios adicionales'> <\/p>\n<h3 style='font-size: 20px; margin-top: 0; margin-bottom: 8px; color: inherit;'>Comentarios adicionales<\/h3>\n<h4 style='font-size: 16px; margin-top: 0; margin-bottom: 10px; color: inherit; opacity: 0.7;'>Opcionales al momento de codificar<\/h4>\n<p style='font-size: 14px; color: inherit;'>Se agregan como complemento a la tarea realizada en la habitaci\u00f3n para tener mayor informaci\u00f3n al respecto y al mismo tiempo una jusitificaci\u00f3n del trabajo realizado.<\/p>\n<\/p><\/div>\n<div style='flex: 1 1 300px; min-width: 280px;'>\n<h3 style='font-size: 20px; margin-top: 0; margin-bottom: 8px; color: inherit;'>Informaci\u00f3n del paciente<\/h3>\n<h4 style='font-size: 16px; margin-top: 0; margin-bottom: 10px; color: inherit; opacity: 0.7;'>Revisar datos de importancia<\/h4>\n<p style='font-size: 14px; color: inherit;'>Se puede acceder a informaci\u00f3n relacionada al paciente que puede ser \u00fatil para el personal por ejemplo si es al\u00e9rgico a alg\u00fan medicamento o si requiere de una atenci\u00f3n especial.<\/p>\n<p> <img style='width: 100%; height: auto; border: 1px solid rgba(150&comma;150&comma;150&comma;0.3); border-radius: 8px; margin-top: 15px;' src='https:\/\/ftp3.syscom.mx\/usuarios\/scorrea\/A\/IBERNEX\/I\/1021\/Informacion_paciente.png' alt='Informaci\u00f3n del paciente'> <\/div>\n<div style='flex: 1 1 300px; min-width: 280px;'> <img style='width: 100%; height: auto; border: 1px solid rgba(150&comma;150&comma;150&comma;0.3); border-radius: 8px; margin-bottom: 15px;' src='https:\/\/ftp3.syscom.mx\/usuarios\/scorrea\/A\/IBERNEX\/I\/1021\/Presencias.png' alt='Presencias en otras habitaciones'> <\/p>\n<h3 style='font-size: 20px; margin-top: 0; margin-bottom: 8px; color: inherit;'>Presencias en otras habitaciones<\/h3>\n<h4 style='font-size: 16px; margin-top: 0; margin-bottom: 10px; color: inherit; opacity: 0.7;'>Visualizaci\u00f3n r\u00e1pida<\/h4>\n<p style='font-size: 14px; color: inherit;'>Cuando alguien presenta su tarjeta en cualquier terminal es posible saber en que habitaci\u00f3n se encuentra en tiempo real.<\/p>\n<\/p><\/div>\n<div style='flex: 1 1 300px; min-width: 280px;'>\n<h3 style='font-size: 20px; margin-top: 0; margin-bottom: 8px; color: inherit;'>Llamadas entre habitaciones<\/h3>\n<h4 style='font-size: 16px; margin-top: 0; margin-bottom: 10px; color: inherit; opacity: 0.7;'>Realice una llamada directa<\/h4>\n<p style='font-size: 14px; color: inherit;'>Es posible marcar a otras habitaciones o consolas de enfermera directamente o usando la agenda personalizada.<\/p>\n<p> <img style='width: 100%; height: auto; border: 1px solid rgba(150&comma;150&comma;150&comma;0.3); border-radius: 8px; margin-top: 15px;' src='https:\/\/ftp3.syscom.mx\/usuarios\/scorrea\/A\/IBERNEX\/I\/1021\/Agenda.png' alt='Llamadas entre habitaciones'> <\/div>\n<div style='flex: 1 1 300px; min-width: 280px;'> <img style='width: 100%; height: auto; border: 1px solid rgba(150&comma;150&comma;150&comma;0.3); border-radius: 8px; margin-bottom: 15px;' src='https:\/\/ftp3.syscom.mx\/usuarios\/scorrea\/A\/IBERNEX\/I\/NX1021-FRENTE-l.png' alt='Llamada a m\u00e9dico'> <\/p>\n<h3 style='font-size: 20px; margin-top: 0; margin-bottom: 8px; color: inherit;'>Llamada a m\u00e9dico<\/h3>\n<h4 style='font-size: 16px; margin-top: 0; margin-bottom: 10px; color: inherit; opacity: 0.7;'>Tambi\u00e9n conocido como c\u00f3digo azul<\/h4>\n<p style='font-size: 14px; color: inherit;'>Se puede configurar para que s\u00f3lo con la presencia de una enfermera se pueda realizar la llamada a m\u00e9dico.<\/p>\n<\/p><\/div>\n<div style='flex: 1 1 300px; min-width: 280px;'>\n<h3 style='font-size: 20px; margin-top: 0; margin-bottom: 8px; color: inherit;'>Presencia con tarjeta<\/h3>\n<h4 style='font-size: 16px; margin-top: 0; margin-bottom: 10px; color: inherit; opacity: 0.7;'>Identificaci\u00f3n sin contacto<\/h4>\n<p style='font-size: 14px; color: inherit;'>Cuando la enfermera o el m\u00e9dico se presenta en la habitaci\u00f3n simplemente presenta su tarjeta en la terminal para registrar presencia y tener acceso a un men\u00fa de varias opciones&comma; muy \u00fatil para visualizar alarmas actuales y pasadas o tareas pendientes.<\/p>\n<p> <img style='width: 100%; height: auto; border: 1px solid rgba(150&comma;150&comma;150&comma;0.3); border-radius: 8px; margin-top: 15px;' src='https:\/\/ftp3.syscom.mx\/usuarios\/scorrea\/A\/IBERNEX\/I\/1021\/presencia.png' alt='Presencia con tarjeta'> <\/div>\n<div style='flex: 1 1 300px; min-width: 280px;'> <img style='width: 100%; height: auto; border: 1px solid rgba(150&comma;150&comma;150&comma;0.3); border-radius: 8px; margin-bottom: 15px;' src='https:\/\/ftp3.syscom.mx\/usuarios\/scorrea\/A\/IBERNEX\/I\/1021\/tareapendiente.png' alt='Tareas Asistenciales'> <\/p>\n<h3 style='font-size: 20px; margin-top: 0; margin-bottom: 8px; color: inherit;'>Tareas Asistenciales<\/h3>\n<h4 style='font-size: 16px; margin-top: 0; margin-bottom: 10px; color: inherit; opacity: 0.7;'>Programadas desde el software<\/h4>\n<p style='font-size: 14px; color: inherit;'>Las tareas pueden ser programadas para realizarse en una habitaci\u00f3n&comma; un piso o edificio completo&comma; tambi\u00e9n se pueden aplicar a un paciente en espec\u00edfico ya sea una s\u00f3la vez o peri\u00f3dicamente.<\/p>\n<\/p><\/div>\n<div style='flex: 1 1 300px; min-width: 280px;'>\n<h3 style='font-size: 20px; margin-top: 0; margin-bottom: 8px; color: inherit;'>Logo personalizado<\/h3>\n<h4 style='font-size: 16px; margin-top: 0; margin-bottom: 10px; color: inherit; opacity: 0.7;'>En modo reposo o protector de pantalla<\/h4>\n<p style='font-size: 14px; color: inherit;'>Se puede cargar el logo o imagen de la empresa para mostrarse directamente en la terminal.<\/p>\n<p> <img style='width: 100%; height: auto; border: 1px solid rgba(150&comma;150&comma;150&comma;0.3); border-radius: 8px; margin-top: 15px;' src='https:\/\/ftp3.syscom.mx\/usuarios\/scorrea\/A\/IBERNEX\/I\/1021\/NX1021_logo.png' alt='Logo personalizado'> <\/div>\n<div style='flex: 1 1 300px; min-width: 280px;'> <img style='width: 100%; height: auto; border: 1px solid rgba(150&comma;150&comma;150&comma;0.3); border-radius: 8px; margin-bottom: 15px;' src='https:\/\/ftp3.syscom.mx\/usuarios\/scorrea\/A\/IBERNEX\/I\/1021\/guantes.png' alt='Guantes de l\u00e1tex'> <\/p>\n<h3 style='font-size: 20px; margin-top: 0; margin-bottom: 8px; color: inherit;'>Guantes de l\u00e1tex<\/h3>\n<h4 style='font-size: 16px; margin-top: 0; margin-bottom: 10px; color: inherit; opacity: 0.7;'>Interacci\u00f3n sin contacto directo<\/h4>\n<p style='font-size: 14px; color: inherit;'>La pantalla t\u00e1ctil responde tambi\u00e9n al estar usando guantes de l\u00e1tex<\/p>\n<\/p><\/div>\n<div style='flex: 1 1 300px; min-width: 280px;'>\n<h3 style='font-size: 20px; margin-top: 0; margin-bottom: 8px; color: inherit;'>Pulsador de cama<\/h3>\n<h4 style='font-size: 16px; margin-top: 0; margin-bottom: 10px; color: inherit; opacity: 0.7;'>Directamente en la terminal<\/h4>\n<p style='font-size: 14px; color: inherit;'>Se pueden conectar directamente hasta 2 pulsadores de cama como el NX0881 sin necesidad de otro accesorio.<\/p>\n<p> <img style='width: 100%; height: auto; border: 1px solid rgba(150&comma;150&comma;150&comma;0.3); border-radius: 8px; margin-top: 15px;' src='https:\/\/ftp3.syscom.mx\/usuarios\/scorrea\/A\/IBERNEX\/I\/NX1021-FRENTE-l.png' alt='Pulsador de cama'> <\/div>\n<\/p><\/div>\n<p> <!-- Separador final --> <\/p>\n<hr style='border: 0; border-top: 1px solid rgba(150&comma; 150&comma; 150&comma; 0.3); margin: 30px 0;'> <\/div>\n","protected":false},"excerpt":{"rendered":"<p>Terminal de Habitaci\u00f3n IP \/ Lector RFID 125 KHz \/ Audio Bidireccional \/ SIP \/ PoE \/ Pantalla T\u00e1ctil 9&#8243; \/ Compatible con NX1071 y NX1075<\/p>\n","protected":false},"featured_media":2348,"comment_status":"open","ping_status":"closed","template":"","meta":[],"product_brand":[],"product_cat":[151],"product_tag":[152,153,126],"class_list":{"0":"post-2349","1":"product","2":"type-product","3":"status-publish","4":"has-post-thumbnail","6":"product_cat-atencion-sociosanitaria","7":"product_tag-atencion-sociosanitaria","8":"product_tag-ibernex","9":"product_tag-sistemas-de-emergencia","11":"first","12":"outofstock","13":"sale","14":"shipping-taxable","15":"purchasable","16":"product-type-simple"},"_links":{"self":[{"href":"https:\/\/soydeaqui.ddns.net\/pachuca\/index.php\/wp-json\/wp\/v2\/product\/2349","targetHints":{"allow":["GET"]}}],"collection":[{"href":"https:\/\/soydeaqui.ddns.net\/pachuca\/index.php\/wp-json\/wp\/v2\/product"}],"about":[{"href":"https:\/\/soydeaqui.ddns.net\/pachuca\/index.php\/wp-json\/wp\/v2\/types\/product"}],"replies":[{"embeddable":true,"href":"https:\/\/soydeaqui.ddns.net\/pachuca\/index.php\/wp-json\/wp\/v2\/comments?post=2349"}],"wp:featuredmedia":[{"embeddable":true,"href":"https:\/\/soydeaqui.ddns.net\/pachuca\/index.php\/wp-json\/wp\/v2\/media\/2348"}],"wp:attachment":[{"href":"https:\/\/soydeaqui.ddns.net\/pachuca\/index.php\/wp-json\/wp\/v2\/media?parent=2349"}],"wp:term":[{"taxonomy":"product_brand","embeddable":true,"href":"https:\/\/soydeaqui.ddns.net\/pachuca\/index.php\/wp-json\/wp\/v2\/product_brand?post=2349"},{"taxonomy":"product_cat","embeddable":true,"href":"https:\/\/soydeaqui.ddns.net\/pachuca\/index.php\/wp-json\/wp\/v2\/product_cat?post=2349"},{"taxonomy":"product_tag","embeddable":true,"href":"https:\/\/soydeaqui.ddns.net\/pachuca\/index.php\/wp-json\/wp\/v2\/product_tag?post=2349"}],"curies":[{"name":"wp","href":"https:\/\/api.w.org\/{rel}","templated":true}]}}