{"id":23471,"date":"2026-03-18T11:16:29","date_gmt":"2026-03-18T11:16:29","guid":{"rendered":"https:\/\/soydeaqui.ddns.net\/pachuca\/index.php\/producto\/bio-station-3-lector-facial-multitecnologias-uso-con-biostar2-soporta-rfid125khz-em-13-56mhz-mifare-uso-para-control-de-acceso-y-asistencia-2\/"},"modified":"2026-03-18T11:16:31","modified_gmt":"2026-03-18T11:16:31","slug":"bio-station-3-lector-facial-multitecnologias-uso-con-biostar2-soporta-rfid125khz-em-13-56mhz-mifare-uso-para-control-de-acceso-y-asistencia-2","status":"publish","type":"product","link":"https:\/\/soydeaqui.ddns.net\/pachuca\/index.php\/producto\/bio-station-3-lector-facial-multitecnologias-uso-con-biostar2-soporta-rfid125khz-em-13-56mhz-mifare-uso-para-control-de-acceso-y-asistencia-2\/","title":{"rendered":"BIO STATION 3 Lector Facial Multitecnologias  uso con BIOSTAR2 \/  SOPORTA RFID(125KHZ EM &#038; 13.56MHZ MIFARE) Uso para Control de Acceso y Asistencia"},"content":{"rendered":"<div style='width: 100%; max-width: 1200px; margin: 0 auto; font-family: sans-serif; line-height: 1.6; color: inherit; background-color: transparent;'>\n<div style='display: flex; flex-wrap: wrap; gap: 30px; margin-bottom: 30px;'>\n<div style='flex: 1 1 300px; min-width: 280px;'>\n<h3 style='font-size: 22px; border-bottom: 2px solid currentColor; padding-bottom: 5px; margin-top: 0; color: inherit; opacity: 0.8;'>Caracter\u00edsticas Principales<\/h3>\n<ul style='padding-left: 20px; font-size: 15px; color: inherit;'>\n<li style='margin-bottom: 5px;'>Soluci\u00f3n sin contacto para el nuevo est\u00e1ndar de seguridad e higiene<\/li>\n<li style='margin-bottom: 5px;'><strong>M\u00faltiples M\u00e9todos de Acceso Sin Contacto:<\/strong> Opciones de autenticaci\u00f3n sin contacto para entornos pospand\u00e9micos<\/li>\n<li style='margin-bottom: 5px;'><strong>Algoritmo de IA Optimizado:<\/strong> Alta precisi\u00f3n y velocidad en reconocimiento facial<\/li>\n<li style='margin-bottom: 5px;'><strong>Paso Continuo:<\/strong> Reconocimiento de rostros en movimiento en \u00e1reas de alto tr\u00e1fico<\/li>\n<li style='margin-bottom: 5px;'><strong>Protecci\u00f3n Facial:<\/strong> Compatible con variaciones faciales y protecci\u00f3n contra suplantaci\u00f3n<\/li>\n<li style='margin-bottom: 5px;'><strong>Funcionalidad TOM (Template on Mobile):<\/strong> Registro y autenticaci\u00f3n mediante dispositivos m\u00f3viles<\/li>\n<\/ul><\/div>\n<div style='flex: 1 1 300px; min-width: 280px;'> <img style='width: 100%; height: auto; border: 1px solid rgba(150&comma;150&comma;150&comma;0.3); border-radius: 8px;' src='https:\/\/www.supremainc.com\/en\/asset\/images\/01_product\/new_biostation3_2_1.jpg?v4' alt='Reconocimiento facial BioStation 3'> <\/p>\n<p style='margin-top: 15px; font-size: 14px; color: inherit; opacity: 0.8; text-align: center;'>El algoritmo de IA optimizado por la NPU de BioStation 3 ofrece los m\u00e1s altos est\u00e1ndares en precisi\u00f3n y velocidad de reconocimiento facial.<\/p>\n<\/p><\/div>\n<\/p><\/div>\n<div style='display: flex; flex-wrap: wrap; gap: 20px; margin-bottom: 30px;'>\n<div style='flex: 1 1 250px; border: 1px solid rgba(150&comma; 150&comma; 150&comma; 0.4); border-radius: 8px; overflow: hidden; display: flex; flex-direction: column;'>\n<div style='padding: 15px; border-bottom: 1px solid rgba(150&comma; 150&comma; 150&comma; 0.2); font-weight: bold; font-size: 18px; color: inherit;'>Protecciones<\/div>\n<div style='padding: 15px; color: inherit;'>\n<ul style='padding-left: 20px; margin: 0; font-size: 14px; list-style-type: disc;'>\n<li style='margin-bottom: 5px;'><strong>Grado de protecci\u00f3n:<\/strong> IP65<\/li>\n<li style='margin-bottom: 5px;'><strong>A prueba de vandalismo:<\/strong> IK06<\/li>\n<\/ul><\/div>\n<\/p><\/div>\n<div style='flex: 1 1 250px; border: 1px solid rgba(150&comma; 150&comma; 150&comma; 0.4); border-radius: 8px; overflow: hidden; display: flex; flex-direction: column;'>\n<div style='padding: 15px; border-bottom: 1px solid rgba(150&comma; 150&comma; 150&comma; 0.2); font-weight: bold; font-size: 18px; color: inherit;'>Capacidad<\/div>\n<div style='padding: 15px; color: inherit;'>\n<ul style='padding-left: 20px; margin: 0; font-size: 14px; list-style-type: disc;'>\n<li style='margin-bottom: 5px;'><strong>M\u00e1x. Usuarios:<\/strong> 100&comma;000<\/li>\n<li style='margin-bottom: 5px;'><strong>Credenciales M\u00e1ximas (1:N):<\/strong> 50&comma;000<\/li>\n<li style='margin-bottom: 5px;'><strong>Credenciales M\u00e1ximas (1:1):<\/strong> 100&comma;000<\/li>\n<li style='margin-bottom: 5px;'><strong>Registro de texto:<\/strong> 5&comma;000&comma;000<\/li>\n<li style='margin-bottom: 5px;'><strong>Registro de im\u00e1genes:<\/strong> 50&comma;000<\/li>\n<\/ul><\/div>\n<\/p><\/div>\n<div style='flex: 1 1 250px; border: 1px solid rgba(150&comma; 150&comma; 150&comma; 0.4); border-radius: 8px; overflow: hidden; display: flex; flex-direction: column;'>\n<div style='padding: 15px; border-bottom: 1px solid rgba(150&comma; 150&comma; 150&comma; 0.2); font-weight: bold; font-size: 18px; color: inherit;'>Rostro<\/div>\n<div style='padding: 15px; color: inherit;'>\n<ul style='padding-left: 20px; margin: 0; font-size: 14px; list-style-type: disc;'>\n<li style='margin-bottom: 5px;'><strong>Distancia de reconocimiento:<\/strong> 0.6 ~ 1.0 m<\/li>\n<li style='margin-bottom: 5px;'><strong>Altura de reconocimiento:<\/strong> 1.4 ~ 1.9 m<\/li>\n<li style='margin-bottom: 5px;'><strong>Velocidad de autenticaci\u00f3n:<\/strong> <0.3 seg<\/li>\n<li style='margin-bottom: 5px;'><strong>Identificaci\u00f3n facial en vivo:<\/strong> Soportada<\/li>\n<\/ul><\/div>\n<\/p><\/div>\n<div style='flex: 1 1 250px; border: 1px solid rgba(150&comma; 150&comma; 150&comma; 0.4); border-radius: 8px; overflow: hidden; display: flex; flex-direction: column;'>\n<div style='padding: 15px; border-bottom: 1px solid rgba(150&comma; 150&comma; 150&comma; 0.2); font-weight: bold; font-size: 18px; color: inherit;'>General<\/div>\n<div style='padding: 15px; color: inherit;'>\n<ul style='padding-left: 20px; margin: 0; font-size: 14px; list-style-type: disc;'>\n<li style='margin-bottom: 5px;'><strong>CPU:<\/strong> 1.5GHz Quad Core<\/li>\n<li style='margin-bottom: 5px;'><strong>Memoria:<\/strong> 32GB Flash + 4GB RAM<\/li>\n<li style='margin-bottom: 5px;'><strong>Chip Criptogr\u00e1fico:<\/strong> Soportado<\/li>\n<li style='margin-bottom: 5px;'><strong>Tipo de LCD:<\/strong> 5.5&#8242; IPS color LCD<\/li>\n<li style='margin-bottom: 5px;'><strong>Resoluci\u00f3n LCD:<\/strong> 720 x 1280 pixels<\/li>\n<li style='margin-bottom: 5px;'><strong>C\u00e1mara:<\/strong> 2MP x 2EA (Visual&comma; IR)<\/li>\n<li style='margin-bottom: 5px;'><strong>Sonido:<\/strong> 16bit<\/li>\n<li style='margin-bottom: 5px;'><strong>Temperatura de funcionamiento:<\/strong> -20\u00b0C ~ 50\u00b0C<\/li>\n<li style='margin-bottom: 5px;'><strong>Humedad de funcionamiento:<\/strong> 0%~80%&comma; sin condensaci\u00f3n<\/li>\n<li style='margin-bottom: 5px;'><strong>Peso:<\/strong> 370g (dispositivo)<\/li>\n<li style='margin-bottom: 5px;'><strong>Dimensiones:<\/strong> 82.5mm x 171mm x 23.4mm<\/li>\n<li style='margin-bottom: 5px;'><strong>Seguridad:<\/strong> Soportada<\/li>\n<li style='margin-bottom: 5px;'><strong>Certificaciones:<\/strong> KC&comma; CE&comma; UKCA&comma; FCC&comma; RCM<\/li>\n<\/ul><\/div>\n<\/p><\/div>\n<div style='flex: 1 1 250px; border: 1px solid rgba(150&comma; 150&comma; 150&comma; 0.4); border-radius: 8px; overflow: hidden; display: flex; flex-direction: column;'>\n<div style='padding: 15px; border-bottom: 1px solid rgba(150&comma; 150&comma; 150&comma; 0.2); font-weight: bold; font-size: 18px; color: inherit;'>Interfaz<\/div>\n<div style='padding: 15px; color: inherit;'>\n<ul style='padding-left: 20px; margin: 0; font-size: 14px; list-style-type: disc;'>\n<li style='margin-bottom: 5px;'><strong>Wifi:<\/strong> Soportado<\/li>\n<li style='margin-bottom: 5px;'><strong>Ethernet:<\/strong> 10\/100\/1000 Mbps<\/li>\n<li style='margin-bottom: 5px;'><strong>RS-485:<\/strong> 1 canal<\/li>\n<li style='margin-bottom: 5px;'><strong>Wiegand:<\/strong> 1 canal<\/li>\n<li style='margin-bottom: 5px;'><strong>Entrada TTL:<\/strong> 3 canales<\/li>\n<li style='margin-bottom: 5px;'><strong>Rel\u00e9:<\/strong> 1 Rel\u00e9<\/li>\n<li style='margin-bottom: 5px;'><strong>USB:<\/strong> Soportado<\/li>\n<li style='margin-bottom: 5px;'><strong>USB Extendido:<\/strong> Soportado<\/li>\n<li style='margin-bottom: 5px;'><strong>PoE:<\/strong> Soportado<\/li>\n<li style='margin-bottom: 5px;'><strong>Intercomunicador:<\/strong> Soportado<\/li>\n<\/ul><\/div>\n<\/p><\/div>\n<div style='flex: 1 1 250px; border: 1px solid rgba(150&comma; 150&comma; 150&comma; 0.4); border-radius: 8px; overflow: hidden; display: flex; flex-direction: column;'>\n<div style='padding: 15px; border-bottom: 1px solid rgba(150&comma; 150&comma; 150&comma; 0.2); font-weight: bold; font-size: 18px; color: inherit;'>Credenciales Soportadas<\/div>\n<div style='padding: 15px; color: inherit;'>\n<ul style='padding-left: 20px; margin: 0; font-size: 14px; list-style-type: disc;'>\n<li style='margin-bottom: 5px;'><strong>RF:<\/strong> 125kHz EM &#038; 13.56MHz MIFARE<\/li>\n<li style='margin-bottom: 5px;'><strong>Rango de lectura RF:<\/strong> EM\/MIFARE: 30 mm&comma; DESFire: 25 mm<\/li>\n<li style='margin-bottom: 5px;'><strong>Tarjeta m\u00f3vil:<\/strong> NFC&comma; BLE<\/li>\n<li style='margin-bottom: 5px;'><strong>QR\/C\u00f3digo de barras:<\/strong> Soportado<\/li>\n<li style='margin-bottom: 5px;'><strong>Biom\u00e9trico:<\/strong> Rostro<\/li>\n<\/ul><\/div>\n<\/p><\/div>\n<div style='flex: 1 1 250px; border: 1px solid rgba(150&comma; 150&comma; 150&comma; 0.4); border-radius: 8px; overflow: hidden; display: flex; flex-direction: column;'>\n<div style='padding: 15px; border-bottom: 1px solid rgba(150&comma; 150&comma; 150&comma; 0.2); font-weight: bold; font-size: 18px; color: inherit;'>Energ\u00eda<\/div>\n<div style='padding: 15px; color: inherit;'>\n<ul style='padding-left: 20px; margin: 0; font-size: 14px; list-style-type: disc;'>\n<li style='margin-bottom: 5px;'><strong>Corriente:<\/strong> PoE (IEEE 802.3af)<\/li>\n<\/ul><\/div>\n<\/p><\/div>\n<\/p><\/div>\n<div style='display: flex; flex-wrap: wrap; gap: 30px; margin-bottom: 30px;'>\n<div style='flex: 1 1 100%;'>\n<div style='position: relative; padding-bottom: 56.25%; height: 0; overflow: hidden; margin-bottom: 30px;'>   <\/div>\n<p style='font-size: 14px; color: inherit; opacity: 0.8; text-align: center; margin-top: -20px; margin-bottom: 30px;'>[BioStar 2] ToM &#8211; Template on Mobile l Suprema<\/p>\n<\/p><\/div>\n<\/p><\/div>\n<hr style='border: 0; border-top: 1px solid rgba(150&comma; 150&comma; 150&comma; 0.3); margin: 30px 0;'> <\/div>\n","protected":false},"excerpt":{"rendered":"<p>BIO STATION 3 Lector Facial Multitecnologias  uso con BIOSTAR2 \/  SOPORTA RFID(125KHZ EM &#038; 13.56MHZ MIFARE) Uso para Control de Acceso y Asistencia<\/p>\n","protected":false},"featured_media":23470,"comment_status":"open","ping_status":"closed","template":"","meta":[],"product_brand":[],"product_cat":[743],"product_tag":[744,745,798],"class_list":{"0":"post-23471","1":"product","2":"type-product","3":"status-publish","4":"has-post-thumbnail","6":"product_cat-para-tiempo-y-asistencia-checadores","7":"product_tag-biometricos","8":"product_tag-para-tiempo-y-asistencia-checadores","9":"product_tag-suprema","11":"first","12":"instock","13":"sale","14":"shipping-taxable","15":"purchasable","16":"product-type-simple"},"_links":{"self":[{"href":"https:\/\/soydeaqui.ddns.net\/pachuca\/index.php\/wp-json\/wp\/v2\/product\/23471","targetHints":{"allow":["GET"]}}],"collection":[{"href":"https:\/\/soydeaqui.ddns.net\/pachuca\/index.php\/wp-json\/wp\/v2\/product"}],"about":[{"href":"https:\/\/soydeaqui.ddns.net\/pachuca\/index.php\/wp-json\/wp\/v2\/types\/product"}],"replies":[{"embeddable":true,"href":"https:\/\/soydeaqui.ddns.net\/pachuca\/index.php\/wp-json\/wp\/v2\/comments?post=23471"}],"wp:featuredmedia":[{"embeddable":true,"href":"https:\/\/soydeaqui.ddns.net\/pachuca\/index.php\/wp-json\/wp\/v2\/media\/23470"}],"wp:attachment":[{"href":"https:\/\/soydeaqui.ddns.net\/pachuca\/index.php\/wp-json\/wp\/v2\/media?parent=23471"}],"wp:term":[{"taxonomy":"product_brand","embeddable":true,"href":"https:\/\/soydeaqui.ddns.net\/pachuca\/index.php\/wp-json\/wp\/v2\/product_brand?post=23471"},{"taxonomy":"product_cat","embeddable":true,"href":"https:\/\/soydeaqui.ddns.net\/pachuca\/index.php\/wp-json\/wp\/v2\/product_cat?post=23471"},{"taxonomy":"product_tag","embeddable":true,"href":"https:\/\/soydeaqui.ddns.net\/pachuca\/index.php\/wp-json\/wp\/v2\/product_tag?post=23471"}],"curies":[{"name":"wp","href":"https:\/\/api.w.org\/{rel}","templated":true}]}}