{"id":23463,"date":"2026-03-18T11:16:20","date_gmt":"2026-03-18T11:16:20","guid":{"rendered":"https:\/\/soydeaqui.ddns.net\/pachuca\/index.php\/producto\/bio-station-3-lector-facial-multitecnologias-uso-con-biostar2-soporta-rfid125khz-em-13-56mhz-mifare-uso-para-control-de-acceso-y-asistencia\/"},"modified":"2026-03-18T11:16:21","modified_gmt":"2026-03-18T11:16:21","slug":"bio-station-3-lector-facial-multitecnologias-uso-con-biostar2-soporta-rfid125khz-em-13-56mhz-mifare-uso-para-control-de-acceso-y-asistencia","status":"publish","type":"product","link":"https:\/\/soydeaqui.ddns.net\/pachuca\/index.php\/producto\/bio-station-3-lector-facial-multitecnologias-uso-con-biostar2-soporta-rfid125khz-em-13-56mhz-mifare-uso-para-control-de-acceso-y-asistencia\/","title":{"rendered":"BIO STATION 3 Lector Facial Multitecnologias  uso con BIOSTAR2 \/  SOPORTA RFID(125KHZ EM &#038; 13.56MHZ MIFARE), Uso para Control de Acceso y Asistencia"},"content":{"rendered":"<div style='width: 100%; max-width: 1200px; margin: 0 auto; font-family: sans-serif; line-height: 1.6; color: inherit; background-color: transparent;'>\n<div style='display: flex; flex-wrap: wrap; gap: 30px; margin-bottom: 30px;'>\n<div style='flex: 1 1 300px; min-width: 280px;'>\n<h3 style='font-size: 22px; border-bottom: 2px solid currentColor; padding-bottom: 5px; margin-top: 0; color: inherit; opacity: 0.8;'>M\u00faltiples m\u00e9todos de acceso sin contacto<\/h3>\n<p style='font-size: 15px; color: inherit;'>BioStation 3 proporciona varias opciones de credenciales. Elija entre los m\u00e9todos de autenticaci\u00f3n m\u00e1s convenientes&comma; todos sin contacto y perfectamente compatibles con un mundo pospandemia.<\/p>\n<\/div>\n<\/div>\n<div style='display: grid; grid-template-columns: repeat(auto-fill&comma; minmax(280px&comma; 1fr)); gap: 20px; margin-bottom: 30px;'>\n<div style='border: 1px solid rgba(150&comma; 150&comma; 150&comma; 0.4); border-radius: 8px; overflow: hidden;'><img style='width: 100%; height: auto; border: 1px solid rgba(150&comma;150&comma;150&comma;0.3); border-radius: 0;' src='https:\/\/www.supremainc.com\/en\/asset\/images\/01_product\/new_biostation3_2_1.jpg?v4' alt='Reconocimiento facial'><\/p>\n<div style='padding: 15px; background: rgba(0&comma; 113&comma; 189&comma; 0.3); color: #ffffff; font-weight: bold; border-radius: 0 0 8px 8px; position: relative; bottom: 0; backdrop-filter: blur(15px);'>Reconocimiento facial<\/div>\n<\/div>\n<div style='border: 1px solid rgba(150&comma; 150&comma; 150&comma; 0.4); border-radius: 8px; overflow: hidden;'><img style='width: 100%; height: auto; border: 1px solid rgba(150&comma;150&comma;150&comma;0.3); border-radius: 0;' src='https:\/\/www.supremainc.com\/en\/asset\/images\/01_product\/new_biostation3_2_2.jpg?v2' alt='Acceso m\u00f3vil'><\/p>\n<div style='padding: 15px; background: rgba(0&comma; 113&comma; 189&comma; 0.3); color: #ffffff; font-weight: bold; border-radius: 0 0 8px 8px; position: relative; bottom: 0; backdrop-filter: blur(15px);'>Acceso m\u00f3vil<\/div>\n<\/div>\n<div style='border: 1px solid rgba(150&comma; 150&comma; 150&comma; 0.4); border-radius: 8px; overflow: hidden;'><img style='width: 100%; height: auto; border: 1px solid rgba(150&comma;150&comma;150&comma;0.3); border-radius: 0;' src='https:\/\/www.supremainc.com\/en\/asset\/images\/01_product\/new_biostation3_2_3.jpg?v2' alt='QR y c\u00f3digo de barras'><\/p>\n<div style='padding: 15px; background: rgba(0&comma; 113&comma; 189&comma; 0.3); color: #ffffff; font-weight: bold; border-radius: 0 0 8px 8px; position: relative; bottom: 0; backdrop-filter: blur(15px);'>QR y c\u00f3digo de barras*<\/div>\n<\/div>\n<div style='border: 1px solid rgba(150&comma; 150&comma; 150&comma; 0.4); border-radius: 8px; overflow: hidden;'><img style='width: 100%; height: auto; border: 1px solid rgba(150&comma;150&comma;150&comma;0.3); border-radius: 0;' src='https:\/\/www.supremainc.com\/en\/asset\/images\/01_product\/new_biostation3_2_4.jpg?v2' alt='Tarjeta RFID'><\/p>\n<div style='padding: 15px; background: rgba(0&comma; 113&comma; 189&comma; 0.3); color: #ffffff; font-weight: bold; border-radius: 0 0 8px 8px; position: relative; bottom: 0; backdrop-filter: blur(15px);'>Tarjeta RFID<\/div>\n<\/div>\n<\/div>\n<div style='display: flex; flex-wrap: wrap; gap: 30px; margin-bottom: 30px;'>\n<div style='flex: 1 1 100%; min-width: 280px;'>\n<h3 style='font-size: 22px; border-bottom: 2px solid currentColor; padding-bottom: 5px; margin-top: 0; color: inherit; opacity: 0.8;'>Ahora incoporamos la Funcion TOM (Template on Mobile)<\/h3>\n<div style='position: relative; padding-bottom: 56.25%; height: 0; overflow: hidden; margin-bottom: 30px;'> <\/div>\n<\/div>\n<\/div>\n<div style='display: flex; flex-wrap: wrap; gap: 30px; margin-bottom: 30px;'>\n<div style='flex: 1 1 300px; min-width: 280px;'>\n<h3 style='font-size: 22px; border-bottom: 2px solid currentColor; padding-bottom: 5px; margin-top: 0; color: inherit; opacity: 0.8;'>IA r\u00e1pida e inteligente optimizada para el acceso con reconocimiento facial<\/h3>\n<p style='font-size: 15px; color: inherit;'>El algoritmo de IA optimizado por la NPU de BioStation 3 ofrece los m\u00e1s altos est\u00e1ndares en precisi\u00f3n y velocidad de reconocimiento facial.<\/p>\n<\/div>\n<div style='flex: 1 1 300px; min-width: 280px;'>\n<h3 style='font-size: 22px; border-bottom: 2px solid currentColor; padding-bottom: 5px; margin-top: 0; color: inherit; opacity: 0.8;'>Paso continuo sin interrupci\u00f3n<\/h3>\n<p style='font-size: 15px; color: inherit;'>Reconoce con preci\u00f3n y rapidez los rostros en movimiento en \u00e1reas de mucho tr\u00e1fico.<\/p>\n<\/div>\n<div style='flex: 1 1 300px; min-width: 280px;'>\n<h3 style='font-size: 22px; border-bottom: 2px solid currentColor; padding-bottom: 5px; margin-top: 0; color: inherit; opacity: 0.8;'>Compatible con variaciones faciales<\/h3>\n<\/div>\n<div style='flex: 1 1 300px; min-width: 280px;'>\n<h3 style='font-size: 22px; border-bottom: 2px solid currentColor; padding-bottom: 5px; margin-top: 0; color: inherit; opacity: 0.8;'>Protegido contra suplantaci\u00f3n facial<\/h3>\n<div style='margin-top: 15px; padding: 15px; border: 1px solid rgba(150&comma;150&comma;150&comma;0.3); border-radius: 8px; background: #0070bd; color: #ffffff;'><img style='width: 100%; height: auto; border: 1px solid rgba(150&comma;150&comma;150&comma;0.3); border-radius: 0;' src='https:\/\/www.supremainc.com\/en\/asset\/images\/01_product\/ico_biostation3_6.svg' alt='Protegido contra suplantaci\u00f3n facial'><\/div>\n<\/div>\n<\/div>\n<div style='display: flex; flex-wrap: wrap; gap: 30px; margin-bottom: 30px;'>\n<div style='flex: 1 1 100%; min-width: 280px;'>\n<h3 style='font-size: 22px; border-bottom: 2px solid currentColor; padding-bottom: 5px; margin-top: 0; color: inherit; opacity: 0.8;'>\u00bfQu\u00e9 es la &#8216;Plantilla facial en dispositivo m\u00f3vil&#8217;?<\/h3>\n<p style='font-size: 15px; color: inherit;'>El m\u00e9todo exclusivo de autenticaci\u00f3n de Suprema &#8216;Plantilla facial en dispositivo m\u00f3vil&#8217; permite a los usuarios inscribirse en un sistema de control de acceso y almacenar su perfil facial directamente en sus propios dispositivos m\u00f3viles. Esto proporciona a los usuarios un control total sobre su propia ID y su privacidad. Los datos biom\u00e9tricos de los usuarios no se almacenan en las bases de datos de la empresa.<\/p>\n<\/div>\n<\/div>\n<hr style='border: 0; border-top: 1px solid rgba(150&comma; 150&comma; 150&comma; 0.3); margin: 30px 0;'>\n<div style='display: flex; flex-wrap: wrap; gap: 20px; margin-bottom: 30px;'>\n<div style='flex: 1 1 100%; min-width: 280px;'>\n<h3 style='font-size: 22px; border-bottom: 2px solid currentColor; padding-bottom: 5px; margin-top: 0; color: inherit; opacity: 0.8;'>Especificaciones<\/h3>\n<\/div>\n<\/div>\n<div style='display: grid; grid-template-columns: repeat(auto-fill&comma; minmax(280px&comma; 1fr)); gap: 20px; margin-bottom: 30px;'>\n<div style='border: 1px solid rgba(150&comma; 150&comma; 150&comma; 0.4); border-radius: 8px; overflow: hidden; display: flex; flex-direction: column;'>\n<div style='padding: 15px; border-bottom: 1px solid rgba(150&comma; 150&comma; 150&comma; 0.2); font-weight: bold; font-size: 18px; color: inherit;'>Credencial<\/div>\n<div style='padding: 15px; color: inherit;'>\n<ul style='padding-left: 20px; margin: 0; font-size: 14px; list-style-type: disc;'>\n<li style='margin-bottom: 5px;'><strong>Opci\u00f3n de RF:<\/strong> 125kHz EM &#038; 13.56MHz MIFARE&comma; MIFARE Plus&comma; DESFire EV1\/EV2<sup>1)<\/sup>&comma; FeliCa<\/li>\n<li style='margin-bottom: 5px;'><strong>Rango de lectura de RF:<\/strong> EM\/MIFARE: 30 mm&comma; DESFire: 25 mm&comma; FeliCa: 15 mm<\/li>\n<li style='margin-bottom: 5px;'><strong>Tarjeta m\u00f3vil:<\/strong> NFC&comma; BLE<\/li>\n<li style='margin-bottom: 5px;'><strong>QR\/C\u00f3digo de barras:<\/strong> Soportado<sup>3)<\/sup><\/li>\n<li style='margin-bottom: 5px;'><strong>Biom\u00e9trico:<\/strong> Rostro<\/li>\n<\/ul>\n<\/div>\n<\/div>\n<div style='border: 1px solid rgba(150&comma; 150&comma; 150&comma; 0.4); border-radius: 8px; overflow: hidden; display: flex; flex-direction: column;'>\n<div style='padding: 15px; border-bottom: 1px solid rgba(150&comma; 150&comma; 150&comma; 0.2); font-weight: bold; font-size: 18px; color: inherit;'>Protecciones<\/div>\n<div style='padding: 15px; color: inherit;'>\n<ul style='padding-left: 20px; margin: 0; font-size: 14px; list-style-type: disc;'>\n<li style='margin-bottom: 5px;'><strong>Grado de protecci\u00f3n:<\/strong> IP65<\/li>\n<li style='margin-bottom: 5px;'><strong>A prueba de vandalismo:<\/strong> IK06<\/li>\n<\/ul>\n<\/div>\n<\/div>\n<div style='border: 1px solid rgba(150&comma; 150&comma; 150&comma; 0.4); border-radius: 8px; overflow: hidden; display: flex; flex-direction: column;'>\n<div style='padding: 15px; border-bottom: 1px solid rgba(150&comma; 150&comma; 150&comma; 0.2); font-weight: bold; font-size: 18px; color: inherit;'>Capacidad<\/div>\n<div style='padding: 15px; color: inherit;'>\n<ul style='padding-left: 20px; margin: 0; font-size: 14px; list-style-type: disc;'>\n<li style='margin-bottom: 5px;'><strong>M\u00e1x. Usuarios:<\/strong> 100&comma;000<\/li>\n<li style='margin-bottom: 5px;'><strong>Credenciales M\u00e1ximas. (1:N):<\/strong> 50&comma;000<\/li>\n<li style='margin-bottom: 5px;'><strong>Credenciales M\u00e1ximas. (1:1):<\/strong> 100&comma;000<\/li>\n<li style='margin-bottom: 5px;'><strong>Registro de texto:<\/strong> 5&comma;000&comma;000<\/li>\n<li style='margin-bottom: 5px;'><strong>Registro de im\u00e1genes:<\/strong> 50&comma;000<\/li>\n<\/ul>\n<\/div>\n<\/div>\n<div style='border: 1px solid rgba(150&comma; 150&comma; 150&comma; 0.4); border-radius: 8px; overflow: hidden; display: flex; flex-direction: column;'>\n<div style='padding: 15px; border-bottom: 1px solid rgba(150&comma; 150&comma; 150&comma; 0.2); font-weight: bold; font-size: 18px; color: inherit;'>Rostro<\/div>\n<div style='padding: 15px; color: inherit;'>\n<ul style='padding-left: 20px; margin: 0; font-size: 14px; list-style-type: disc;'>\n<li style='margin-bottom: 5px;'><strong>Distancia de reconocimiento:<\/strong> 0.6 ~ 1.0 m<\/li>\n<li style='margin-bottom: 5px;'><strong>Altura de reconocimiento:<\/strong> 1.4 ~ 1.9 m<\/li>\n<li style='margin-bottom: 5px;'><strong>Velocidad de autenticaci\u00f3n:<\/strong> 0.3 seg<\/li>\n<li style='margin-bottom: 5px;'><strong>Identificaci\u00f3n facial en vivo:<\/strong> Soportado<\/li>\n<\/ul>\n<\/div>\n<\/div>\n<div style='border: 1px solid rgba(150&comma; 150&comma; 150&comma; 0.4); border-radius: 8px; overflow: hidden; display: flex; flex-direction: column;'>\n<div style='padding: 15px; border-bottom: 1px solid rgba(150&comma; 150&comma; 150&comma; 0.2); font-weight: bold; font-size: 18px; color: inherit;'>General<\/div>\n<div style='padding: 15px; color: inherit;'>\n<ul style='padding-left: 20px; margin: 0; font-size: 14px; list-style-type: disc;'>\n<li style='margin-bottom: 5px;'><strong>CPU:<\/strong> 1.8GHz Dual Core<\/li>\n<li style='margin-bottom: 5px;'><strong>Memoria:<\/strong> 2GB RAM \/ 8GB Flash<\/li>\n<li style='margin-bottom: 5px;'><strong>Chip Criptogr\u00e1fico:<\/strong> Soportado<\/li>\n<li style='margin-bottom: 5px;'><strong>Tipo de LCD:<\/strong> Capacitivo<\/li>\n<li style='margin-bottom: 5px;'><strong>Resoluci\u00f3n LCD:<\/strong> 480 x 800<\/li>\n<li style='margin-bottom: 5px;'><strong>C\u00e1mara:<\/strong> Doble c\u00e1mara 2MP<\/li>\n<li style='margin-bottom: 5px;'><strong>Sonido:<\/strong> Altavoz<\/li>\n<li style='margin-bottom: 5px;'><strong>Temperatura de funcionamiento:<\/strong> -20\u00b0C ~ +50\u00b0C<\/li>\n<li style='margin-bottom: 5px;'><strong>Humedad de funcionamiento:<\/strong> 0% ~ 90% HR<\/li>\n<li style='margin-bottom: 5px;'><strong>Peso:<\/strong> 1.3kg<\/li>\n<li style='margin-bottom: 5px;'><strong>Dimensiones:<\/strong> 130 x 240 x 35mm<\/li>\n<li style='margin-bottom: 5px;'><strong>Seguridad:<\/strong> AES 256<\/li>\n<li style='margin-bottom: 5px;'><strong>Certificaciones:<\/strong> FCC&comma; CE&comma; KC&comma; UL&comma; RoHS<\/li>\n<\/ul>\n<\/div>\n<\/div>\n<div style='border: 1px solid rgba(150&comma; 150&comma; 150&comma; 0.4); border-radius: 8px; overflow: hidden; display: flex; flex-direction: column;'>\n<div style='padding: 15px; border-bottom: 1px solid rgba(150&comma; 150&comma; 150&comma; 0.2); font-weight: bold; font-size: 18px; color: inherit;'>Interfaz<\/div>\n<div style='padding: 15px; color: inherit;'>\n<ul style='padding-left: 20px; margin: 0; font-size: 14px; list-style-type: disc;'>\n<li style='margin-bottom: 5px;'><strong>Wifi:<\/strong> 802.11 a\/b\/g\/n\/ac<\/li>\n<li style='margin-bottom: 5px;'><strong>Ethernet:<\/strong> 10\/100Mbps<\/li>\n<li style='margin-bottom: 5px;'><strong>RS-485:<\/strong> Soportado<\/li>\n<li style='margin-bottom: 5px;'><strong>Wiegand:<\/strong> Soportado<\/li>\n<li style='margin-bottom: 5px;'><strong>Entrada TTL:<\/strong> Soportado<\/li>\n<li style='margin-bottom: 5px;'><strong>Rel\u00e9:<\/strong> 1 x salida<\/li>\n<li style='margin-bottom: 5px;'><strong>USB:<\/strong> 1 x USB 2.0<\/li>\n<li style='margin-bottom: 5px;'><strong>USB Extendido:<\/strong> 1 x USB 2.0<\/li>\n<li style='margin-bottom: 5px;'><strong>PoE:<\/strong> 802.3af<\/li>\n<li style='margin-bottom: 5px;'><strong>Intercomunicador:<\/strong> Soportado<\/li>\n<\/ul>\n<\/div>\n<\/div>\n<div style='border: 1px solid rgba(150&comma; 150&comma; 150&comma; 0.4); border-radius: 8px; overflow: hidden; display: flex; flex-direction: column;'>\n<div style='padding: 15px; border-bottom: 1px solid rgba(150&comma; 150&comma; 150&comma; 0.2); font-weight: bold; font-size: 18px; color: inherit;'>Electricidad<\/div>\n<div style='padding: 15px; color: inherit;'>\n<ul style='padding-left: 20px; margin: 0; font-size: 14px; list-style-type: disc;'>\n<li style='margin-bottom: 5px;'><strong>Corriente:<\/strong> 12V DC \/ 3A<\/li>\n<\/ul>\n<\/div>\n<\/div>\n<\/div>\n<\/div>\n","protected":false},"excerpt":{"rendered":"<p>BIO STATION 3 Lector Facial Multitecnologias  uso con BIOSTAR2 \/  SOPORTA RFID(125KHZ EM &#038; 13.56MHZ MIFARE), Uso para Control de Acceso y Asistencia<\/p>\n","protected":false},"featured_media":23462,"comment_status":"open","ping_status":"closed","template":"","meta":[],"product_brand":[],"product_cat":[743],"product_tag":[744,745,798],"class_list":{"0":"post-23463","1":"product","2":"type-product","3":"status-publish","4":"has-post-thumbnail","6":"product_cat-para-tiempo-y-asistencia-checadores","7":"product_tag-biometricos","8":"product_tag-para-tiempo-y-asistencia-checadores","9":"product_tag-suprema","11":"first","12":"instock","13":"sale","14":"shipping-taxable","15":"purchasable","16":"product-type-simple"},"_links":{"self":[{"href":"https:\/\/soydeaqui.ddns.net\/pachuca\/index.php\/wp-json\/wp\/v2\/product\/23463","targetHints":{"allow":["GET"]}}],"collection":[{"href":"https:\/\/soydeaqui.ddns.net\/pachuca\/index.php\/wp-json\/wp\/v2\/product"}],"about":[{"href":"https:\/\/soydeaqui.ddns.net\/pachuca\/index.php\/wp-json\/wp\/v2\/types\/product"}],"replies":[{"embeddable":true,"href":"https:\/\/soydeaqui.ddns.net\/pachuca\/index.php\/wp-json\/wp\/v2\/comments?post=23463"}],"wp:featuredmedia":[{"embeddable":true,"href":"https:\/\/soydeaqui.ddns.net\/pachuca\/index.php\/wp-json\/wp\/v2\/media\/23462"}],"wp:attachment":[{"href":"https:\/\/soydeaqui.ddns.net\/pachuca\/index.php\/wp-json\/wp\/v2\/media?parent=23463"}],"wp:term":[{"taxonomy":"product_brand","embeddable":true,"href":"https:\/\/soydeaqui.ddns.net\/pachuca\/index.php\/wp-json\/wp\/v2\/product_brand?post=23463"},{"taxonomy":"product_cat","embeddable":true,"href":"https:\/\/soydeaqui.ddns.net\/pachuca\/index.php\/wp-json\/wp\/v2\/product_cat?post=23463"},{"taxonomy":"product_tag","embeddable":true,"href":"https:\/\/soydeaqui.ddns.net\/pachuca\/index.php\/wp-json\/wp\/v2\/product_tag?post=23463"}],"curies":[{"name":"wp","href":"https:\/\/api.w.org\/{rel}","templated":true}]}}