{"id":23364,"date":"2026-03-18T11:14:28","date_gmt":"2026-03-18T11:14:28","guid":{"rendered":"https:\/\/soydeaqui.ddns.net\/pachuca\/index.php\/producto\/frente-de-calle-ip-2-megapixel-1080p-multiapartamento-pantalla-10-1-touch-screen-reconocimiento-facial-android-ip65-ik07-soporta-modulo-de-botones-y-huella-por-separado\/"},"modified":"2026-03-18T11:14:33","modified_gmt":"2026-03-18T11:14:33","slug":"frente-de-calle-ip-2-megapixel-1080p-multiapartamento-pantalla-10-1-touch-screen-reconocimiento-facial-android-ip65-ik07-soporta-modulo-de-botones-y-huella-por-separado","status":"publish","type":"product","link":"https:\/\/soydeaqui.ddns.net\/pachuca\/index.php\/producto\/frente-de-calle-ip-2-megapixel-1080p-multiapartamento-pantalla-10-1-touch-screen-reconocimiento-facial-android-ip65-ik07-soporta-modulo-de-botones-y-huella-por-separado\/","title":{"rendered":"Frente de Calle IP 2 Megapixel (1080p) \/ Multiapartamento \/ Pantalla 10.1&#8243; Touch Screen \/ Reconocimiento Facial \/ Android \/ IP65 \/ IK07 \/ Soporta Modulo de Botones y Huella (por Separado)"},"content":{"rendered":"<div style='width: 100%; max-width: 1200px; margin: 0 auto; font-family: sans-serif; line-height: 1.6; color: inherit; background-color: transparent;'> <!-- Imagen principal --> <\/p>\n<div style='width: 100%; margin-bottom: 30px;'> <img style='width: 100%; height: auto; border: 1px solid rgba(150&comma;150&comma;150&comma;0.3); border-radius: 8px;' src='https:\/\/ftp3.syscom.mx\/usuarios\/nicolas.jimenez\/NUEVOS-VIDEOPORTEROS-2%20%282%29.jpg' alt='Frente de Calle HIKVISION DSKD9633WBE6'> <\/div>\n<p> <!-- Video de YouTube --> <\/p>\n<div style='position: relative; padding-bottom: 56.25%; height: 0; overflow: hidden; margin-bottom: 30px;'>   <\/div>\n<p> <!-- Secci\u00f3n de caracter\u00edsticas principales --> <\/p>\n<div style='display: flex; flex-wrap: wrap; gap: 30px; margin-bottom: 30px;'>\n<div style='flex: 1 1 300px; min-width: 280px;'>\n<h3 style='font-size: 22px; border-bottom: 2px solid currentColor; padding-bottom: 5px; margin-top: 0; color: inherit; opacity: 0.8;'>Caracter\u00edsticas principales<\/h3>\n<ul style='padding-left: 20px; font-size: 15px; color: inherit;'>\n<li style='margin-bottom: 5px;'>Pantalla t\u00e1ctil IPS curva 2.5D de 10&comma;1 pulgadas<\/li>\n<li style='margin-bottom: 5px;'>M\u00faltiples formas de autenticaci\u00f3n<\/li>\n<li style='margin-bottom: 5px;'>Distancia de Reconocimiento 0.3 a 2 m<\/li>\n<li style='margin-bottom: 5px;'>Subm\u00f3dulo opcional <a style='color: inherit; text-decoration: underline;' href='https:\/\/www.syscom.mx\/principal\/searchcont?route=DS-KDM9633-FKP-HIKVISION-214748&#038;autodetect=DS-KDM9633-FKP' target='_blank'>DS-KDM9633-FKP<\/a> \/ <a style='color: inherit; text-decoration: underline;' href='https:\/\/www.syscom.mx\/principal\/searchcont?route=DS-KDM9633-KP-HIKVISION-214746&#038;autodetect=DS-KDM9633-FKP' target='_blank'>DS-KDM9633-KP<\/a><\/li>\n<li style='margin-bottom: 5px;'>Soporta hasta 10&comma;000 rostros<\/li>\n<li style='margin-bottom: 5px;'>Capacidad de usuarios 20&comma;000<\/li>\n<li style='margin-bottom: 5px;'>Soporta hasta 10&comma;000 tarjetas (Mifare)<\/li>\n<li style='margin-bottom: 5px;'>Reconocimiento con cubrebocas<\/li>\n<li style='margin-bottom: 5px; font-weight: bold;'>Unicamente funciona con app Hikconnect Teams&comma; no es posible a\u00f1adir monitores<\/li>\n<\/ul><\/div>\n<p> <!-- Caracter\u00edsticas F\u00edsicas y El\u00e9ctricas --> <\/p>\n<div style='flex: 1 1 300px; min-width: 280px;'>\n<h3 style='font-size: 22px; border-bottom: 2px solid currentColor; padding-bottom: 5px; margin-top: 0; color: inherit; opacity: 0.8;'>Caracter\u00edsticas F\u00edsicas y El\u00e9ctricas<\/h3>\n<ul style='padding-left: 20px; font-size: 15px; color: inherit;'>\n<li style='margin-bottom: 5px;'><strong>Alimentaci\u00f3n:<\/strong> 12 Vcc \/ 2 Amp \/ 24 W. (No incluido)<\/li>\n<li style='margin-bottom: 5px;'><strong>Aplicaci\u00f3n:<\/strong> Interior \/ Exterior protegido (IP65 \/ IK07)<\/li>\n<li style='margin-bottom: 5px;'><strong>Temperatura:<\/strong> -30 \u00b0C a 60 \u00b0C (-22 \u00b0F a 140 \u00b0F)<\/li>\n<li style='margin-bottom: 5px;'><strong>Dimensiones:<\/strong> 271 mm \u00d7 159.2 mm \u00d7 26.5 mm (10.7&#8242; \u00d7 6.3&#8242; \u00d71&#8242;)<\/li>\n<\/ul>\n<h4 style='font-size: 18px; margin-top: 20px; margin-bottom: 10px; color: inherit; opacity: 0.8;'>Interfaces<\/h4>\n<ul style='padding-left: 20px; font-size: 15px; color: inherit;'>\n<li style='margin-bottom: 5px;'>1x Cerradura El\u00e9ctrica (puede crecer a 2 con DS-K2M061)<\/li>\n<li style='margin-bottom: 5px;'>1x RJ45<\/li>\n<li style='margin-bottom: 5px;'>1x Puerto RS-485 (1 para lector esclavo y otro para DS-K2M061)<\/li>\n<li style='margin-bottom: 5px;'>2x Botones de salida (uno para puerta y otro para DS-K2M061)<\/li>\n<li style='margin-bottom: 5px;'>2x Entradas de sensor de puerta<\/li>\n<\/ul><\/div>\n<\/p><\/div>\n<p> <!-- Secci\u00f3n de administraci\u00f3n en la nube --> <\/p>\n<div style='margin-bottom: 30px;'>\n<div style='border-left: 5px solid #0091ff; border-radius: 8px; padding: 15px; background-color: rgba(0&comma; 145&comma; 255&comma; 0.05);'>\n<h3 style='font-size: 22px; margin-top: 0; margin-bottom: 15px; color: inherit; opacity: 0.8;'>Administrado en la Nube con HikConnect Teams<\/h3>\n<p style='margin-bottom: 15px;'>En conjunto con la plataforma de HikConnect Teams (HCT) permite la administraci\u00f3n de fraccionamientos&comma; edificios multiapartamento etc con los siguientes alcances:<\/p>\n<ul style='padding-left: 20px; font-size: 15px; color: inherit;'>\n<li style='margin-bottom: 5px;'>Residentes pueden recibir llamada de videoportero en App HCT<\/li>\n<li style='margin-bottom: 5px;'>Residentes pueden crear c\u00f3digos QR para visitantes desde la App HCT<\/li>\n<li style='margin-bottom: 5px;'>Residentes pueden abrir puerta remotamente desde la App&comma; o con su Rostro&comma; Huella&comma; QR o PIN directo en el frente de calle<\/li>\n<li style='margin-bottom: 5px;'>Residentes pueden revisar llamadas perdidas y registros de sus visitas<\/li>\n<\/ul>\n<p style='margin-top: 15px; color: #c0392b; font-size: 14px;'>*Requiere licencia HCT-INTERCOM-1HAB-1A por cada departamento\/casa (solo modalidad anual)<\/p>\n<\/p><\/div>\n<\/p><\/div>\n<p> <!-- Im\u00e1genes adicionales --> <\/p>\n<div style='display: flex; flex-wrap: wrap; gap: 20px; margin-bottom: 30px;'>\n<div style='flex: 1 1 300px; min-width: 280px;'> <img style='width: 100%; height: auto; border: 1px solid rgba(150&comma;150&comma;150&comma;0.3); border-radius: 8px;' src='https:\/\/downloads.intercomcdn.com\/i\/o\/653598303\/98075b3d208f4db23a8113d6\/ezgif.com-gif-maker+%282%29.gif' alt='Operaciones desde la App'> <\/div>\n<div style='flex: 1 1 300px; min-width: 280px;'> <img style='width: 100%; height: auto; border: 1px solid rgba(150&comma;150&comma;150&comma;0.3); border-radius: 8px;' src='https:\/\/downloads.intercomcdn.com\/i\/o\/653598173\/b15df74d9538fef1fda4e920\/ezgif.com-gif-maker+%281%29.gif' alt='Monitoreo desde App'> <\/div>\n<\/p><\/div>\n<p> <!-- Imagen de monitoreo en tiempo real --> <\/p>\n<div style='width: 100%; margin-bottom: 30px;'>\n<p style='text-align: center; font-size: 14px; margin-bottom: 15px; color: inherit; opacity: 0.8;'>*As\u00ed se ven algunas operaciones que puede hacer el residente desde la App.<\/p>\n<p> <img style='width: 100%; height: auto; border: 1px solid rgba(150&comma;150&comma;150&comma;0.3); border-radius: 8px;' src='https:\/\/downloads.intercomcdn.com\/i\/o\/653557793\/0a82a3ae27e208b8c5a9bb9f\/ezgif.com-gif-maker.gif' alt='Monitoreo en tiempo real'> <\/p>\n<p style='text-align: center; margin-top: 10px; font-size: 14px; color: inherit; opacity: 0.8;'>*As\u00ed se ve el monitoreo en tiempo real&comma; con video en vivo (c\u00e1mara del biometrico facial) y eventos con los datos de la persona<\/p>\n<\/p><\/div>\n<\/p><\/div>\n","protected":false},"excerpt":{"rendered":"<p>Frente de Calle IP 2 Megapixel (1080p) \/ Multiapartamento \/ Pantalla 10.1&#8243; Touch Screen \/ Reconocimiento Facial \/ Android \/ IP65 \/ IK07 \/ Soporta Modulo de Botones y Huella (por Separado)<\/p>\n","protected":false},"featured_media":23363,"comment_status":"open","ping_status":"closed","template":"","meta":[],"product_brand":[],"product_cat":[916],"product_tag":[54,908,557],"class_list":{"0":"post-23364","1":"product","2":"type-product","3":"status-publish","4":"has-post-thumbnail","6":"product_cat-interfones-videoporteros-e-interfonos","7":"product_tag-hikvision","8":"product_tag-interfones","9":"product_tag-videoporteros-e-interfonos","11":"first","12":"instock","13":"sale","14":"shipping-taxable","15":"purchasable","16":"product-type-simple"},"_links":{"self":[{"href":"https:\/\/soydeaqui.ddns.net\/pachuca\/index.php\/wp-json\/wp\/v2\/product\/23364","targetHints":{"allow":["GET"]}}],"collection":[{"href":"https:\/\/soydeaqui.ddns.net\/pachuca\/index.php\/wp-json\/wp\/v2\/product"}],"about":[{"href":"https:\/\/soydeaqui.ddns.net\/pachuca\/index.php\/wp-json\/wp\/v2\/types\/product"}],"replies":[{"embeddable":true,"href":"https:\/\/soydeaqui.ddns.net\/pachuca\/index.php\/wp-json\/wp\/v2\/comments?post=23364"}],"wp:featuredmedia":[{"embeddable":true,"href":"https:\/\/soydeaqui.ddns.net\/pachuca\/index.php\/wp-json\/wp\/v2\/media\/23363"}],"wp:attachment":[{"href":"https:\/\/soydeaqui.ddns.net\/pachuca\/index.php\/wp-json\/wp\/v2\/media?parent=23364"}],"wp:term":[{"taxonomy":"product_brand","embeddable":true,"href":"https:\/\/soydeaqui.ddns.net\/pachuca\/index.php\/wp-json\/wp\/v2\/product_brand?post=23364"},{"taxonomy":"product_cat","embeddable":true,"href":"https:\/\/soydeaqui.ddns.net\/pachuca\/index.php\/wp-json\/wp\/v2\/product_cat?post=23364"},{"taxonomy":"product_tag","embeddable":true,"href":"https:\/\/soydeaqui.ddns.net\/pachuca\/index.php\/wp-json\/wp\/v2\/product_tag?post=23364"}],"curies":[{"name":"wp","href":"https:\/\/api.w.org\/{rel}","templated":true}]}}