{"id":23362,"date":"2026-03-18T11:14:27","date_gmt":"2026-03-18T11:14:27","guid":{"rendered":"https:\/\/soydeaqui.ddns.net\/pachuca\/index.php\/producto\/cierrapuertas-de-uso-rudo-con-certificacion-ada-y-ul\/"},"modified":"2026-03-18T11:14:27","modified_gmt":"2026-03-18T11:14:27","slug":"cierrapuertas-de-uso-rudo-con-certificacion-ada-y-ul","status":"publish","type":"product","link":"https:\/\/soydeaqui.ddns.net\/pachuca\/index.php\/producto\/cierrapuertas-de-uso-rudo-con-certificacion-ada-y-ul\/","title":{"rendered":"Cierrapuertas de Uso Rudo, con certificaci\u00f3n ADA y UL"},"content":{"rendered":"<div style='width: 100%; max-width: 1200px; margin: 0 auto; font-family: sans-serif; line-height: 1.6; color: inherit; background-color: transparent;'> <!-- Secci\u00f3n de descripci\u00f3n general --> <\/p>\n<div style='margin-bottom: 30px;'>\n<h2 style='font-size: 24px; margin-top: 0; margin-bottom: 10px; color: inherit;'>Cierra puertas serie 1100<\/h2>\n<p style='font-size: 15px; color: inherit; margin-bottom: 15px;'><span style='color: #2880b9; font-size: 15px;'>La serie industrial de cierra puertas de Yale\u00ae son ideales para una amplia variedad de aplicaciones comerciales donde el f\u00e1cil uso e instalaci\u00f3n son requeridos con un excelente costo.<\/span><\/p>\n<\/p><\/div>\n<p> <!-- Secci\u00f3n de caracter\u00edsticas principales --> <\/p>\n<div style='display: flex; flex-wrap: wrap; gap: 30px; margin-bottom: 30px;'>\n<div style='flex: 1 1 300px; min-width: 280px;'>\n<h3 style='font-size: 22px; border-bottom: 2px solid currentColor; padding-bottom: 5px; margin-top: 0; color: inherit; opacity: 0.8;'>Caracter\u00edsticas<\/h3>\n<ul style='padding-left: 20px; font-size: 15px; color: inherit;'>\n<li style='margin-bottom: 5px;'>Material de fabricaci\u00f3n: Cuerpo de Aluminio<\/li>\n<li style='margin-bottom: 5px;'>Mecanismo: Mecanismo hidr\u00e1ulico de suave operaci\u00f3n y excelente funcionamiento<\/li>\n<li style='margin-bottom: 5px;'>Con cubierta de protecci\u00f3n<\/li>\n<\/ul><\/div>\n<p> <!-- Secci\u00f3n de caracter\u00edsticas adicionales --> <\/p>\n<div style='flex: 1 1 300px; min-width: 280px;'>\n<h3 style='font-size: 22px; border-bottom: 2px solid currentColor; padding-bottom: 5px; margin-top: 0; color: inherit; opacity: 0.8;'>Caracter\u00edsticas adicionales<\/h3>\n<ul style='padding-left: 20px; font-size: 15px; color: inherit;'>\n<li style='margin-bottom: 5px;'>F\u00e1cil instalaci\u00f3n: sobreponer<\/li>\n<li style='margin-bottom: 5px;'>Aplicable a puertas corta fuego<\/li>\n<li style='margin-bottom: 5px;'>Reversibles<\/li>\n<li style='margin-bottom: 5px;'>BA auto-ajustable presi\u00f3n 1-6 (15-150kg) o 1-4 (15-85kg) dispositivo de retenci\u00f3n&comma; acci\u00f3n retardada y brazo de retenci\u00f3n son opcionales<\/li>\n<li style='margin-bottom: 5px;'>Aplicaciones: Instalaci\u00f3n normal&comma; instalaci\u00f3n invertida y instalaci\u00f3n normal reversa<\/li>\n<li style='margin-bottom: 5px;'>Resistencia al fuego&comma; auto-ajustable<\/li>\n<li style='margin-bottom: 5px;'>Presi\u00f3n 1-4 conforme a la certificaci\u00f3n ADA<\/li>\n<li style='margin-bottom: 5px;'>Componentes: Brazos mec\u00e1nicos retr\u00e1ctiles de excelente desempe\u00f1o con posibilidad de ajustarse a los grados de apertura deseable (90\u00b0 a 180\u00b0)<\/li>\n<\/ul><\/div>\n<\/p><\/div>\n<p> <!-- Secci\u00f3n de certificaciones --> <\/p>\n<div style='margin-bottom: 30px;'>\n<h3 style='font-size: 22px; border-bottom: 2px solid currentColor; padding-bottom: 5px; margin-top: 0; color: inherit; opacity: 0.8;'>Certificaciones<\/h3>\n<ul style='padding-left: 20px; font-size: 15px; color: inherit;'>\n<li style='margin-bottom: 5px;'>ANSI\/BHMA A156.4&comma; Grade1 certified<\/li>\n<li style='margin-bottom: 5px;'>UL listed<\/li>\n<li style='margin-bottom: 5px;'>ADA compliant (BF-4)<\/li>\n<\/ul><\/div>\n<p> <!-- Separador --> <\/p>\n<hr style='border: 0; border-top: 1px solid rgba(150&comma; 150&comma; 150&comma; 0.3); margin: 30px 0;'> <!-- Secci\u00f3n de video --> <\/p>\n<div style='margin-bottom: 30px;'>\n<h3 style='font-size: 22px; border-bottom: 2px solid currentColor; padding-bottom: 5px; margin-top: 0; color: inherit; opacity: 0.8;'>V\u00eddeo<\/h3>\n<p style='margin-bottom: 15px;'><a href='https:\/\/www.youtube.com\/watch?v=4lj1OhQP3Xc' target='_blank' rel='noopener' style='color: #2880b9; text-decoration: none; font-weight: normal; font-size: 15px;'>Como Instalar un Cierrapuertas:<\/a><\/p>\n<div style='position: relative; padding-bottom: 56.25%; height: 0; overflow: hidden; margin-bottom: 30px;'>   <\/div>\n<\/p><\/div>\n<\/p><\/div>\n","protected":false},"excerpt":{"rendered":"<p>Cierrapuertas de Uso Rudo, con certificaci\u00f3n ADA y UL<\/p>\n","protected":false},"featured_media":32,"comment_status":"open","ping_status":"closed","template":"","meta":[],"product_brand":[],"product_cat":[815],"product_tag":[93,218,816],"class_list":{"0":"post-23362","1":"product","2":"type-product","3":"status-publish","4":"has-post-thumbnail","6":"product_cat-cierrapuertas","7":"product_tag-accesorios","8":"product_tag-assa-abloy","9":"product_tag-cierrapuertas","11":"first","12":"outofstock","13":"sale","14":"shipping-taxable","15":"purchasable","16":"product-type-simple"},"_links":{"self":[{"href":"https:\/\/soydeaqui.ddns.net\/pachuca\/index.php\/wp-json\/wp\/v2\/product\/23362","targetHints":{"allow":["GET"]}}],"collection":[{"href":"https:\/\/soydeaqui.ddns.net\/pachuca\/index.php\/wp-json\/wp\/v2\/product"}],"about":[{"href":"https:\/\/soydeaqui.ddns.net\/pachuca\/index.php\/wp-json\/wp\/v2\/types\/product"}],"replies":[{"embeddable":true,"href":"https:\/\/soydeaqui.ddns.net\/pachuca\/index.php\/wp-json\/wp\/v2\/comments?post=23362"}],"wp:featuredmedia":[{"embeddable":true,"href":"https:\/\/soydeaqui.ddns.net\/pachuca\/index.php\/wp-json\/wp\/v2\/media\/32"}],"wp:attachment":[{"href":"https:\/\/soydeaqui.ddns.net\/pachuca\/index.php\/wp-json\/wp\/v2\/media?parent=23362"}],"wp:term":[{"taxonomy":"product_brand","embeddable":true,"href":"https:\/\/soydeaqui.ddns.net\/pachuca\/index.php\/wp-json\/wp\/v2\/product_brand?post=23362"},{"taxonomy":"product_cat","embeddable":true,"href":"https:\/\/soydeaqui.ddns.net\/pachuca\/index.php\/wp-json\/wp\/v2\/product_cat?post=23362"},{"taxonomy":"product_tag","embeddable":true,"href":"https:\/\/soydeaqui.ddns.net\/pachuca\/index.php\/wp-json\/wp\/v2\/product_tag?post=23362"}],"curies":[{"name":"wp","href":"https:\/\/api.w.org\/{rel}","templated":true}]}}