{"id":23310,"date":"2026-03-18T11:13:25","date_gmt":"2026-03-18T11:13:25","guid":{"rendered":"https:\/\/soydeaqui.ddns.net\/pachuca\/index.php\/producto\/licencia-para-zkbio-cvsecurity-para-1-cuenta-de-acceso-mediante-aplicacion-movil\/"},"modified":"2026-03-18T11:13:26","modified_gmt":"2026-03-18T11:13:26","slug":"licencia-para-zkbio-cvsecurity-para-1-cuenta-de-acceso-mediante-aplicacion-movil","status":"publish","type":"product","link":"https:\/\/soydeaqui.ddns.net\/pachuca\/index.php\/producto\/licencia-para-zkbio-cvsecurity-para-1-cuenta-de-acceso-mediante-aplicacion-movil\/","title":{"rendered":"Licencia para ZKBio CVsecurity para 1 cuenta de acceso mediante aplicaci\u00f3n m\u00f3vil"},"content":{"rendered":"<div style='width: 100%; max-width: 1200px; margin: 0 auto; font-family: sans-serif; line-height: 1.6; color: inherit; background-color: transparent;'>\n<div style='display: flex; flex-wrap: wrap; gap: 30px; margin-bottom: 30px;'>\n<div style='flex: 1 1 300px; min-width: 280px;'>\n<h3 style='font-size: 22px; border-bottom: 2px solid currentColor; padding-bottom: 5px; margin-top: 0; color: inherit; opacity: 0.8;'>Caracter\u00edsticas principales<\/h3>\n<ul style='padding-left: 20px; font-size: 15px; color: inherit;'>\n<li style='margin-bottom: 5px;'>Licencia de software ZKBio CVsecurity<\/li>\n<li style='margin-bottom: 5px;'>Permite administrar 1 cuenta para aplicaci\u00f3n m\u00f3vil v\u00eda celular<\/li>\n<li style='margin-bottom: 5px;'>Permite ingresar al software y hacer funciones b\u00e1sicas de programaci\u00f3n del software<\/li>\n<\/ul><\/div>\n<div style='flex: 1 1 300px; min-width: 280px;'>\n<h3 style='font-size: 22px; border-bottom: 2px solid currentColor; padding-bottom: 5px; margin-top: 0; color: inherit; opacity: 0.8;'>Compatibilidad<\/h3>\n<ul style='padding-left: 20px; font-size: 15px; color: inherit;'>\n<li style='margin-bottom: 5px;'><strong>Es necesario adquirir el software por separado.<\/strong><\/li>\n<\/ul><\/div>\n<div style='flex: 1 1 300px; min-width: 280px;'>\n<h3 style='font-size: 22px; border-bottom: 2px solid currentColor; padding-bottom: 5px; margin-top: 0; color: inherit; opacity: 0.8;'>NOTAS<\/h3>\n<ul style='padding-left: 20px; font-size: 15px; color: inherit;'>\n<li style='margin-bottom: 5px;'>Solo permite administrar el <strong>M\u00f3dulo de Control de Acceso<\/strong>:<\/li>\n<ul style='padding-left: 20px; margin-top: 5px; margin-bottom: 5px; color: inherit;'>\n<li style='margin-bottom: 3px;'>Puertas<\/li>\n<li style='margin-bottom: 3px;'>Alarmas<\/li>\n<li style='margin-bottom: 3px;'>Personal<\/li>\n<li style='margin-bottom: 3px;'>Monitoreo en tiempo real<\/li>\n<li style='margin-bottom: 3px;'>Reportes<\/li>\n<\/ul>\n<\/ul><\/div>\n<\/p><\/div>\n<hr style='border: 0; border-top: 1px solid rgba(150&comma; 150&comma; 150&comma; 0.3); margin: 30px 0;'> <\/div>\n","protected":false},"excerpt":{"rendered":"<p>Licencia para ZKBio CVsecurity para 1 cuenta de acceso mediante aplicaci\u00f3n m\u00f3vil<\/p>\n","protected":false},"featured_media":32,"comment_status":"open","ping_status":"closed","template":"","meta":[],"product_brand":[],"product_cat":[791],"product_tag":[793,792,844],"class_list":{"0":"post-23310","1":"product","2":"type-product","3":"status-publish","4":"has-post-thumbnail","6":"product_cat-control-de-acceso-software-de-asistencia","7":"product_tag-control-de-acceso","8":"product_tag-software-de-asistencia","9":"product_tag-zkteco","11":"first","12":"outofstock","13":"sale","14":"shipping-taxable","15":"purchasable","16":"product-type-simple"},"_links":{"self":[{"href":"https:\/\/soydeaqui.ddns.net\/pachuca\/index.php\/wp-json\/wp\/v2\/product\/23310","targetHints":{"allow":["GET"]}}],"collection":[{"href":"https:\/\/soydeaqui.ddns.net\/pachuca\/index.php\/wp-json\/wp\/v2\/product"}],"about":[{"href":"https:\/\/soydeaqui.ddns.net\/pachuca\/index.php\/wp-json\/wp\/v2\/types\/product"}],"replies":[{"embeddable":true,"href":"https:\/\/soydeaqui.ddns.net\/pachuca\/index.php\/wp-json\/wp\/v2\/comments?post=23310"}],"wp:featuredmedia":[{"embeddable":true,"href":"https:\/\/soydeaqui.ddns.net\/pachuca\/index.php\/wp-json\/wp\/v2\/media\/32"}],"wp:attachment":[{"href":"https:\/\/soydeaqui.ddns.net\/pachuca\/index.php\/wp-json\/wp\/v2\/media?parent=23310"}],"wp:term":[{"taxonomy":"product_brand","embeddable":true,"href":"https:\/\/soydeaqui.ddns.net\/pachuca\/index.php\/wp-json\/wp\/v2\/product_brand?post=23310"},{"taxonomy":"product_cat","embeddable":true,"href":"https:\/\/soydeaqui.ddns.net\/pachuca\/index.php\/wp-json\/wp\/v2\/product_cat?post=23310"},{"taxonomy":"product_tag","embeddable":true,"href":"https:\/\/soydeaqui.ddns.net\/pachuca\/index.php\/wp-json\/wp\/v2\/product_tag?post=23310"}],"curies":[{"name":"wp","href":"https:\/\/api.w.org\/{rel}","templated":true}]}}