{"id":23260,"date":"2026-03-18T11:12:31","date_gmt":"2026-03-18T11:12:31","guid":{"rendered":"https:\/\/soydeaqui.ddns.net\/pachuca\/index.php\/producto\/controlador-para-bolardos-hidraulicos-xb-220-hbl-soporta-hasta-4-bolardos-con-operacion-simultanea\/"},"modified":"2026-03-18T11:12:41","modified_gmt":"2026-03-18T11:12:41","slug":"controlador-para-bolardos-hidraulicos-xb-220-hbl-soporta-hasta-4-bolardos-con-operacion-simultanea","status":"publish","type":"product","link":"https:\/\/soydeaqui.ddns.net\/pachuca\/index.php\/producto\/controlador-para-bolardos-hidraulicos-xb-220-hbl-soporta-hasta-4-bolardos-con-operacion-simultanea\/","title":{"rendered":"Controlador para Bolardos Hidr\u00e1ulicos XB-220-HBL \/ Soporta Hasta 4 Bolardos Con Operaci\u00f3n Simultanea"},"content":{"rendered":"<div style='width: 100%; max-width: 1200px; margin: 0 auto; font-family: sans-serif; line-height: 1.6; color: inherit;'>\n<div style='display: flex; flex-wrap: wrap; gap: 30px; margin-bottom: 30px;'>\n<div style='flex: 1 1 300px; min-width: 280px;'>\n<h3 style='font-size: 22px; border-bottom: 2px solid currentColor; padding-bottom: 5px; margin-top: 0; color: inherit; opacity: 0.8;'>Controlador para bolardos hidra\u00falicos<\/h3>\n<h3 style='font-size: 22px; border-bottom: 2px solid currentColor; padding-bottom: 5px; margin-top: 20px; color: inherit; opacity: 0.8;'>Caracter\u00edsticas<\/h3>\n<ul style='padding-left: 20px; font-size: 15px; color: inherit;'>\n<li style='margin-bottom: 5px;'>Voltaje de alimentaci\u00f3n de 220 VAC.<\/li>\n<li style='margin-bottom: 5px;'>Consumo de corriente de<\/li>\n<li style='margin-bottom: 5px;'>Soporta hasta 4 bolardos de manera simult\u00e1nea.<\/li>\n<li style='margin-bottom: 5px;'>Incluye dos controles remotos.<\/li>\n<li style='margin-bottom: 5px;'>Entrada de seguridad para evitar se\u00f1al de subida cuando se tenga alg\u00fan objeto sobre los bolardos.<\/li>\n<li style='margin-bottom: 5px;'>Activaciones por medio de pulsos de contacto seco.<\/li>\n<li style='margin-bottom: 5px;'>Conector recomendado para conexiones modelo <a href='https:\/\/www.syscom.mx\/producto\/CON-1006-EPCOM-POWERLINE-213310.html' style='color: inherit; text-decoration: underline;'>CON-1006<\/a><\/li>\n<\/ul>\n<h3 style='font-size: 22px; border-bottom: 2px solid currentColor; padding-bottom: 5px; margin-top: 20px; color: inherit; opacity: 0.8;'>Notas adicionales<\/h3>\n<ul style='padding-left: 20px; font-size: 15px; color: inherit;'>\n<li style='margin-bottom: 5px;'>Equipo con un a\u00f1o de garant\u00eda contra defectos de fabricaci\u00f3n.<\/li>\n<\/ul><\/div>\n<div style='flex: 1 1 300px; min-width: 280px;'> <img style='width: 100%; height: auto; border: 1px solid rgba(150&comma;150&comma;150&comma;0.3); border-radius: 8px;' src='https:\/\/ftp3.syscom.mx\/usuarios\/fotos\/BancoFotografiasSyscom\/ACCESSPRO\/XB4HBLC\/XB4HBLC-AD-2-p.PNG' alt='Controlador para bolardos hidr\u00e1ulicos ACCESSPRO XB4HBLC'> <\/div>\n<\/p><\/div>\n<hr style='border: 0; border-top: 1px solid rgba(150&comma; 150&comma; 150&comma; 0.3); margin: 30px 0;'>\n<div style='text-align: center; margin: 30px 0;'>\n<h3 style='font-size: 20px; color: inherit; margin-bottom: 10px;'>NOTA IMPORTANTE:<\/h3>\n<p style='font-size: 15px; color: inherit;'>Antes de la puesta en marcha&comma; se debe de configurar el arreglo de capacitores de acuerdo a la cantidad de bolardos instalados.<\/p>\n<\/p><\/div>\n<hr style='border: 0; border-top: 1px solid rgba(150&comma; 150&comma; 150&comma; 0.3); margin: 30px 0;'> <\/div>\n","protected":false},"excerpt":{"rendered":"<p>Controlador para Bolardos Hidr\u00e1ulicos XB-220-HBL \/ Soporta Hasta 4 Bolardos Con Operaci\u00f3n Simultanea<\/p>\n","protected":false},"featured_media":23259,"comment_status":"open","ping_status":"closed","template":"","meta":[],"product_brand":[],"product_cat":[777],"product_tag":[401,93,234],"class_list":{"0":"post-23260","1":"product","2":"type-product","3":"status-publish","4":"has-post-thumbnail","6":"product_cat-accesorios-acceso-vehicular","7":"product_tag-acceso-vehicular","8":"product_tag-accesorios","9":"product_tag-accesspro","11":"first","12":"instock","13":"sale","14":"shipping-taxable","15":"purchasable","16":"product-type-simple"},"_links":{"self":[{"href":"https:\/\/soydeaqui.ddns.net\/pachuca\/index.php\/wp-json\/wp\/v2\/product\/23260","targetHints":{"allow":["GET"]}}],"collection":[{"href":"https:\/\/soydeaqui.ddns.net\/pachuca\/index.php\/wp-json\/wp\/v2\/product"}],"about":[{"href":"https:\/\/soydeaqui.ddns.net\/pachuca\/index.php\/wp-json\/wp\/v2\/types\/product"}],"replies":[{"embeddable":true,"href":"https:\/\/soydeaqui.ddns.net\/pachuca\/index.php\/wp-json\/wp\/v2\/comments?post=23260"}],"wp:featuredmedia":[{"embeddable":true,"href":"https:\/\/soydeaqui.ddns.net\/pachuca\/index.php\/wp-json\/wp\/v2\/media\/23259"}],"wp:attachment":[{"href":"https:\/\/soydeaqui.ddns.net\/pachuca\/index.php\/wp-json\/wp\/v2\/media?parent=23260"}],"wp:term":[{"taxonomy":"product_brand","embeddable":true,"href":"https:\/\/soydeaqui.ddns.net\/pachuca\/index.php\/wp-json\/wp\/v2\/product_brand?post=23260"},{"taxonomy":"product_cat","embeddable":true,"href":"https:\/\/soydeaqui.ddns.net\/pachuca\/index.php\/wp-json\/wp\/v2\/product_cat?post=23260"},{"taxonomy":"product_tag","embeddable":true,"href":"https:\/\/soydeaqui.ddns.net\/pachuca\/index.php\/wp-json\/wp\/v2\/product_tag?post=23260"}],"curies":[{"name":"wp","href":"https:\/\/api.w.org\/{rel}","templated":true}]}}